{"id":5742,"date":"2021-08-15T16:27:23","date_gmt":"2021-08-15T16:27:23","guid":{"rendered":"https:\/\/workinjuryrights.com\/tipo-de-lesion\/faulty-machinery\/"},"modified":"2021-09-28T14:43:05","modified_gmt":"2021-09-28T14:43:05","slug":"maquinaria-defectuosa","status":"publish","type":"page","link":"https:\/\/workinjuryrights.com\/es\/tipo-de-lesion\/maquinaria-defectuosa\/","title":{"rendered":"Maquinaria Defectuosa"},"content":{"rendered":"<style>.practice-areas{display:none;}<\/style>\n<p><span style=\"font-weight: 400;\">En sitios industriales y de construcci\u00f3n, las lesiones pueden provenir de muchas fuentes. Una de las causas m\u00e1s comunes de accidentes laborales es el uso indebido de maquinaria o maquinaria defectuosa. Si bien la maquinaria pesada permite la producci\u00f3n eficiente y a gran escala de bienes y construcci\u00f3n, incluso los maquinistas experimentados corren el riesgo de sufrir lesiones graves cuando una m\u00e1quina no funciona correctamente. Estos accidentes pueden provocar lesiones graves que pueden cambiar la vida e incluso la muerte.<\/span><\/p>\n<p><span style=\"font-weight: 400;\">Si se lesion\u00f3 en el trabajo en un accidente que involucr\u00f3 maquinaria pesada o herramientas el\u00e9ctricas, es probable que tenga derecho a beneficios de compensaci\u00f3n para trabajadores para cubrir sus gastos m\u00e9dicos y ayuda con los salarios perdidos.<\/span><\/p>\n<p><span style=\"font-weight: 400;\">Sin embargo, el sistema de compensaci\u00f3n para trabajadores de Florida es notoriamente complejo. Un <\/span><a href=\"https:\/\/workinjuryrights.com\/coral-springs\/workers-compensation-lawyer\/\"><span style=\"font-weight: 400;\">abogado<\/span><span style=\"font-weight: 400;\"> con experiencia en <\/span><span style=\"font-weight: 400;\">compensaci\u00f3n para trabajadores de Florida<\/span><\/a><span style=\"font-weight: 400;\"> en Work Injury Rights puede ayudarlo manejando su reclamo, salvaguardando sus derechos legales y luchando por los beneficios que necesita si su reclamo es denegado o retrasado. Ll\u00e1manos hoy al <a href=\"tel:+19543888616\">954-388-8616<\/a>.<\/span><\/p>\n<p><span style=\"font-weight: 400;\"><\/span><\/p>\n<h2><b>\u00bfCu\u00e1les son algunas de las causas comunes de accidentes de maquinaria en el lugar de trabajo en Florida?<\/b><\/h2>\n<p><span style=\"font-weight: 400;\">El mal uso de la maquinaria o los accidentes de maquinaria defectuosa pueden involucrar pr\u00e1cticamente cualquier tipo de herramienta o maquinaria utilizada en el trabajo. La mayor\u00eda de estos accidentes ocurren en industrias como la construcci\u00f3n, el transporte, la miner\u00eda y la manufactura.<\/span><\/p>\n<p><span style=\"font-weight: 400;\">Las m\u00e1quinas comunes que pueden ser peligrosas cuando se usan incorrectamente o fallan incluyen:<\/span><\/p>\n<ul>\n<li><span style=\"font-weight: 400;\"> Herramientas el\u00e9ctricas<\/span><\/li>\n<li><span style=\"font-weight: 400;\"> Montacargas<\/span><\/li>\n<li><span style=\"font-weight: 400;\"> Equipo agr\u00edcola<\/span><\/li>\n<li><span style=\"font-weight: 400;\"> Gr\u00faas<\/span><\/li>\n<li><span style=\"font-weight: 400;\"> Taladro de prensa<\/span><\/li>\n<li><span style=\"font-weight: 400;\"> Cintas transportadoras<\/span><\/li>\n<\/ul>\n<p><span style=\"font-weight: 400;\">Los accidentes relacionados con la maquinaria pueden deberse a un defecto en la m\u00e1quina. Tambi\u00e9n pueden producirse lesiones cuando el equipo no se utiliza correctamente o no se siguen los protocolos de seguridad. Una de las <\/span><a href=\"https:\/\/www.osha.gov\/top10citedstandards\" target=\"_blank\" rel=\"noopener\"><span style=\"font-weight: 400;\">violaciones de OSHA<\/span><span style=\"font-weight: 400;\"> m\u00e1s comunes <\/span><span style=\"font-weight: 400;\">en la fabricaci\u00f3n<\/span><\/a><span style=\"font-weight: 400;\">, por ejemplo, es la protecci\u00f3n adecuada de la m\u00e1quina para evitar lesiones por aplastamiento y amputaci\u00f3n. Una formaci\u00f3n inadecuada tambi\u00e9n puede contribuir al uso inadecuado o al mal manejo de maquinaria peligrosa.<\/span><\/p>\n<p><span style=\"font-weight: 400;\">La falta de equipo de protecci\u00f3n personal (EPP) tambi\u00e9n puede contribuir a lesiones por maquinaria defectuosa o mal utilizada. Los tipos comunes de EPP que se utilizan para prevenir lesiones por maquinaria pesada incluyen botas con punta de acero, protecci\u00f3n para los ojos, cascos y guantes.<\/span><\/p>\n<p><span style=\"font-weight: 400;\">Independientemente de los factores que contribuyeron a su accidente, generalmente tiene derecho a una compensaci\u00f3n a trav\u00e9s de la pol\u00edtica de compensaci\u00f3n para trabajadores de su empleador.<\/span><\/p>\n<h2><b>\u00bfCu\u00e1les son algunas de las lesiones por maquinaria defectuosa?<\/b><\/h2>\n<p><span style=\"font-weight: 400;\">Los accidentes de maquinaria en el lugar de trabajo a menudo son responsables de lesiones graves e incluso catastr\u00f3ficas, as\u00ed como de muerte por negligencia. El tipo y la gravedad de la lesi\u00f3n dependen del tipo de maquinaria, equipo de protecci\u00f3n personal y otros factores, pero muchos trabajadores de Florida lesionados por maquinaria defectuosa sufren lesiones como:<\/span><\/p>\n<ul>\n<li><span style=\"font-weight: 400;\"> P\u00e9rdida de una extremidad por avulsi\u00f3n (cuando se arranca una extremidad), guillotina o amputaci\u00f3n por aplastamiento<\/span><\/li>\n<li><span style=\"font-weight: 400;\"> Lesi\u00f3n cerebral traum\u00e1tica<\/span><\/li>\n<li><span style=\"font-weight: 400;\"> dedos, manos o extremidades aplastadas<\/span><\/li>\n<li><span style=\"font-weight: 400;\"> Laceraciones y pinchazos<\/span><\/li>\n<li><span style=\"font-weight: 400;\"> Fracturas<\/span><\/li>\n<li><span style=\"font-weight: 400;\"> Quemaduras el\u00e9ctricas<\/span><\/li>\n<\/ul>\n<p><span style=\"font-weight: 400;\">Estas lesiones no solo son dolorosas y costosas de tratar; tambi\u00e9n pueden causar discapacidad permanente, trauma psicol\u00f3gico, dolor cr\u00f3nico y reducci\u00f3n de la calidad de vida. La compensaci\u00f3n para trabajadores ofrece beneficios por discapacidad a largo plazo o permanente, pero probar con \u00e9xito su reclamo puede ser un desaf\u00edo.<\/span><\/p>\n<p><span style=\"font-weight: 400;\">Las compa\u00f1\u00edas de seguros luchan contra estos reclamos con t\u00e1cticas como opciones limitadas en el m\u00e9dico inicial que eval\u00faa la lesi\u00f3n, leyes muy restrictivas que rigen lo que le deben despu\u00e9s de su lesi\u00f3n y ajustadores que representan sus intereses.<\/span><\/p>\n<p><span style=\"font-weight: 400;\">Un <\/span><a href=\"https:\/\/workinjuryrights.com\/contact\/\"><span style=\"font-weight: 400;\">abogado con experiencia en compensaci\u00f3n para trabajadores<\/span><\/a><span style=\"font-weight: 400;\"> en Florida puede ayudarlo a navegar por el complejo panorama legal, negociar con la compa\u00f1\u00eda de seguros y ayudarlo a probar su reclamo para buscar los beneficios que se merece.<\/span><img fetchpriority=\"high\" decoding=\"async\" class=\"wp-image-3709 alignnone\" src=\"https:\/\/workinjuryrights.com\/wp-content\/uploads\/2021\/09\/workers-machinery-1.jpg\" alt=\"Male and female employee inspecting faulty machinery\" width=\"600\" height=\"222\" srcset=\"https:\/\/workinjuryrights.com\/wp-content\/uploads\/2021\/09\/workers-machinery-1.jpg 500w, https:\/\/workinjuryrights.com\/wp-content\/uploads\/2021\/09\/workers-machinery-1-300x111.jpg 300w\" sizes=\"(max-width: 600px) 100vw, 600px\" \/><\/p>\n<h2><b>Comun\u00edquese con un abogado de reclamos de indemnizaci\u00f3n laboral de Florida para hablar sobre su lesi\u00f3n por maquinaria defectuosa<\/b><\/h2>\n<p><span style=\"font-weight: 400;\">\u00a1Hemos recuperado millones en beneficios de compensaci\u00f3n laboral para nuestros clientes! Nuestros abogados de reclamos de compensaci\u00f3n para trabajadores de Florida tienen m\u00e1s de 45 a\u00f1os de experiencia combinada para ayudarlo a proteger sus derechos y buscar la compensaci\u00f3n justa que se merece mientras trabaja para recuperarse y seguir adelante con su vida.<\/span><\/p>\n<p><span style=\"font-weight: 400;\">\u00bfHa sufrido lesiones graves por maquinaria defectuosa o por mal uso de la maquinaria en el trabajo? Si desea ayuda para enviar su reclamo y asegurarse de que su reclamo sea lo m\u00e1s s\u00f3lido posible, o si su reclamo de compensaci\u00f3n para trabajadores ya ha sido denegado, <\/span><a href=\"https:\/\/workinjuryrights.com\"><span style=\"font-weight: 400;\">comun\u00edquese<\/span><\/a><span style=\"font-weight: 400;\"> hoy con <\/span><a href=\"https:\/\/workinjuryrights.com\"><span style=\"font-weight: 400;\">Work Injury Rights<\/span><\/a><span style=\"font-weight: 400;\"> para programar una consulta gratuita.<\/span><\/p>\n","protected":false},"excerpt":{"rendered":"<p>En sitios industriales y de construcci\u00f3n, las lesiones pueden provenir de muchas fuentes. Una de las causas m\u00e1s comunes de accidentes laborales es el uso indebido de maquinaria o maquinaria defectuosa. Si bien la maquinaria pesada permite la producci\u00f3n eficiente y a gran escala de bienes y construcci\u00f3n, incluso los maquinistas experimentados corren el riesgo [&hellip;]<\/p>\n","protected":false},"author":36,"featured_media":0,"parent":5395,"menu_order":0,"comment_status":"closed","ping_status":"closed","template":"","meta":{"_acf_changed":false,"anchor_text":"","footnotes":""},"categories":[],"tags":[],"class_list":["post-5742","page","type-page","status-publish","hentry"],"acf":[],"_links":{"self":[{"href":"https:\/\/workinjuryrights.com\/es\/wp-json\/wp\/v2\/pages\/5742","targetHints":{"allow":["GET"]}}],"collection":[{"href":"https:\/\/workinjuryrights.com\/es\/wp-json\/wp\/v2\/pages"}],"about":[{"href":"https:\/\/workinjuryrights.com\/es\/wp-json\/wp\/v2\/types\/page"}],"author":[{"embeddable":true,"href":"https:\/\/workinjuryrights.com\/es\/wp-json\/wp\/v2\/users\/36"}],"replies":[{"embeddable":true,"href":"https:\/\/workinjuryrights.com\/es\/wp-json\/wp\/v2\/comments?post=5742"}],"version-history":[{"count":3,"href":"https:\/\/workinjuryrights.com\/es\/wp-json\/wp\/v2\/pages\/5742\/revisions"}],"predecessor-version":[{"id":6195,"href":"https:\/\/workinjuryrights.com\/es\/wp-json\/wp\/v2\/pages\/5742\/revisions\/6195"}],"up":[{"embeddable":true,"href":"https:\/\/workinjuryrights.com\/es\/wp-json\/wp\/v2\/pages\/5395"}],"wp:attachment":[{"href":"https:\/\/workinjuryrights.com\/es\/wp-json\/wp\/v2\/media?parent=5742"}],"wp:term":[{"taxonomy":"category","embeddable":true,"href":"https:\/\/workinjuryrights.com\/es\/wp-json\/wp\/v2\/categories?post=5742"},{"taxonomy":"post_tag","embeddable":true,"href":"https:\/\/workinjuryrights.com\/es\/wp-json\/wp\/v2\/tags?post=5742"}],"curies":[{"name":"wp","href":"https:\/\/api.w.org\/{rel}","templated":true}]}}