{"id":5743,"date":"2021-08-15T16:32:22","date_gmt":"2021-08-15T16:32:22","guid":{"rendered":"https:\/\/workinjuryrights.com\/tipo-de-lesion\/hearing-vision-loss\/"},"modified":"2021-09-28T14:49:11","modified_gmt":"2021-09-28T14:49:11","slug":"perdida-vision-audicion","status":"publish","type":"page","link":"https:\/\/workinjuryrights.com\/es\/tipo-de-lesion\/perdida-vision-audicion\/","title":{"rendered":"P\u00e9rdida de Visi\u00f3n y Audici\u00f3n"},"content":{"rendered":"<style>.practice-areas{display:none;}<\/style>\n<p><span style=\"font-weight: 400;\">Es un hecho lamentable que muchos trabajadores cada a\u00f1o sufren p\u00e9rdida de audici\u00f3n y visi\u00f3n como resultado de una lesi\u00f3n en el lugar de trabajo. Ciertos trabajos representan un peligro mayor que otros. Por ejemplo, el ruido fuerte en un sitio de construcci\u00f3n puede deteriorar su audici\u00f3n con el tiempo. El da\u00f1o a la vista tambi\u00e9n puede ocurrir por cosas como lesiones en la cabeza o en los ojos.<\/span><\/p>\n<p><span style=\"font-weight: 400;\">La buena noticia es que nuestros abogados de lesiones laborales le pueden ayudar. Nuestra firma ha representado a muchos clientes que presentaron reclamos por lesiones oculares, ceguera, p\u00e9rdida de audici\u00f3n y visi\u00f3n. Hemos llegado a un acuerdo y hemos ganado casos como estos antes.<\/span><\/p>\n<p><span style=\"font-weight: 400;\">En Work Injury Rights, nuestro grupo de <\/span><a href=\"https:\/\/workinjuryrights.com\/coral-springs\/workers-compensation-lawyer\/\"><span style=\"font-weight: 400;\">abogados con experiencia<\/span><\/a><span style=\"font-weight: 400;\"> trabajar\u00e1 y luchar\u00e1 por usted, demostrando la validez de su reclamo y maximizando sus beneficios. Cont\u00e1ctenos hoy para obtener m\u00e1s informaci\u00f3n sobre c\u00f3mo obtener una representaci\u00f3n legal de la m\u00e1s alta calidad en Florida. Ll\u00e1manos al <a href=\"tel:+19543888616\">954-388-8616<\/a>.<\/span><\/p>\n<p><span style=\"font-weight: 400;\"><\/span><\/p>\n<h2><b>P\u00e9rdida auditiva e indemnizaci\u00f3n laboral<\/b><\/h2>\n<p><span style=\"font-weight: 400;\">Lo primero en lo que la gente suele pensar cuando oye hablar de lesiones relacionadas con el trabajo es en accidentes por resbalones y ca\u00eddas, lesiones en la espalda, desgarros de ligamentos, quemaduras y conmociones cerebrales. Sin embargo, la p\u00e9rdida de audici\u00f3n tambi\u00e9n es bastante com\u00fan. <\/span><a href=\"https:\/\/www.nidcd.nih.gov\/health\/statistics\/quick-statistics-hearing\" target=\"_blank\" rel=\"noopener\"><span style=\"font-weight: 400;\">Seg\u00fan el NIDCD<\/span><\/a><span style=\"font-weight: 400;\"> , alrededor del 18 por ciento de los adultos en los EE. UU. De 20 a 69 a\u00f1os sufren p\u00e9rdida de audici\u00f3n debido a la exposici\u00f3n a ruidos fuertes en el trabajo.<\/span><\/p>\n<p><span style=\"font-weight: 400;\">No todas las lesiones provienen de un accidente o evento espec\u00edfico. La p\u00e9rdida auditiva relacionada con el trabajo es gradual por naturaleza. Esto facilita que la p\u00e9rdida auditiva no se detecte. El inicio de la p\u00e9rdida auditiva relacionada con el trabajo a menudo proviene de la exposici\u00f3n diaria a ruidos extremadamente fuertes.<\/span><\/p>\n<p><span style=\"font-weight: 400;\">Para calificar para un reclamo de compensaci\u00f3n para trabajadores con p\u00e9rdida auditiva, debe demostrar que ha estado expuesto a un ruido extremadamente fuerte mientras estaba en el trabajo. Tambi\u00e9n debe demostrar que el ruido en su trabajo es lo suficientemente severo como para ser considerado peligroso.<\/span><\/p>\n<p><span style=\"font-weight: 400;\">\u00a1Comun\u00edquese con nuestros abogados con experiencia en compensaci\u00f3n de trabajadores para que lo ayuden a guiarlo a trav\u00e9s del proceso legal!<\/span><\/p>\n<p><a href=\"https:\/\/workinjuryrights.com\/wp-content\/uploads\/2021\/09\/worker-eye-ear-safety-1.jpg\"><img fetchpriority=\"high\" decoding=\"async\" class=\"alignnone wp-image-3878 size-full\" src=\"https:\/\/workinjuryrights.com\/wp-content\/uploads\/2021\/09\/worker-eye-ear-safety-1.jpg\" alt=\"Employee using grinder that is causing sparks and wearing protection to keep safe from hearing and vision loss\" width=\"500\" height=\"332\" srcset=\"https:\/\/workinjuryrights.com\/wp-content\/uploads\/2021\/09\/worker-eye-ear-safety-1.jpg 500w, https:\/\/workinjuryrights.com\/wp-content\/uploads\/2021\/09\/worker-eye-ear-safety-1-300x199.jpg 300w\" sizes=\"(max-width: 500px) 100vw, 500px\" \/><\/a><\/p>\n<h2><b>P\u00e9rdida de la vista y compensaci\u00f3n laboral<\/b><\/h2>\n<p><span style=\"font-weight: 400;\">Si sufre p\u00e9rdida de visi\u00f3n, su capacidad para trabajar puede verse afectada. Por ejemplo, los trabajadores de la construcci\u00f3n que sufren una p\u00e9rdida severa de la visi\u00f3n ya no pueden trabajar de manera segura en un sitio de construcci\u00f3n. El riesgo es demasiado grande, especialmente para trabajos que involucran manejar qu\u00edmicos t\u00f3xicos o conducir. La p\u00e9rdida de la visi\u00f3n en el lugar de trabajo puede significar que ya no podr\u00e1 realizar sus tareas de manera segura.<\/span><\/p>\n<p><span style=\"font-weight: 400;\">La p\u00e9rdida de la vista puede ser una de las lesiones laborales m\u00e1s graves. La p\u00e9rdida de la visi\u00f3n en el lugar de trabajo puede ser debilitante, dejando a los trabajadores incapaces de realizar sus tareas, junto con la incapacidad de realizar otras actividades cotidianas como conducir. Perder la vista puede dejarlo permanentemente sin trabajo, dejando a los trabajadores con pocas opciones en lo que respecta a su sustento.<\/span><\/p>\n<h2><b>P\u00f3ngase en contacto con abogados de lesiones laborales para una consulta gratuita hoy mismo para su p\u00e9rdida auditiva y visual<\/b><\/h2>\n<p><span style=\"font-weight: 400;\">Dado lo mucho que est\u00e1 en juego con estos tipos de p\u00e9rdida y \/ o lesiones graves de la vista y la audici\u00f3n, es importante encontrar la representaci\u00f3n legal adecuada. Un abogado con experiencia en compensaci\u00f3n laboral es una parte esencial para proteger sus mejores intereses. Despu\u00e9s de su p\u00e9rdida de audici\u00f3n y visi\u00f3n, un abogado experto puede proteger sus derechos y asegurarse de que reciba todos los beneficios de compensaci\u00f3n para trabajadores a los que tiene derecho seg\u00fan la ley de Florida.<\/span><\/p>\n<p><span style=\"font-weight: 400;\">Si ha experimentado p\u00e9rdida de audici\u00f3n y visi\u00f3n debido a tareas relacionadas con el trabajo, debe buscar la orientaci\u00f3n legal de un abogado de compensaci\u00f3n laboral. En <\/span><a href=\"https:\/\/workinjuryrights.com\/\"><span style=\"font-weight: 400;\">Work Injury Rights<\/span><\/a><span style=\"font-weight: 400;\"> , nuestro equipo legal experto puede ayudarlo a presentar un reclamo y asegurar el acuerdo que se merece. Trabajamos sobre la base de una tarifa de contingencia, por lo que no tiene que pagar a menos que se le otorgue un acuerdo. Tambi\u00e9n estamos disponibles las 24 horas del d\u00eda, los 365 d\u00edas del a\u00f1o por tel\u00e9fono a trav\u00e9s de nuestros formularios de contacto.<\/span><\/p>\n<p><span style=\"font-weight: 400;\">Cont\u00e1ctenos hoy para una consulta gratuita sobre su p\u00e9rdida auditiva y visual llamando al <a href=\"tel:+19543888616\">954-388-8616<\/a>.<\/span><\/p>\n","protected":false},"excerpt":{"rendered":"<p>Es un hecho lamentable que muchos trabajadores cada a\u00f1o sufren p\u00e9rdida de audici\u00f3n y visi\u00f3n como resultado de una lesi\u00f3n en el lugar de trabajo. Ciertos trabajos representan un peligro mayor que otros. Por ejemplo, el ruido fuerte en un sitio de construcci\u00f3n puede deteriorar su audici\u00f3n con el tiempo. El da\u00f1o a la vista [&hellip;]<\/p>\n","protected":false},"author":36,"featured_media":0,"parent":5395,"menu_order":0,"comment_status":"closed","ping_status":"closed","template":"","meta":{"_acf_changed":false,"anchor_text":"","footnotes":""},"categories":[],"tags":[],"class_list":["post-5743","page","type-page","status-publish","hentry"],"acf":[],"_links":{"self":[{"href":"https:\/\/workinjuryrights.com\/es\/wp-json\/wp\/v2\/pages\/5743","targetHints":{"allow":["GET"]}}],"collection":[{"href":"https:\/\/workinjuryrights.com\/es\/wp-json\/wp\/v2\/pages"}],"about":[{"href":"https:\/\/workinjuryrights.com\/es\/wp-json\/wp\/v2\/types\/page"}],"author":[{"embeddable":true,"href":"https:\/\/workinjuryrights.com\/es\/wp-json\/wp\/v2\/users\/36"}],"replies":[{"embeddable":true,"href":"https:\/\/workinjuryrights.com\/es\/wp-json\/wp\/v2\/comments?post=5743"}],"version-history":[{"count":3,"href":"https:\/\/workinjuryrights.com\/es\/wp-json\/wp\/v2\/pages\/5743\/revisions"}],"predecessor-version":[{"id":6198,"href":"https:\/\/workinjuryrights.com\/es\/wp-json\/wp\/v2\/pages\/5743\/revisions\/6198"}],"up":[{"embeddable":true,"href":"https:\/\/workinjuryrights.com\/es\/wp-json\/wp\/v2\/pages\/5395"}],"wp:attachment":[{"href":"https:\/\/workinjuryrights.com\/es\/wp-json\/wp\/v2\/media?parent=5743"}],"wp:term":[{"taxonomy":"category","embeddable":true,"href":"https:\/\/workinjuryrights.com\/es\/wp-json\/wp\/v2\/categories?post=5743"},{"taxonomy":"post_tag","embeddable":true,"href":"https:\/\/workinjuryrights.com\/es\/wp-json\/wp\/v2\/tags?post=5743"}],"curies":[{"name":"wp","href":"https:\/\/api.w.org\/{rel}","templated":true}]}}