{"id":5744,"date":"2021-08-15T16:33:55","date_gmt":"2021-08-15T16:33:55","guid":{"rendered":"https:\/\/workinjuryrights.com\/tipo-de-lesion\/hospital-workplace-injuries\/"},"modified":"2021-09-28T14:55:39","modified_gmt":"2021-09-28T14:55:39","slug":"lesiones-lugar-trabajo-hospital","status":"publish","type":"page","link":"https:\/\/workinjuryrights.com\/es\/tipo-de-lesion\/lesiones-lugar-trabajo-hospital\/","title":{"rendered":"Lesiones en el Lugar de Trabajo del Hospital"},"content":{"rendered":"<style>.practice-areas{display:none;}<\/style>\n<p><span style=\"font-weight: 400;\">Los trabajos hospitalarios est\u00e1n muy cargados de riesgos y peligros; cosas como subir y bajar pacientes de ambulancias, sillas de ruedas y camillas pueden ser extremadamente estresantes para el cuerpo. Adem\u00e1s, los trabajadores de la salud a menudo est\u00e1n expuestos a enfermedades transmitidas por el aire, virus, bacterias peligrosas y equipos contaminados. Los trabajadores de la salud que sufren lesiones en el lugar de trabajo en el hospital pueden tener que ausentarse del trabajo para curarse y recuperarse.<\/span><\/p>\n<p><span style=\"font-weight: 400;\">Esto puede resultar en la p\u00e9rdida de ingresos. Al igual que con cualquier lesi\u00f3n que ocurra en el trabajo, el primer paso es presentar un reclamo de compensaci\u00f3n para los trabajadores. Sin embargo, el proceso puede ser abrumador, raz\u00f3n por la cual nuestros <\/span><a href=\"https:\/\/workinjuryrights.com\/coral-springs\/workers-compensation-lawyer\/\"><span style=\"font-weight: 400;\">abogados de compensaci\u00f3n laboral<\/span><\/a><span style=\"font-weight: 400;\"> est\u00e1n aqu\u00ed para ayudarlo.<\/span><\/p>\n<p><span style=\"font-weight: 400;\">En Work Injury Rights, nuestro equipo legal est\u00e1 listo para ayudarlo a luchar por la compensaci\u00f3n legal que se merece por sus lesiones. Comun\u00edquese con nosotros hoy mismo para averiguar c\u00f3mo puede presentar su reclamo y calificar para los beneficios por cualquier lesi\u00f3n en el lugar de trabajo del hospital que haya sufrido llamando al <a href=\"tel:+19543888616\">954-388-8616<\/a>.<\/span><\/p>\n<p><span style=\"font-weight: 400;\"><\/span><\/p>\n<h2><b>\u00bfCu\u00e1les son algunas de las lesiones habituales en el lugar de trabajo hospitalario y sanitario?<\/b><\/h2>\n<p><span style=\"font-weight: 400;\">Los trabajadores de la salud en Florida pueden experimentar una gran variedad de diferentes tipos de lesiones. El da\u00f1o puede ser agudo, cr\u00f3nico e incluso mortal. Y como el sector de m\u00e1s r\u00e1pido crecimiento de la econom\u00eda de los Estados Unidos, con m\u00e1s de <\/span><a href=\"https:\/\/www.cdc.gov\/niosh\/topics\/healthcare\/default.html\" target=\"_blank\" rel=\"noopener\"><span style=\"font-weight: 400;\">18 millones de trabajadores de la salud<\/span><\/a><span style=\"font-weight: 400;\">, estas personas son propensas a una lista cada vez mayor de lesiones relacionadas con el trabajo.<\/span><\/p>\n<p><span style=\"font-weight: 400;\">Si bien muchos de los peligros que enfrentan los trabajadores de la industria de la salud se pueden prevenir, estas personas contin\u00faan sufriendo lesiones y enfermedades a causa de incidentes en el trabajo. Hay m\u00e1s casos de lesiones que resultan de una ocupaci\u00f3n en el cuidado de la salud que en cualquier otra industria.<\/span><\/p>\n<p><span style=\"font-weight: 400;\">Las siguientes son algunas de las causas comunes de lesiones relacionadas con la atenci\u00f3n m\u00e9dica:<\/span><\/p>\n<ul>\n<li style=\"font-weight: 400;\" aria-level=\"1\"><span style=\"font-weight: 400;\">Exposici\u00f3n diaria a enfermedades infecciosas.<\/span><span style=\"font-weight: 400;\">\u00a0\u00a0\u00a0\u00a0\u00a0\u00a0<\/span><\/li>\n<li style=\"font-weight: 400;\" aria-level=\"1\"><span style=\"font-weight: 400;\">Manejo de toxinas, contaminantes y fluidos corporales.<\/span><span style=\"font-weight: 400;\">\u00a0\u00a0\u00a0\u00a0\u00a0\u00a0<\/span><\/li>\n<li style=\"font-weight: 400;\" aria-level=\"1\"><span style=\"font-weight: 400;\">Lesiones por pincharse con una aguja.<\/span><span style=\"font-weight: 400;\">\u00a0\u00a0\u00a0\u00a0\u00a0\u00a0<\/span><\/li>\n<li style=\"font-weight: 400;\" aria-level=\"1\"><span style=\"font-weight: 400;\">Cortes profundos de instrumentos quir\u00fargicos<\/span><span style=\"font-weight: 400;\">\u00a0\u00a0\u00a0\u00a0\u00a0\u00a0<\/span><\/li>\n<li style=\"font-weight: 400;\" aria-level=\"1\"><span style=\"font-weight: 400;\">Accidentes por resbalones y ca\u00eddas<\/span><span style=\"font-weight: 400;\">\u00a0\u00a0\u00a0\u00a0\u00a0\u00a0<\/span><\/li>\n<li style=\"font-weight: 400;\" aria-level=\"1\"><span style=\"font-weight: 400;\">RSI o lesiones por estr\u00e9s repetitivo de tareas relacionadas con el trabajo como levantar<\/span><span style=\"font-weight: 400;\">\u00a0\u00a0\u00a0\u00a0\u00a0\u00a0<\/span><\/li>\n<li style=\"font-weight: 400;\" aria-level=\"1\"><span style=\"font-weight: 400;\">Dolor de hombro por empujar sillas de ruedas.<\/span><span style=\"font-weight: 400;\">\u00a0\u00a0\u00a0\u00a0\u00a0\u00a0<\/span><\/li>\n<li style=\"font-weight: 400;\" aria-level=\"1\"><span style=\"font-weight: 400;\">Da\u00f1o de pacientes mentalmente inestables<\/span><span style=\"font-weight: 400;\">\u00a0\u00a0\u00a0\u00a0\u00a0\u00a0<\/span><\/li>\n<li style=\"font-weight: 400;\" aria-level=\"1\"><span style=\"font-weight: 400;\">Trabajo de laboratorio peligroso<\/span><\/li>\n<\/ul>\n<p><a href=\"https:\/\/workinjuryrights.com\/wp-content\/uploads\/2021\/09\/healthcare-injury-1.jpg\"><img fetchpriority=\"high\" decoding=\"async\" class=\"alignnone size-full wp-image-3891\" src=\"https:\/\/workinjuryrights.com\/wp-content\/uploads\/2021\/09\/healthcare-injury-1.jpg\" alt=\"Healthcare worker on floor after sustaining hospital workplace injuries\" width=\"500\" height=\"333\" srcset=\"https:\/\/workinjuryrights.com\/wp-content\/uploads\/2021\/09\/healthcare-injury-1.jpg 500w, https:\/\/workinjuryrights.com\/wp-content\/uploads\/2021\/09\/healthcare-injury-1-300x200.jpg 300w\" sizes=\"(max-width: 500px) 100vw, 500px\" \/><\/a><\/p>\n<h2><b>Reclamaciones de indemnizaci\u00f3n laboral para trabajadores de la salud y sus lesiones en el lugar de trabajo en hospitales<\/b><\/h2>\n<p><span style=\"font-weight: 400;\">Todos los empleados que se lesionan en el trabajo o desarrollan una enfermedad relacionada con el trabajo tienen derecho a una compensaci\u00f3n para trabajadores. Este tipo de seguro puede otorgar beneficios que pueden pagar facturas m\u00e9dicas y salarios perdidos por cualquier lesi\u00f3n en el lugar de trabajo del hospital. Debido a esta ayuda financiera, es importante conocer sus derechos.<\/span><\/p>\n<p><span style=\"font-weight: 400;\">Por lo general, debe informar la lesi\u00f3n a su empleador lo antes posible. Si bien usted no puede ser considerado responsable de su propia lesi\u00f3n, el hospital podr\u00eda presentar argumentos que podr\u00edan considerarlo inelegible para la compensaci\u00f3n de trabajadores. Por eso es importante conocer su derecho a las leyes de seguridad de los trabajadores hospitalarios y buscar la representaci\u00f3n legal de un abogado con experiencia.<\/span><\/p>\n<h2><b>Comun\u00edquese con nuestros abogados de lesiones laborales de Florida para obtener una consulta gratuita sobre sus lesiones en el lugar de trabajo hospitalario y de atenci\u00f3n m\u00e9dica<\/b><\/h2>\n<p><span style=\"font-weight: 400;\">Si usted es un trabajador de la salud que se lesion\u00f3 en el trabajo, puede ser elegible para recibir dinero de un reclamo de compensaci\u00f3n para trabajadores. Con m\u00e1s de 45 a\u00f1os de experiencia combinada, nuestro equipo legal puede ayudarle a asegurar sus derechos, presentar su reclamo y recibir un trato justo y adecuado por parte de los responsables de su lesi\u00f3n.<\/span><\/p>\n<p><span style=\"font-weight: 400;\">En <\/span><a href=\"https:\/\/workinjuryrights.com\/\"><span style=\"font-weight: 400;\">Work Injury Rights<\/span><\/a><span style=\"font-weight: 400;\">, entendemos que el proceso puede ser complejo, por eso tratamos de hacerlo lo m\u00e1s simple y libre de estr\u00e9s posible. Para aliviar la carga financiera de nuestros clientes, tambi\u00e9n trabajamos con honorarios de contingencia, por lo que no paga ni un centavo hasta que se le haya otorgado una compensaci\u00f3n monetaria por sus lesiones.<\/span><\/p>\n<p><span style=\"font-weight: 400;\">Deje que los abogados de lesiones laborales luchen por usted. P\u00f3ngase en contacto con nosotros hoy para una consulta gratuita.<\/span><\/p>\n","protected":false},"excerpt":{"rendered":"<p>Los trabajos hospitalarios est\u00e1n muy cargados de riesgos y peligros; cosas como subir y bajar pacientes de ambulancias, sillas de ruedas y camillas pueden ser extremadamente estresantes para el cuerpo. Adem\u00e1s, los trabajadores de la salud a menudo est\u00e1n expuestos a enfermedades transmitidas por el aire, virus, bacterias peligrosas y equipos contaminados. Los trabajadores de [&hellip;]<\/p>\n","protected":false},"author":36,"featured_media":0,"parent":5395,"menu_order":0,"comment_status":"closed","ping_status":"closed","template":"","meta":{"_acf_changed":false,"anchor_text":"","footnotes":""},"categories":[],"tags":[],"class_list":["post-5744","page","type-page","status-publish","hentry"],"acf":[],"_links":{"self":[{"href":"https:\/\/workinjuryrights.com\/es\/wp-json\/wp\/v2\/pages\/5744","targetHints":{"allow":["GET"]}}],"collection":[{"href":"https:\/\/workinjuryrights.com\/es\/wp-json\/wp\/v2\/pages"}],"about":[{"href":"https:\/\/workinjuryrights.com\/es\/wp-json\/wp\/v2\/types\/page"}],"author":[{"embeddable":true,"href":"https:\/\/workinjuryrights.com\/es\/wp-json\/wp\/v2\/users\/36"}],"replies":[{"embeddable":true,"href":"https:\/\/workinjuryrights.com\/es\/wp-json\/wp\/v2\/comments?post=5744"}],"version-history":[{"count":3,"href":"https:\/\/workinjuryrights.com\/es\/wp-json\/wp\/v2\/pages\/5744\/revisions"}],"predecessor-version":[{"id":6201,"href":"https:\/\/workinjuryrights.com\/es\/wp-json\/wp\/v2\/pages\/5744\/revisions\/6201"}],"up":[{"embeddable":true,"href":"https:\/\/workinjuryrights.com\/es\/wp-json\/wp\/v2\/pages\/5395"}],"wp:attachment":[{"href":"https:\/\/workinjuryrights.com\/es\/wp-json\/wp\/v2\/media?parent=5744"}],"wp:term":[{"taxonomy":"category","embeddable":true,"href":"https:\/\/workinjuryrights.com\/es\/wp-json\/wp\/v2\/categories?post=5744"},{"taxonomy":"post_tag","embeddable":true,"href":"https:\/\/workinjuryrights.com\/es\/wp-json\/wp\/v2\/tags?post=5744"}],"curies":[{"name":"wp","href":"https:\/\/api.w.org\/{rel}","templated":true}]}}