{"id":5745,"date":"2021-08-15T16:35:02","date_gmt":"2021-08-15T16:35:02","guid":{"rendered":"https:\/\/workinjuryrights.com\/tipo-de-lesion\/injuries-requiring-surgery\/"},"modified":"2021-09-28T15:00:23","modified_gmt":"2021-09-28T15:00:23","slug":"lesiones-requieren-cirugia","status":"publish","type":"page","link":"https:\/\/workinjuryrights.com\/es\/tipo-de-lesion\/lesiones-requieren-cirugia\/","title":{"rendered":"Lesiones que Requieren Cirug\u00eda"},"content":{"rendered":"<style>.practice-areas{display:none;}<\/style>\n<p><span style=\"font-weight: 400;\">Cada vez que se lesiona en el trabajo, existe la posibilidad de que surjan problemas graves, ya que esto puede afectar negativamente su capacidad para trabajar y ganarse la vida. Es posible que necesite ayuda financiera si ha sufrido alguna lesi\u00f3n laboral que requiera cirug\u00eda. Cualquier procedimiento quir\u00fargico suele tener un precio elevado y una serie de riesgos.<\/span><\/p>\n<p><span style=\"font-weight: 400;\">Estos factores deben considerarse junto con aspectos como el tiempo dedicado a las pruebas, la cirug\u00eda y el tiempo de recuperaci\u00f3n. Tambi\u00e9n existe la posibilidad de que su lesi\u00f3n empeore, afectando su calidad de vida y provocando limitaciones o da\u00f1os permanentes. Infecciones, hemorragias, enfermedades y problemas renales tambi\u00e9n son algunos de los muchos riesgos y complicaciones de la cirug\u00eda.<\/span><\/p>\n<p><span style=\"font-weight: 400;\">Si ha sufrido una lesi\u00f3n que requiera cirug\u00eda mientras estaba en el trabajo, es posible que tenga derecho a recibir dinero para cubrir sus gastos. Nuestros <\/span><a href=\"https:\/\/workinjuryrights.com\/coral-springs\/workers-compensation-lawyer\/\"><span style=\"font-weight: 400;\">abogados de compensaci\u00f3n para trabajadores<\/span><\/a><span style=\"font-weight: 400;\"> y el equipo de Work Injury Rights est\u00e1n listos para ayudarlo a obtener la compensaci\u00f3n m\u00e1xima que se merece por las lesiones que requieran cirug\u00eda. Cont\u00e1ctenos hoy para obtener m\u00e1s informaci\u00f3n sobre sus opciones llamando al <a href=\"tel:+19543888616\">954-388-8616<\/a>.<\/span><\/p>\n<h2><b>\u00bfCu\u00e1ndo es necesaria la cirug\u00eda?<\/b><\/h2>\n<p><span style=\"font-weight: 400;\">Existe una gran cantidad de afecciones que pueden requerir cirug\u00eda. Estos incluyen huesos rotos, lesiones por levantamiento, accidentes de construcci\u00f3n, lesiones cerebrales traum\u00e1ticas y accidentes automovil\u00edsticos. Las lesiones causadas por estos sucesos pueden requerir cirug\u00eda de inmediato. Pero no todas las lesiones relacionadas con el trabajo se desarrollan tan r\u00e1pidamente. Cosas como <\/span><a href=\"https:\/\/www.healthline.com\/health\/repetitive-strain-injury\" target=\"_blank\" rel=\"noopener\"><span style=\"font-weight: 400;\">las lesiones por estr\u00e9s repetitivo<\/span><\/a><span style=\"font-weight: 400;\"> y el c\u00e1ncer pueden tardar a\u00f1os en desarrollarse, a veces incluso d\u00e9cadas.<\/span><\/p>\n<p><span style=\"font-weight: 400;\">El costo de la cirug\u00eda, la rehabilitaci\u00f3n f\u00edsica y la recuperaci\u00f3n de las lesiones que requieren cirug\u00eda puede ser extremadamente alto. Debido a esto, las compa\u00f1\u00edas de seguros pueden intentar evitar el mejor curso de tratamiento para m\u00e9todos menos costosos y menos efectivos. Incluso pueden argumentar que la lesi\u00f3n no est\u00e1 relacionada con las tareas en el trabajo para evitar pagar.<\/span><\/p>\n<p><span style=\"font-weight: 400;\">Es por eso que necesita un abogado con experiencia, bien versado en la ley de compensaci\u00f3n para trabajadores de Florida, para luchar por sus derechos y garantizar que reciba un trato justo cuando se trata de lesiones que requieren cirug\u00eda.<\/span><\/p>\n<p><a href=\"https:\/\/workinjuryrights.com\/wp-content\/uploads\/2021\/09\/surgery-doctor-room-1.jpg\"><img fetchpriority=\"high\" decoding=\"async\" class=\"alignnone size-full wp-image-3902\" src=\"https:\/\/workinjuryrights.com\/wp-content\/uploads\/2021\/09\/surgery-doctor-room-1.jpg\" alt=\"Surgeon in surgery room concept of injuries requiring surgery\" width=\"500\" height=\"281\" srcset=\"https:\/\/workinjuryrights.com\/wp-content\/uploads\/2021\/09\/surgery-doctor-room-1.jpg 500w, https:\/\/workinjuryrights.com\/wp-content\/uploads\/2021\/09\/surgery-doctor-room-1-300x169.jpg 300w\" sizes=\"(max-width: 500px) 100vw, 500px\" \/><\/a><\/p>\n<h2><b>\u00bfLa cirug\u00eda aumenta la demanda de indemnizaci\u00f3n laboral?<\/b><\/h2>\n<p><span style=\"font-weight: 400;\">Hay una serie de factores que deben tenerse en cuenta durante un caso de compensaci\u00f3n para trabajadores. Cosas como el dolor y el sufrimiento, sus lesiones y los costos m\u00e9dicos entran en juego. Cada caso es \u00fanico, dependiendo de las circunstancias que rodearon la lesi\u00f3n. En algunos casos, las v\u00edctimas han sufrido lesiones que alteran su vida y necesitan una indemnizaci\u00f3n para recuperar grandes p\u00e9rdidas.<\/span><\/p>\n<p><span style=\"font-weight: 400;\">Debe recibir dinero por cualquier cirug\u00eda o tratamiento m\u00e9dico que necesite debido a sus lesiones laborales. Siempre es mejor ser completamente honesto acerca de sus lesiones y mantener la documentaci\u00f3n adecuada para su caso de compensaci\u00f3n para trabajadores. Hay muchas cosas que se consideran cuando se trata de un acuerdo, no solo los procedimientos quir\u00fargicos.<\/span><\/p>\n<h2><b>Comun\u00edquese con nuestros abogados de lesiones laborales para una consulta gratuita sobre sus lesiones que requieren cirug\u00eda<\/b><\/h2>\n<p><span style=\"font-weight: 400;\">Millones de trabajadores han sufrido lesiones que requirieron cirug\u00eda en el trabajo. Si se requiere cirug\u00eda, debe ser elegible para recibir una compensaci\u00f3n financiera del seguro de compensaci\u00f3n para trabajadores de su empleador. Nuestros abogados de compensaci\u00f3n para trabajadores comprenden lo aterradora que puede ser la cirug\u00eda, tanto mental como financieramente, especialmente cuando le preocupa cubrir el costo de las facturas m\u00e9dicas cuando no est\u00e1 trabajando.<\/span><\/p>\n<p><span style=\"font-weight: 400;\">En <\/span><a href=\"https:\/\/workinjuryrights.com\/\"><span style=\"font-weight: 400;\">Work Injury Rights<\/span><\/a><span style=\"font-weight: 400;\"> , nuestro equipo legal lo ayudar\u00e1 a determinar si tiene un caso s\u00f3lido y el tipo de compensaci\u00f3n que merece en funci\u00f3n de sus lesiones y las necesidades m\u00e9dicas resultantes. Tenemos m\u00e1s de 45 a\u00f1os de experiencia combinada en el manejo de reclamos de compensaci\u00f3n para trabajadores. Para servir mejor a nuestros clientes, tambi\u00e9n trabajamos con honorarios de contingencia, por lo que no debe ni un centavo hasta que se le garantice una compensaci\u00f3n monetaria.<\/span><\/p>\n<p><span style=\"font-weight: 400;\">P\u00f3ngase en contacto con nosotros hoy para una consulta gratuita.<\/span><\/p>\n","protected":false},"excerpt":{"rendered":"<p>Cada vez que se lesiona en el trabajo, existe la posibilidad de que surjan problemas graves, ya que esto puede afectar negativamente su capacidad para trabajar y ganarse la vida. Es posible que necesite ayuda financiera si ha sufrido alguna lesi\u00f3n laboral que requiera cirug\u00eda. Cualquier procedimiento quir\u00fargico suele tener un precio elevado y una [&hellip;]<\/p>\n","protected":false},"author":36,"featured_media":0,"parent":5395,"menu_order":0,"comment_status":"closed","ping_status":"closed","template":"","meta":{"_acf_changed":false,"anchor_text":"","footnotes":""},"categories":[],"tags":[],"class_list":["post-5745","page","type-page","status-publish","hentry"],"acf":[],"_links":{"self":[{"href":"https:\/\/workinjuryrights.com\/es\/wp-json\/wp\/v2\/pages\/5745","targetHints":{"allow":["GET"]}}],"collection":[{"href":"https:\/\/workinjuryrights.com\/es\/wp-json\/wp\/v2\/pages"}],"about":[{"href":"https:\/\/workinjuryrights.com\/es\/wp-json\/wp\/v2\/types\/page"}],"author":[{"embeddable":true,"href":"https:\/\/workinjuryrights.com\/es\/wp-json\/wp\/v2\/users\/36"}],"replies":[{"embeddable":true,"href":"https:\/\/workinjuryrights.com\/es\/wp-json\/wp\/v2\/comments?post=5745"}],"version-history":[{"count":3,"href":"https:\/\/workinjuryrights.com\/es\/wp-json\/wp\/v2\/pages\/5745\/revisions"}],"predecessor-version":[{"id":6204,"href":"https:\/\/workinjuryrights.com\/es\/wp-json\/wp\/v2\/pages\/5745\/revisions\/6204"}],"up":[{"embeddable":true,"href":"https:\/\/workinjuryrights.com\/es\/wp-json\/wp\/v2\/pages\/5395"}],"wp:attachment":[{"href":"https:\/\/workinjuryrights.com\/es\/wp-json\/wp\/v2\/media?parent=5745"}],"wp:term":[{"taxonomy":"category","embeddable":true,"href":"https:\/\/workinjuryrights.com\/es\/wp-json\/wp\/v2\/categories?post=5745"},{"taxonomy":"post_tag","embeddable":true,"href":"https:\/\/workinjuryrights.com\/es\/wp-json\/wp\/v2\/tags?post=5745"}],"curies":[{"name":"wp","href":"https:\/\/api.w.org\/{rel}","templated":true}]}}