{"id":5746,"date":"2021-08-15T16:36:46","date_gmt":"2021-08-15T16:36:46","guid":{"rendered":"https:\/\/workinjuryrights.com\/tipo-de-lesion\/lifting-injuries\/"},"modified":"2021-09-28T15:10:47","modified_gmt":"2021-09-28T15:10:47","slug":"lesiones-levantamiento","status":"publish","type":"page","link":"https:\/\/workinjuryrights.com\/es\/tipo-de-lesion\/lesiones-levantamiento\/","title":{"rendered":"Lesiones por Levantamiento"},"content":{"rendered":"<style>.practice-areas{display:none;}<\/style>\n<p><span style=\"font-weight: 400;\">Un dolor punzante de espalda que no desaparece o un dolor sordo en el cuello que se dispara hacia los brazos pueden dejarlo sin poder trabajar y en un estado de p\u00e1nico total. Ning\u00fan dolor es siempre igual. Todo el mundo tiene una fuente de dolor ligeramente diferente cuando se trata de lesiones cr\u00f3nicas. La causa de estas lesiones por levantamiento puede variar desde deportes de alto impacto hasta el desgaste normal.<\/span><\/p>\n<p><span style=\"font-weight: 400;\">Desafortunadamente, la mayor\u00eda de las lesiones por levantamiento a menudo se producen en el trabajo. Seg\u00fan el Consejo Nacional de Seguridad (NSF), levantar objetos es la causa n\u00famero uno de lesiones relacionadas con el trabajo cada a\u00f1o. Es importante tener en cuenta que casi un tercio de todas las lesiones en el lugar de trabajo ocurren por levantar objetos. Los empleados con mayor riesgo trabajan en transporte y almacenamiento. Este tipo de lesiones pueden resultar en un dolor que consume todo el cuerpo y puede ser completamente debilitante.<\/span><\/p>\n<p><span style=\"font-weight: 400;\">Si ha sufrido una lesi\u00f3n por levantar objetos en las actividades relacionadas con el trabajo, puede ser elegible para recibir una compensaci\u00f3n por sus lesiones. En Work Injury Rights, nuestros <\/span><a href=\"https:\/\/workinjuryrights.com\/coral-springs\/workers-compensation-lawyer\/\"><span style=\"font-weight: 400;\">abogados de compensaci\u00f3n para trabajadores<\/span><\/a><span style=\"font-weight: 400;\"> luchar\u00e1n para conseguirle la m\u00e1xima compensaci\u00f3n disponible por sus lesiones. Cont\u00e1ctenos hoy para averiguar c\u00f3mo puede presentar su reclamo y calificar para beneficios llamando al <a href=\"tel:+19543888616\">954-388-8616<\/a> o llenando un formulario de contacto <\/span><a href=\"https:\/\/workinjuryrights.com\/contact\/\"><span style=\"font-weight: 400;\">aqu\u00ed<\/span><\/a><span style=\"font-weight: 400;\"> .<\/span><\/p>\n<p><span style=\"font-weight: 400;\"><\/span><\/p>\n<h2><b>\u00bfQui\u00e9nes corren mayor riesgo de sufrir accidentes de levantamiento de objetos pesados?<\/b><\/h2>\n<p><span style=\"font-weight: 400;\">Pr\u00e1cticamente cualquier persona puede sufrir una lesi\u00f3n por levantamiento relacionada con el trabajo. Las lesiones de espalda causadas por el levantamiento resultaron en alrededor de <\/span><a href=\"https:\/\/www.nsc.org\/Portals\/0\/Documents\/NSCDocuments_Advocacy\/Fact%2520Sheets\/How-to-Lift-and-Carry-Safely.pdf\" target=\"_blank\" rel=\"noopener\"><span style=\"font-weight: 400;\">236,000 casos<\/span><span style=\"font-weight: 400;\"> solo <\/span><span style=\"font-weight: 400;\">en 2007<\/span><\/a><span style=\"font-weight: 400;\"> . Sin embargo, ciertos trabajos son m\u00e1s peligrosos que otros, pero el levantamiento repetitivo, incluso levantar peque\u00f1as cantidades de peso una y otra vez, puede causar problemas graves.<\/span><\/p>\n<p><span style=\"font-weight: 400;\">Cualquier persona que resulte lesionada por realizar tareas relacionadas con el ascensor debe buscar la orientaci\u00f3n legal de un abogado con experiencia en compensaci\u00f3n de trabajadores de inmediato. Quienes trabajan en las siguientes profesiones corren un riesgo especial de sufrir lesiones por levantamiento:<\/span><\/p>\n<ul>\n<li style=\"font-weight: 400;\" aria-level=\"1\"><span style=\"font-weight: 400;\">Paisajistas<\/span><span style=\"font-weight: 400;\">\u00a0\u00a0\u00a0\u00a0\u00a0\u00a0<\/span><\/li>\n<li style=\"font-weight: 400;\" aria-level=\"1\"><span style=\"font-weight: 400;\">Trabajadores de la construcci\u00f3n<\/span><span style=\"font-weight: 400;\">\u00a0\u00a0\u00a0\u00a0\u00a0\u00a0<\/span><\/li>\n<li style=\"font-weight: 400;\" aria-level=\"1\"><span style=\"font-weight: 400;\">Conserjes<\/span><span style=\"font-weight: 400;\">\u00a0\u00a0\u00a0\u00a0\u00a0\u00a0<\/span><\/li>\n<li style=\"font-weight: 400;\" aria-level=\"1\"><span style=\"font-weight: 400;\">enfermeras<\/span><span style=\"font-weight: 400;\">\u00a0\u00a0\u00a0\u00a0\u00a0\u00a0<\/span><\/li>\n<li style=\"font-weight: 400;\" aria-level=\"1\"><span style=\"font-weight: 400;\">Fabricantes y trabajadores industriales<\/span><span style=\"font-weight: 400;\">\u00a0\u00a0\u00a0\u00a0\u00a0\u00a0<\/span><\/li>\n<\/ul>\n<p><span style=\"font-weight: 400;\">Las lesiones por levantar objetos pueden causar traumas f\u00edsicos y problemas econ\u00f3micos. Hay costos m\u00e9dicos significativos involucrados y la posibilidad de una discapacidad permanente. Esto puede provocar la p\u00e9rdida de salarios y una pila de facturas. Un abogado experimentado trabajar\u00e1 con usted para recuperar sus p\u00e9rdidas y brindarle la tranquilidad de saber que los responsables de su lesi\u00f3n lo tratan de manera justa.<\/span><\/p>\n<p><a href=\"https:\/\/workinjuryrights.com\/wp-content\/uploads\/2021\/09\/worker-lifting-box-1.jpg\"><img fetchpriority=\"high\" decoding=\"async\" class=\"alignnone size-full wp-image-3966\" src=\"https:\/\/workinjuryrights.com\/wp-content\/uploads\/2021\/09\/worker-lifting-box-1.jpg\" alt=\"Worker lifting heavy box concept of lifting injuries\" width=\"500\" height=\"354\" srcset=\"https:\/\/workinjuryrights.com\/wp-content\/uploads\/2021\/09\/worker-lifting-box-1.jpg 500w, https:\/\/workinjuryrights.com\/wp-content\/uploads\/2021\/09\/worker-lifting-box-1-300x212.jpg 300w\" sizes=\"(max-width: 500px) 100vw, 500px\" \/><\/a><\/p>\n<h2><b>\u00bfCu\u00e1les son los diferentes tipos de compensaci\u00f3n laboral?<\/b><\/h2>\n<p><span style=\"font-weight: 400;\">Las lesiones de cuello y espalda en el lugar de trabajo suelen ser causadas por levantar objetos pesados, pero tambi\u00e9n pueden ser el resultado de algo como una ca\u00edda. No importa cu\u00e1l sea la causa de sus lesiones, deber\u00eda tener derecho a m\u00faltiples tipos de compensaci\u00f3n monetaria.<\/span><\/p>\n<p><span style=\"font-weight: 400;\">\u00c9stos incluyen:<\/span><\/p>\n<ul>\n<li style=\"font-weight: 400;\" aria-level=\"1\"><span style=\"font-weight: 400;\">Sumas globales<\/span><span style=\"font-weight: 400;\">\u00a0\u00a0\u00a0\u00a0\u00a0\u00a0<\/span><\/li>\n<li style=\"font-weight: 400;\" aria-level=\"1\"><span style=\"font-weight: 400;\">Cobertura de facturas m\u00e9dicas y fisioterapia<\/span><span style=\"font-weight: 400;\">\u00a0\u00a0\u00a0\u00a0\u00a0\u00a0<\/span><\/li>\n<li style=\"font-weight: 400;\" aria-level=\"1\"><span style=\"font-weight: 400;\">Dinero por salarios pasados, presentes y futuros perdidos<\/span><span style=\"font-weight: 400;\">\u00a0\u00a0\u00a0\u00a0\u00a0\u00a0<\/span><\/li>\n<\/ul>\n<p><span style=\"font-weight: 400;\">Los abogados de lesiones laborales tienen una experiencia combinada de 45 a\u00f1os ayudando a los trabajadores a navegar el complejo proceso del seguro de compensaci\u00f3n para trabajadores y la ley de lesiones de Florida. Lucharemos por tus derechos desde el momento en que nos contrates hasta que recibas la compensaci\u00f3n que mereces.<\/span><\/p>\n<h2><b>P\u00f3ngase en contacto con nuestros abogados de lesiones laborales para una consulta gratuita sobre sus lesiones por levantamiento<\/b><\/h2>\n<p><span style=\"font-weight: 400;\">Si usted es v\u00edctima de lesiones por levantamiento que ocurrieron en el lugar de trabajo, es crucial que busque la orientaci\u00f3n legal de un abogado con experiencia en compensaci\u00f3n para trabajadores lo antes posible. En <\/span><a href=\"https:\/\/workinjuryrights.com\/\"><span style=\"font-weight: 400;\">Work Injury Rights<\/span><\/a><span style=\"font-weight: 400;\">, estamos comprometidos a brindarle representaci\u00f3n legal de la m\u00e1s alta calidad en Florida.<\/span><\/p>\n<p><span style=\"font-weight: 400;\">Es completamente gratis hablar con uno de nuestros abogados y discutir sus opciones legales. Cont\u00e1ctenos hoy para una consulta gratuita llam\u00e1ndonos al <a href=\"tel:+19543888616\">954-388-8616<\/a>.<\/span><\/p>\n","protected":false},"excerpt":{"rendered":"<p>Un dolor punzante de espalda que no desaparece o un dolor sordo en el cuello que se dispara hacia los brazos pueden dejarlo sin poder trabajar y en un estado de p\u00e1nico total. Ning\u00fan dolor es siempre igual. Todo el mundo tiene una fuente de dolor ligeramente diferente cuando se trata de lesiones cr\u00f3nicas. La [&hellip;]<\/p>\n","protected":false},"author":36,"featured_media":0,"parent":5395,"menu_order":0,"comment_status":"closed","ping_status":"closed","template":"","meta":{"_acf_changed":false,"anchor_text":"","footnotes":""},"categories":[],"tags":[],"class_list":["post-5746","page","type-page","status-publish","hentry"],"acf":[],"_links":{"self":[{"href":"https:\/\/workinjuryrights.com\/es\/wp-json\/wp\/v2\/pages\/5746","targetHints":{"allow":["GET"]}}],"collection":[{"href":"https:\/\/workinjuryrights.com\/es\/wp-json\/wp\/v2\/pages"}],"about":[{"href":"https:\/\/workinjuryrights.com\/es\/wp-json\/wp\/v2\/types\/page"}],"author":[{"embeddable":true,"href":"https:\/\/workinjuryrights.com\/es\/wp-json\/wp\/v2\/users\/36"}],"replies":[{"embeddable":true,"href":"https:\/\/workinjuryrights.com\/es\/wp-json\/wp\/v2\/comments?post=5746"}],"version-history":[{"count":3,"href":"https:\/\/workinjuryrights.com\/es\/wp-json\/wp\/v2\/pages\/5746\/revisions"}],"predecessor-version":[{"id":6207,"href":"https:\/\/workinjuryrights.com\/es\/wp-json\/wp\/v2\/pages\/5746\/revisions\/6207"}],"up":[{"embeddable":true,"href":"https:\/\/workinjuryrights.com\/es\/wp-json\/wp\/v2\/pages\/5395"}],"wp:attachment":[{"href":"https:\/\/workinjuryrights.com\/es\/wp-json\/wp\/v2\/media?parent=5746"}],"wp:term":[{"taxonomy":"category","embeddable":true,"href":"https:\/\/workinjuryrights.com\/es\/wp-json\/wp\/v2\/categories?post=5746"},{"taxonomy":"post_tag","embeddable":true,"href":"https:\/\/workinjuryrights.com\/es\/wp-json\/wp\/v2\/tags?post=5746"}],"curies":[{"name":"wp","href":"https:\/\/api.w.org\/{rel}","templated":true}]}}