{"id":5747,"date":"2021-08-15T16:39:48","date_gmt":"2021-08-15T16:39:48","guid":{"rendered":"https:\/\/workinjuryrights.com\/tipo-de-lesion\/mesothelioma-asbestos\/"},"modified":"2022-02-04T16:23:46","modified_gmt":"2022-02-04T16:23:46","slug":"mesotelioma-asbesto","status":"publish","type":"page","link":"https:\/\/workinjuryrights.com\/es\/tipo-de-lesion\/mesotelioma-asbesto\/","title":{"rendered":"Mesotelioma \/ Asbesto"},"content":{"rendered":"<style>.practice-areas{display:none;}<\/style>\n<p><span style=\"font-weight: 400;\">Seg\u00fan los CDC, m\u00e1s de 45.000 ciudadanos estadounidenses murieron de mesotelioma \/ asbesto entre 1999 y 2015. Eso es alrededor de 3.000 pacientes por a\u00f1o en promedio. Los datos muestran cu\u00e1n devastadores pueden ser los resultados de esta enfermedad. Muchas veces, las v\u00edctimas de la exposici\u00f3n al asbesto no pueden pagar los costosos tratamientos m\u00e9dicos necesarios para combatir el mesotelioma. Las enfermedades relacionadas con la inhalaci\u00f3n de asbesto pueden dejar a las v\u00edctimas y sus seres queridos en una situaci\u00f3n financiera dif\u00edcil.<\/span><\/p>\n<p><span style=\"font-weight: 400;\">Si ha sufrido una enfermedad relacionada con el mesotelioma \/ asbesto en el trabajo, es posible que tenga derecho a un acuerdo de compensaci\u00f3n para trabajadores. En Work Injury Rights, <\/span><a href=\"https:\/\/workinjuryrights.com\/coral-springs\/workers-compensation-lawyer\/\"><span style=\"font-weight: 400;\">los abogados de compensaci\u00f3n laboral<\/span><\/a><span style=\"font-weight: 400;\"> est\u00e1n listos para ayudarlo a obtener la compensaci\u00f3n que se merece por sus lesiones. Cont\u00e1ctenos hoy para averiguar c\u00f3mo puede presentar su reclamo y calificar para los beneficios. Ll\u00e1manos al <a href=\"tel:+19543888616\">954-388-8616<\/a>.<\/span><\/p>\n<h2><b>\u00bfQu\u00e9 es el c\u00e1ncer de mesotelioma y cu\u00e1les son las causas?<\/b><\/h2>\n<p><span style=\"font-weight: 400;\">El mesotelioma<\/span><span style=\"font-weight: 400;\"> es una forma debilitante de c\u00e1ncer maligno causado por la exposici\u00f3n al asbesto. Hay 4 formas de mesotelioma:<\/span><\/p>\n<ul>\n<li style=\"font-weight: 400;\" aria-level=\"1\"><b>Mesotelioma pleural <\/b><span style=\"font-weight: 400;\">: un tipo de c\u00e1ncer que vive en el revestimiento de los pulmones.<\/span><span style=\"font-weight: 400;\">\u00a0\u00a0\u00a0\u00a0\u00a0\u00a0<\/span><\/li>\n<li style=\"font-weight: 400;\" aria-level=\"1\"><b>Mesotelioma peritoneal <\/b><span style=\"font-weight: 400;\">: un tipo de c\u00e1ncer que afecta el revestimiento de la cavidad abdominal.<\/span><span style=\"font-weight: 400;\">\u00a0\u00a0\u00a0\u00a0\u00a0\u00a0<\/span><\/li>\n<li style=\"font-weight: 400;\" aria-level=\"1\"><b>Mesotelioma peric\u00e1rdico <\/b><span style=\"font-weight: 400;\">: un tipo de c\u00e1ncer que afecta el revestimiento del coraz\u00f3n.<\/span><span style=\"font-weight: 400;\">\u00a0\u00a0\u00a0\u00a0\u00a0\u00a0<\/span><\/li>\n<li style=\"font-weight: 400;\" aria-level=\"1\"><b>Mesotelioma testicular <\/b><span style=\"font-weight: 400;\">: un tipo de c\u00e1ncer que se desarrolla en el revestimiento de los test\u00edculos.<\/span><span style=\"font-weight: 400;\">\u00a0\u00a0\u00a0\u00a0\u00a0\u00a0<\/span><\/li>\n<\/ul>\n<h2><b>\u00bfCu\u00e1les son algunos ejemplos de enfermedades relacionadas con el asbesto?<\/b><\/h2>\n<p><span style=\"font-weight: 400;\">Las v\u00edctimas que padecen mesotelioma pueden desarrollar otras enfermedades como asbestosis o enfermedad pleural. Estos no son c\u00e1nceres, por lo que se clasifican de manera distinta al mesotelioma. Debido a esto, enfermedades como la pleural no pueden convertirse en mesotelioma.<\/span><\/p>\n<p><span style=\"font-weight: 400;\">Sin embargo, algunas personas obtienen ambos. El per\u00edodo de latencia de la asbestosis es m\u00e1s corto que el del mesotelioma. Es por eso que algunas personas pueden desarrollar asbestosis mucho tiempo antes de desarrollar mesotelioma. Cabe se\u00f1alar que los expertos creen que solo alrededor del 15% de los pacientes con asbestosis desarrollar\u00e1n posteriormente el c\u00e1ncer.<\/span><\/p>\n<p><a href=\"https:\/\/workinjuryrights.com\/wp-content\/uploads\/2021\/09\/lung-chest-xray-1.jpg\"><img fetchpriority=\"high\" decoding=\"async\" class=\"alignnone size-full wp-image-3983\" src=\"https:\/\/workinjuryrights.com\/wp-content\/uploads\/2021\/09\/lung-chest-xray-1.jpg\" alt=\"Chest xray of patient lungs with pleurisy concept of mesothelioma \/ asbestos\" width=\"500\" height=\"375\" srcset=\"https:\/\/workinjuryrights.com\/wp-content\/uploads\/2021\/09\/lung-chest-xray-1.jpg 500w, https:\/\/workinjuryrights.com\/wp-content\/uploads\/2021\/09\/lung-chest-xray-1-300x225.jpg 300w\" sizes=\"(max-width: 500px) 100vw, 500px\" \/><\/a><\/p>\n<h2><b>\u00bfConoce sus opciones?<\/b><\/h2>\n<p><span style=\"font-weight: 400;\">Existen m\u00faltiples formas de compensaci\u00f3n disponibles para los pacientes con c\u00e1ncer de mesotelioma y sus seres queridos. La compensaci\u00f3n depende de algunos factores. Puede presentar una demanda de compensaci\u00f3n por los derechos de los trabajadores o, en casos m\u00e1s graves, puede optar por presentar una demanda por homicidio culposo. Independientemente del camino que elija seguir, estamos aqu\u00ed para simplificar el proceso y hacerlo lo m\u00e1s libre de estr\u00e9s posible, d\u00e1ndole m\u00e1s tiempo para concentrarse en su salud y la de sus seres queridos.<\/span><\/p>\n<p><span style=\"font-weight: 400;\">Si ha estado expuesto al asbesto, debe comunicarse con un abogado especializado en mesotelioma \/ asbesto de inmediato porque este tipo de c\u00e1ncer se puede prevenir y la exposici\u00f3n no deber\u00eda ocurrir. Es su derecho legal presentar un caso contra los responsables o emprender otras acciones legales contra las partes negligentes.<\/span><\/p>\n<h2><b>Comun\u00edquese con nuestros abogados de lesiones laborales para una consulta gratuita sobre su caso de mesotelioma \/ asbesto relacionado con el trabajo<\/b><\/h2>\n<p><span style=\"font-weight: 400;\">Contratar a un bufete de abogados con experiencia en las leyes del asbesto es la mejor manera de asegurar la m\u00e1xima compensaci\u00f3n por su mesotelioma \/ enfermedad del asbesto. Nuestra firma tiene una experiencia combinada de 45 a\u00f1os en Florida manejando este tipo de casos, y nuestro equipo se asegura de que este proceso sea m\u00e1s f\u00e1cil para usted y su familia porque lucharemos por sus derechos.<\/span><\/p>\n<p><span style=\"font-weight: 400;\">En <\/span><a href=\"https:\/\/workinjuryrights.com\/\"><span style=\"font-weight: 400;\">Work Injury Rights<\/span><\/a><span style=\"font-weight: 400;\">, estamos aqu\u00ed para aliviar su carga financiera, por lo que trabajamos sobre la base de una tarifa de contingencia, lo que significa que no tiene que pagar nada por adelantado y solo paga una vez que se le otorga una compensaci\u00f3n. Cont\u00e1ctenos hoy para una consulta gratuita sobre su mesotelioma \/ asbesto relacionado con el trabajo llamando al <a href=\"tel:+19543888616\">954-388-8616<\/a> o llenando un formulario de contacto <\/span><a href=\"https:\/\/workinjuryrights.com\/contact\/\"><span style=\"font-weight: 400;\">aqu\u00ed<\/span><\/a><span style=\"font-weight: 400;\">.<\/span><\/p>\n","protected":false},"excerpt":{"rendered":"<p>Seg\u00fan los CDC, m\u00e1s de 45.000 ciudadanos estadounidenses murieron de mesotelioma \/ asbesto entre 1999 y 2015. Eso es alrededor de 3.000 pacientes por a\u00f1o en promedio. Los datos muestran cu\u00e1n devastadores pueden ser los resultados de esta enfermedad. Muchas veces, las v\u00edctimas de la exposici\u00f3n al asbesto no pueden pagar los costosos tratamientos m\u00e9dicos [&hellip;]<\/p>\n","protected":false},"author":36,"featured_media":0,"parent":5395,"menu_order":0,"comment_status":"closed","ping_status":"closed","template":"","meta":{"_acf_changed":false,"anchor_text":"","footnotes":""},"categories":[],"tags":[],"class_list":["post-5747","page","type-page","status-publish","hentry"],"acf":[],"_links":{"self":[{"href":"https:\/\/workinjuryrights.com\/es\/wp-json\/wp\/v2\/pages\/5747","targetHints":{"allow":["GET"]}}],"collection":[{"href":"https:\/\/workinjuryrights.com\/es\/wp-json\/wp\/v2\/pages"}],"about":[{"href":"https:\/\/workinjuryrights.com\/es\/wp-json\/wp\/v2\/types\/page"}],"author":[{"embeddable":true,"href":"https:\/\/workinjuryrights.com\/es\/wp-json\/wp\/v2\/users\/36"}],"replies":[{"embeddable":true,"href":"https:\/\/workinjuryrights.com\/es\/wp-json\/wp\/v2\/comments?post=5747"}],"version-history":[{"count":5,"href":"https:\/\/workinjuryrights.com\/es\/wp-json\/wp\/v2\/pages\/5747\/revisions"}],"predecessor-version":[{"id":7704,"href":"https:\/\/workinjuryrights.com\/es\/wp-json\/wp\/v2\/pages\/5747\/revisions\/7704"}],"up":[{"embeddable":true,"href":"https:\/\/workinjuryrights.com\/es\/wp-json\/wp\/v2\/pages\/5395"}],"wp:attachment":[{"href":"https:\/\/workinjuryrights.com\/es\/wp-json\/wp\/v2\/media?parent=5747"}],"wp:term":[{"taxonomy":"category","embeddable":true,"href":"https:\/\/workinjuryrights.com\/es\/wp-json\/wp\/v2\/categories?post=5747"},{"taxonomy":"post_tag","embeddable":true,"href":"https:\/\/workinjuryrights.com\/es\/wp-json\/wp\/v2\/tags?post=5747"}],"curies":[{"name":"wp","href":"https:\/\/api.w.org\/{rel}","templated":true}]}}