{"id":5748,"date":"2021-08-15T16:40:42","date_gmt":"2021-08-15T16:40:42","guid":{"rendered":"https:\/\/workinjuryrights.com\/tipo-de-lesion\/overexertion\/"},"modified":"2021-09-28T15:23:38","modified_gmt":"2021-09-28T15:23:38","slug":"sobreesfuerzo","status":"publish","type":"page","link":"https:\/\/workinjuryrights.com\/es\/tipo-de-lesion\/sobreesfuerzo\/","title":{"rendered":"Sobreesfuerzo"},"content":{"rendered":"<style>.practice-areas{display:none;}<\/style>\n<p><span style=\"font-weight: 400;\">No todas las lesiones que ocurren en el lugar de trabajo son el resultado de un accidente, violencia o movimientos repetitivos. En algunos casos, el esfuerzo excesivo, que ocurre cuando realiza demasiadas actividades f\u00edsicas extenuantes en el trabajo, es la causa de su lesi\u00f3n. Al igual que otras lesiones, las reclamaciones por esfuerzo excesivo pueden ser elegibles para la compensaci\u00f3n de trabajadores.<\/span><\/p>\n<p><span style=\"font-weight: 400;\">Si le han diagnosticado una lesi\u00f3n por esfuerzo excesivo, comun\u00edquese con nuestro <\/span><a href=\"https:\/\/workinjuryrights.com\/coral-springs\/workers-compensation-lawyer\/\"><span style=\"font-weight: 400;\">experimentado equipo legal de compensaci\u00f3n para trabajadores<\/span><\/a><span style=\"font-weight: 400;\"> en Work Injury Rights.<\/span><\/p>\n<p><span style=\"font-weight: 400;\"><\/span><\/p>\n<h2><b>\u00bfQu\u00e9 es una lesi\u00f3n por sobreesfuerzo?<\/b><\/h2>\n<p><span style=\"font-weight: 400;\">Las lesiones por sobreesfuerzo ocurren cuando se realizan diferentes movimientos f\u00edsicos extenuantes durante un d\u00eda de trabajo. Actividades como levantar cajas pesadas, rastrillar concreto, transportar juegos de tablas de madera e incluso agacharse para apretar tuercas o pernos ubicados debajo de usted pueden provocar este tipo de lesiones.<\/span><\/p>\n<p><span style=\"font-weight: 400;\">En general, las lesiones por esfuerzo excesivo se clasifican en una de estas categor\u00edas:<\/span><\/p>\n<ul>\n<li style=\"font-weight: 400;\" aria-level=\"1\"><b>Fracturas por estr\u00e9s <\/b><span style=\"font-weight: 400;\">: una fractura por estr\u00e9s es una peque\u00f1a grieta o una serie de grietas en un hueso. Repetir los mismos movimientos duros a lo largo de la jornada laboral, como subir y bajar de la parte trasera de un cami\u00f3n, puede provocar fracturas por estr\u00e9s en los huesos de los pies y la parte inferior de las piernas.<\/span><span style=\"font-weight: 400;\">\u00a0\u00a0\u00a0\u00a0\u00a0\u00a0<\/span><\/li>\n<li style=\"font-weight: 400;\" aria-level=\"1\"><b>esguinces o tirones:<\/b><span style=\"font-weight: 400;\"> Sobrecarga o tirones musculares son el resultado de hacer una serie de movimientos bruscos, pero necesarias, como torcer la espalda, moviendo los hombros, o doblando las caderas y las rodillas. Estas lesiones pueden ser bastante dolorosas y pueden dejarlo incapacitado para trabajar mientras se recupera.<\/span><span style=\"font-weight: 400;\">\u00a0\u00a0\u00a0\u00a0\u00a0\u00a0<\/span><\/li>\n<li style=\"font-weight: 400;\" aria-level=\"1\"><b>Esguinces<\/b><span style=\"font-weight: 400;\">: un esguince de ligamento ocurre cuando una articulaci\u00f3n, como el tobillo, la rodilla, la mu\u00f1eca o el codo, se mueve con fuerza y \u200b\u200bviolencia en la direcci\u00f3n incorrecta. Bajarse incorrectamente de una acera mientras lleva una caja grande puede resultar en una articulaci\u00f3n torcida, al igual que cualquier otro evento similar.<\/span><span style=\"font-weight: 400;\">\u00a0\u00a0\u00a0\u00a0\u00a0\u00a0<\/span><\/li>\n<li style=\"font-weight: 400;\" aria-level=\"1\"><b>Discos <\/b><span style=\"font-weight: 400;\">resbalados o abultados: las lesiones de espalda, como los discos resbalados o abultados, a menudo se producen al agacharse repetidamente para realizar una tarea, as\u00ed como al realizar una serie de movimientos de torsi\u00f3n y giro. En algunos casos, simplemente doblarse o girar una vez puede hacer que los discos de la espalda comiencen a presionar dolorosamente la columna vertebral.<\/span><span style=\"font-weight: 400;\">\u00a0\u00a0\u00a0\u00a0\u00a0\u00a0<\/span><\/li>\n<\/ul>\n<h2><b>\u00bfEn qu\u00e9 se diferencia el esfuerzo excesivo de las lesiones por movimientos repetitivos?<\/b><\/h2>\n<p><span style=\"font-weight: 400;\">No confunda las lesiones por sobreesfuerzo con las de movimientos repetitivos. Esto \u00faltimo ocurre como resultado de realizar el mismo movimiento repetidamente durante horas y semanas. Lo primero ocurre, por ejemplo, cuando un trabajador se ve obligado a moverse mal para mantener el equilibrio o realizar otras tareas relacionadas con el trabajo. Un movimiento r\u00e1pido e incorrecto y tiene una lesi\u00f3n por esfuerzo excesivo que puede impedirle hacer su trabajo sin un dolor insoportable.<\/span><\/p>\n<p><a href=\"https:\/\/workinjuryrights.com\/wp-content\/uploads\/2021\/09\/overexertion-construction-worker-1.jpg\"><img fetchpriority=\"high\" decoding=\"async\" class=\"alignnone size-full wp-image-4065\" src=\"https:\/\/workinjuryrights.com\/wp-content\/uploads\/2021\/09\/overexertion-construction-worker-1.jpg\" alt=\"Construction worker with overexertion injuries\" width=\"500\" height=\"390\" srcset=\"https:\/\/workinjuryrights.com\/wp-content\/uploads\/2021\/09\/overexertion-construction-worker-1.jpg 500w, https:\/\/workinjuryrights.com\/wp-content\/uploads\/2021\/09\/overexertion-construction-worker-1-300x234.jpg 300w\" sizes=\"(max-width: 500px) 100vw, 500px\" \/><\/a><\/p>\n<h2><b>\u00bfPresentar una reclamaci\u00f3n de indemnizaci\u00f3n laboral por lesiones por esfuerzo excesivo?<\/b><\/h2>\n<p><span style=\"font-weight: 400;\">Si tiene una lesi\u00f3n por esfuerzo excesivo causada por los movimientos f\u00edsicos extenuantes que necesita hacer todos los d\u00edas en el lugar de trabajo, entonces puede ser elegible para la compensaci\u00f3n de trabajadores. Necesitar\u00e1 la ayuda de un abogado con experiencia para presentar un reclamo exitoso, ya que es posible que necesite registros m\u00e9dicos y del hospital, im\u00e1genes de video del incidente y otra documentaci\u00f3n espec\u00edfica para respaldar su reclamo.<\/span><\/p>\n<h2><b>\u00bfNecesita un abogado de compensaci\u00f3n laboral para obtener ayuda con un reclamo por lesiones por esfuerzo excesivo?<\/b><\/h2>\n<p><span style=\"font-weight: 400;\">Puede calificar para la compensaci\u00f3n de trabajadores si su lesi\u00f3n por esfuerzo excesivo ocurri\u00f3 mientras estaba en el trabajo. Para presentar un reclamo, deber\u00e1 comunicarse con un abogado de inmediato. En Work Injury Rights, ofrecemos evaluaciones gratuitas de casos para asegurarnos de que tenga el mejor equipo legal a su completa disposici\u00f3n en caso de que tenga un reclamo v\u00e1lido.<\/span><\/p>\n<p><span style=\"font-weight: 400;\">\u00bfSufre de una lesi\u00f3n por sobreesfuerzo en el trabajo? Comun\u00edquese con <\/span><a href=\"https:\/\/workinjuryrights.com\"><span style=\"font-weight: 400;\">Work Injury Rights<\/span><\/a><span style=\"font-weight: 400;\"> hoy mismo para obtener m\u00e1s informaci\u00f3n llam\u00e1ndonos al <a href=\"tel:+19543888616\">954-388-8616<\/a> o completando un formulario de contacto <\/span><a href=\"https:\/\/workinjuryrights.com\/contact\/\"><span style=\"font-weight: 400;\">aqu\u00ed<\/span><\/a><span style=\"font-weight: 400;\">.<\/span><\/p>\n","protected":false},"excerpt":{"rendered":"<p>No todas las lesiones que ocurren en el lugar de trabajo son el resultado de un accidente, violencia o movimientos repetitivos. En algunos casos, el esfuerzo excesivo, que ocurre cuando realiza demasiadas actividades f\u00edsicas extenuantes en el trabajo, es la causa de su lesi\u00f3n. Al igual que otras lesiones, las reclamaciones por esfuerzo excesivo pueden [&hellip;]<\/p>\n","protected":false},"author":36,"featured_media":0,"parent":5395,"menu_order":0,"comment_status":"closed","ping_status":"closed","template":"","meta":{"_acf_changed":false,"anchor_text":"","footnotes":""},"categories":[],"tags":[],"class_list":["post-5748","page","type-page","status-publish","hentry"],"acf":[],"_links":{"self":[{"href":"https:\/\/workinjuryrights.com\/es\/wp-json\/wp\/v2\/pages\/5748","targetHints":{"allow":["GET"]}}],"collection":[{"href":"https:\/\/workinjuryrights.com\/es\/wp-json\/wp\/v2\/pages"}],"about":[{"href":"https:\/\/workinjuryrights.com\/es\/wp-json\/wp\/v2\/types\/page"}],"author":[{"embeddable":true,"href":"https:\/\/workinjuryrights.com\/es\/wp-json\/wp\/v2\/users\/36"}],"replies":[{"embeddable":true,"href":"https:\/\/workinjuryrights.com\/es\/wp-json\/wp\/v2\/comments?post=5748"}],"version-history":[{"count":3,"href":"https:\/\/workinjuryrights.com\/es\/wp-json\/wp\/v2\/pages\/5748\/revisions"}],"predecessor-version":[{"id":6214,"href":"https:\/\/workinjuryrights.com\/es\/wp-json\/wp\/v2\/pages\/5748\/revisions\/6214"}],"up":[{"embeddable":true,"href":"https:\/\/workinjuryrights.com\/es\/wp-json\/wp\/v2\/pages\/5395"}],"wp:attachment":[{"href":"https:\/\/workinjuryrights.com\/es\/wp-json\/wp\/v2\/media?parent=5748"}],"wp:term":[{"taxonomy":"category","embeddable":true,"href":"https:\/\/workinjuryrights.com\/es\/wp-json\/wp\/v2\/categories?post=5748"},{"taxonomy":"post_tag","embeddable":true,"href":"https:\/\/workinjuryrights.com\/es\/wp-json\/wp\/v2\/tags?post=5748"}],"curies":[{"name":"wp","href":"https:\/\/api.w.org\/{rel}","templated":true}]}}