{"id":5750,"date":"2021-08-15T16:42:36","date_gmt":"2021-08-15T16:42:36","guid":{"rendered":"https:\/\/workinjuryrights.com\/tipo-de-lesion\/shoulder-knee-injuries\/"},"modified":"2021-09-28T15:36:07","modified_gmt":"2021-09-28T15:36:07","slug":"lesiones-hombro-rodilla","status":"publish","type":"page","link":"https:\/\/workinjuryrights.com\/es\/tipo-de-lesion\/lesiones-hombro-rodilla\/","title":{"rendered":"Lesiones de Hombro \/ Rodilla"},"content":{"rendered":"<style>.practice-areas{display:none;}<\/style>\n<p><span style=\"font-weight: 400;\">Muchos de nosotros nos olvidamos de pensar en las articulaciones principales, como las articulaciones de las rodillas y los hombros, hasta que algo sale terriblemente mal. De hecho, los accidentes laborales que lesionan estas articulaciones importantes son bastante comunes. Una de las formas m\u00e1s comunes de que se produzcan estas lesiones de hombro \/ rodilla es por el manejo repetitivo de materiales pesados. Las lesiones de hombro \/ rodilla pueden ser graves y provocar da\u00f1os permanentes. Esto puede traer problemas como la p\u00e9rdida de salario si la lesi\u00f3n lo deja sin trabajo. Adem\u00e1s, las facturas m\u00e9dicas pueden acumularse debido a visitas frecuentes al m\u00e9dico, cirug\u00edas y fisioterapia.<\/span><\/p>\n<p><span style=\"font-weight: 400;\">\u00bfSe ha lesionado el hombro o la rodilla en el trabajo? Si es as\u00ed, es posible que est\u00e9 buscando respuestas y representaci\u00f3n legal. El mejor curso de acci\u00f3n es encontrar un <\/span><a href=\"https:\/\/workinjuryrights.com\/coral-springs\/workers-compensation-lawyer\/\"><span style=\"font-weight: 400;\">abogado<\/span><span style=\"font-weight: 400;\"> con <\/span><span style=\"font-weight: 400;\">experiencia en compensaci\u00f3n<\/span><span style=\"font-weight: 400;\"> para <\/span><span style=\"font-weight: 400;\">trabajadores<\/span><\/a><span style=\"font-weight: 400;\"> que le explique sus derechos y lo ayude a presentar su reclamo de compensaci\u00f3n para trabajadores.<\/span><\/p>\n<p><span style=\"font-weight: 400;\">En Work Injury Rights, luchamos por sus derechos y le obtenemos la compensaci\u00f3n m\u00e1xima que se merece por sus lesiones. Cont\u00e1ctenos para obtener m\u00e1s informaci\u00f3n sobre su reclamo por lesiones de hombro \/ rodilla.<\/span><\/p>\n<p><span style=\"font-weight: 400;\"><\/span><\/p>\n<h2><b>\u00bfCu\u00e1les son algunos de los tipos comunes de lesiones de rodilla \/ hombro?<\/b><\/h2>\n<p><span style=\"font-weight: 400;\">En Work Injury Rights, nuestros abogados de compensaci\u00f3n para trabajadores de Florida tienen experiencia en la representaci\u00f3n de clientes en m\u00faltiples industrias. Esto incluye a trabajadores de la construcci\u00f3n, trabajadores de f\u00e1bricas y otras personas que han sufrido <\/span><a href=\"https:\/\/orthoinfo.aaos.org\/en\/diseases--conditions\/common-shoulder-injuries\/\" target=\"_blank\" rel=\"noopener\"><span style=\"font-weight: 400;\">lesiones en las <\/span><span style=\"font-weight: 400;\">rodillas<\/span><span style=\"font-weight: 400;\"> y los <\/span><span style=\"font-weight: 400;\">hombros<\/span><\/a><span style=\"font-weight: 400;\"> por un accidente o esfuerzo repetitivo.<\/span><\/p>\n<p><span style=\"font-weight: 400;\">Los tipos m\u00e1s comunes de lesiones de hombro y rodilla son:<\/span><\/p>\n<ul>\n<li style=\"font-weight: 400;\" aria-level=\"1\"><span style=\"font-weight: 400;\">Lesiones de ligamentos<\/span><span style=\"font-weight: 400;\">\u00a0\u00a0\u00a0\u00a0\u00a0\u00a0<\/span><\/li>\n<li style=\"font-weight: 400;\" aria-level=\"1\"><span style=\"font-weight: 400;\">Desgarros de menisco<\/span><span style=\"font-weight: 400;\">\u00a0\u00a0\u00a0\u00a0\u00a0\u00a0<\/span><\/li>\n<li style=\"font-weight: 400;\" aria-level=\"1\"><span style=\"font-weight: 400;\">R\u00f3tulas dislocadas<\/span><span style=\"font-weight: 400;\">\u00a0\u00a0\u00a0\u00a0\u00a0\u00a0<\/span><\/li>\n<li style=\"font-weight: 400;\" aria-level=\"1\"><span style=\"font-weight: 400;\">Dolor de r\u00f3tula<\/span><span style=\"font-weight: 400;\">\u00a0\u00a0\u00a0\u00a0\u00a0\u00a0<\/span><\/li>\n<li style=\"font-weight: 400;\" aria-level=\"1\"><span style=\"font-weight: 400;\">Manguitos rotadores rotos<\/span><span style=\"font-weight: 400;\">\u00a0\u00a0\u00a0\u00a0\u00a0\u00a0<\/span><\/li>\n<li style=\"font-weight: 400;\" aria-level=\"1\"><span style=\"font-weight: 400;\">Luxaciones de hombro<\/span><span style=\"font-weight: 400;\">\u00a0\u00a0\u00a0\u00a0\u00a0\u00a0<\/span><\/li>\n<li style=\"font-weight: 400;\" aria-level=\"1\"><span style=\"font-weight: 400;\">Fracturas de clav\u00edcula<\/span><span style=\"font-weight: 400;\">\u00a0\u00a0\u00a0\u00a0\u00a0\u00a0<\/span><\/li>\n<\/ul>\n<p><span style=\"font-weight: 400;\">Existe una amplia gama de lesiones que pueden ocurrir en un entorno peligroso, desde huesos rotos, torceduras, resbalones, dislocaciones y m\u00e1s. Cuando ocurre un accidente en el trabajo y se lesiona la rodilla o el hombro, es necesario informar de inmediato. Esta respuesta inmediata puede ayudar a demostrar que estaba relacionada con un incidente o actividad espec\u00edfica en el trabajo.<\/span><\/p>\n<p><span style=\"font-weight: 400;\">Si la lesi\u00f3n se desarrolla con el tiempo como resultado de un estr\u00e9s repetitivo, puede ser m\u00e1s dif\u00edcil demostrar una conexi\u00f3n con una actividad espec\u00edfica. Sin embargo, un abogado con experiencia en compensaci\u00f3n para trabajadores puede ayudarlo a recibir cobertura siempre que una tarea relacionada con el trabajo haya resultado en una lesi\u00f3n. Incluso los trabajadores con condiciones que exist\u00edan antes de un incidente que causara lesiones pueden estar cubiertos por la compensaci\u00f3n de trabajadores o tener derecho a un reclamo.<\/span><\/p>\n<p><span style=\"font-weight: 400;\">Si ha sufrido lesiones graves de hombro \/ rodilla, podemos ayudarlo. Nuestros abogados tienen m\u00e1s de 45 a\u00f1os de experiencia combinada con la ley de compensaci\u00f3n para trabajadores de Florida.<\/span><\/p>\n<p><a href=\"https:\/\/workinjuryrights.com\/wp-content\/uploads\/2021\/09\/worker-shoulder-injury-1.jpg\"><img fetchpriority=\"high\" decoding=\"async\" class=\"alignnone wp-image-4086 size-full\" src=\"https:\/\/workinjuryrights.com\/wp-content\/uploads\/2021\/09\/worker-shoulder-injury-1.jpg\" alt=\"Worker reaching for shoulder injury concept of shoulder \/ knee injuries\" width=\"500\" height=\"332\" srcset=\"https:\/\/workinjuryrights.com\/wp-content\/uploads\/2021\/09\/worker-shoulder-injury-1.jpg 500w, https:\/\/workinjuryrights.com\/wp-content\/uploads\/2021\/09\/worker-shoulder-injury-1-300x199.jpg 300w\" sizes=\"(max-width: 500px) 100vw, 500px\" \/><\/a><\/p>\n<h2>Contact Our Work Injury Lawyers for a Free Consultation Regarding Your Shoulder \/ Knee Injuries<\/h2>\n<p>If you\u2019ve been injured on the job in an environment that forced constant stress on your shoulder or knee joints, you may be left wondering what options you have. Taking the first steps to getting what you deserve is vital because these injuries can result in extended time off work and lost wages.<\/p>\n<p>By seeking experienced legal representation early on, you may be able to get the maximum benefits or awards that Florida can offer. This can help cover your medical expenses and any other bills that result from the injury.<\/p>\n<p>The <a href=\"https:\/\/workinjuryrights.com\/\">Work Injury lawyers<\/a> understand that dealing with the complexities of shoulder \/ knee injuries claim or trial can be stressful emotionally and financially. We are here to help and alleviate stress from the situation. To schedule a free consultation, contact us today by calling <a href=\"tel:+19543888616\">954-388-8616<\/a>!<\/p>\n","protected":false},"excerpt":{"rendered":"<p>Muchos de nosotros nos olvidamos de pensar en las articulaciones principales, como las articulaciones de las rodillas y los hombros, hasta que algo sale terriblemente mal. De hecho, los accidentes laborales que lesionan estas articulaciones importantes son bastante comunes. Una de las formas m\u00e1s comunes de que se produzcan estas lesiones de hombro \/ rodilla [&hellip;]<\/p>\n","protected":false},"author":36,"featured_media":0,"parent":5395,"menu_order":0,"comment_status":"closed","ping_status":"closed","template":"","meta":{"_acf_changed":false,"anchor_text":"","footnotes":""},"categories":[],"tags":[],"class_list":["post-5750","page","type-page","status-publish","hentry"],"acf":[],"_links":{"self":[{"href":"https:\/\/workinjuryrights.com\/es\/wp-json\/wp\/v2\/pages\/5750","targetHints":{"allow":["GET"]}}],"collection":[{"href":"https:\/\/workinjuryrights.com\/es\/wp-json\/wp\/v2\/pages"}],"about":[{"href":"https:\/\/workinjuryrights.com\/es\/wp-json\/wp\/v2\/types\/page"}],"author":[{"embeddable":true,"href":"https:\/\/workinjuryrights.com\/es\/wp-json\/wp\/v2\/users\/36"}],"replies":[{"embeddable":true,"href":"https:\/\/workinjuryrights.com\/es\/wp-json\/wp\/v2\/comments?post=5750"}],"version-history":[{"count":3,"href":"https:\/\/workinjuryrights.com\/es\/wp-json\/wp\/v2\/pages\/5750\/revisions"}],"predecessor-version":[{"id":6220,"href":"https:\/\/workinjuryrights.com\/es\/wp-json\/wp\/v2\/pages\/5750\/revisions\/6220"}],"up":[{"embeddable":true,"href":"https:\/\/workinjuryrights.com\/es\/wp-json\/wp\/v2\/pages\/5395"}],"wp:attachment":[{"href":"https:\/\/workinjuryrights.com\/es\/wp-json\/wp\/v2\/media?parent=5750"}],"wp:term":[{"taxonomy":"category","embeddable":true,"href":"https:\/\/workinjuryrights.com\/es\/wp-json\/wp\/v2\/categories?post=5750"},{"taxonomy":"post_tag","embeddable":true,"href":"https:\/\/workinjuryrights.com\/es\/wp-json\/wp\/v2\/tags?post=5750"}],"curies":[{"name":"wp","href":"https:\/\/api.w.org\/{rel}","templated":true}]}}