{"id":5752,"date":"2021-08-15T16:44:51","date_gmt":"2021-08-15T16:44:51","guid":{"rendered":"https:\/\/workinjuryrights.com\/tipo-de-lesion\/sprain-ligament-injury\/"},"modified":"2021-09-28T16:25:05","modified_gmt":"2021-09-28T16:25:05","slug":"lesion-esguince-ligamento","status":"publish","type":"page","link":"https:\/\/workinjuryrights.com\/es\/tipo-de-lesion\/lesion-esguince-ligamento\/","title":{"rendered":"Lesi\u00f3n de Esguince \/ Ligamento"},"content":{"rendered":"<style>.practice-areas{display:none;}<\/style>\n<p><span style=\"font-weight: 400;\">El da\u00f1o por esguince \/ lesi\u00f3n de ligamentos durante el trabajo es com\u00fan. Este tipo de lesi\u00f3n generalmente ocurre despu\u00e9s de movimientos contundentes, como cargar objetos pesados, cambiar de direcci\u00f3n r\u00e1pidamente, cambiar de peso u otros movimientos apresurados. Es posible que sienta un chasquido o una oleada repentina de dolor cuando se produce la lesi\u00f3n. Sin embargo, la mayor\u00eda de nosotros hemos sido entrenados para ignorar el dolor y seguir trabajando. \u00c9sta no es la soluci\u00f3n inteligente. Es imperativo tomarse un tiempo para que su cuerpo se cure y se recupere adecuadamente de su lesi\u00f3n.<\/span><\/p>\n<p><span style=\"font-weight: 400;\">\u00bfNecesita solicitar una indemnizaci\u00f3n laboral despu\u00e9s de su lesi\u00f3n pero no est\u00e1 seguro de por d\u00f3nde empezar? Permita que el equipo experto de <\/span><span style=\"font-weight: 400;\"><a href=\"https:\/\/workinjuryrights.com\/coral-springs\/workers-compensation-lawyer\/\">abogados de compensaci\u00f3n para trabajadores de Work Injury Rights<\/a> lo gu\u00ede. Ellos lo ayudar\u00e1n durante el proceso y le permitir\u00e1n concentrarse en la curaci\u00f3n, para que pueda volver a trabajar lo antes posible.<\/span><\/p>\n<p><span style=\"font-weight: 400;\"><\/span><\/p>\n<h2><b>\u00bfC\u00f3mo puedo saber si tengo un esguince o una lesi\u00f3n de ligamentos?<\/b><\/h2>\n<p><span style=\"font-weight: 400;\">A veces, puede volcarse un tobillo o esforzarse demasiado, lo que resulta en un dolor insoportable. Si el dolor desaparece en unos minutos, es probable que no tenga un esguince o da\u00f1o en los ligamentos. Sin embargo, algunas lesiones son m\u00e1s importantes y requieren ausentarse del trabajo.<\/span><\/p>\n<p><span style=\"font-weight: 400;\">Si experimenta alguno de los siguientes, su lesi\u00f3n puede requerir atenci\u00f3n m\u00e9dica:<\/span><\/p>\n<ul>\n<li style=\"font-weight: 400;\" aria-level=\"1\"><span style=\"font-weight: 400;\">Dolor punzante o punzante intenso<\/span><span style=\"font-weight: 400;\">\u00a0\u00a0\u00a0\u00a0\u00a0\u00a0<\/span><\/li>\n<li style=\"font-weight: 400;\" aria-level=\"1\"><span style=\"font-weight: 400;\">Incapaz de poner peso sobre la articulaci\u00f3n.<\/span><span style=\"font-weight: 400;\">\u00a0\u00a0\u00a0\u00a0\u00a0\u00a0<\/span><\/li>\n<li style=\"font-weight: 400;\" aria-level=\"1\"><span style=\"font-weight: 400;\">Ternura al tacto.<\/span><span style=\"font-weight: 400;\">\u00a0\u00a0\u00a0\u00a0\u00a0\u00a0<\/span><\/li>\n<li style=\"font-weight: 400;\" aria-level=\"1\"><span style=\"font-weight: 400;\">Inmovilizaci\u00f3n<\/span><span style=\"font-weight: 400;\">\u00a0\u00a0\u00a0\u00a0\u00a0\u00a0<\/span><\/li>\n<li style=\"font-weight: 400;\" aria-level=\"1\"><span style=\"font-weight: 400;\">Sensaci\u00f3n de pandeo<\/span><span style=\"font-weight: 400;\">\u00a0\u00a0\u00a0\u00a0\u00a0\u00a0<\/span><\/li>\n<li style=\"font-weight: 400;\" aria-level=\"1\"><span style=\"font-weight: 400;\">entumecimiento<\/span><span style=\"font-weight: 400;\">\u00a0\u00a0\u00a0\u00a0\u00a0\u00a0<\/span><\/li>\n<li style=\"font-weight: 400;\" aria-level=\"1\"><span style=\"font-weight: 400;\">Enrojecimiento<\/span><span style=\"font-weight: 400;\">\u00a0\u00a0\u00a0\u00a0\u00a0\u00a0<\/span><\/li>\n<\/ul>\n<p><span style=\"font-weight: 400;\">Si experimenta alguno de estos s\u00edntomas, busque atenci\u00f3n m\u00e9dica lo antes posible. Incluso el da\u00f1o por esguince \/ lesi\u00f3n de ligamentos de bajo grado puede empeorar si no se atiende adecuadamente.<\/span><\/p>\n<p><a href=\"https:\/\/workinjuryrights.com\/wp-content\/uploads\/2021\/09\/man-ankle-injury-1.jpg\"><img fetchpriority=\"high\" decoding=\"async\" class=\"alignnone size-full wp-image-4177\" src=\"https:\/\/workinjuryrights.com\/wp-content\/uploads\/2021\/09\/man-ankle-injury-1.jpg\" alt=\"Man holding ankle with a xray scan concept of sprain \/ ligament injury\" width=\"500\" height=\"365\" srcset=\"https:\/\/workinjuryrights.com\/wp-content\/uploads\/2021\/09\/man-ankle-injury-1.jpg 500w, https:\/\/workinjuryrights.com\/wp-content\/uploads\/2021\/09\/man-ankle-injury-1-300x219.jpg 300w\" sizes=\"(max-width: 500px) 100vw, 500px\" \/><\/a><\/p>\n<h2><b>Clasificaciones y grados de da\u00f1o por esguince \/ lesi\u00f3n de ligamentos<\/b><\/h2>\n<p><span style=\"font-weight: 400;\">El equipo legal de Work Injury Rights quiere que comprenda su lesi\u00f3n y sus derechos. Cuando se refiere a esguinces \/ da\u00f1o por lesiones de ligamentos, las lesiones generalmente se dividen en varios subgrupos diferentes para ayudar con la clasificaci\u00f3n. <\/span><span style=\"font-weight: 400;\">Los<\/span><a href=\"https:\/\/www.webmd.com\/fitness-exercise\/what-is-an-ankle-sprain%231#1\" target=\"_blank\" rel=\"noopener\"><span style=\"font-weight: 400;\"> esguinces<\/span><\/a><span style=\"font-weight: 400;\"> se dividen en grados y clasificaciones.<\/span><\/p>\n<h2><b>Tipos de esguinces<\/b><\/h2>\n<h3><b>Grado I<\/b><\/h3>\n<p><span style=\"font-weight: 400;\">Si siente dolor a la palpaci\u00f3n, tiene una ligera hinchaz\u00f3n o hematomas, pero puede poner peso en la articulaci\u00f3n, tiene un esguince de grado I. Puede esperar que la lesi\u00f3n se cure en 2-3 semanas.<\/span><\/p>\n<h3><b>Grado II<\/b><\/h3>\n<p><span style=\"font-weight: 400;\">Si tiene hematomas, dolor e hinchaz\u00f3n junto con un dolor significativo cuando pone peso en la articulaci\u00f3n, tiene un esguince de grado II. Su articulaci\u00f3n a\u00fan debe estar estable y puede esperar que sane en 3-6 semanas.<\/span><\/p>\n<h3><b>Grado III<\/b><\/h3>\n<p><span style=\"font-weight: 400;\">Este tipo de lesi\u00f3n implica una rotura o desgarro completo del ligamento. Tendr\u00e1 dolor intenso, hematomas e hinchaz\u00f3n. No puedes soportar tu propio peso. Con la terapia y rehabilitaci\u00f3n adecuadas, esta lesi\u00f3n puede tardar hasta 3 meses en sanar.<\/span><\/p>\n<p><span style=\"font-weight: 400;\">Para sanar y recuperarse adecuadamente de un esguince, necesitar\u00e1 tiempo libre del trabajo y de sus pies. Los abogados con experiencia en lesiones personales de Work Injury Rights pueden ayudarlo a luchar por los beneficios de compensaci\u00f3n para trabajadores, para que pueda concentrarse en la curaci\u00f3n.<\/span><\/p>\n<h2><b>\u00bfLos esguinces y los da\u00f1os de ligamentos est\u00e1n cubiertos por la indemnizaci\u00f3n por accidentes de trabajo?<\/b><\/h2>\n<p><span style=\"font-weight: 400;\">Si se lesion\u00f3 en el trabajo, tiene derecho a una compensaci\u00f3n para trabajadores, independientemente del tipo de lesi\u00f3n. Si busca tratamiento m\u00e9dico inmediato y su esguince \/ lesi\u00f3n de ligamentos requiere tiempo libre, es elegible. Sin embargo, deber\u00e1 solicitar una compensaci\u00f3n y demostrar que sufri\u00f3 su lesi\u00f3n en el trabajo.<\/span><\/p>\n<p><span style=\"font-weight: 400;\">Tambi\u00e9n deber\u00e1 calcular los beneficios para los que es elegible seg\u00fan la ley de Florida. Todo este papeleo puede resultar complejo y confuso, as\u00ed que permita que los derechos de accidentes laborales le ayuden a agilizar su proceso de solicitud.<\/span><\/p>\n<h2><b>Discuta su caso de lesi\u00f3n por esguince \/ ligamento con un abogado de compensaci\u00f3n laboral<\/b><\/h2>\n<p><span style=\"font-weight: 400;\">Si cree que su lesi\u00f3n relacionada con el trabajo lo califica para la compensaci\u00f3n de trabajadores, comun\u00edquese con nuestros abogados de compensaci\u00f3n de trabajadores hoy para conocer los pr\u00f3ximos pasos a seguir. Ellos investigar\u00e1n su lesi\u00f3n y lo ayudar\u00e1n a buscar la asistencia financiera que se merece.<\/span><\/p>\n<p><span style=\"font-weight: 400;\">\u00bfSufre del dolor de un esguince \/ lesi\u00f3n de ligamentos? Comun\u00edquese con <\/span><a href=\"https:\/\/workinjuryrights.com\/\"><span style=\"font-weight: 400;\">Work Injury Rights<\/span><\/a><span style=\"font-weight: 400;\"> hoy para una consulta gratuita llamando al <a href=\"tel:+19543888616\">954-388-8616<\/a>.<\/span><\/p>\n","protected":false},"excerpt":{"rendered":"<p>El da\u00f1o por esguince \/ lesi\u00f3n de ligamentos durante el trabajo es com\u00fan. Este tipo de lesi\u00f3n generalmente ocurre despu\u00e9s de movimientos contundentes, como cargar objetos pesados, cambiar de direcci\u00f3n r\u00e1pidamente, cambiar de peso u otros movimientos apresurados. Es posible que sienta un chasquido o una oleada repentina de dolor cuando se produce la lesi\u00f3n. [&hellip;]<\/p>\n","protected":false},"author":36,"featured_media":0,"parent":5395,"menu_order":0,"comment_status":"closed","ping_status":"closed","template":"","meta":{"_acf_changed":false,"anchor_text":"","footnotes":""},"categories":[],"tags":[],"class_list":["post-5752","page","type-page","status-publish","hentry"],"acf":[],"_links":{"self":[{"href":"https:\/\/workinjuryrights.com\/es\/wp-json\/wp\/v2\/pages\/5752","targetHints":{"allow":["GET"]}}],"collection":[{"href":"https:\/\/workinjuryrights.com\/es\/wp-json\/wp\/v2\/pages"}],"about":[{"href":"https:\/\/workinjuryrights.com\/es\/wp-json\/wp\/v2\/types\/page"}],"author":[{"embeddable":true,"href":"https:\/\/workinjuryrights.com\/es\/wp-json\/wp\/v2\/users\/36"}],"replies":[{"embeddable":true,"href":"https:\/\/workinjuryrights.com\/es\/wp-json\/wp\/v2\/comments?post=5752"}],"version-history":[{"count":3,"href":"https:\/\/workinjuryrights.com\/es\/wp-json\/wp\/v2\/pages\/5752\/revisions"}],"predecessor-version":[{"id":6226,"href":"https:\/\/workinjuryrights.com\/es\/wp-json\/wp\/v2\/pages\/5752\/revisions\/6226"}],"up":[{"embeddable":true,"href":"https:\/\/workinjuryrights.com\/es\/wp-json\/wp\/v2\/pages\/5395"}],"wp:attachment":[{"href":"https:\/\/workinjuryrights.com\/es\/wp-json\/wp\/v2\/media?parent=5752"}],"wp:term":[{"taxonomy":"category","embeddable":true,"href":"https:\/\/workinjuryrights.com\/es\/wp-json\/wp\/v2\/categories?post=5752"},{"taxonomy":"post_tag","embeddable":true,"href":"https:\/\/workinjuryrights.com\/es\/wp-json\/wp\/v2\/tags?post=5752"}],"curies":[{"name":"wp","href":"https:\/\/api.w.org\/{rel}","templated":true}]}}