{"id":5753,"date":"2021-08-15T16:45:44","date_gmt":"2021-08-15T16:45:44","guid":{"rendered":"https:\/\/workinjuryrights.com\/tipo-de-lesion\/traumatic-brain-injury\/"},"modified":"2021-09-28T16:28:57","modified_gmt":"2021-09-28T16:28:57","slug":"lesion-cerebral-traumatica","status":"publish","type":"page","link":"https:\/\/workinjuryrights.com\/es\/tipo-de-lesion\/lesion-cerebral-traumatica\/","title":{"rendered":"Lesi\u00f3n Cerebral Traum\u00e1tica"},"content":{"rendered":"<style>.practice-areas{display:none;}<\/style>\n<p><span style=\"font-weight: 400;\">La lesi\u00f3n cerebral traum\u00e1tica (TBI) es una lesi\u00f3n peligrosa y debilitante que resulta de un traumatismo craneal.<\/span><\/p>\n<p><span style=\"font-weight: 400;\">Si usted o alguien que conoce se lesion\u00f3 en el trabajo y buscaba una compensaci\u00f3n para trabajadores por una lesi\u00f3n cerebral traum\u00e1tica, es importante encontrar la representaci\u00f3n legal adecuada. Solo un <\/span><a href=\"\/coral-springs\/workers-compensation-lawyer\/\"><span style=\"font-weight: 400;\">abogado calificado en compensaci\u00f3n para trabajadores<\/span><\/a><span style=\"font-weight: 400;\"> que se especialice en lesiones cerebrales traum\u00e1ticas en Florida puede brindarle la mejor oportunidad de recibir los m\u00e1ximos beneficios.<\/span><\/p>\n<p><span style=\"font-weight: 400;\">En Work Injury Rights, nuestro equipo luchar\u00e1 por usted y est\u00e1 listo para ayudarlo a obtener la compensaci\u00f3n que se merece por sus lesiones. Cont\u00e1ctenos para conocer m\u00e1s sobre sus derechos.<\/span><\/p>\n<p><span style=\"font-weight: 400;\"><\/span><\/p>\n<h2><b>Lesi\u00f3n cerebral traum\u00e1tica en el lugar de trabajo<\/b><\/h2>\n<p><span style=\"font-weight: 400;\">La LCT a menudo es causada por una ca\u00edda, un tropiezo, un accidente automovil\u00edstico o un coma por un fuerte impacto en la cabeza. No siempre es f\u00e1cil detectar una lesi\u00f3n cerebral traum\u00e1tica. Muchas personas sufren una lesi\u00f3n cerebral traum\u00e1tica leve, que puede ser tan mortal como otras lesiones m\u00e1s f\u00e1ciles de identificar, como una fractura de cr\u00e1neo.<\/span><\/p>\n<p><span style=\"font-weight: 400;\">Si no se trata, la LCT puede volverse inmanejable. Hoy en d\u00eda, la lesi\u00f3n cerebral traum\u00e1tica es la principal causa de <\/span><a href=\"https:\/\/www.aast.org\/resources\/trauma-facts\" target=\"_blank\" rel=\"noopener\"><span style=\"font-weight: 400;\">muerte relacionada con lesiones<\/span><\/a><span style=\"font-weight: 400;\"> en los Estados Unidos. Aunque una lesi\u00f3n cerebral traum\u00e1tica leve puede no poner en peligro la vida, puede tener efectos significativos en su bienestar cognitivo, f\u00edsico y emocional.<\/span><\/p>\n<h2><b>Elementos de una demanda por lesi\u00f3n cerebral<\/b><\/h2>\n<p><span style=\"font-weight: 400;\">La negligencia de otra parte debe ser la causa de la lesi\u00f3n de la v\u00edctima para poder presentar una demanda de indemnizaci\u00f3n laboral. En este tipo de casos, el perjudicado deber\u00e1 acreditar lo siguiente:<\/span><\/p>\n<ul>\n<li style=\"font-weight: 400;\" aria-level=\"1\"><span style=\"font-weight: 400;\">Deber de cuidado<\/span><span style=\"font-weight: 400;\">\u00a0\u00a0\u00a0\u00a0\u00a0\u00a0<\/span><\/li>\n<li style=\"font-weight: 400;\" aria-level=\"1\"><span style=\"font-weight: 400;\">Incumplimiento del deber<\/span><span style=\"font-weight: 400;\">\u00a0\u00a0\u00a0\u00a0\u00a0\u00a0<\/span><\/li>\n<li style=\"font-weight: 400;\" aria-level=\"1\"><span style=\"font-weight: 400;\">causalidad<\/span><span style=\"font-weight: 400;\">\u00a0\u00a0\u00a0\u00a0\u00a0\u00a0<\/span><\/li>\n<li style=\"font-weight: 400;\" aria-level=\"1\"><span style=\"font-weight: 400;\">Da\u00f1os<\/span><\/li>\n<\/ul>\n<p><a href=\"https:\/\/workinjuryrights.com\/wp-content\/uploads\/2021\/09\/traumatic-brain-injury-WIR-1.jpg\"><img fetchpriority=\"high\" decoding=\"async\" class=\"alignnone size-full wp-image-4184\" src=\"https:\/\/workinjuryrights.com\/wp-content\/uploads\/2021\/09\/traumatic-brain-injury-WIR-1.jpg\" alt=\"traumatic brain injury at work\" width=\"500\" height=\"333\" srcset=\"https:\/\/workinjuryrights.com\/wp-content\/uploads\/2021\/09\/traumatic-brain-injury-WIR-1.jpg 500w, https:\/\/workinjuryrights.com\/wp-content\/uploads\/2021\/09\/traumatic-brain-injury-WIR-1-300x200.jpg 300w\" sizes=\"(max-width: 500px) 100vw, 500px\" \/><\/a><\/p>\n<h2><b>Compensaci\u00f3n por lesi\u00f3n cerebral traum\u00e1tica<\/b><\/h2>\n<p><span style=\"font-weight: 400;\">Debido a la complejidad y los efectos duraderos de las lesiones cerebrales traum\u00e1ticas, es posible que pueda recuperar una compensaci\u00f3n por los costos m\u00e9dicos y m\u00e1s. Otras \u00e1reas de compensaci\u00f3n incluyen:<\/span><\/p>\n<h3><b>Facturas m\u00e9dicas<\/b><\/h3>\n<p><span style=\"font-weight: 400;\">La v\u00edctima puede presentar un reclamo por facturas relacionadas con la atenci\u00f3n m\u00e9dica por su lesi\u00f3n en una demanda por lesi\u00f3n cerebral. Por ejemplo, los gastos de terapia, rehabilitaci\u00f3n, hospitalizaciones y visitas al m\u00e9dico pueden estar cubiertos.<\/span><\/p>\n<h3><b>Dolor y sufrimiento<\/b><\/h3>\n<p><span style=\"font-weight: 400;\">El costo f\u00edsico y emocional de una lesi\u00f3n cerebral traum\u00e1tica puede ser significativo. Es posible que pueda buscar recompensas monetarias por dolor y sufrimiento duraderos.<\/span><\/p>\n<h3><b>P\u00e9rdida del disfrute de la vida<\/b><\/h3>\n<p><span style=\"font-weight: 400;\">Una lesi\u00f3n cerebral puede limitar lo que puede hacer mental y f\u00edsicamente por el resto de su vida. Los demandantes pueden tener derecho a una compensaci\u00f3n si no pueden realizar las actividades que antes disfrutaban.<\/span><\/p>\n<h3><b>Salarios perdidos<\/b><\/h3>\n<p><span style=\"font-weight: 400;\">El tiempo perdido en el trabajo es una lamentable realidad de este tipo de lesiones. Aquellos que presentan demandas judiciales pueden recuperar los salarios perdidos como resultado de la lesi\u00f3n. Tambi\u00e9n es posible una compensaci\u00f3n por la p\u00e9rdida de salarios futuros.<\/span><\/p>\n<h3><b>Muerte injusta<\/b><\/h3>\n<p><span style=\"font-weight: 400;\">Cuando las lesiones cerebrales traum\u00e1ticas son fatales, los herederos de la v\u00edctima pueden presentar lo que se llama una demanda por homicidio culposo. En el caso de muerte por negligencia, la familia puede tener derecho a da\u00f1os econ\u00f3micos por gastos como gastos funerarios o salarios perdidos.<\/span><\/p>\n<h2><b>P\u00f3ngase en contacto con nuestros abogados de lesiones laborales para una consulta gratuita<\/b><\/h2>\n<p><span style=\"font-weight: 400;\">Si usted o alguien que conoce se lesion\u00f3 en el trabajo y sufre una lesi\u00f3n cerebral traum\u00e1tica, nuestros abogados de lesiones laborales pueden ayudarlo. Nuestros abogados le explicar\u00e1n sus opciones legales y pueden ayudarlo a recibir la compensaci\u00f3n m\u00e1xima para trabajadores por sus p\u00e9rdidas.<\/span><\/p>\n<p><span style=\"font-weight: 400;\">En <\/span><a href=\"\/\"><span style=\"font-weight: 400;\">WorkInjuryRights.Com \u2122<\/span><\/a><span style=\"font-weight: 400;\">, luchamos por sus derechos y le brindamos la mejor representaci\u00f3n legal en el negocio.<\/span><\/p>\n<p><span style=\"font-weight: 400;\">Con 45 a\u00f1os de experiencia, tenemos la experiencia para ofrecer servicios legales de la m\u00e1s alta calidad. Trabajamos sobre la base de una tarifa de contingencia, por lo que no pagar\u00e1 ni un centavo hasta que se le otorgue una compensaci\u00f3n. \u00a1No se demore! Cont\u00e1ctenos hoy al [tel\u00e9fono] para una <\/span><b>consulta gratuita<\/b><span style=\"font-weight: 400;\">.<\/span><\/p>\n","protected":false},"excerpt":{"rendered":"<p>La lesi\u00f3n cerebral traum\u00e1tica (TBI) es una lesi\u00f3n peligrosa y debilitante que resulta de un traumatismo craneal. Si usted o alguien que conoce se lesion\u00f3 en el trabajo y buscaba una compensaci\u00f3n para trabajadores por una lesi\u00f3n cerebral traum\u00e1tica, es importante encontrar la representaci\u00f3n legal adecuada. Solo un abogado calificado en compensaci\u00f3n para trabajadores que [&hellip;]<\/p>\n","protected":false},"author":36,"featured_media":0,"parent":5395,"menu_order":0,"comment_status":"closed","ping_status":"closed","template":"","meta":{"_acf_changed":false,"anchor_text":"","footnotes":""},"categories":[],"tags":[],"class_list":["post-5753","page","type-page","status-publish","hentry"],"acf":[],"_links":{"self":[{"href":"https:\/\/workinjuryrights.com\/es\/wp-json\/wp\/v2\/pages\/5753","targetHints":{"allow":["GET"]}}],"collection":[{"href":"https:\/\/workinjuryrights.com\/es\/wp-json\/wp\/v2\/pages"}],"about":[{"href":"https:\/\/workinjuryrights.com\/es\/wp-json\/wp\/v2\/types\/page"}],"author":[{"embeddable":true,"href":"https:\/\/workinjuryrights.com\/es\/wp-json\/wp\/v2\/users\/36"}],"replies":[{"embeddable":true,"href":"https:\/\/workinjuryrights.com\/es\/wp-json\/wp\/v2\/comments?post=5753"}],"version-history":[{"count":3,"href":"https:\/\/workinjuryrights.com\/es\/wp-json\/wp\/v2\/pages\/5753\/revisions"}],"predecessor-version":[{"id":6229,"href":"https:\/\/workinjuryrights.com\/es\/wp-json\/wp\/v2\/pages\/5753\/revisions\/6229"}],"up":[{"embeddable":true,"href":"https:\/\/workinjuryrights.com\/es\/wp-json\/wp\/v2\/pages\/5395"}],"wp:attachment":[{"href":"https:\/\/workinjuryrights.com\/es\/wp-json\/wp\/v2\/media?parent=5753"}],"wp:term":[{"taxonomy":"category","embeddable":true,"href":"https:\/\/workinjuryrights.com\/es\/wp-json\/wp\/v2\/categories?post=5753"},{"taxonomy":"post_tag","embeddable":true,"href":"https:\/\/workinjuryrights.com\/es\/wp-json\/wp\/v2\/tags?post=5753"}],"curies":[{"name":"wp","href":"https:\/\/api.w.org\/{rel}","templated":true}]}}