{"id":5755,"date":"2021-08-15T16:56:58","date_gmt":"2021-08-15T16:56:58","guid":{"rendered":"https:\/\/workinjuryrights.com\/tipo-de-lesion\/workplace-violence\/"},"modified":"2021-09-28T16:42:56","modified_gmt":"2021-09-28T16:42:56","slug":"violencia-trabajo","status":"publish","type":"page","link":"https:\/\/workinjuryrights.com\/es\/tipo-de-lesion\/violencia-trabajo\/","title":{"rendered":"Violencia en el Trabajo"},"content":{"rendered":"<style>.practice-areas{display:none;}<\/style>\n<p><span style=\"font-weight: 400;\">La violencia en el trabajo aparece en las noticias pr\u00e1cticamente todos los d\u00edas. Esta ocurrencia com\u00fan incluye todo, desde alguien que se lesiona como resultado de una pelea entre empleados hasta robos a bancos o tiendas que provocan fracturas de huesos y otras lesiones graves. Si ha resultado lesionado debido a un incidente de violencia en el lugar de trabajo, comun\u00edquese con el equipo legal experimentado en <\/span><a href=\"https:\/\/workinjuryrights.com\/\"><span style=\"font-weight: 400;\">Work Injury Rights<\/span><\/a><span style=\"font-weight: 400;\"> .<\/span><\/p>\n<p><span style=\"font-weight: 400;\"><\/span><\/p>\n<h2><b>Lesiones causadas por violencia en el lugar de trabajo<\/b><\/h2>\n<p><span style=\"font-weight: 400;\">La violencia en el lugar de trabajo puede causar cualquier n\u00famero de lesiones. Un cajero de banco que fue golpeado en la cabeza con un arma durante un robo puede tener una conmoci\u00f3n cerebral, esguinces o fracturas de huesos. Una enfermera cuyo paciente los agredi\u00f3 con algo afilado puede terminar con laceraciones y otras lesiones.<\/span><\/p>\n<p><span style=\"font-weight: 400;\">Las personas pueden terminar con lesiones fatales cuando compa\u00f1eros de trabajo, clientes o extra\u00f1os ingresan al lugar de trabajo con la intenci\u00f3n de causar da\u00f1o f\u00edsico. Y esas son solo las lesiones visibles. Los trastornos mentales, como el trastorno de estr\u00e9s postraum\u00e1tico, la ansiedad y el trastorno de p\u00e1nico, a menudo siguen estos eventos violentos y tienen consecuencias duraderas.<\/span><\/p>\n<h2><b>Categor\u00edas de violencia en el lugar de trabajo<\/b><\/h2>\n<p><span style=\"font-weight: 400;\">La <\/span><a href=\"https:\/\/www.osha.gov\/\" target=\"_blank\" rel=\"noopener\"><span style=\"font-weight: 400;\">Administraci\u00f3n de Salud y Seguridad Ocupacional<\/span><\/a><span style=\"font-weight: 400;\"> ha dividido la violencia en el lugar de trabajo en tres categor\u00edas diferentes. Son:<\/span><\/p>\n<h3><b>Violencia causada por empleados<\/b><\/h3>\n<p><span style=\"font-weight: 400;\">Ya sea el resultado de una irritaci\u00f3n reprimida o de un empleado hostil que se vuelve contra su jefe, la violencia causada por los empleados puede involucrar m\u00e1s que solo a las personas involucradas inicialmente en la pelea. Los transe\u00fantes inocentes tambi\u00e9n pueden resultar heridos o muertos. Seg\u00fan OSHA, el 10% de todas las formas de violencia en el lugar de trabajo entran en esta categor\u00eda.<\/span><\/p>\n<p><a href=\"https:\/\/workinjuryrights.com\/wp-content\/uploads\/2021\/09\/workplace-violence-workers-comp-WIR-1.jpg\"><img fetchpriority=\"high\" decoding=\"async\" class=\"alignnone size-full wp-image-4120\" src=\"https:\/\/workinjuryrights.com\/wp-content\/uploads\/2021\/09\/workplace-violence-workers-comp-WIR-1.jpg\" alt=\"two men fighting in workplace violence\" width=\"500\" height=\"333\" srcset=\"https:\/\/workinjuryrights.com\/wp-content\/uploads\/2021\/09\/workplace-violence-workers-comp-WIR-1.jpg 500w, https:\/\/workinjuryrights.com\/wp-content\/uploads\/2021\/09\/workplace-violence-workers-comp-WIR-1-300x200.jpg 300w\" sizes=\"(max-width: 500px) 100vw, 500px\" \/><\/a><\/p>\n<h3><b>Violencia causada por extra\u00f1os<\/b><\/h3>\n<p><span style=\"font-weight: 400;\">M\u00e1s del 60% de las veces, la violencia en el lugar de trabajo es causada por un extra\u00f1o o alguien desconocido para la mayor\u00eda de la fuerza laboral. Por ejemplo, si un ladr\u00f3n de bancos hiere o mata a un empleado de banco durante un intento de robo, eso cuenta como violencia en el lugar de trabajo. Otro ejemplo consiste en un c\u00f3nyuge enojado de un compa\u00f1ero de trabajo que los ataca en el trabajo y lesiona o mata a varios de los compa\u00f1eros de trabajo de su c\u00f3nyuge al mismo tiempo.<\/span><\/p>\n<h3><b>Violencia causada por el cliente<\/b><\/h3>\n<p><span style=\"font-weight: 400;\">Un cliente enojado o un cliente habitual que se enoja con los empleados de manera f\u00edsica cae dentro de esta categor\u00eda. Por ejemplo, un paciente molesto ataca a su m\u00e9dico o un cliente da\u00f1a f\u00edsicamente a su trabajador social en esta forma de violencia en el lugar de trabajo que ocurre el 30% de las veces, seg\u00fan las estad\u00edsticas de OSHA.<\/span><\/p>\n<h2><b>Recibir compensaci\u00f3n por violencia en el lugar de trabajo<\/b><\/h2>\n<p><span style=\"font-weight: 400;\">Si ha resultado lesionado en el trabajo o ha perdido a un ser querido debido a la violencia en el lugar de trabajo, entonces puede ser elegible para una compensaci\u00f3n por violencia en el lugar de trabajo. Para cobrar la compensaci\u00f3n adecuada, necesitar\u00e1 la ayuda de un abogado experto para presentar su reclamo, ya que todo, desde registros m\u00e9dicos hasta im\u00e1genes de video del accidente, puede ser necesario como prueba de su dolor y sufrimiento. Se pueden presentar demandas contra el empleador por no mantener seguros a los empleados. Varias leyes de responsabilidad federal y estatal tambi\u00e9n pueden ser parte de la demanda. Si result\u00f3 lesionado debido a la violencia en el lugar de trabajo, puede calificar para la compensaci\u00f3n de trabajadores con la ayuda de un <\/span><a href=\"\/coral-springs\/workers-compensation-lawyer\/\"><span style=\"font-weight: 400;\">abogado con experiencia en compensaci\u00f3n de trabajadores<\/span><\/a><span style=\"font-weight: 400;\">.<\/span><\/p>\n<h2><b>\u00bfHa sido v\u00edctima de violencia en el lugar de trabajo?<\/b><\/h2>\n<p><span style=\"font-weight: 400;\">La violencia en el lugar de trabajo ocurre cuando menos se lo espera. Si usted o un ser querido ha resultado herido o ha muerto como resultado de un acto violento en el lugar de trabajo, necesitar\u00e1 representaci\u00f3n legal experta. En Work Injury Rights, ofrecemos evaluaciones de casos de cortes\u00eda para ayudarlo a descifrar si tiene un reclamo v\u00e1lido de compensaci\u00f3n para trabajadores y comenzar su camino hacia la recuperaci\u00f3n. Para obtener m\u00e1s informaci\u00f3n <\/span><a href=\"\/es\/contacto\/\"><span style=\"font-weight: 400;\">\u00a1Cont\u00e1ctenos hoy mismo!<\/span><\/a><\/p>\n","protected":false},"excerpt":{"rendered":"<p>La violencia en el trabajo aparece en las noticias pr\u00e1cticamente todos los d\u00edas. Esta ocurrencia com\u00fan incluye todo, desde alguien que se lesiona como resultado de una pelea entre empleados hasta robos a bancos o tiendas que provocan fracturas de huesos y otras lesiones graves. Si ha resultado lesionado debido a un incidente de violencia [&hellip;]<\/p>\n","protected":false},"author":36,"featured_media":0,"parent":5395,"menu_order":0,"comment_status":"closed","ping_status":"closed","template":"","meta":{"_acf_changed":false,"anchor_text":"","footnotes":""},"categories":[],"tags":[],"class_list":["post-5755","page","type-page","status-publish","hentry"],"acf":[],"_links":{"self":[{"href":"https:\/\/workinjuryrights.com\/es\/wp-json\/wp\/v2\/pages\/5755","targetHints":{"allow":["GET"]}}],"collection":[{"href":"https:\/\/workinjuryrights.com\/es\/wp-json\/wp\/v2\/pages"}],"about":[{"href":"https:\/\/workinjuryrights.com\/es\/wp-json\/wp\/v2\/types\/page"}],"author":[{"embeddable":true,"href":"https:\/\/workinjuryrights.com\/es\/wp-json\/wp\/v2\/users\/36"}],"replies":[{"embeddable":true,"href":"https:\/\/workinjuryrights.com\/es\/wp-json\/wp\/v2\/comments?post=5755"}],"version-history":[{"count":3,"href":"https:\/\/workinjuryrights.com\/es\/wp-json\/wp\/v2\/pages\/5755\/revisions"}],"predecessor-version":[{"id":6235,"href":"https:\/\/workinjuryrights.com\/es\/wp-json\/wp\/v2\/pages\/5755\/revisions\/6235"}],"up":[{"embeddable":true,"href":"https:\/\/workinjuryrights.com\/es\/wp-json\/wp\/v2\/pages\/5395"}],"wp:attachment":[{"href":"https:\/\/workinjuryrights.com\/es\/wp-json\/wp\/v2\/media?parent=5755"}],"wp:term":[{"taxonomy":"category","embeddable":true,"href":"https:\/\/workinjuryrights.com\/es\/wp-json\/wp\/v2\/categories?post=5755"},{"taxonomy":"post_tag","embeddable":true,"href":"https:\/\/workinjuryrights.com\/es\/wp-json\/wp\/v2\/tags?post=5755"}],"curies":[{"name":"wp","href":"https:\/\/api.w.org\/{rel}","templated":true}]}}