{"id":5759,"date":"2021-08-16T18:26:35","date_gmt":"2021-08-16T18:26:35","guid":{"rendered":"https:\/\/workinjuryrights.com\/orlando\/workers-compensation-lawyer\/"},"modified":"2021-10-05T17:31:15","modified_gmt":"2021-10-05T17:31:15","slug":"abogado-compensacion-laboral","status":"publish","type":"page","link":"https:\/\/workinjuryrights.com\/es\/orlando\/abogado-compensacion-laboral\/","title":{"rendered":"Abogado de Compensaci\u00f3n Laboral de Orlando"},"content":{"rendered":"<p><span style=\"font-weight: 400;\">Las lesiones en el lugar de trabajo pueden afectar todas las facetas de su vida. Tr\u00e1gicamente, a pesar de la implementaci\u00f3n de varias reglas de seguridad para trabajadores estatales y federales, los accidentes en el lugar de trabajo a\u00fan ocurren, lo que dificulta, si no imposible, que quienes los padecen lidien con todos los problemas que traen consigo las lesiones relacionadas con el trabajo. Navegar por el proceso de compensaci\u00f3n para trabajadores es complicado y es aqu\u00ed cuando m\u00e1s se necesita un abogado de compensaci\u00f3n para trabajadores en Orlando.<\/span><\/p>\n<p><span style=\"font-weight: 400;\">Nadie quiere pensar en lastimarse en el lugar de trabajo o en cualquier otro lugar. Lo m\u00e1s probable es que nunca hayas considerado lo que har\u00edas si te lastimaras repentinamente en el trabajo y no pudieras trabajar. A\u00fan as\u00ed, seg\u00fan un informe reciente de la Oficina de Estad\u00edsticas Laborales de EE. UU., M\u00e1s de 300 trabajadores en Florida perdieron la vida debido a lesiones relacionadas con el trabajo.<\/span><\/p>\n<p><span style=\"font-weight: 400;\">Lesionarse en el lugar de trabajo o enfermarse en el trabajo puede significar que no podr\u00e1 trabajar durante semanas, meses o incluso marcar el final de su carrera. Y cuando pierde los ingresos, usted y sus seres queridos dependen de, pagar las facturas m\u00e9dicas y otros gastos dom\u00e9sticos puede ser dif\u00edcil o incluso imposible. Una vez que la carga financiera se afianza, pronto vendr\u00e1 la carga emocional.<\/span><\/p>\n<p><span style=\"font-weight: 400;\">En Work Injury Rights, nuestros <\/span><a href=\"https:\/\/workinjuryrights.com\/es\/orlando\/abogado-compensacion-laboral\/\"><span style=\"font-weight: 400;\">abogados de compensaci\u00f3n para trabajadores de Orlando<\/span><\/a><span style=\"font-weight: 400;\"> comprenden cu\u00e1n incierta puede sentirse su vida cuando est\u00e1 lesionado y no puede trabajar. Es por eso que utilizamos nuestra experiencia y conocimientos legales para brindarle los beneficios de compensaci\u00f3n para trabajadores que se merece. Simplemente complete nuestro formulario de consulta inicial gratuito o llame al <a href=\"tel:+19543888616\">954-388-8616<\/a> para reservar una evaluaci\u00f3n gratuita de su caso, y perm\u00edtanos poner nuestra dedicaci\u00f3n y a\u00f1os de experiencia legal a trabajar para usted.<\/span><\/p>\n<p><span style=\"font-weight: 400;\"> <\/span><\/p>\n<h2><b>\u00bfQu\u00e9 es la compensaci\u00f3n laboral?<\/b><\/h2>\n<p><a href=\"https:\/\/www.myfloridacfo.com\/Division\/wc\/\" target=\"_blank\" rel=\"noopener\"><span style=\"font-weight: 400;\">La compensaci\u00f3n para trabajadores<\/span><\/a><span style=\"font-weight: 400;\"> es un producto o cobertura de seguro comercial para proteger a los empleadores y empleados al cubrir el costo del tratamiento m\u00e9dico cuando un empleado se lesiona en el trabajo o desarrolla una enfermedad ocupacional. La compensaci\u00f3n de trabajadores tambi\u00e9n proporciona salarios perdidos parciales durante la recuperaci\u00f3n de los trabajadores lesionados.<\/span><\/p>\n<p><span style=\"font-weight: 400;\">La ley de compensaci\u00f3n para trabajadores de Florida requiere que cada empleador con m\u00e1s de cuatro empleados tenga un seguro de compensaci\u00f3n para trabajadores. Todas las empresas y negocios de construcci\u00f3n deben tener cobertura para todos los trabajadores. Para obtener ayuda para comprender la compensaci\u00f3n para trabajadores, comun\u00edquese con un abogado de compensaci\u00f3n para trabajadores de Orlando con experiencia y de confianza.<\/span><\/p>\n<h2><b>\u00bfQu\u00e9 debo hacer si me lesiono en el trabajo?<\/b><\/h2>\n<p><span style=\"font-weight: 400;\">Si sufre una lesi\u00f3n relacionada con el trabajo, hay pasos cruciales que debe tomar para garantizar su seguridad y proteger su derecho a los beneficios bajo el sistema de compensaci\u00f3n para trabajadores de Florida. Nuestros abogados de compensaci\u00f3n para trabajadores de Orlando sugieren lo siguiente despu\u00e9s de sufrir una lesi\u00f3n en el trabajo:<\/span><\/p>\n<h3><b>D\u00edgale a su empleador que est\u00e1 herido<\/b><\/h3>\n<p><span style=\"font-weight: 400;\">Incluso si cree que su lesi\u00f3n se curar\u00e1 por s\u00ed sola o si su dolor es leve, es imperativo que informe de su accidente en el lugar de trabajo a su supervisor, gerente, otros representantes del empleador o su empleador. Tiene <\/span><a href=\"https:\/\/www.myfloridacfo.com\/division\/wc\/employee\/reportaclaim.htm\" target=\"_blank\" rel=\"noopener\"><span style=\"font-weight: 400;\">30 d\u00edas<\/span><\/a><span style=\"font-weight: 400;\"> a partir de la fecha de la lesi\u00f3n o del diagn\u00f3stico del m\u00e9dico de que sufri\u00f3 una lesi\u00f3n relacionada con el trabajo para informar su lesi\u00f3n. A\u00fan as\u00ed, siempre es mejor notificar a su empleador lo antes posible.<\/span><\/p>\n<h3><b>Acuda a un m\u00e9dico lo antes posible<\/b><\/h3>\n<p><span style=\"font-weight: 400;\">Para la atenci\u00f3n y el tratamiento que no son de emergencia, debe solicitar que la compa\u00f1\u00eda de seguros de compensaci\u00f3n de trabajadores de su empleador autorice la atenci\u00f3n m\u00e9dica.<\/span><\/p>\n<p><span style=\"font-weight: 400;\">En caso de emergencia, o si su empleador ignora o rechaza su solicitud de tratamiento m\u00e9dico, tiene derecho a buscar atenci\u00f3n m\u00e9dica en cualquier hospital o proveedor de atenci\u00f3n m\u00e9dica, y su empleador y su compa\u00f1\u00eda de seguros ser\u00e1n responsables de cubrir los costos m\u00e9dicos. relacionado con su accidente laboral.<\/span><\/p>\n<h3><b>Inicie y lleve un diario de sus lesiones y s\u00edntomas<\/b><\/h3>\n<p><span style=\"font-weight: 400;\">Puede ser su mejor defensor despu\u00e9s de sufrir un accidente laboral. Si es posible, lleve un registro diario de sus s\u00edntomas y de c\u00f3mo la lesi\u00f3n afecta su vida f\u00edsica y emocionalmente. Su diario tambi\u00e9n puede incluir la fecha del accidente, la causa y los nombres de los testigos presenciales.<\/span><\/p>\n<h3><b>Tome fotograf\u00edas de su lesi\u00f3n, si es visible<\/b><\/h3>\n<p><span style=\"font-weight: 400;\">Las fotos son una forma excelente de preservar la evidencia y pueden ser de gran ayuda para respaldar su reclamo. Tome fotograf\u00edas de sus lesiones antes y despu\u00e9s del tratamiento.<\/span><\/p>\n<h3><b>Presente un reclamo de compensaci\u00f3n para trabajadores con la ayuda de un abogado de compensaci\u00f3n para trabajadores de Orlando<\/b><\/h3>\n<p><span style=\"font-weight: 400;\">Uno de los errores m\u00e1s comunes que cometen los trabajadores y sus seres queridos cuando buscan los derechos de compensaci\u00f3n para trabajadores es presentar el reclamo sin un abogado. Presentar un reclamo de compensaci\u00f3n para trabajadores puede ser complejo y abrumador, especialmente cuando se trata de las secuelas de una lesi\u00f3n grave. Nuestros abogados de compensaci\u00f3n laboral de Orlando pueden ayudarlo a obtener la mejor atenci\u00f3n m\u00e9dica mientras manejan todos los aspectos legales de su caso.<\/span><\/p>\n<h3><b>Descansar y recuperar<\/b><\/h3>\n<p><span style=\"font-weight: 400;\">Recuerde, es vital que siga las instrucciones y recomendaciones de tratamiento de su m\u00e9dico tratante, incluida cualquier restricci\u00f3n de actividad. Participar en actividades que agraven su enfermedad o lesi\u00f3n o no obtener el tratamiento recomendado podr\u00eda resultar en la denegaci\u00f3n de su reclamo. Por lo tanto, descanse y recup\u00e9rese y deje que nuestros experimentados y dedicados abogados de compensaci\u00f3n para trabajadores de Orlando busquen los beneficios que necesita.<\/span><\/p>\n<h2><b>\u00bfCu\u00e1les son las lesiones por accidentes laborales m\u00e1s comunes?<\/b><\/h2>\n<p><span style=\"font-weight: 400;\">Los accidentes y lesiones en el trabajo pueden tomar muchas formas. Si bien cada caso es diferente, aqu\u00ed est\u00e1n las 10 lesiones por accidentes laborales m\u00e1s comunes que los trabajadores tienen mientras trabajan en Florida:<\/span><\/p>\n<ul>\n<li><span style=\"font-weight: 400;\"> Accidentes por resbalones y ca\u00eddas<\/span><\/li>\n<li><span style=\"font-weight: 400;\"> Lesiones de espalda y cuello<\/span><\/li>\n<li><span style=\"font-weight: 400;\"> Fracturas<\/span><\/li>\n<li><span style=\"font-weight: 400;\"> quemaduras<\/span><\/li>\n<li><span style=\"font-weight: 400;\"> P\u00e9rdida auditiva<\/span><\/li>\n<li><span style=\"font-weight: 400;\"> Accidentes de transporte, como choques y colisiones durante un viaje de negocios.<\/span><\/li>\n<li><span style=\"font-weight: 400;\"> Inhalar humos t\u00f3xicos<\/span><\/li>\n<li><span style=\"font-weight: 400;\"> Amputaciones<\/span><\/li>\n<li><span style=\"font-weight: 400;\"> Accidentes de construcci\u00f3n<\/span><\/li>\n<li><span style=\"font-weight: 400;\"> Accidentes al trabajar con maquinaria o herramientas.<\/span><\/li>\n<\/ul>\n<p><span style=\"font-weight: 400;\">La compensaci\u00f3n para trabajadores cubre cualquier lesi\u00f3n\/enfermedad que ocurra durante las tareas relacionadas con el trabajo. Independientemente del tipo de accidente laboral que caus\u00f3 su lesi\u00f3n, o el tipo de lesi\u00f3n que sufri\u00f3, si sucedi\u00f3 en el trabajo o mientras realizaba tareas relacionadas con el trabajo, nuestros abogados de compensaci\u00f3n para trabajadores de Orlando pueden ayudarlo a recuperar los beneficios que se merece.<\/span><\/p>\n<h2><b>\u00bfPor qu\u00e9 deber\u00eda contratar a un abogado de compensaci\u00f3n laboral en Orlando?<\/b><\/h2>\n<p><span style=\"font-weight: 400;\">Los casos de compensaci\u00f3n laboral pueden complicarse. A veces, las l\u00edneas que determinan si recuperar\u00e1 la compensaci\u00f3n que se merece no est\u00e1n claramente definidas. Si no sigue las pautas establecidas, como los l\u00edmites de tiempo estrictos para informar su lesi\u00f3n o presentar su reclamo, podr\u00eda perder su derecho a los beneficios que usted y su familia realmente necesitan.<\/span><\/p>\n<p><span style=\"font-weight: 400;\">La forma m\u00e1s f\u00e1cil de comprender sus derechos y cumplir con las pautas establecidas es trabajar con un abogado de compensaci\u00f3n para trabajadores. Un abogado calificado en compensaci\u00f3n para trabajadores de Orlando puede preparar su reclamo y asegurarse de cubrir todas las bases, incluida la presentaci\u00f3n de su reclamo dentro de los estatutos de limitaciones del estado, la documentaci\u00f3n de sus lesiones y la lucha por los beneficios m\u00e1ximos.<\/span><\/p>\n<p><span style=\"font-weight: 400;\">Los abogados de compensaci\u00f3n para trabajadores de Orlando en Work Injury Rights han representado a los trabajadores y sus seres queridos durante a\u00f1os. Nuestro equipo legal tiene un conocimiento profundo de la ley de compensaci\u00f3n de trabajadores de Florida, y utilizamos nuestra amplia experiencia en casos de compensaci\u00f3n de trabajadores para ayudar mejor a nuestros clientes.<\/span><\/p>\n<p><a href=\"https:\/\/workinjuryrights.com\/wp-content\/uploads\/2021\/08\/lawyer-book-case-1-1.jpg\"><img fetchpriority=\"high\" decoding=\"async\" class=\"alignnone size-full wp-image-3459\" src=\"https:\/\/workinjuryrights.com\/wp-content\/uploads\/2021\/08\/lawyer-book-case-1-1.jpg\" alt=\"Orlando workers' compensation lawyer reading Florida workers' comp laws\" width=\"500\" height=\"333\" srcset=\"https:\/\/workinjuryrights.com\/wp-content\/uploads\/2021\/08\/lawyer-book-case-1-1.jpg 500w, https:\/\/workinjuryrights.com\/wp-content\/uploads\/2021\/08\/lawyer-book-case-1-1-300x200.jpg 300w\" sizes=\"(max-width: 500px) 100vw, 500px\" \/><\/a><\/p>\n<h2><b>\u00bfCu\u00e1nto cuesta contratar a un abogado de compensaci\u00f3n laboral en Orlando?<\/b><\/h2>\n<p><span style=\"font-weight: 400;\">Seg\u00fan la ley de Florida, los abogados de compensaci\u00f3n para trabajadores cobran a sus clientes una tarifa de contingencia: su abogado de compensaci\u00f3n para trabajadores de Orlando recibir\u00e1 el pago del dinero del acuerdo que usted recupere y no de su bolsillo.<\/span><\/p>\n<p><span style=\"font-weight: 400;\">La Ley de Compensaci\u00f3n para Trabajadores de Florida establece l\u00edmites a los honorarios de los abogados de compensaci\u00f3n para trabajadores, es decir, la tarifa m\u00e1xima que puede cobrar su abogado de compensaci\u00f3n para trabajadores de Orlando. \u00c9stos incluyen:<\/span><\/p>\n<ul>\n<li><span style=\"font-weight: 400;\"> 20% de los primeros $5,000<\/span><span style=\"font-weight: 400;\"> usd\u00a0\u00a0\u00a0\u00a0\u00a0<\/span><\/li>\n<li><span style=\"font-weight: 400;\"> 15% de los pr\u00f3ximos $5,000<\/span><span style=\"font-weight: 400;\"> usd<\/span><\/li>\n<li><span style=\"font-weight: 400;\"> 10% de la liquidaci\u00f3n restante. El dinero debe proporcionarse dentro de los diez a\u00f1os posteriores a la fecha de presentaci\u00f3n de su reclamo de compensaci\u00f3n para trabajadores.<\/span><\/li>\n<li><span style=\"font-weight: 400;\"> 5% del monto del acuerdo garantizado despu\u00e9s de diez a\u00f1os<\/span><\/li>\n<\/ul>\n<p><span style=\"font-weight: 400;\">Como abogados acreditados de compensaci\u00f3n para trabajadores de Orlando, cumplimos con las disposiciones exigidas por la Ley de Compensaci\u00f3n para Trabajadores. Nuestros abogados y equipo legal de compensaci\u00f3n para trabajadores de Orlando tambi\u00e9n est\u00e1n equipados con las habilidades, la experiencia y la dedicaci\u00f3n necesarias para obtener beneficios favorables de compensaci\u00f3n para trabajadores. Ll\u00e1menos al <a href=\"tel:+19543888616\">954-388-8616<\/a> para hablar sobre su accidente laboral.<\/span><\/p>\n<h2><b>\u00bfQu\u00e9 debo hacer si se niega mi reclamo de indemnizaci\u00f3n laboral?<\/b><\/h2>\n<p><span style=\"font-weight: 400;\">Con demasiada frecuencia, a los empleados con reclamos leg\u00edtimos se les niegan los beneficios que merecen. Algunas de las razones que dan para denegar reclamos incluyen:<\/span><\/p>\n<ul>\n<li><span style=\"font-weight: 400;\"> Acusar al empleado de mentir sobre la lesi\u00f3n.<\/span><\/li>\n<li><span style=\"font-weight: 400;\"> Culpar de la enfermedad o lesi\u00f3n ocupacional a la condici\u00f3n preexistente del empleado<\/span><\/li>\n<li><span style=\"font-weight: 400;\"> Afirmar que el accidente no ocurri\u00f3 en el trabajo.<\/span><\/li>\n<\/ul>\n<p><span style=\"font-weight: 400;\">Si su empleador \/ la compa\u00f1\u00eda de seguros de compensaci\u00f3n de trabajadores niega su reclamo, no tiene que renunciar a su derecho a los beneficios que se le deben. Tiene la opci\u00f3n de presentar un reclamo de compensaci\u00f3n en disputa ante la Oficina de Audiencias del Departamento de Administraci\u00f3n de la Divisi\u00f3n de Compensaci\u00f3n para Trabajadores del Juez de Reclamaciones de Compensaci\u00f3n. Sin embargo, hay l\u00edmites de tiempo.<\/span><\/p>\n<p><span style=\"font-weight: 400;\">Si su reclamo de compensaci\u00f3n para trabajadores ha sido denegado, nuestros abogados de compensaci\u00f3n para trabajadores de Orlando pueden preparar y presentar una petici\u00f3n de beneficios en su nombre, representarlo en la mediaci\u00f3n obligatoria y en cualquier audiencia ante un juez de reclamos de compensaci\u00f3n.<\/span><\/p>\n<h2><b>\u00bfQu\u00e9 responsabilidad tiene el empleado al presentar una reclamaci\u00f3n de indemnizaci\u00f3n laboral?<\/b><\/h2>\n<p><span style=\"font-weight: 400;\">Los trabajadores lesionados tienen las siguientes obligaciones:<\/span><\/p>\n<ul>\n<li><span style=\"font-weight: 400;\"> Comun\u00edquese con su gerente, supervisor o empleador para notificarles de su lesi\u00f3n o enfermedad en el trabajo dentro de los 30 d\u00edas.<\/span><\/li>\n<li><span style=\"font-weight: 400;\"> Proporcione a su empleador una copia del formulario de informe de estado o del formulario de tratamiento m\u00e9dico (DWC25) despu\u00e9s de cada cita con su m\u00e9dico tratante.<\/span><\/li>\n<li><span style=\"font-weight: 400;\"> Cumpla con sus citas y siga las instrucciones del m\u00e9dico, incluidos los tratamientos recomendados.<\/span><\/li>\n<li><span style=\"font-weight: 400;\"> Intente regresar al trabajo cuando su m\u00e9dico le d\u00e9 de alta cuando su empleador le ofrezca un trabajo que est\u00e9 dentro de sus limitaciones f\u00edsicas.<\/span><\/li>\n<li><span style=\"font-weight: 400;\"> Revise, firme y env\u00ede la declaraci\u00f3n de fraude obligatoria a la compa\u00f1\u00eda de seguros de compensaci\u00f3n de trabajadores de su empleador.<\/span><\/li>\n<li><span style=\"font-weight: 400;\"> Informe todos sus ingresos de todas las fuentes si tuvo m\u00e1s de un empleador dentro de las 13 semanas anteriores a la fecha del accidente.<\/span><\/li>\n<li><span style=\"font-weight: 400;\"> Notifique a su empleador \/ compa\u00f1\u00eda de seguros ya su m\u00e9dico tratante sobre cualquier cambio de n\u00famero de tel\u00e9fono o direcci\u00f3n.<\/span><\/li>\n<\/ul>\n<h2><b>\u00bfQu\u00e9 responsabilidad tiene el empleador en el proceso de indemnizaci\u00f3n laboral?<\/b><\/h2>\n<p><span style=\"font-weight: 400;\">Las obligaciones del empleador en el proceso de reclamo de compensaci\u00f3n de trabajadores de Florida incluyen:<\/span><\/p>\n<ul>\n<li><span style=\"font-weight: 400;\"> Tan pronto como los empleadores se enteren de una lesi\u00f3n relacionada con el trabajo, deben comunicarse de inmediato con la compa\u00f1\u00eda de seguros de compensaci\u00f3n para trabajadores o dentro de los siete d\u00edas posteriores a la lesi\u00f3n.<\/span><\/li>\n<li><span style=\"font-weight: 400;\"> Brindar atenci\u00f3n m\u00e9dica<\/span><\/li>\n<li><span style=\"font-weight: 400;\"> Permitir que los trabajadores lesionados regresen al trabajo.<\/span><\/li>\n<\/ul>\n<h2><b>\u00bfMe pueden despedir por reclamar una reclamaci\u00f3n de compensaci\u00f3n para trabajadores?<\/b><\/h2>\n<p><span style=\"font-weight: 400;\">Legalmente, no. Los empleadores de Florida no pueden despedirlo en represalia por reclamar los beneficios de compensaci\u00f3n para trabajadores despu\u00e9s de un accidente relacionado con el trabajo. Es su derecho legal buscar estos beneficios. Si siente que lo han despedido injustamente despu\u00e9s de presentar un reclamo de compensaci\u00f3n para trabajadores, llame a nuestros abogados de compensaci\u00f3n para trabajadores de Orlando para que lo ayuden.<\/span><\/p>\n<h2><b>\u00bfExiste un l\u00edmite de tiempo para presentar una reclamaci\u00f3n de indemnizaci\u00f3n laboral en Orlando, Florida?<\/b><\/h2>\n<p><span style=\"font-weight: 400;\">S\u00ed, existen l\u00edmites de tiempo estrictos para las reclamaciones de compensaci\u00f3n para trabajadores en Florida, que incluyen:<\/span><\/p>\n<ul>\n<li><span style=\"font-weight: 400;\"> Tiene dos a\u00f1os a partir de la fecha de la lesi\u00f3n para presentar una petici\u00f3n de beneficios (un reclamo de compensaci\u00f3n para trabajadores) o,<\/span><\/li>\n<li><span style=\"font-weight: 400;\"> Despu\u00e9s de los dos a\u00f1os iniciales, debe presentar su reclamo dentro de un a\u00f1o de la \u00faltima provisi\u00f3n de atenci\u00f3n \/ tratamiento m\u00e9dico autorizado o un a\u00f1o despu\u00e9s del \u00faltimo pago de beneficios.<\/span><\/li>\n<\/ul>\n<p><span style=\"font-weight: 400;\">Su reclamo de compensaci\u00f3n para trabajadores de Florida podr\u00eda excluirse para siempre a menos que se presente dentro de los l\u00edmites de tiempo anteriores. Un abogado de compensaci\u00f3n laboral de Orlando puede ayudarlo a presentar estos reclamos a tiempo.<\/span><\/p>\n<h2><b>\u00bfPuedo demandar a mi empleador?<\/b><\/h2>\n<p><span style=\"font-weight: 400;\">No. La cobertura del seguro de compensaci\u00f3n para trabajadores hace que los empleadores sean inmunes a las demandas por lesiones personales de los empleados; sin embargo, si cree que un tercero comparti\u00f3 la responsabilidad por su accidente relacionado con el trabajo, puede presentar una demanda en su contra.<\/span><\/p>\n<h2><b>\u00bfPuede un contratista independiente presentar una reclamaci\u00f3n de indemnizaci\u00f3n laboral en Orlando?<\/b><\/h2>\n<p><span style=\"font-weight: 400;\">Los contratistas independientes en Florida que no trabajan en la construcci\u00f3n o en una industria relacionada con la construcci\u00f3n no est\u00e1n cubiertos por la compensaci\u00f3n de trabajadores y no pueden recuperar los beneficios.<\/span><\/p>\n<p><span style=\"font-weight: 400;\">Sin embargo, la Regla 69L-6.021 del C\u00f3digo Administrativo de Florida requiere que cualquier empresa en la industria de la construcci\u00f3n o que trabaje en un campo relacionado con la construcci\u00f3n no puede tener contratistas independientes; los trabajadores son due\u00f1os de negocios o empleados.<\/span><\/p>\n<h2><b>\u00bfCu\u00e1l es el valor de mi reclamo de indemnizaci\u00f3n por accidentes de trabajo en Orlando?<\/b><\/h2>\n<p><span style=\"font-weight: 400;\">Un abogado de compensaci\u00f3n para trabajadores de Orlando puede ayudarlo a reclamar los beneficios de compensaci\u00f3n para trabajadores que pagar\u00e1n:<\/span><\/p>\n<ul>\n<li><span style=\"font-weight: 400;\"> Sus facturas m\u00e9dicas, incluidos los medicamentos recetados.<\/span><\/li>\n<li><span style=\"font-weight: 400;\"> Cualquier costo de rehabilitaci\u00f3n<\/span><\/li>\n<li><span style=\"font-weight: 400;\"> Un porcentaje de su salario perdido<\/span><\/li>\n<li><span style=\"font-weight: 400;\"> Cualquier gasto de viaje \/ millaje necesario relacionado con el tratamiento de su lesi\u00f3n.<\/span><\/li>\n<li><span style=\"font-weight: 400;\"> Su beneficio de reemplazo por p\u00e9rdida de ingresos<\/span><\/li>\n<li><span style=\"font-weight: 400;\"> Discapacidad parcial permanente (PPD)<\/span><\/li>\n<\/ul>\n<p><a href=\"https:\/\/workinjuryrights.com\/wp-content\/uploads\/2021\/08\/lawyer-paperwork-desk-4.jpg\"><img decoding=\"async\" class=\"alignnone size-full wp-image-3458\" src=\"https:\/\/workinjuryrights.com\/wp-content\/uploads\/2021\/08\/lawyer-paperwork-desk-4.jpg\" alt=\"Orlando workers' compensation lawyer reviewing clients workers' comp case\" width=\"500\" height=\"334\" srcset=\"https:\/\/workinjuryrights.com\/wp-content\/uploads\/2021\/08\/lawyer-paperwork-desk-4.jpg 500w, https:\/\/workinjuryrights.com\/wp-content\/uploads\/2021\/08\/lawyer-paperwork-desk-4-300x200.jpg 300w\" sizes=\"(max-width: 500px) 100vw, 500px\" \/><\/a><\/p>\n<h2><b>Llame a nuestros abogados de compensaci\u00f3n para trabajadores de confianza en Orlando para una consulta gratuita hoy<\/b><\/h2>\n<p><span style=\"font-weight: 400;\">Hacer frente a las secuelas de una lesi\u00f3n grave relacionada con el trabajo ya es bastante dif\u00edcil. No deber\u00eda tener que preocuparse por la acumulaci\u00f3n de facturas m\u00e9dicas, plazos estrictos y ajustadores de seguros. Un abogado con experiencia en compensaci\u00f3n para trabajadores en Orlando de <\/span><a href=\"\/\"><span style=\"font-weight: 400;\">Work Injury Rights<\/span><\/a><span style=\"font-weight: 400;\"> puede ayudarlo. Comun\u00edquese con nosotros en l\u00ednea o ll\u00e1menos directamente al <a href=\"tel:+19543888616\">954-388-8616<\/a> para una evaluaci\u00f3n gratuita de su caso.<\/span><\/p>\n","protected":false},"excerpt":{"rendered":"<p>Las lesiones en el lugar de trabajo pueden afectar todas las facetas de su vida. Tr\u00e1gicamente, a pesar de la implementaci\u00f3n de varias reglas de seguridad para trabajadores estatales y federales, los accidentes en el lugar de trabajo a\u00fan ocurren, lo que dificulta, si no imposible, que quienes los padecen lidien con todos los problemas [&hellip;]<\/p>\n","protected":false},"author":29,"featured_media":0,"parent":5756,"menu_order":0,"comment_status":"closed","ping_status":"closed","template":"","meta":{"_acf_changed":false,"anchor_text":"","footnotes":""},"categories":[],"tags":[113,108],"class_list":["post-5759","page","type-page","status-publish","hentry","tag-workers-compensation-es-2","tag-workers-compensation-es"],"acf":[],"_links":{"self":[{"href":"https:\/\/workinjuryrights.com\/es\/wp-json\/wp\/v2\/pages\/5759","targetHints":{"allow":["GET"]}}],"collection":[{"href":"https:\/\/workinjuryrights.com\/es\/wp-json\/wp\/v2\/pages"}],"about":[{"href":"https:\/\/workinjuryrights.com\/es\/wp-json\/wp\/v2\/types\/page"}],"author":[{"embeddable":true,"href":"https:\/\/workinjuryrights.com\/es\/wp-json\/wp\/v2\/users\/29"}],"replies":[{"embeddable":true,"href":"https:\/\/workinjuryrights.com\/es\/wp-json\/wp\/v2\/comments?post=5759"}],"version-history":[{"count":5,"href":"https:\/\/workinjuryrights.com\/es\/wp-json\/wp\/v2\/pages\/5759\/revisions"}],"predecessor-version":[{"id":6502,"href":"https:\/\/workinjuryrights.com\/es\/wp-json\/wp\/v2\/pages\/5759\/revisions\/6502"}],"up":[{"embeddable":true,"href":"https:\/\/workinjuryrights.com\/es\/wp-json\/wp\/v2\/pages\/5756"}],"wp:attachment":[{"href":"https:\/\/workinjuryrights.com\/es\/wp-json\/wp\/v2\/media?parent=5759"}],"wp:term":[{"taxonomy":"category","embeddable":true,"href":"https:\/\/workinjuryrights.com\/es\/wp-json\/wp\/v2\/categories?post=5759"},{"taxonomy":"post_tag","embeddable":true,"href":"https:\/\/workinjuryrights.com\/es\/wp-json\/wp\/v2\/tags?post=5759"}],"curies":[{"name":"wp","href":"https:\/\/api.w.org\/{rel}","templated":true}]}}