{"id":5761,"date":"2021-08-16T19:06:41","date_gmt":"2021-08-16T19:06:41","guid":{"rendered":"https:\/\/workinjuryrights.com\/orlando\/reporting-a-work-injury\/"},"modified":"2021-10-05T18:17:34","modified_gmt":"2021-10-05T18:17:34","slug":"informar-lesion-laboral","status":"publish","type":"page","link":"https:\/\/workinjuryrights.com\/es\/orlando\/abogado-compensacion-laboral\/informar-lesion-laboral\/","title":{"rendered":"C\u00f3mo informar una lesi\u00f3n laboral en Orlando"},"content":{"rendered":"<p><span style=\"font-weight: 400;\">Puede ser dif\u00edcil saber qu\u00e9 hacer despu\u00e9s de denunciar una lesi\u00f3n laboral en Orlando, pero los abogados de compensaci\u00f3n para trabajadores de Work Injury Rights est\u00e1n aqu\u00ed para ayudarlo. Adem\u00e1s de que usted y sus seres queridos ahora enfrentan facturas hospitalarias y otros costos m\u00e9dicos, puede ser una carga emocional y financiera abrumadora si sus lesiones son graves y no puede trabajar.<\/span><\/p>\n<p><span style=\"font-weight: 400;\">Suponga que se lesion\u00f3 en un accidente relacionado con el trabajo. En ese caso, debe informarle a su empleador inmediatamente tan pronto como ocurra su lesi\u00f3n o despu\u00e9s del diagn\u00f3stico de un m\u00e9dico que sufri\u00f3 una lesi\u00f3n\/enfermedad en el lugar de trabajo. Hacerlo desencadena el proceso de reclamo de compensaci\u00f3n para trabajadores.<\/span><\/p>\n<p><span style=\"font-weight: 400;\">Desafortunadamente, algunos empleados intentan evitar pagar los beneficios de compensaci\u00f3n para los trabajadores. No informar su lesi\u00f3n o enfermedad en el trabajo puede obstaculizar por completo el \u00e9xito de su reclamo de compensaci\u00f3n para trabajadores. Recuerde, el sistema de compensaci\u00f3n para trabajadores de Florida est\u00e1 dise\u00f1ado para abordar s\u00f3lo las lesiones\/enfermedades informadas en el lugar de trabajo, nada m\u00e1s. Si no informa su lesi\u00f3n en el lugar de trabajo, es posible que no reciba la atenci\u00f3n m\u00e9dica adecuada ni los beneficios a los que tiene derecho por ley.<\/span><\/p>\n<p><span style=\"font-weight: 400;\">Deje que nuestro abogado experimentado y dedicado lo ayude cuando informe una lesi\u00f3n laboral en Orlando mientras protege su derecho a recuperar los beneficios y regresar al trabajo. Comun\u00edquese con nuestros <\/span><a href=\"https:\/\/workinjuryrights.com\/es\/orlando\/abogado-compensacion-laboral\/\"><span style=\"font-weight: 400;\">abogados de compensaci\u00f3n de trabajadores de Orlando<\/span><\/a><span style=\"font-weight: 400;\"> al <a href=\"tel:+19543888616\">954-388-8616<\/a>\u00a0 para obtener una consulta gratuita.<\/span><\/p>\n<p><span style=\"font-weight: 400;\"> <\/span><\/p>\n<h2><b>\u00bfCu\u00e1nto tiempo tengo para denunciar una lesi\u00f3n laboral en Orlando, Florida?<\/b><\/h2>\n<p><span style=\"font-weight: 400;\">Debe notificar a su empleador acerca de su lesi\u00f3n relacionada con el trabajo lo antes posible, pero a m\u00e1s tardar <\/span><a href=\"https:\/\/www.myfloridacfo.com\/division\/wc\/Employee\/faq.htm#:~:text=public%20record%20request%3F-,HOW%20LONG%20AFTER%20AN%20ACCIDENT%20DO%20I%20HAVE%20TO%20REPORT,than%20thirty%20(30)%20days%20or%20your%20claim%20may%20be%20denied.,-Reference%3A%20Section%20440.185\" target=\"_blank\" rel=\"noopener\"><span style=\"font-weight: 400;\">30 d\u00edas<\/span><\/a>\u00a0<span style=\"font-weight: 400;\">a partir de la fecha en que ocurri\u00f3 el accidente en el lugar de trabajo o dentro de los 30 d\u00edas posteriores a la fecha en que un proveedor de atenci\u00f3n m\u00e9dica le diagnostic\u00f3 que est\u00e1 sufriendo un problema relacionado con el trabajo. lesi\u00f3n o enfermedad.<\/span><\/p>\n<p><span style=\"font-weight: 400;\">Cuanto m\u00e1s espere, m\u00e1s detalles de la causa de su lesi\u00f3n comenzar\u00e1n a tornarse confusos e inconsistentes, y su empleador dudar\u00e1 m\u00e1s si est\u00e1 realmente lastimado y su lesi\u00f3n podr\u00eda empeorar. Si no informa su lesi\u00f3n en el lugar de trabajo dentro de este per\u00edodo de tiempo, puede resultar en la denegaci\u00f3n de su reclamo leg\u00edtimo de compensaci\u00f3n para trabajadores.<\/span><\/p>\n<h2><b>\u00bfA qui\u00e9n tengo que informar de una lesi\u00f3n relacionada con el trabajo?<\/b><\/h2>\n<p><span style=\"font-weight: 400;\">Los trabajadores lesionados siempre deben informar sus lesiones o enfermedades ocupacionales relacionadas con el trabajo a sus empleadores o al representante de los empleadores, como un gerente o supervisor. No existe ninguna regla que indique que debe informar su lesi\u00f3n por escrito. Sin embargo, le recomendamos que informe su lesi\u00f3n relacionada con el trabajo por escrito si es posible.<\/span><\/p>\n<p><span style=\"font-weight: 400;\">El abogado calificado y experimentado en compensaci\u00f3n de trabajadores de Orlando en Work Injury Rights tiene mucha experiencia en casos de compensaci\u00f3n de trabajadores de Florida y puede ayudarle a navegar y superar los obst\u00e1culos que puede encontrar durante su proceso de reclamo. Nuestros abogados lo guiar\u00e1n a lo largo de todo el proceso, incluida la notificaci\u00f3n de una lesi\u00f3n laboral en Orlando a su empleador.<\/span><\/p>\n<p><a href=\"https:\/\/workinjuryrights.com\/wp-content\/uploads\/2021\/08\/injured-worker-supervisor-1.jpg\"><img fetchpriority=\"high\" decoding=\"async\" class=\"alignnone wp-image-3527 size-full\" src=\"https:\/\/workinjuryrights.com\/wp-content\/uploads\/2021\/08\/injured-worker-supervisor-1.jpg\" alt=\"Injured employee on floor reporting a work injury in Orlando to supervisor\" width=\"500\" height=\"333\" srcset=\"https:\/\/workinjuryrights.com\/wp-content\/uploads\/2021\/08\/injured-worker-supervisor-1.jpg 500w, https:\/\/workinjuryrights.com\/wp-content\/uploads\/2021\/08\/injured-worker-supervisor-1-300x200.jpg 300w\" sizes=\"(max-width: 500px) 100vw, 500px\" \/><\/a><\/p>\n<h2><b>\u00bfCu\u00e1les son las responsabilidades del empleador y del empleado en relaci\u00f3n con la presentaci\u00f3n de una reclamaci\u00f3n de indemnizaci\u00f3n laboral en Florida?<\/b><\/h2>\n<p><span style=\"font-weight: 400;\">Tanto usted como su empleador tienen obligaciones en el proceso de reclamos de compensaci\u00f3n para trabajadores. A continuaci\u00f3n echamos un vistazo a estas obligaciones:<\/span><\/p>\n<h3><b>Obligaciones del empleador despu\u00e9s de una lesi\u00f3n en el lugar de trabajo<\/b><\/h3>\n<p><span style=\"font-weight: 400;\">Seg\u00fan las leyes de compensaci\u00f3n para trabajadores de Florida, los empleadores tienen ciertas responsabilidades despu\u00e9s de que un trabajador comenz\u00f3 a reportar una lesi\u00f3n laboral en Orlando. Estas responsabilidades incluyen:<\/span><\/p>\n<ul>\n<li><span style=\"font-weight: 400;\"> La ley requiere que todos los empleadores en Florida que hayan obtenido cobertura de seguro de compensaci\u00f3n para trabajadores publiquen un aviso en un lugar visible que contenga la informaci\u00f3n de la compa\u00f1\u00eda de seguros de compensaci\u00f3n para trabajadores, la fecha de vencimiento de la p\u00f3liza y una declaraci\u00f3n antifraude.<\/span><\/li>\n<li><span style=\"font-weight: 400;\"> Los empleadores deben brindar atenci\u00f3n m\u00e9dica a los trabajadores lesionados permiti\u00e9ndoles visitar a un proveedor de atenci\u00f3n m\u00e9dica.<\/span><\/li>\n<li><span style=\"font-weight: 400;\"> Tan pronto como un empleador en Florida tenga conocimiento de la lesi\u00f3n en el lugar de trabajo de un empleado, debe presentar un \u00ab<\/span><a href=\"https:\/\/www.myfloridacfo.com\/Division\/WC\/pdf\/DFS-F2-DWC-1.pdf\" target=\"_blank\" rel=\"noopener\"><span style=\"font-weight: 400;\">Primer informe de lesi\u00f3n<\/span><\/a><span style=\"font-weight: 400;\">\u00bb tan pronto como sea posible o no m\u00e1s tarde de siete d\u00edas a partir de la fecha del accidente.<\/span><\/li>\n<li><span style=\"font-weight: 400;\"> Los empleadores deben consultar con el m\u00e9dico tratante de los trabajadores lesionados sobre un plan para ayudar al empleado lesionado a regresar al trabajo.<\/span><\/li>\n<li><span style=\"font-weight: 400;\"> Los empleadores deben preparar un programa de regreso al trabajo para los trabajadores lesionados.<\/span><\/li>\n<li><span style=\"font-weight: 400;\"> Se requiere que los empleadores proporcionen a los empleados lesionados roles adecuados en funci\u00f3n de su capacidad de trabajo hasta que puedan regresar a su rol o deberes previos a la lesi\u00f3n.<\/span><\/li>\n<li><span style=\"font-weight: 400;\"> Los empleadores deben cooperar con las partes de la investigaci\u00f3n, incluida la compa\u00f1\u00eda de seguros y el abogado del empleado.<\/span><\/li>\n<\/ul>\n<h3><b>Responsabilidades de los empleados despu\u00e9s de una lesi\u00f3n en el lugar de trabajo<\/b><\/h3>\n<p><span style=\"font-weight: 400;\">Cuando se lesiona en el trabajo, debe:<\/span><\/p>\n<ul>\n<li><span style=\"font-weight: 400;\"> Informe la lesi\u00f3n o enfermedad a su empleador tan pronto como se d\u00e9 cuenta o dentro de los 30 d\u00edas posteriores a la lesi\u00f3n.<\/span><\/li>\n<li><span style=\"font-weight: 400;\"> Presentar un reclamo de compensaci\u00f3n para trabajadores dentro de los dos a\u00f1os posteriores a la lesi\u00f3n en el lugar de trabajo.<\/span><\/li>\n<li><span style=\"font-weight: 400;\"> A excepci\u00f3n de la atenci\u00f3n y el tratamiento de emergencia, los trabajadores lesionados deben solicitar espec\u00edficamente atenci\u00f3n o tratamiento inicial a su empleador.<\/span><\/li>\n<li><span style=\"font-weight: 400;\"> Revise, firme y devuelva la declaraci\u00f3n de fraude que le proporcion\u00f3 la compa\u00f1\u00eda de seguros de su empleador.<\/span><\/li>\n<li><span style=\"font-weight: 400;\"> Obtenga una copia de su primer aviso de lesi\u00f3n o informe de accidente de su empleador.<\/span><\/li>\n<li><span style=\"font-weight: 400;\"> Hable con su m\u00e9dico tratante si su condici\u00f3n est\u00e1 relacionada con el trabajo.<\/span><\/li>\n<li><span style=\"font-weight: 400;\"> Participe activamente en el tratamiento siguiendo las instrucciones de su m\u00e9dico y planificando su regreso al trabajo.<\/span><\/li>\n<li><span style=\"font-weight: 400;\"> Hacer todos los esfuerzos razonables para volver al trabajo en un puesto adecuado.<\/span><\/li>\n<\/ul>\n<p><a href=\"https:\/\/workinjuryrights.com\/wp-content\/uploads\/2021\/08\/lawyer-client-consult-1-4.jpg\"><img decoding=\"async\" class=\"alignnone size-full wp-image-3528\" src=\"https:\/\/workinjuryrights.com\/wp-content\/uploads\/2021\/08\/lawyer-client-consult-1-4.jpg\" alt=\"Lawyer and client reporting a work injury in Orlando\" width=\"500\" height=\"333\" srcset=\"https:\/\/workinjuryrights.com\/wp-content\/uploads\/2021\/08\/lawyer-client-consult-1-4.jpg 500w, https:\/\/workinjuryrights.com\/wp-content\/uploads\/2021\/08\/lawyer-client-consult-1-4-300x200.jpg 300w\" sizes=\"(max-width: 500px) 100vw, 500px\" \/><\/a><\/p>\n<h2><b>Llame a nuestros abogados hoy mismo cuando informe una lesi\u00f3n laboral en Orlando y reciba una consulta gratuita<\/b><\/h2>\n<p><span style=\"font-weight: 400;\">No importa c\u00f3mo ocurri\u00f3 su lesi\u00f3n en el lugar de trabajo, la ley de Florida lo protege y le permite recuperar beneficios para ayudar a compensar las secuelas del accidente. Sin embargo, debe seguir pautas estrictas para obtener estos beneficios, incluida la notificaci\u00f3n de una lesi\u00f3n laboral en Orlando de inmediato y a la persona adecuada.<\/span><\/p>\n<p><span style=\"font-weight: 400;\">En <\/span><a href=\"\/\"><span style=\"font-weight: 400;\">Work Injury Rights<\/span><\/a><span style=\"font-weight: 400;\"> , defender los derechos de los empleados lesionados y sus seres queridos es lo que hacemos todos los d\u00edas. Nuestros abogados de compensaci\u00f3n para trabajadores en Orlando est\u00e1n dedicados a brindarle una representaci\u00f3n integral y personalizada si se enferma debido a condiciones laborales peligrosas o sufre una lesi\u00f3n relacionada con el trabajo. No importa d\u00f3nde se encuentre en Florida, podemos ayudarlo con su caso. Llame a nuestro equipo legal de compensaci\u00f3n para trabajadores hoy al <a href=\"tel:+19543888616\">954-388-8616<\/a>\u00a0 para programar una revisi\u00f3n gratuita de su caso.<\/span><\/p>\n<p><span style=\"font-weight: 400;\">A\u00f1os de experiencia en el manejo de casos de compensaci\u00f3n para trabajadores en Florida han hecho que los abogados de Work Injury Right sean defensores respetados de los empleados lesionados. Priorizamos ayudarlo a usted y a sus seres queridos a obtener los beneficios que son justos para usted en lugar de los convenientes para su empleador y su compa\u00f1\u00eda de seguros. Damos prioridad a brindarle la mejor atenci\u00f3n m\u00e9dica para que se recupere y vuelva a la normalidad.<\/span><\/p>\n<p><span style=\"font-weight: 400;\">Si tiene preguntas sobre c\u00f3mo reportar una lesi\u00f3n laboral en Orlando o si su empleador no report\u00f3 su lesi\u00f3n, podemos ayudarlo. Estamos disponibles, as\u00ed que ll\u00e1menos hoy al <a href=\"tel:+19543888616\">954-388-8616<\/a>. Ofrecemos evaluaciones iniciales gratuitas de casos.<\/span><\/p>\n","protected":false},"excerpt":{"rendered":"<p>Puede ser dif\u00edcil saber qu\u00e9 hacer despu\u00e9s de denunciar una lesi\u00f3n laboral en Orlando, pero los abogados de compensaci\u00f3n para trabajadores de Work Injury Rights est\u00e1n aqu\u00ed para ayudarlo. Adem\u00e1s de que usted y sus seres queridos ahora enfrentan facturas hospitalarias y otros costos m\u00e9dicos, puede ser una carga emocional y financiera abrumadora si sus [&hellip;]<\/p>\n","protected":false},"author":29,"featured_media":0,"parent":5759,"menu_order":0,"comment_status":"closed","ping_status":"closed","template":"","meta":{"_acf_changed":false,"anchor_text":"","footnotes":""},"categories":[],"tags":[113,108],"class_list":["post-5761","page","type-page","status-publish","hentry","tag-workers-compensation-es-2","tag-workers-compensation-es"],"acf":[],"_links":{"self":[{"href":"https:\/\/workinjuryrights.com\/es\/wp-json\/wp\/v2\/pages\/5761","targetHints":{"allow":["GET"]}}],"collection":[{"href":"https:\/\/workinjuryrights.com\/es\/wp-json\/wp\/v2\/pages"}],"about":[{"href":"https:\/\/workinjuryrights.com\/es\/wp-json\/wp\/v2\/types\/page"}],"author":[{"embeddable":true,"href":"https:\/\/workinjuryrights.com\/es\/wp-json\/wp\/v2\/users\/29"}],"replies":[{"embeddable":true,"href":"https:\/\/workinjuryrights.com\/es\/wp-json\/wp\/v2\/comments?post=5761"}],"version-history":[{"count":6,"href":"https:\/\/workinjuryrights.com\/es\/wp-json\/wp\/v2\/pages\/5761\/revisions"}],"predecessor-version":[{"id":6504,"href":"https:\/\/workinjuryrights.com\/es\/wp-json\/wp\/v2\/pages\/5761\/revisions\/6504"}],"up":[{"embeddable":true,"href":"https:\/\/workinjuryrights.com\/es\/wp-json\/wp\/v2\/pages\/5759"}],"wp:attachment":[{"href":"https:\/\/workinjuryrights.com\/es\/wp-json\/wp\/v2\/media?parent=5761"}],"wp:term":[{"taxonomy":"category","embeddable":true,"href":"https:\/\/workinjuryrights.com\/es\/wp-json\/wp\/v2\/categories?post=5761"},{"taxonomy":"post_tag","embeddable":true,"href":"https:\/\/workinjuryrights.com\/es\/wp-json\/wp\/v2\/tags?post=5761"}],"curies":[{"name":"wp","href":"https:\/\/api.w.org\/{rel}","templated":true}]}}