{"id":5762,"date":"2021-08-16T19:19:31","date_gmt":"2021-08-16T19:19:31","guid":{"rendered":"https:\/\/workinjuryrights.com\/orlando\/workers-compensation-benefits\/"},"modified":"2023-08-22T09:25:47","modified_gmt":"2023-08-22T14:25:47","slug":"beneficios-laborales","status":"publish","type":"page","link":"https:\/\/workinjuryrights.com\/es\/orlando\/abogado-compensacion-laboral\/beneficios-laborales\/","title":{"rendered":"Beneficios de compensaci\u00f3n laboral en Orlando"},"content":{"rendered":"<p><span style=\"font-weight: 400;\">El seguro de compensaci\u00f3n para trabajadores protege a los trabajadores lesionados de costosas facturas m\u00e9dicas y salarios perdidos. Sin embargo, los empleados lesionados no siempre obtienen los beneficios m\u00e1ximos de compensaci\u00f3n para trabajadores en Orlando, Florida. Es por eso que si no cuenta con una representaci\u00f3n legal s\u00f3lida, es m\u00e1s probable que pierda su caso de compensaci\u00f3n para trabajadores.<\/span><\/p>\n<p><span style=\"font-weight: 400;\">Le recomendamos encarecidamente que contrate abogados de compensaci\u00f3n para trabajadores de buena reputaci\u00f3n para que lo ayuden a obtener los m\u00e1ximos beneficios de compensaci\u00f3n para trabajadores. Los abogados tienen m\u00e1s experiencia, por lo que pueden usar su experiencia para reunir pruebas y construir un caso s\u00f3lido. Tener un abogado adecuado aumenta las posibilidades de obtener todos los beneficios de compensaci\u00f3n para los trabajadores.<\/span><\/p>\n<p><span style=\"font-weight: 400;\">\u00bfEst\u00e1 buscando los mejores <\/span><a href=\"https:\/\/workinjuryrights.com\/es\/orlando\/abogado-compensacion-laboral\/\"><span style=\"font-weight: 400;\">abogados de compensaci\u00f3n laboral en Orlando<\/span><\/a><span style=\"font-weight: 400;\">, Florida? En Work Injury Rights, contamos con abogados de compensaci\u00f3n de trabajadores con experiencia y de buena reputaci\u00f3n. Pondremos sus necesidades en primer lugar, ya que entendemos que las lesiones en el lugar de trabajo pueden ser devastadoras. Y nos esforzamos por brindarle todos los beneficios. Cont\u00e1ctenos al <a href=\"tel:+19543888616\">954-388-8616<\/a> para una consulta gratuita.<\/span><\/p>\n<p><span style=\"font-weight: 400;\"> <\/span><\/p>\n<p><b>\u00bfCu\u00e1les son los l\u00edmites de ingresos de compensaci\u00f3n para trabajadores de Florida?<\/b><\/p>\n<p><span style=\"font-weight: 400;\">El l\u00edmite m\u00e1ximo de ingresos de compensaci\u00f3n para trabajadores en Florida es $1,011.07 usd. Si califica para los beneficios de compensaci\u00f3n para trabajadores, ellos usar\u00e1n su salario semanal para calcular su salario semanal promedio para obtener la compensaci\u00f3n semanal m\u00e1xima.<\/span><\/p>\n<p><span style=\"font-weight: 400;\">La cantidad que recibir\u00e1 depender\u00e1 del tipo de beneficios de compensaci\u00f3n para trabajadores que reciba. Puede llevar tiempo comprender los l\u00edmites de ingresos de la compensaci\u00f3n para trabajadores. No pierda su tiempo tratando de calcular la cantidad que se le debe. Es mejor contratar a un abogado para que le ayude con los c\u00e1lculos. Evitar\u00e1 perder algunos beneficios de compensaci\u00f3n para trabajadores en Orlando.<\/span><\/p>\n<h2><b>\u00bfCu\u00e1les son los tipos de beneficios de compensaci\u00f3n para trabajadores de Florida?<\/b><\/h2>\n<p><span style=\"font-weight: 400;\">Los beneficios de compensaci\u00f3n para trabajadores en Orlando est\u00e1n disponibles en tres categor\u00edas, que incluyen <\/span><span style=\"font-weight: 400;\">salarios perdidos<\/span><span style=\"font-weight: 400;\"> , beneficios m\u00e9dicos y <\/span><span style=\"font-weight: 400;\">beneficios por fallecimiento<\/span><span style=\"font-weight: 400;\">.<\/span><\/p>\n<p><span style=\"font-weight: 400;\">Si el empleado lesionado no puede regresar al trabajo, pierde su salario ya que no puede realizar sus deberes laborales normales. Los beneficios m\u00e9dicos cubren las facturas m\u00e9dicas de los trabajadores lesionados. En caso de que el trabajador lesionado muera debido a sus lesiones laborales, los beneficios por muerte cubren los costos del funeral.<\/span><\/p>\n<p><span style=\"font-weight: 400;\">Estos son los tipos de beneficios de compensaci\u00f3n para trabajadores en Florida:<\/span><\/p>\n<h3><b>Beneficios por discapacidad total temporal (TTD)<\/b><\/h3>\n<p><span style=\"font-weight: 400;\">Si no puede regresar a su trabajo debido a sus lesiones laborales, recibir\u00e1 beneficios temporales por incapacidad total. Recibir\u00e1 los beneficios durante unas 104 semanas. Una vez que su m\u00e9dico determine que ha logrado la m\u00e1xima mejora m\u00e9dica, ya no recibir\u00e1 los beneficios de TTD.<\/span><\/p>\n<h3><b>Beneficios por discapacidad parcial temporal (TPD)<\/b><\/h3>\n<p><span style=\"font-weight: 400;\">Si puede regresar a su trabajo, pero solo puede realizar tareas livianas, obtendr\u00e1 beneficios por discapacidad parcial temporal. Su m\u00e9dico puede reducir la cantidad de horas que puede trabajar o impedir que realice el trabajo que hace normalmente, por lo que ganar\u00e1 menos dinero.<\/span><\/p>\n<p><span style=\"font-weight: 400;\">Obtendr\u00e1 los beneficios durante aproximadamente 104 semanas o hasta que su m\u00e9dico lo apruebe para realizar el trabajo que normalmente realiza.<\/span><\/p>\n<p><span style=\"font-weight: 400;\">Sin embargo, s\u00f3lo recibir\u00e1 beneficios de TPD si gana menos del 80% de su salario semanal promedio anterior. El prop\u00f3sito de los beneficios de TPD es complementar sus ingresos actuales.<\/span><\/p>\n<h3><b>Beneficios por discapacidad parcial permanente (PPD)<\/b><\/h3>\n<p><span style=\"font-weight: 400;\">Una vez que reciba una declaraci\u00f3n de mejor\u00eda m\u00e9dica m\u00e1xima de su m\u00e9dico, recibir\u00e1 beneficios por discapacidad parcial permanente. Adem\u00e1s, su m\u00e9dico le dar\u00e1 una calificaci\u00f3n de discapacidad permanente. Si no puede regresar a trabajar, recibir\u00e1 los beneficios de PPD.<\/span><\/p>\n<p><a href=\"https:\/\/workinjuryrights.com\/wp-content\/uploads\/2021\/09\/workers-compensation-benefits-in-Orlando.jpeg\"><img fetchpriority=\"high\" decoding=\"async\" class=\"alignnone size-full wp-image-3543\" src=\"https:\/\/workinjuryrights.com\/wp-content\/uploads\/2021\/09\/workers-compensation-benefits-in-Orlando.jpeg\" alt=\"Lawyer helping client apply for workers\u2019 compensation benefits in Orlando\" width=\"500\" height=\"334\" srcset=\"https:\/\/workinjuryrights.com\/wp-content\/uploads\/2021\/09\/workers-compensation-benefits-in-Orlando.jpeg 500w, https:\/\/workinjuryrights.com\/wp-content\/uploads\/2021\/09\/workers-compensation-benefits-in-Orlando-300x200.jpeg 300w\" sizes=\"(max-width: 500px) 100vw, 500px\" \/><\/a><\/p>\n<h3><b>Beneficios por discapacidad total permanente (PTD)<\/b><\/h3>\n<p><span style=\"font-weight: 400;\">Si sufri\u00f3 una lesi\u00f3n grave en un accidente en el lugar de trabajo y no puede regresar a trabajar debido a sus lesiones en el lugar de trabajo, recibir\u00e1 beneficios por discapacidad total permanente.<\/span><\/p>\n<p><span style=\"font-weight: 400;\">Sin embargo, es dif\u00edcil recibir los beneficios de PTD ya que los requisitos son muy estrictos. Incluso es dif\u00edcil obtener la aprobaci\u00f3n. Si califica para los beneficios de PTD, recibir\u00e1 los beneficios hasta que tenga 75 a\u00f1os.<\/span><\/p>\n<p><span style=\"font-weight: 400;\">Es dif\u00edcil saber los tipos de beneficios de compensaci\u00f3n para trabajadores a los que tiene derecho en Orlando. Le recomendamos que hable con un abogado para asegurarse de que est\u00e1 recibiendo los beneficios a los que tiene derecho. No permita que la compa\u00f1\u00eda de seguros tome las decisiones por usted. Contrate a un abogado de compensaci\u00f3n laboral para que lo ayude y proteja sus derechos.<\/span><\/p>\n<h2><b>\u00bfC\u00f3mo se calculan los beneficios de compensaci\u00f3n para trabajadores de Florida?<\/b><\/h2>\n<p><span style=\"font-weight: 400;\">El salario semanal promedio del empleado lesionado se utiliza para calcular los beneficios de compensaci\u00f3n para trabajadores en Orlando, Florida. Por lo tanto, los beneficios de compensaci\u00f3n para trabajadores pagar\u00e1n un porcentaje de su salario semanal promedio durante la duraci\u00f3n de los beneficios de compensaci\u00f3n para trabajadores.<\/span><\/p>\n<p><span style=\"font-weight: 400;\">Si se lesiona en un accidente en el lugar de trabajo y ha estado trabajando para su empleador durante m\u00e1s de un a\u00f1o, usar\u00e1n su informaci\u00f3n de pago de 13 semanas antes de que ocurriera el accidente en el lugar de trabajo para calcular su salario semanal promedio.<\/span><\/p>\n<p><span style=\"font-weight: 400;\">Si ha estado trabajando para su empleador durante menos de un a\u00f1o, ellos calcular\u00e1n el salario semanal promedio de un empleado que se encuentra en una posici\u00f3n similar y trabaja para su empleador.<\/span><\/p>\n<h2><b>\u00bfSe gravan los beneficios de compensaci\u00f3n para trabajadores de Florida?<\/b><\/h2>\n<p><span style=\"font-weight: 400;\">Los beneficios de compensaci\u00f3n para trabajadores no est\u00e1n sujetos a impuestos en Florida. Sin embargo, si su m\u00e9dico le aprueba que regrese al trabajo mientras a\u00fan se est\u00e1 recuperando de sus lesiones laborales, pagar\u00e1 impuestos por el dinero que gane. Por ejemplo, si est\u00e1 recibiendo beneficios de TPD y todav\u00eda est\u00e1 trabajando, <\/span><a href=\"https:\/\/www.irs.gov\/pub\/irs-drop\/rr-04-55.pdf\" target=\"_blank\" rel=\"noopener\"><span style=\"font-weight: 400;\">pagar\u00e1 impuestos sobre su salario<\/span><\/a><span style=\"font-weight: 400;\">.<\/span><\/p>\n<h2><b>Para obtener m\u00e1s informaci\u00f3n sobre los beneficios de compensaci\u00f3n para trabajadores en Orlando, llame a nuestros abogados de confianza hoy para una consulta gratuita<\/b><\/h2>\n<p><span style=\"font-weight: 400;\">Si ha resultado lesionado en su lugar de trabajo o si uno de los miembros de su familia ha resultado lesionado en su lugar de trabajo, puede recibir beneficios de compensaci\u00f3n para trabajadores en Orlando. Es f\u00e1cil solicitar los beneficios de compensaci\u00f3n para trabajadores. La parte m\u00e1s dif\u00edcil es obtener todos los beneficios de compensaci\u00f3n para trabajadores, ya que las aseguradoras no quieren pagar estos beneficios. La compa\u00f1\u00eda de seguros puede incluso disputar o rechazar sus reclamos.<\/span><\/p>\n<p><span style=\"font-weight: 400;\">\u00bfC\u00f3mo aumenta sus posibilidades de recibir los beneficios m\u00e1ximos de compensaci\u00f3n para trabajadores? Contrata a un abogado de compensaci\u00f3n para trabajadores con experiencia y conocimiento. Contratar a un abogado le ahorra tiempo. Nunca perder\u00e1 su derecho a buscar beneficios de compensaci\u00f3n para trabajadores y podr\u00e1 obtener los m\u00e1ximos beneficios cuando tenga una representaci\u00f3n legal s\u00f3lida.<\/span><\/p>\n<p><span style=\"font-weight: 400;\">Sin embargo, no es f\u00e1cil encontrar los mejores <\/span><a href=\"\/\"><span style=\"font-weight: 400;\">abogados de compensaci\u00f3n laboral<\/span><\/a><span style=\"font-weight: 400;\"> en Orlando, Florida. Si est\u00e1 listo para buscar beneficios de compensaci\u00f3n para trabajadores, estamos listos para luchar por usted. Le ayudaremos a calcular cu\u00e1nto se le debe. Si el proveedor de seguros rechaza sus reclamaciones, no dudaremos en apelar su reclamaci\u00f3n denegada. Si necesita ayuda con su reclamo de compensaci\u00f3n para trabajadores, comun\u00edquese con Work Injury Rights al [tel\u00e9fono] hoy.<\/span><\/p>\n","protected":false},"excerpt":{"rendered":"<p>El seguro de compensaci\u00f3n para trabajadores protege a los trabajadores lesionados de costosas facturas m\u00e9dicas y salarios perdidos. Sin embargo, los empleados lesionados no siempre obtienen los beneficios m\u00e1ximos de compensaci\u00f3n para trabajadores en Orlando, Florida. Es por eso que si no cuenta con una representaci\u00f3n legal s\u00f3lida, es m\u00e1s probable que pierda su caso [&hellip;]<\/p>\n","protected":false},"author":29,"featured_media":0,"parent":5759,"menu_order":0,"comment_status":"closed","ping_status":"closed","template":"","meta":{"_acf_changed":false,"anchor_text":"","footnotes":""},"categories":[],"tags":[45,113,108],"class_list":["post-5762","page","type-page","status-publish","hentry","tag-workers-compensation","tag-workers-compensation-es-2","tag-workers-compensation-es"],"acf":[],"_links":{"self":[{"href":"https:\/\/workinjuryrights.com\/es\/wp-json\/wp\/v2\/pages\/5762","targetHints":{"allow":["GET"]}}],"collection":[{"href":"https:\/\/workinjuryrights.com\/es\/wp-json\/wp\/v2\/pages"}],"about":[{"href":"https:\/\/workinjuryrights.com\/es\/wp-json\/wp\/v2\/types\/page"}],"author":[{"embeddable":true,"href":"https:\/\/workinjuryrights.com\/es\/wp-json\/wp\/v2\/users\/29"}],"replies":[{"embeddable":true,"href":"https:\/\/workinjuryrights.com\/es\/wp-json\/wp\/v2\/comments?post=5762"}],"version-history":[{"count":6,"href":"https:\/\/workinjuryrights.com\/es\/wp-json\/wp\/v2\/pages\/5762\/revisions"}],"predecessor-version":[{"id":12663,"href":"https:\/\/workinjuryrights.com\/es\/wp-json\/wp\/v2\/pages\/5762\/revisions\/12663"}],"up":[{"embeddable":true,"href":"https:\/\/workinjuryrights.com\/es\/wp-json\/wp\/v2\/pages\/5759"}],"wp:attachment":[{"href":"https:\/\/workinjuryrights.com\/es\/wp-json\/wp\/v2\/media?parent=5762"}],"wp:term":[{"taxonomy":"category","embeddable":true,"href":"https:\/\/workinjuryrights.com\/es\/wp-json\/wp\/v2\/categories?post=5762"},{"taxonomy":"post_tag","embeddable":true,"href":"https:\/\/workinjuryrights.com\/es\/wp-json\/wp\/v2\/tags?post=5762"}],"curies":[{"name":"wp","href":"https:\/\/api.w.org\/{rel}","templated":true}]}}