{"id":5763,"date":"2021-08-16T18:47:14","date_gmt":"2021-08-16T18:47:14","guid":{"rendered":"https:\/\/workinjuryrights.com\/orlando\/workers-compensation-claims-process\/"},"modified":"2021-10-05T18:29:32","modified_gmt":"2021-10-05T18:29:32","slug":"proceso-reclamaciones-indemnizacion-laboral","status":"publish","type":"page","link":"https:\/\/workinjuryrights.com\/es\/orlando\/abogado-compensacion-laboral\/proceso-reclamaciones-indemnizacion-laboral\/","title":{"rendered":"Proceso de reclamos de indemnizaci\u00f3n laboral en Orlando"},"content":{"rendered":"<p><span style=\"font-weight: 400;\">La raz\u00f3n por la que se estableci\u00f3 el seguro de compensaci\u00f3n para trabajadores es para ayudar a los empleados a recuperarse de lesiones relacionadas con el trabajo. En Orlando, Florida, cualquier empresa que tenga tres o m\u00e1s empleados est\u00e1 obligada legalmente a tener una p\u00f3liza de seguro de compensaci\u00f3n para trabajadores. Por lo tanto, si usted es un empleado en Orlando, Florida y sufre de una enfermedad o lesi\u00f3n relacionada con el trabajo, entonces tiene derecho a presentar una reclamaci\u00f3n por lesiones a trav\u00e9s del proceso de reclamaciones de compensaci\u00f3n para trabajadores en Orlando. Esto le ayudar\u00e1 a recuperarse de cualquier p\u00e9rdida relacionada con sus lesiones laborales.<\/span><\/p>\n<p><span style=\"font-weight: 400;\">Sin embargo, aunque la ley le otorga el derecho a buscar una compensaci\u00f3n por enfermedades o lesiones relacionadas con el trabajo, el proceso no es tan f\u00e1cil como muchas personas podr\u00edan pensar. Hay varios desaf\u00edos que enfrentan muchos empleados lesionados al presentar un reclamo de compensaci\u00f3n para trabajadores, por lo que es aconsejable que trabaje con un abogado con experiencia en compensaci\u00f3n para trabajadores. Por lo tanto, si desea presentar con \u00e9xito su reclamo y recibir los beneficios a los que tiene derecho, comun\u00edquese con los abogados de compensaci\u00f3n para trabajadores en Work Injury Rights.<\/span><\/p>\n<p><span style=\"font-weight: 400;\">Nuestros <\/span><a href=\"https:\/\/workinjuryrights.com\/es\/orlando\/abogado-compensacion-laboral\/\"><span style=\"font-weight: 400;\">abogados de compensaci\u00f3n para trabajadores en Orlando<\/span><\/a><span style=\"font-weight: 400;\"> estar\u00e1n a su lado y le ofrecer\u00e1n los mejores servicios legales. Adem\u00e1s, haremos la mayor parte del trabajo por usted, incluida la presentaci\u00f3n de su reclamo y la recopilaci\u00f3n de pruebas suficientes durante el proceso de reclamos de compensaci\u00f3n para trabajadores en Orlando para construir su caso. Otra raz\u00f3n por la que deber\u00eda considerar trabajar con nuestro equipo experimentado es que no solicitamos tarifas por adelantado por nuestros servicios. En cambio, generalmente proponemos una tarifa de contingencia al final de cada caso.<\/span><\/p>\n<p><span style=\"font-weight: 400;\"> <\/span><\/p>\n<h2><b>\u00bfC\u00f3mo puedo saber si una reclamaci\u00f3n de indemnizaci\u00f3n laboral cubrir\u00e1 mi lesi\u00f3n?<\/b><\/h2>\n<p><a href=\"https:\/\/www.floir.com\/sections\/pandc\/wc\/default.aspx\" target=\"_blank\" rel=\"noopener\"><span style=\"font-weight: 400;\">El seguro de compensaci\u00f3n para trabajadores<\/span><\/a><span style=\"font-weight: 400;\"> es un requisito legal que todas las instituciones comerciales deben tener. Por lo tanto, ya sea que sea un empleado a tiempo parcial o completo, puede estar seguro de que est\u00e1 cubierto por lesiones relacionadas con el trabajo. Sin embargo, tambi\u00e9n debe comprender que solo puede ser compensado por sus lesiones si estuvo involucrado en un accidente laboral.<\/span><\/p>\n<p><span style=\"font-weight: 400;\">Adem\u00e1s, los siguientes requisitos deben cumplirse para que un reclamo de compensaci\u00f3n para trabajadores a trav\u00e9s del proceso de reclamos de compensaci\u00f3n para trabajadores en Orlando sea v\u00e1lido:<\/span><\/p>\n<h3><b>Enfermedades o lesiones relacionadas con el trabajo<\/b><\/h3>\n<p><span style=\"font-weight: 400;\">De acuerdo con la ley de Orlando, Florida, un empleado lesionado debe proporcionar pruebas de sus lesiones o enfermedades relacionadas con el trabajo. Es por eso que nuestros abogados de compensaci\u00f3n para trabajadores aconsejan a los empleados lesionados que guarden de manera segura sus informes m\u00e9dicos porque pueden usarse para probar su caso.<\/span><\/p>\n<h3><b>Prueba de las lesiones sufridas est\u00e1n relacionadas con el trabajo<\/b><\/h3>\n<p><span style=\"font-weight: 400;\">Tambi\u00e9n debe demostrar que las lesiones sufridas est\u00e1n relacionadas con el trabajo. De acuerdo con la ley, un empleado tiene derecho a los beneficios de compensaci\u00f3n para trabajadores si sufre lesiones mientras est\u00e1 de servicio. Eso significa que un trabajador lesionado no puede ser compensado por enfermedad o lesi\u00f3n si estuvo fuera de servicio y fuera de las instalaciones de trabajo.<\/span><\/p>\n<p><a href=\"https:\/\/workinjuryrights.com\/wp-content\/uploads\/2021\/08\/injured-arm-employee-1-2.jpg\"><img fetchpriority=\"high\" decoding=\"async\" class=\"alignnone size-full wp-image-3468\" src=\"https:\/\/workinjuryrights.com\/wp-content\/uploads\/2021\/08\/injured-arm-employee-1-2.jpg\" alt=\"Employee with injured arm concept of workers' compensation claims process in Orlando\" width=\"500\" height=\"199\" srcset=\"https:\/\/workinjuryrights.com\/wp-content\/uploads\/2021\/08\/injured-arm-employee-1-2.jpg 500w, https:\/\/workinjuryrights.com\/wp-content\/uploads\/2021\/08\/injured-arm-employee-1-2-300x119.jpg 300w\" sizes=\"(max-width: 500px) 100vw, 500px\" \/><\/a><\/p>\n<h2><b>\u00bfCu\u00e1nto tiempo tiene para presentar un reclamo a trav\u00e9s del proceso de reclamos de compensaci\u00f3n para trabajadores en Orlando, Florida?<\/b><\/h2>\n<p><span style=\"font-weight: 400;\">El mayor error que cometen muchos empleados lesionados es esperar hasta que se recuperen de sus lesiones relacionadas con el trabajo y luego presentar un reclamo a trav\u00e9s del proceso de reclamos de compensaci\u00f3n para trabajadores en Orlando m\u00e1s adelante. De acuerdo con la ley, hay varios pasos que se supone que debe seguir antes de presentar su reclamo y una fecha l\u00edmite que se supone que debe cumplir.<\/span><\/p>\n<p><span style=\"font-weight: 400;\">Por lo tanto, como empleado que trabaja en Orlando, Florida, lo primero que debe hacer es informar a su empleador de sus lesiones relacionadas con el trabajo en un plazo de treinta d\u00edas. Eso es desde el momento en que se ve involucrado en un accidente laboral. Corre el riesgo de no recibir los beneficios de compensaci\u00f3n para trabajadores si no cumple con este requisito legal.<\/span><\/p>\n<p><span style=\"font-weight: 400;\">Despu\u00e9s de informar el asunto a su empleador o alguien que est\u00e9 a cargo, como un supervisor, gerente o capataz, se redactar\u00e1 un informe del accidente antes de que se brinde atenci\u00f3n m\u00e9dica. El informe escrito debe incluir todos los detalles vitales, incluida la gravedad de sus lesiones, la causa del accidente y cu\u00e1ndo ocurri\u00f3 el accidente laboral.<\/span><\/p>\n<h2><b>\u00bfC\u00f3mo presentar una reclamaci\u00f3n a trav\u00e9s del proceso de reclamaciones de indemnizaci\u00f3n laboral en Orlando, Florida?<\/b><\/h2>\n<p><span style=\"font-weight: 400;\">Presentar un reclamo de compensaci\u00f3n para trabajadores en Orlando, Florida, no es una tarea f\u00e1cil. Esto se debe a que se deben cumplir varios requisitos legales para que el proceso sea exitoso. Adem\u00e1s, su reclamo debe presentarse seg\u00fan lo exige la ley, y cualquier error puede hacer que su proceso de reclamo se demore o sea denegado.<\/span><\/p>\n<p><span style=\"font-weight: 400;\">Por lo tanto, para evitar tales problemas, es importante que se comunique con nuestros abogados de compensaci\u00f3n para trabajadores para que lo ayuden con nuestro caso. A continuaci\u00f3n se muestra una gu\u00eda paso a paso sobre c\u00f3mo presentar un reclamo a trav\u00e9s del proceso de reclamos de compensaci\u00f3n para trabajadores en Orlando Florida:<\/span><\/p>\n<h3><b>Informe el accidente relacionado con el trabajo<\/b><\/h3>\n<p><span style=\"font-weight: 400;\">Como se mencion\u00f3 anteriormente, el primer paso que se debe tomar despu\u00e9s de sufrir lesiones relacionadas con el trabajo es informar el asunto de inmediato. Adem\u00e1s de informar el asunto a su superior, aseg\u00farese de redactar un informe y solicite una copia. Recuerde, debe <\/span><a href=\"https:\/\/www.myfloridacfo.com\/division\/wc\/employee\/reportaclaim.htm\" target=\"_blank\" rel=\"noopener\"><span style=\"font-weight: 400;\">informar la lesi\u00f3n laboral dentro de los 30 d\u00edas<\/span><\/a><span style=\"font-weight: 400;\">.<\/span><\/p>\n<h3><b>Reunir evidencias<\/b><\/h3>\n<p><span style=\"font-weight: 400;\">Como parte de la construcci\u00f3n de su caso, es vital que recopile pruebas para que pueda tener pruebas suficientes para respaldar su caso. Por lo tanto, tome fotograf\u00edas de las lesiones o grabe im\u00e1genes de video con su tel\u00e9fono celular.<\/span><\/p>\n<h3><b>Recopile datos de contacto de testigos presenciales<\/b><\/h3>\n<p><span style=\"font-weight: 400;\">Es posible que las fotos o las im\u00e1genes grabadas no sean suficientes para respaldar su caso. Por eso es necesario recopilar los datos de contacto de los posibles testigos que se encontraban en el lugar cuando se vio involucrado en el accidente laboral.<\/span><\/p>\n<h3><b>Busque atenci\u00f3n m\u00e9dica<\/b><\/h3>\n<p><span style=\"font-weight: 400;\">No ignore la necesidad de buscar atenci\u00f3n m\u00e9dica despu\u00e9s de verse involucrado en un accidente laboral. Esto se debe a que es posible que algunas lesiones no sean visibles, como las distensiones musculares y las conmociones cerebrales. Por lo tanto, debe buscar atenci\u00f3n m\u00e9dica despu\u00e9s de verse involucrado en un accidente laboral.<\/span><\/p>\n<h3><b>Comun\u00edquese con un abogado de compensaci\u00f3n laboral de Orlando<\/b><\/h3>\n<p><span style=\"font-weight: 400;\">Necesita ayuda legal si va a continuar con su reclamo a trav\u00e9s del proceso de reclamos de compensaci\u00f3n para trabajadores en Orlando. Adem\u00e1s, tambi\u00e9n necesita asistencia legal cuando se enfrenta a la compa\u00f1\u00eda de seguros y a su empleador. Esto se debe a que intentar\u00e1n retrasar o negar su reclamo utilizando diferentes t\u00e1cticas. En ese momento, necesita un equipo legal con experiencia en el manejo de estos asuntos.<\/span><\/p>\n<h2><a style=\"font-size: 16px;\" href=\"https:\/\/workinjuryrights.com\/wp-content\/uploads\/2021\/08\/lawyer-client-consult-1-2.jpg\"><img decoding=\"async\" class=\"alignnone size-full wp-image-3469\" src=\"https:\/\/workinjuryrights.com\/wp-content\/uploads\/2021\/08\/lawyer-client-consult-1-2.jpg\" alt=\"Lawyer and client discussing workers' compensation claims process in Orlando\" width=\"500\" height=\"333\" srcset=\"https:\/\/workinjuryrights.com\/wp-content\/uploads\/2021\/08\/lawyer-client-consult-1-2.jpg 500w, https:\/\/workinjuryrights.com\/wp-content\/uploads\/2021\/08\/lawyer-client-consult-1-2-300x200.jpg 300w\" sizes=\"(max-width: 500px) 100vw, 500px\" \/><\/a><\/h2>\n<h2><b>Llame hoy para recibir una consulta gratuita que lo guiar\u00e1 a trav\u00e9s del proceso de reclamos de compensaci\u00f3n para trabajadores en Orlando<\/b><\/h2>\n<p><span style=\"font-weight: 400;\">Muchos empleados no buscan compensaci\u00f3n por lesiones relacionadas con el trabajo debido a problemas financieros, mientras que otros, se debe a que no saben c\u00f3mo iniciar el proceso de reclamos de compensaci\u00f3n para trabajadores en Orlando. Por lo tanto, comun\u00edquese con <\/span><a href=\"\/\"><span style=\"font-weight: 400;\">Work Injury Rights<\/span><\/a><span style=\"font-weight: 400;\"> hoy en <a href=\"tel:+19543888616\">954-388-8616<\/a> y comenzaremos ofreci\u00e9ndole una consulta gratuita.<\/span><\/p>\n","protected":false},"excerpt":{"rendered":"<p>La raz\u00f3n por la que se estableci\u00f3 el seguro de compensaci\u00f3n para trabajadores es para ayudar a los empleados a recuperarse de lesiones relacionadas con el trabajo. En Orlando, Florida, cualquier empresa que tenga tres o m\u00e1s empleados est\u00e1 obligada legalmente a tener una p\u00f3liza de seguro de compensaci\u00f3n para trabajadores. Por lo tanto, si [&hellip;]<\/p>\n","protected":false},"author":29,"featured_media":0,"parent":5759,"menu_order":0,"comment_status":"closed","ping_status":"closed","template":"","meta":{"_acf_changed":false,"anchor_text":"","footnotes":""},"categories":[],"tags":[113,108],"class_list":["post-5763","page","type-page","status-publish","hentry","tag-workers-compensation-es-2","tag-workers-compensation-es"],"acf":[],"_links":{"self":[{"href":"https:\/\/workinjuryrights.com\/es\/wp-json\/wp\/v2\/pages\/5763","targetHints":{"allow":["GET"]}}],"collection":[{"href":"https:\/\/workinjuryrights.com\/es\/wp-json\/wp\/v2\/pages"}],"about":[{"href":"https:\/\/workinjuryrights.com\/es\/wp-json\/wp\/v2\/types\/page"}],"author":[{"embeddable":true,"href":"https:\/\/workinjuryrights.com\/es\/wp-json\/wp\/v2\/users\/29"}],"replies":[{"embeddable":true,"href":"https:\/\/workinjuryrights.com\/es\/wp-json\/wp\/v2\/comments?post=5763"}],"version-history":[{"count":5,"href":"https:\/\/workinjuryrights.com\/es\/wp-json\/wp\/v2\/pages\/5763\/revisions"}],"predecessor-version":[{"id":6509,"href":"https:\/\/workinjuryrights.com\/es\/wp-json\/wp\/v2\/pages\/5763\/revisions\/6509"}],"up":[{"embeddable":true,"href":"https:\/\/workinjuryrights.com\/es\/wp-json\/wp\/v2\/pages\/5759"}],"wp:attachment":[{"href":"https:\/\/workinjuryrights.com\/es\/wp-json\/wp\/v2\/media?parent=5763"}],"wp:term":[{"taxonomy":"category","embeddable":true,"href":"https:\/\/workinjuryrights.com\/es\/wp-json\/wp\/v2\/categories?post=5763"},{"taxonomy":"post_tag","embeddable":true,"href":"https:\/\/workinjuryrights.com\/es\/wp-json\/wp\/v2\/tags?post=5763"}],"curies":[{"name":"wp","href":"https:\/\/api.w.org\/{rel}","templated":true}]}}