{"id":5764,"date":"2021-08-16T18:59:59","date_gmt":"2021-08-16T18:59:59","guid":{"rendered":"https:\/\/workinjuryrights.com\/orlando\/workers-compensation-disputes\/"},"modified":"2021-10-05T18:19:48","modified_gmt":"2021-10-05T18:19:48","slug":"disputas","status":"publish","type":"page","link":"https:\/\/workinjuryrights.com\/es\/orlando\/abogado-compensacion-laboral\/disputas\/","title":{"rendered":"Disputas de compensaci\u00f3n laboral en Orlando"},"content":{"rendered":"<p><span style=\"font-weight: 400;\">\u00bfEst\u00e1 enfrentando disputas de compensaci\u00f3n para trabajadores en Orlando? Entonces, ha venido al lugar correcto. Las lesiones en el lugar de trabajo pueden poner en riesgo su salud y su futuro monetario. Todo su futuro puede verse afectado negativamente por una lesi\u00f3n grave relacionada con el trabajo. El sistema de seguro de compensaci\u00f3n para trabajadores de Florida est\u00e1 dise\u00f1ado para proteger tanto al trabajador lesionado como al empleador.<\/span><\/p>\n<p><span style=\"font-weight: 400;\">Cubre las facturas m\u00e9dicas de los trabajadores lesionados y los pagos por discapacidad mientras protege al empleador de las demandas por negligencia presentadas por el empleado lesionado. Cuando se lastima en el trabajo, debe contratar al mejor abogado de compensaci\u00f3n para trabajadores en Orlando, FL para que lo ayude a presentar su reclamo y obtener los m\u00e1ximos beneficios en el proceso.<\/span><\/p>\n<p><span style=\"font-weight: 400;\">Orlando tiene su propia participaci\u00f3n en bufetes de abogados de lesiones personales. Pero todos estos abogados no se crean de la misma manera. Su investigaci\u00f3n es crucial para seleccionar el mejor abogado para manejar sus disputas de compensaci\u00f3n laboral en Orlando. Cuando est\u00e9 buscando los mejores <\/span><a href=\"https:\/\/workinjuryrights.com\/es\/orlando\/abogado-compensacion-laboral\/\"><span style=\"font-weight: 400;\">abogados de compensaci\u00f3n de trabajadores en Orlando<\/span><\/a><span style=\"font-weight: 400;\"> , no tiene que buscar m\u00e1s all\u00e1 de los derechos de lesiones laborales. Somos su socio de confianza en Orlando para todas sus reclamaciones de compensaci\u00f3n para trabajadores.<\/span><\/p>\n<p><span style=\"font-weight: 400;\">Hemos representado a cientos de trabajadores lesionados en Orlando y hemos ganado millones de d\u00f3lares en compensaci\u00f3n en su nombre. Es por eso que necesita confiar en nuestro equipo de expertos para manejar su reclamo de compensaci\u00f3n de trabajadores. Llame a Work Injury Rights hoy en Orlando al <a href=\"tel:+19543888616\">954-388-8616<\/a> para manejar su reclamo de compensaci\u00f3n para trabajadores y obtener los m\u00e1ximos beneficios incluso cuando enfrente disputas de compensaci\u00f3n para trabajadores en Orlando.<\/span><\/p>\n<p><span style=\"font-weight: 400;\"> <\/span><\/p>\n<h2><b>\u00bfCu\u00e1les son algunas de las causas de las disputas por indemnizaci\u00f3n laboral?<\/b><\/h2>\n<p><span style=\"font-weight: 400;\">Aunque un trabajador lesionado puede reclamar beneficios por sus lesiones del sistema de seguro de compensaci\u00f3n de trabajadores del empleador, el empleador o su compa\u00f1\u00eda de seguros pueden disputar el reclamo por muchas razones. Hay varias razones por las cuales su empleador o su compa\u00f1\u00eda de seguros pueden disputar o negar su reclamo de compensaci\u00f3n para trabajadores.<\/span><\/p>\n<p><span style=\"font-weight: 400;\">Estas son algunas de las causas m\u00e1s comunes de disputas de compensaci\u00f3n para trabajadores en Orlando:<\/span><\/p>\n<h3><b>Plazos perdidos<\/b><\/h3>\n<p><span style=\"font-weight: 400;\">Debe informar sus lesiones al empleador dentro de los 30 d\u00edas. Puede informar la lesi\u00f3n a su empleador o supervisor inmediato antes del l\u00edmite de tiempo para evitar disputas m\u00e1s adelante.<\/span><\/p>\n<h3><b>Estado de Empleo<\/b><\/h3>\n<p><span style=\"font-weight: 400;\">No espere hasta que lo despidan o lo despidan para presentar su<\/span>\u00a0<a href=\"https:\/\/www.myfloridacfo.com\/division\/wc\/pdf\/DFS-F2-DWC-14.pdf\" target=\"_blank\" rel=\"noopener\"><span style=\"font-weight: 400;\">reclamo de compensaci\u00f3n para trabajadores<\/span><\/a><span style=\"font-weight: 400;\">. El empleador o su compa\u00f1\u00eda de seguros pueden rechazar su reclamo en tales circunstancias. Por lo tanto, debe presentar el reclamo tan pronto como reciba sus lesiones relacionadas con el trabajo.<\/span><\/p>\n<p><a href=\"https:\/\/workinjuryrights.com\/wp-content\/uploads\/2021\/08\/work-comp-disputes-2.jpg\"><img fetchpriority=\"high\" decoding=\"async\" class=\"alignnone size-full wp-image-3483\" src=\"https:\/\/workinjuryrights.com\/wp-content\/uploads\/2021\/08\/work-comp-disputes-2.jpg\" alt=\"Lawyer discusses workers' compensation disputes in Orlando with client\" width=\"500\" height=\"334\" srcset=\"https:\/\/workinjuryrights.com\/wp-content\/uploads\/2021\/08\/work-comp-disputes-2.jpg 500w, https:\/\/workinjuryrights.com\/wp-content\/uploads\/2021\/08\/work-comp-disputes-2-300x200.jpg 300w\" sizes=\"(max-width: 500px) 100vw, 500px\" \/><\/a><\/p>\n<h3><b>Lugar<\/b><\/h3>\n<p><span style=\"font-weight: 400;\">La lesi\u00f3n debe ocurrir mientras realiza su trabajo. En caso de que la lesi\u00f3n no ocurra en el entorno laboral, su empleador o su compa\u00f1\u00eda de seguros pueden negar o disputar f\u00e1cilmente su reclamo.<\/span><\/p>\n<h3><b>Sin testigos<\/b><\/h3>\n<p><span style=\"font-weight: 400;\">Si nadie en la oficina ha visto el accidente o las lesiones posteriores que sufri\u00f3, la compa\u00f1\u00eda de seguros o su empleador pueden disputar su reclamo de compensaci\u00f3n para los trabajadores.<\/span><\/p>\n<h2><b>\u00bfQu\u00e9 debe hacer si se rechaza su reclamo de compensaci\u00f3n para trabajadores?<\/b><\/h2>\n<p><span style=\"font-weight: 400;\">Su empleador o su proveedor de seguros pueden disputar o negar su reclamo de compensaci\u00f3n para trabajadores en Orlando por varias razones. Si su empleador o la compa\u00f1\u00eda de seguros niegan su reclamo, no es el final del proceso. Siempre puede apelar la decisi\u00f3n de la compa\u00f1\u00eda de seguros. Puede presentar una apelaci\u00f3n a la Oficina de Jueces de Reclamaciones de Compensaci\u00f3n (OJCC), y ellos organizar\u00e1n una mediaci\u00f3n informal para resolver su reclamo.<\/span><\/p>\n<p><span style=\"font-weight: 400;\">De hecho, la mayor\u00eda de las reclamaciones se resolver\u00e1n mediante mediaci\u00f3n. De lo contrario, puede solicitar una audiencia previa al juicio. La mejor manera de apelar su reclamo es contratar a un abogado con experiencia en compensaci\u00f3n de trabajadores en Orlando. Work Injury Rights es su socio de confianza en Orlando para manejar su reclamo y obtener los m\u00e1ximos beneficios por sus lesiones. Llame a Work Injury Rights hoy mismo al <a href=\"tel:+19543888616\">954-388-8616<\/a> para manejar sus disputas de compensaci\u00f3n para trabajadores en Orlando y obtener los m\u00e1ximos beneficios.<\/span><\/p>\n<h2><b>\u00bfCu\u00e1les son algunos de los tipos de disputas por compensaci\u00f3n laboral en Orlando?<\/b><\/h2>\n<p><span style=\"font-weight: 400;\">Hay dos tipos comunes de disputas de compensaci\u00f3n para trabajadores en Orlando, FL:<\/span><\/p>\n<h3><b>Disputas m\u00e9dicas<\/b><\/h3>\n<p><span style=\"font-weight: 400;\">Las disputas m\u00e9dicas son algunas de las disputas de compensaci\u00f3n de trabajadores m\u00e1s comunes que afectan a los trabajadores en Orlando. Estas disputas son sobre hechos m\u00e9dicos y opiniones sobre el tratamiento del empleado lesionado. Las disputas m\u00e9dicas pueden incluir tratamientos, cirug\u00edas y servicios m\u00e9dicos denegados.<\/span><\/p>\n<p><span style=\"font-weight: 400;\">El profesional m\u00e9dico que atiende al trabajador lesionado debe estar dispuesto a luchar por los derechos del trabajador lesionado. La mejor manera de manejar las disputas m\u00e9dicas es trabajar con un abogado con experiencia en compensaci\u00f3n para trabajadores en Orlando. Los abogados con experiencia en lesiones personales de Work Injury Rights est\u00e1n disponibles para evaluar su reclamo y asesorar sobre c\u00f3mo debe presentar el reclamo para obtener los m\u00e1ximos beneficios por sus lesiones cuando se trata de disputas de compensaci\u00f3n para trabajadores en Orlando.<\/span><\/p>\n<h3><b>Reclamar disputas<\/b><\/h3>\n<p><span style=\"font-weight: 400;\">Las disputas de reclamos pueden afectar la forma en que se procesa su reclamo de compensaci\u00f3n de trabajadores. Hay muchas formas en que las disputas de compensaci\u00f3n para trabajadores en Orlando podr\u00edan afectar el resultado de su reclamo de compensaci\u00f3n para trabajadores. Estos son algunos de los problemas m\u00e1s comunes relacionados con una disputa por reclamo:<\/span><\/p>\n<ul>\n<li><b>Extensi\u00f3n de la lesi\u00f3n <\/b><span style=\"font-weight: 400;\">: c\u00f3mo afecta la lesi\u00f3n a diferentes partes del cuerpo y la salud general del empleado lesionado.<\/span><\/li>\n<li><b>Discapacidad <\/b><span style=\"font-weight: 400;\">: si las lesiones en el lugar de trabajo resultan en una p\u00e9rdida de ingresos.<\/span><\/li>\n<li><b>Salarios semanales promedio <\/b><span style=\"font-weight: 400;\">: el AWW juega un papel importante en el c\u00e1lculo de los beneficios por discapacidad del empleado lesionado. Puede afectar la cantidad que recibe el trabajador lesionado despu\u00e9s de lesionarse en el trabajo.<\/span><\/li>\n<li><b>Compensaci\u00f3n <\/b><span style=\"font-weight: 400;\">: si las lesiones relacionadas con el trabajo son compensables seg\u00fan el seguro de compensaci\u00f3n para trabajadores en Orlando.<\/span><\/li>\n<\/ul>\n<h2><b>\u00bfQu\u00e9 es el Proceso de Apelaciones y Disputas de Compensaci\u00f3n para Trabajadores en Florida?<\/b><\/h2>\n<p><span style=\"font-weight: 400;\">Si la compa\u00f1\u00eda de seguros niega su reclamo de WC en Orlando, puede impugnar la decisi\u00f3n de la compa\u00f1\u00eda. Debe presentar una apelaci\u00f3n formal ante la <\/span><a href=\"https:\/\/www.jcc.state.fl.us\/jcc\/\" target=\"_blank\" rel=\"noopener\"><span style=\"font-weight: 400;\">Oficina de Jueces de Reclamaciones de Compensaci\u00f3n (OJCC)<\/span><\/a><span style=\"font-weight: 400;\">. La OJCC notificar\u00e1 a la compa\u00f1\u00eda de seguros sobre su apelaci\u00f3n, y la compa\u00f1\u00eda de seguros debe pagar el reclamo o responder a la OJCC dentro de los 14 d\u00edas. Comun\u00edquese con un abogado con experiencia en compensaci\u00f3n para trabajadores para que lo ayude a apelar las disputas de compensaci\u00f3n para trabajadores en Orlando.<\/span><\/p>\n<h3><a style=\"font-size: 16px;\" href=\"https:\/\/workinjuryrights.com\/wp-content\/uploads\/2021\/08\/worker-helmet-comp-2.jpg\"><img decoding=\"async\" class=\"alignnone size-full wp-image-3484\" src=\"https:\/\/workinjuryrights.com\/wp-content\/uploads\/2021\/08\/worker-helmet-comp-2.jpg\" alt=\"Construction workers holding helmet concept of workers' compensation disputes in Orlando\" width=\"500\" height=\"353\" srcset=\"https:\/\/workinjuryrights.com\/wp-content\/uploads\/2021\/08\/worker-helmet-comp-2.jpg 500w, https:\/\/workinjuryrights.com\/wp-content\/uploads\/2021\/08\/worker-helmet-comp-2-300x212.jpg 300w\" sizes=\"(max-width: 500px) 100vw, 500px\" \/><\/a><\/h3>\n<h2><b>Programe una consulta gratuita sobre los derechos de lesiones laborales para obtener m\u00e1s informaci\u00f3n sobre las disputas de compensaci\u00f3n laboral en Orlando<\/b><\/h2>\n<p><span style=\"font-weight: 400;\">Si tiene disputas de compensaci\u00f3n para trabajadores en Orlando, FL, debe contratar al mejor abogado de compensaci\u00f3n para trabajadores para que maneje su caso. Los abogados de <\/span><a href=\"\/\"><span style=\"font-weight: 400;\">Work Injury Rights<\/span><\/a><span style=\"font-weight: 400;\"> son su socio de confianza para manejar su reclamo y obtener los m\u00e1ximos beneficios en el proceso. Llame a Work Injury Rights hoy mismo al <a href=\"tel:+19543888616\">954-388-8616<\/a> para manejar su reclamo de compensaci\u00f3n para trabajadores en Orlando y obtener los m\u00e1ximos beneficios.<\/span><\/p>\n","protected":false},"excerpt":{"rendered":"<p>\u00bfEst\u00e1 enfrentando disputas de compensaci\u00f3n para trabajadores en Orlando? Entonces, ha venido al lugar correcto. Las lesiones en el lugar de trabajo pueden poner en riesgo su salud y su futuro monetario. Todo su futuro puede verse afectado negativamente por una lesi\u00f3n grave relacionada con el trabajo. El sistema de seguro de compensaci\u00f3n para trabajadores [&hellip;]<\/p>\n","protected":false},"author":29,"featured_media":0,"parent":5759,"menu_order":0,"comment_status":"closed","ping_status":"closed","template":"","meta":{"_acf_changed":false,"anchor_text":"","footnotes":""},"categories":[],"tags":[113,108],"class_list":["post-5764","page","type-page","status-publish","hentry","tag-workers-compensation-es-2","tag-workers-compensation-es"],"acf":[],"_links":{"self":[{"href":"https:\/\/workinjuryrights.com\/es\/wp-json\/wp\/v2\/pages\/5764","targetHints":{"allow":["GET"]}}],"collection":[{"href":"https:\/\/workinjuryrights.com\/es\/wp-json\/wp\/v2\/pages"}],"about":[{"href":"https:\/\/workinjuryrights.com\/es\/wp-json\/wp\/v2\/types\/page"}],"author":[{"embeddable":true,"href":"https:\/\/workinjuryrights.com\/es\/wp-json\/wp\/v2\/users\/29"}],"replies":[{"embeddable":true,"href":"https:\/\/workinjuryrights.com\/es\/wp-json\/wp\/v2\/comments?post=5764"}],"version-history":[{"count":5,"href":"https:\/\/workinjuryrights.com\/es\/wp-json\/wp\/v2\/pages\/5764\/revisions"}],"predecessor-version":[{"id":6505,"href":"https:\/\/workinjuryrights.com\/es\/wp-json\/wp\/v2\/pages\/5764\/revisions\/6505"}],"up":[{"embeddable":true,"href":"https:\/\/workinjuryrights.com\/es\/wp-json\/wp\/v2\/pages\/5759"}],"wp:attachment":[{"href":"https:\/\/workinjuryrights.com\/es\/wp-json\/wp\/v2\/media?parent=5764"}],"wp:term":[{"taxonomy":"category","embeddable":true,"href":"https:\/\/workinjuryrights.com\/es\/wp-json\/wp\/v2\/categories?post=5764"},{"taxonomy":"post_tag","embeddable":true,"href":"https:\/\/workinjuryrights.com\/es\/wp-json\/wp\/v2\/tags?post=5764"}],"curies":[{"name":"wp","href":"https:\/\/api.w.org\/{rel}","templated":true}]}}