{"id":5766,"date":"2021-08-16T19:46:47","date_gmt":"2021-08-16T19:46:47","guid":{"rendered":"https:\/\/workinjuryrights.com\/sunrise\/compensable-work-injuries\/"},"modified":"2021-10-05T18:41:30","modified_gmt":"2021-10-05T18:41:30","slug":"lesiones-laborales-indemnizables","status":"publish","type":"page","link":"https:\/\/workinjuryrights.com\/es\/sunrise\/abogado-compensacion-laboral\/lesiones-laborales-indemnizables\/","title":{"rendered":"Lesiones laborales indemnizables de Sunrise"},"content":{"rendered":"<p><span style=\"font-weight: 400;\">Despu\u00e9s de haber trabajado con miles de trabajadores lesionados en todo el gran estado de Florida, nuestro equipo de Work Injury Rights tiene el conocimiento y la experiencia t\u00e9cnica necesarios para manejar los casos de compensaci\u00f3n para trabajadores. Conocemos la ley con respecto a las condiciones que califican como lesiones laborales indemnizables en Sunrise, Florida.<\/span><\/p>\n<p><span style=\"font-weight: 400;\">Casi cualquier tipo de lesi\u00f3n que se sufra en el proceso de realizar un trabajo en particular en el curso de un empleo espec\u00edfico es compensable bajo la compensaci\u00f3n de trabajadores. Sin embargo, un empleado o trabajador lesionado de Sunrise debe demostrar que la lesi\u00f3n o enfermedad ocupacional fue causada por su trabajo. \u00a1Los abogados de derechos de lesiones laborales est\u00e1n all\u00ed para ayudarlo a cumplir y superar esta carga de la prueba para que pueda ganar su demanda por lesiones laborales y obtener la compensaci\u00f3n que se merece!<\/span><\/p>\n<p><span style=\"font-weight: 400;\">Llame a nuestros <\/span><a href=\"https:\/\/workinjuryrights.com\/es\/sunrise\/abogado-compensacion-laboral\/\"><span style=\"font-weight: 400;\">abogados de compensaci\u00f3n para trabajadores<\/span><\/a><span style=\"font-weight: 400;\"> hoy al <a href=\"tel:+19543888616\">954-388-8616<\/a> si ha sufrido una lesi\u00f3n en su lugar de trabajo en Sunrise, Florida.<\/span><\/p>\n<p><span style=\"font-weight: 400;\"> <\/span><\/p>\n<h2><b>\u00bfQu\u00e9 son las lesiones laborales indemnizables en Sunrise?<\/b><\/h2>\n<p><span style=\"font-weight: 400;\">Hay ciertas lesiones que son comunes en los lugares de trabajo. Desde un punto de vista legal, estas lesiones a menudo se clasifican en grupos de lesiones relacionadas (como extremidades rotas, amputaciones y muchas otras. A continuaci\u00f3n se muestra una lista de algunas de las lesiones m\u00e1s comunes que sufren los trabajadores en el transcurso del trabajo:<\/span><\/p>\n<h3><b>Quemaduras<\/b><\/h3>\n<p><span style=\"font-weight: 400;\">Las quemaduras son bastante comunes en lugares de trabajo industriales como acer\u00edas o plantas de fabricaci\u00f3n donde se utiliza fuego o calor en la producci\u00f3n. La exposici\u00f3n a incendios, explosiones y sustancias qu\u00edmicas t\u00f3xicas puede causar quemaduras graves que pueden resultar en desfiguraci\u00f3n permanente o cicatrices. Una lesi\u00f3n por quemadura tambi\u00e9n puede afectar los m\u00fasculos y huesos subyacentes, lo que reduce la movilidad y produce un dolor intenso. El tratamiento de quemaduras y cicatrices a menudo requiere la intervenci\u00f3n de profesionales altamente capacitados como cirujanos pl\u00e1sticos, as\u00ed como el uso de procedimientos costosos.<\/span><\/p>\n<p><span style=\"font-weight: 400;\">Si una lesi\u00f3n por quemadura que sufri\u00f3 en el trabajo le causa dolor, movilidad reducida, cicatrices o desfiguraci\u00f3n, llame a nuestros abogados de compensaci\u00f3n para trabajadores en Sunrise, Florida hoy para obtener la compensaci\u00f3n adecuada.<\/span><\/p>\n<h3><b>C\u00e1ncer<\/b><\/h3>\n<p><span style=\"font-weight: 400;\">El c\u00e1ncer es un t\u00e9rmino general para los crecimientos y enfermedades malignas que ocurren debido a la exposici\u00f3n a ciertas condiciones y elementos que aceleran el crecimiento de las c\u00e9lulas en el cuerpo. Millones de personas en Florida y en todo el pa\u00eds han sido diagnosticadas con c\u00e1ncer en los \u00faltimos a\u00f1os.<\/span><\/p>\n<p><span style=\"font-weight: 400;\">Los c\u00e1nceres pueden ser causados \u200b\u200bf\u00e1cilmente por las condiciones de su lugar de trabajo sin que usted lo sepa. Todo tipo de trabajadores, desde empleados formales hasta trabajadores industriales y personal de salud, est\u00e1n en riesgo de desarrollar tumores malignos debido a la naturaleza de su trabajo.<\/span><\/p>\n<p><span style=\"font-weight: 400;\">En Work Injury Rights Sunrise, comenzamos asumiendo que la enfermedad que padece puede haber sido el resultado de las condiciones laborales a las que ha estado expuesto a las horas extraordinarias. Procederemos a buscar cualquier evidencia que respalde esta suposici\u00f3n hasta que confirmemos o descartemos si el c\u00e1ncer que padece puede clasificarse como una lesi\u00f3n en el lugar de trabajo.<\/span><\/p>\n<h3><b>Artritis<\/b><\/h3>\n<p><a href=\"https:\/\/www.mayoclinic.org\/diseases-conditions\/arthritis\/symptoms-causes\/syc-20350772\" target=\"_blank\" rel=\"noopener\"><span style=\"font-weight: 400;\">La artritis<\/span><\/a><span style=\"font-weight: 400;\"> es una condici\u00f3n de salud degenerativa que se desarrolla y se agrava con el tiempo. Ciertos trabajos pueden hacer que uno sea m\u00e1s propenso a sufrir artritis debido a la naturaleza del trabajo o las tareas que un empleado tiene que realizar a diario. En Florida, su empleador es responsable de pagarle ciertos beneficios de compensaci\u00f3n para trabajadores si se encuentra en un trabajo f\u00edsicamente exigente que agrava su condici\u00f3n degenerativa.<\/span><\/p>\n<p><span style=\"font-weight: 400;\">Existe una alta probabilidad de que la compa\u00f1\u00eda de seguros de su empleador mencione su artritis preexistente o condici\u00f3n degenerativa como una raz\u00f3n para que no le paguen. Sin embargo, con la ayuda de nuestros abogados altamente capacitados y experimentados, puede probar sin ninguna duda razonable que su condici\u00f3n realmente empeor\u00f3 debido a su trabajo o lugar de trabajo.<\/span><\/p>\n<p><a href=\"https:\/\/workinjuryrights.com\/wp-content\/uploads\/2021\/08\/compensable-work-injuries-in-Sunrise-Florida.jpg\"><img fetchpriority=\"high\" decoding=\"async\" class=\"alignnone size-full wp-image-3512\" src=\"https:\/\/workinjuryrights.com\/wp-content\/uploads\/2021\/08\/compensable-work-injuries-in-Sunrise-Florida.jpg\" alt=\"Concept of compensable work injuries in Sunrise, Florida\" width=\"500\" height=\"375\" srcset=\"https:\/\/workinjuryrights.com\/wp-content\/uploads\/2021\/08\/compensable-work-injuries-in-Sunrise-Florida.jpg 500w, https:\/\/workinjuryrights.com\/wp-content\/uploads\/2021\/08\/compensable-work-injuries-in-Sunrise-Florida-300x225.jpg 300w\" sizes=\"(max-width: 500px) 100vw, 500px\" \/><\/a><\/p>\n<h3><b>Amputaciones<\/b><\/h3>\n<p><span style=\"font-weight: 400;\">Un accidente industrial o un accidente automovil\u00edstico pueden provocar la p\u00e9rdida de una extremidad o una amputaci\u00f3n. Se trata de una lesi\u00f3n grave que tiene un impacto permanente en su capacidad para trabajar y en su vida en general.<\/span><\/p>\n<p><span style=\"font-weight: 400;\">Los abogados de derechos de lesiones laborales han trabajado en casos de amputaci\u00f3n en los que los empleados pierden un dedo del pie, un dedo, una pierna, un brazo, un pie o una mano que se aplastaron con un objeto pesado o se atascaron en una m\u00e1quina mientras realizaban su trabajo.<\/span><\/p>\n<p><span style=\"font-weight: 400;\">Vale la pena se\u00f1alar que las lesiones por amputaci\u00f3n pueden ocurrir en cualquier lugar de trabajo; sin embargo, las personas que trabajan en f\u00e1bricas, plantas de fabricaci\u00f3n e industrias tienen m\u00e1s probabilidades de sufrir estas lesiones.<\/span><\/p>\n<p><span style=\"font-weight: 400;\">Adem\u00e1s de causar mucho dolor y sufrimiento emocional, as\u00ed como una movilidad reducida permanentemente, la p\u00e9rdida de una extremidad tambi\u00e9n hace que incurra en enormes facturas m\u00e9dicas. Debido a esto, nuestros abogados siempre hacen todo lo posible para obtener la compensaci\u00f3n m\u00e1s alta posible para los trabajadores que han sufrido lesiones por amputaci\u00f3n.<\/span><\/p>\n<h3><b>Lesiones de tobillo y pie<\/b><\/h3>\n<p><span style=\"font-weight: 400;\">Las lesiones de tobillo y pie son algunas de las otras lesiones que com\u00fanmente sufren los trabajadores en Sunrise, Florida. Esta categor\u00eda de lesiones es m\u00e1s frecuente entre los trabajadores de la construcci\u00f3n y el personal de salud porque pasan mucho tiempo de pie y tambi\u00e9n usan mucho las manos.<\/span><\/p>\n<p><span style=\"font-weight: 400;\">Podemos ayudarlo a obtener una compensaci\u00f3n por un esguince, distensi\u00f3n, fractura o cualquier otra lesi\u00f3n en su pie o tobillo que pueda haber sufrido en el curso de su empleo.<\/span><\/p>\n<h3><b>Lesiones de la m\u00e9dula espinal, el cuello y la espalda<\/b><\/h3>\n<p><span style=\"font-weight: 400;\">Las lesiones de la m\u00e9dula espinal, el cuello y la espalda ocurren com\u00fanmente en lugares de trabajo intensivos en mano de obra. Estas son lesiones graves que pueden requerir procedimientos de tratamiento a largo plazo. Tambi\u00e9n pueden requerir cirug\u00eda para rectificar problemas graves que pueden causar dolor e inmovilidad. Algunas de las lesiones m\u00e1s comunes que sufren los trabajadores de Sunrise incluyen v\u00e9rtebras fracturadas, hernias de disco, lesiones de la m\u00e9dula espinal y muchas otras.<\/span><\/p>\n<h2><b>\u00bfQu\u00e9 tipos de indemnizaci\u00f3n puede reclamar por lesiones laborales indemnizables en Sunrise?<\/b><\/h2>\n<p><span style=\"font-weight: 400;\">Puede reclamar una compensaci\u00f3n por los beneficios m\u00e9dicos necesarios para tratar su lesi\u00f3n o enfermedad ocupacional, rehabilitaci\u00f3n vocacional y gastos de viaje necesarios. Tambi\u00e9n puede reclamar una indemnizaci\u00f3n por <\/span><a href=\"https:\/\/www.myfloridacfo.com\/Division\/WC\/Employee\/Benefits\/lost-wages.htm\" target=\"_blank\" rel=\"noopener\"><span style=\"font-weight: 400;\">p\u00e9rdida de ingresos<\/span><\/a><span style=\"font-weight: 400;\"> .<\/span><\/p>\n<p><span style=\"font-weight: 400;\">Work Injury Rights ha ayudado con \u00e9xito a cientos de trabajadores a obtener buenos acuerdos por las lesiones laborales compensables en Sunrise y en toda Florida.<\/span><\/p>\n<h2><b>\u00bfCu\u00e1nto tiempo tiene para presentar una reclamaci\u00f3n de indemnizaci\u00f3n laboral?<\/b><\/h2>\n<p><span style=\"font-weight: 400;\">No tiene una eternidad para presentar su reclamo, por lo que cuanto antes presente su reclamo, mejor. Las leyes del estado de Florida requieren que los trabajadores presenten demandas por lesiones en el lugar de trabajo dentro de los 2 a\u00f1os posteriores a la lesi\u00f3n o al diagn\u00f3stico de una afecci\u00f3n.<\/span><\/p>\n<h2><b>Programe una consulta gratuita hoy<\/b><\/h2>\n<p><span style=\"font-weight: 400;\">La compensaci\u00f3n para trabajadores ofrece cobertura para lesiones y enfermedades relacionadas con el trabajo. Por lo tanto, los empleados pueden recibir parte de su salario y la compa\u00f1\u00eda de seguros de su empleador puede pagar sus gastos m\u00e9dicos. Sin embargo, es importante tener en cuenta que su lesi\u00f3n debe ser compensable seg\u00fan la compensaci\u00f3n de trabajadores para que pueda recibir estos beneficios.<\/span><\/p>\n<p><span style=\"font-weight: 400;\">Si ha resultado lesionado en Sunrise y no est\u00e1 seguro de si su lesi\u00f3n o enfermedad es indemnizable, debe hablar con un abogado. Comun\u00edquese con <\/span><a href=\"\/\"><span style=\"font-weight: 400;\">Work Injury Rights<\/span><\/a><span style=\"font-weight: 400;\"> al <a href=\"tel:+19543888616\">954-388-8616<\/a> para programar una evaluaci\u00f3n gratuita de su caso para que comprenda sus derechos y posibles beneficios.<\/span><\/p>\n","protected":false},"excerpt":{"rendered":"<p>Despu\u00e9s de haber trabajado con miles de trabajadores lesionados en todo el gran estado de Florida, nuestro equipo de Work Injury Rights tiene el conocimiento y la experiencia t\u00e9cnica necesarios para manejar los casos de compensaci\u00f3n para trabajadores. Conocemos la ley con respecto a las condiciones que califican como lesiones laborales indemnizables en Sunrise, Florida. [&hellip;]<\/p>\n","protected":false},"author":29,"featured_media":0,"parent":5770,"menu_order":0,"comment_status":"closed","ping_status":"closed","template":"","meta":{"_acf_changed":false,"anchor_text":"","footnotes":""},"categories":[],"tags":[113,108],"class_list":["post-5766","page","type-page","status-publish","hentry","tag-workers-compensation-es-2","tag-workers-compensation-es"],"acf":[],"_links":{"self":[{"href":"https:\/\/workinjuryrights.com\/es\/wp-json\/wp\/v2\/pages\/5766","targetHints":{"allow":["GET"]}}],"collection":[{"href":"https:\/\/workinjuryrights.com\/es\/wp-json\/wp\/v2\/pages"}],"about":[{"href":"https:\/\/workinjuryrights.com\/es\/wp-json\/wp\/v2\/types\/page"}],"author":[{"embeddable":true,"href":"https:\/\/workinjuryrights.com\/es\/wp-json\/wp\/v2\/users\/29"}],"replies":[{"embeddable":true,"href":"https:\/\/workinjuryrights.com\/es\/wp-json\/wp\/v2\/comments?post=5766"}],"version-history":[{"count":6,"href":"https:\/\/workinjuryrights.com\/es\/wp-json\/wp\/v2\/pages\/5766\/revisions"}],"predecessor-version":[{"id":6514,"href":"https:\/\/workinjuryrights.com\/es\/wp-json\/wp\/v2\/pages\/5766\/revisions\/6514"}],"up":[{"embeddable":true,"href":"https:\/\/workinjuryrights.com\/es\/wp-json\/wp\/v2\/pages\/5770"}],"wp:attachment":[{"href":"https:\/\/workinjuryrights.com\/es\/wp-json\/wp\/v2\/media?parent=5766"}],"wp:term":[{"taxonomy":"category","embeddable":true,"href":"https:\/\/workinjuryrights.com\/es\/wp-json\/wp\/v2\/categories?post=5766"},{"taxonomy":"post_tag","embeddable":true,"href":"https:\/\/workinjuryrights.com\/es\/wp-json\/wp\/v2\/tags?post=5766"}],"curies":[{"name":"wp","href":"https:\/\/api.w.org\/{rel}","templated":true}]}}