{"id":5767,"date":"2021-08-16T20:12:11","date_gmt":"2021-08-16T20:12:11","guid":{"rendered":"https:\/\/workinjuryrights.com\/sunrise\/preexisting-injuries-conditions\/"},"modified":"2021-10-05T18:43:21","modified_gmt":"2021-10-05T18:43:21","slug":"lesiones-preexistentes","status":"publish","type":"page","link":"https:\/\/workinjuryrights.com\/es\/sunrise\/abogado-compensacion-laboral\/lesiones-preexistentes\/","title":{"rendered":"Lesiones y afecciones preexistentes al Sunrise"},"content":{"rendered":"<p><span style=\"font-weight: 400;\">Cuando se lesiona en el trabajo, tiene derecho a reclamar una compensaci\u00f3n por sus lesiones seg\u00fan las leyes de compensaci\u00f3n para trabajadores en Sunrise, Florida. Pero el sistema de compensaci\u00f3n para trabajadores de Florida no es f\u00e1cil de navegar para los empleados lesionados. Aunque el sistema est\u00e1 dise\u00f1ado para compensar a los trabajadores lesionados, hay muchas \u00e1reas en las que puede tener problemas sin la ayuda de un abogado profesional. Una de esas \u00e1reas son las lesiones y condiciones preexistentes en Sunrise, Florida.<\/span><\/p>\n<p><span style=\"font-weight: 400;\">Puede presentar un reclamo de compensaci\u00f3n para trabajadores si una lesi\u00f3n laboral empeora su condici\u00f3n preexistente, pero querr\u00e1 un <\/span><a href=\"http:\/\/www.leg.state.fl.us\/statutes\/index.cfm?App_mode=Display_Statute&amp;Search_String=&amp;URL=0400-0499\/0440\/Sections\/0440.49.html\" target=\"_blank\" rel=\"noopener\"><span style=\"font-weight: 400;\">abogado experimentado en compensaci\u00f3n para trabajadores de Sunrise<\/span><\/a><span style=\"font-weight: 400;\"> a su lado. Con muchos abogados de compensaci\u00f3n laboral en el \u00e1rea, elegir la mejor firma no es f\u00e1cil. Work Injury Rights es su socio de confianza en Sunrise, Florida para manejar su reclamo de compensaci\u00f3n para trabajadores y navegar por el complejo sistema de compensaci\u00f3n para trabajadores en el estado. Nuestros abogados tienen las habilidades, la experiencia y el conocimiento necesarios para manejar su reclamo y ganar las cuotas que le corresponden en el proceso.<\/span><\/p>\n<p><span style=\"font-weight: 400;\">De hecho, hemos representado a cientos de clientes y hemos ganado millones de d\u00f3lares en su nombre. Es por eso que debe confiar en los derechos de lesiones laborales para obtener los m\u00e1ximos beneficios por sus lesiones en el lugar de trabajo. Cont\u00e1ctenos hoy al <a href=\"tel:+19543888616\">954-388-8616<\/a> para manejar su reclamo de compensaci\u00f3n para trabajadores y obtener la compensaci\u00f3n m\u00e1xima por sus lesiones relacionadas con el trabajo, incluso con lesiones y condiciones preexistentes en Sunrise.<\/span><\/p>\n<p><span style=\"font-weight: 400;\"> <\/span><\/p>\n<h2><b>\u00bfQu\u00e9 son las lesiones y afecciones preexistentes?<\/b><\/h2>\n<p><a href=\"http:\/\/www.leg.state.fl.us\/statutes\/index.cfm?App_mode=Display_Statute&amp;Search_String=&amp;URL=0400-0499\/0440\/Sections\/0440.49.html\" target=\"_blank\" rel=\"noopener\"><span style=\"font-weight: 400;\">Las afecciones o lesiones preexistentes<\/span><\/a><span style=\"font-weight: 400;\"> son afecciones m\u00e9dicas previas que pueden agravarse como resultado de su lesi\u00f3n actual en el lugar de trabajo. Puede ser una lesi\u00f3n antigua que ocurri\u00f3 en el pasado y empeora debido a la lesi\u00f3n actual en el lugar de trabajo. Como trabajador, debe conocer este tipo de lesiones y afecciones m\u00e9dicas que padece. El seguro de compensaci\u00f3n para trabajadores toma en consideraci\u00f3n las condiciones y lesiones preexistentes en Sunrise al determinar los beneficios que tiene derecho a recibir.<\/span><\/p>\n<p><span style=\"font-weight: 400;\">Si la condici\u00f3n preexistente no est\u00e1 relacionada con un reclamo de compensaci\u00f3n de trabajadores anterior, pero contribuye a su lesi\u00f3n actual, recibir los beneficios completos bajo el seguro de compensaci\u00f3n de trabajadores puede convertirse en un tema complicado. Es por eso que debe contratar al mejor abogado de compensaci\u00f3n laboral para manejar su reclamo y obtener los m\u00e1ximos beneficios por su lesi\u00f3n laboral, incluso cuando tenga lesiones y afecciones preexistentes en Sunrise.<\/span><\/p>\n<h2><b>Seg\u00fan las leyes de Florida, \u00bflas condiciones o lesiones preexistentes en Sunrise le impiden presentar reclamaciones de indemnizaci\u00f3n laboral?<\/b><\/h2>\n<p><span style=\"font-weight: 400;\">Seg\u00fan las leyes de compensaci\u00f3n para trabajadores de Florida, tener una afecci\u00f3n preexistente no le impide recibir <\/span><a href=\"https:\/\/www.myfloridacfo.com\/Division\/WC\/Employee\/Benefits\/\" target=\"_blank\" rel=\"noopener\"><span style=\"font-weight: 400;\">los beneficios de compensaci\u00f3n para trabajadores<\/span><\/a><span style=\"font-weight: 400;\"> . Los beneficios de compensaci\u00f3n para trabajadores deben pagarse al trabajador lesionado si la condici\u00f3n preexistente empeora debido a la lesi\u00f3n actual en el lugar de trabajo. Pero el proceso de navegaci\u00f3n no es f\u00e1cil cuando se procesa un reclamo de compensaci\u00f3n para trabajadores en Sunrise, FL.<\/span><\/p>\n<p><span style=\"font-weight: 400;\">De hecho, la compa\u00f1\u00eda de seguros siempre buscar\u00e1 formas de denegar o disputar su reclamo, y una t\u00e1ctica muy com\u00fan es afirmar que la lesi\u00f3n que sufri\u00f3 es una condici\u00f3n preexistente. El principio legal de MCC o \u00abcausa contribuyente principal\u00bb entra en los reclamos de compensaci\u00f3n de trabajadores para facilitar este proceso. Este principio legal establece que el trabajador lesionado debe demostrar que su lesi\u00f3n en el lugar de trabajo es al menos el 51% responsable de sus necesidades actuales de tratamientos m\u00e9dicos o discapacidad.<\/span><\/p>\n<h2><b>\u00bfQu\u00e9 obst\u00e1culos puedo enfrentar con mi reclamo de compensaci\u00f3n para trabajadores cuando intento probar que las lesiones y condiciones preexistentes en Sunrise empeor\u00f3?<\/b><\/h2>\n<p><span style=\"font-weight: 400;\">Un empleador debe considerar a sus empleados \u00abcomo son\u00bb al pagar los beneficios de compensaci\u00f3n para trabajadores. El empleador no puede hacer ninguna distinci\u00f3n entre un empleado f\u00edsicamente sano y uno que llega al trabajo con una debilidad estructural que le hace sufrir una lesi\u00f3n a largo plazo por un accidente laboral. Por lo tanto, el agravamiento de lesiones y condiciones preexistentes en Sunrise debido a un accidente en el lugar de trabajo le da derecho al empleado afectado a recibir un seguro de compensaci\u00f3n para trabajadores por sus lesiones actuales.<\/span><\/p>\n<p><a href=\"https:\/\/workinjuryrights.com\/wp-content\/uploads\/2021\/09\/pre-existing-injuries-and-conditions-in-Sunrise.jpg\"><img fetchpriority=\"high\" decoding=\"async\" class=\"alignnone size-full wp-image-3537\" src=\"https:\/\/workinjuryrights.com\/wp-content\/uploads\/2021\/09\/pre-existing-injuries-and-conditions-in-Sunrise.jpg\" alt=\"Concept of pre-existing injuries and conditions in Sunrise workers' comp claim\" width=\"500\" height=\"281\" srcset=\"https:\/\/workinjuryrights.com\/wp-content\/uploads\/2021\/09\/pre-existing-injuries-and-conditions-in-Sunrise.jpg 500w, https:\/\/workinjuryrights.com\/wp-content\/uploads\/2021\/09\/pre-existing-injuries-and-conditions-in-Sunrise-300x169.jpg 300w\" sizes=\"(max-width: 500px) 100vw, 500px\" \/><\/a><\/p>\n<p><span style=\"font-weight: 400;\">Por ejemplo, un empleador contrata a un trabajador con <\/span><a href=\"https:\/\/www.healthline.com\/health\/osteopenia\" target=\"_blank\" rel=\"noopener\"><span style=\"font-weight: 400;\">osteopenia<\/span><\/a><span style=\"font-weight: 400;\"> . Ahora, el empleador no est\u00e1 obligado a otorgar beneficios de compensaci\u00f3n laboral al empleado ya que su condici\u00f3n no est\u00e1 relacionada con el trabajo. Pero si el trabajador sufre una fractura severa en su pierna cuando un objeto pesado cae sobre su pierna mientras realiza su trabajo, el trabajador lesionado tiene derecho a recibir todos los beneficios del seguro de compensaci\u00f3n para trabajadores. Las lesiones y condiciones preexistentes podr\u00edan haber empeorado la fractura, pero el empleado lesionado recibir\u00e1 beneficios de compensaci\u00f3n para trabajadores seg\u00fan las leyes de compensaci\u00f3n para trabajadores de Florida.<\/span><\/p>\n<p><span style=\"font-weight: 400;\">El proceso general para recibir beneficios de compensaci\u00f3n para trabajadores en Sunrise, FL es presentar su reclamo ante la compa\u00f1\u00eda de seguros y hacer que paguen una compensaci\u00f3n por sus lesiones. Debe notificar al empleador dentro de los 30 d\u00edas posteriores al incidente para ser elegible para presentar su reclamo. Si la compa\u00f1\u00eda de seguros niega o disputa su reclamo debido a lesiones y condiciones preexistentes en Sunrise, puede apelar el reclamo ante las autoridades pertinentes de Florida. Ah\u00ed es donde necesita un abogado con experiencia en compensaci\u00f3n de trabajadores para manejar su reclamo.<\/span><\/p>\n<h2><b>\u00bfC\u00f3mo puede proteger su reclamo de indemnizaci\u00f3n laboral?<\/b><\/h2>\n<p><span style=\"font-weight: 400;\">Dado que la compa\u00f1\u00eda de seguros luchar\u00e1 contra un reclamo que involucre lesiones y condiciones preexistentes en Sunrise, debe tomar las medidas adecuadas para proteger su reclamo de compensaci\u00f3n para trabajadores. A continuaci\u00f3n se explica c\u00f3mo proteger su reclamo en Sunrise FL:<\/span><\/p>\n<ul>\n<li style=\"font-weight: 400;\" aria-level=\"1\"><b>Presente el reclamo a tiempo <\/b><span style=\"font-weight: 400;\">: debe notificar al empleador sobre su lesi\u00f3n dentro de los 30 d\u00edas posteriores al accidente en el lugar de trabajo. Presentar el reclamo de inmediato es importante para proteger sus derechos legales.<\/span><span style=\"font-weight: 400;\">\u00a0\u00a0\u00a0\u00a0\u00a0\u00a0<\/span><\/li>\n<li style=\"font-weight: 400;\" aria-level=\"1\"><b>Conserve todos los registros m\u00e9dicos <\/b><span style=\"font-weight: 400;\">: cuando tenga lesiones y afecciones preexistentes, debe conservar todos los registros m\u00e9dicos relacionados con la afecci\u00f3n preexistente, as\u00ed como con la lesi\u00f3n actual en el lugar de trabajo. Es importante mostrar c\u00f3mo empeor\u00f3 su condici\u00f3n debido al accidente actual.<\/span><span style=\"font-weight: 400;\">\u00a0\u00a0\u00a0\u00a0\u00a0\u00a0<\/span><\/li>\n<li style=\"font-weight: 400;\" aria-level=\"1\"><b>Someterse a un examen m\u00e9dico <\/b><span style=\"font-weight: 400;\">: el proveedor de seguros puede solicitar un examen m\u00e9dico independiente para evaluar su historial m\u00e9dico.<\/span><span style=\"font-weight: 400;\">\u00a0\u00a0\u00a0\u00a0\u00a0\u00a0<\/span><\/li>\n<li style=\"font-weight: 400;\" aria-level=\"1\"><b>Comun\u00edquese con un abogado de compensaci\u00f3n para trabajadores<\/b><span style=\"font-weight: 400;\"><strong>:<\/strong> esta es una de las cosas m\u00e1s importantes para reclamar los beneficios m\u00e1ximos por sus lesiones. Los abogados de Work Injury Rights pueden ayudarle a reclamar una compensaci\u00f3n adecuada por sus lesiones en el lugar de trabajo.<\/span><span style=\"font-weight: 400;\">\u00a0\u00a0\u00a0\u00a0\u00a0\u00a0<\/span><\/li>\n<\/ul>\n<h2><b>Podemos ayudarlo a obtener compensaci\u00f3n para trabajadores con lesiones y afecciones preexistentes en Sunrise, FL<\/b><\/h2>\n<p><span style=\"font-weight: 400;\">Cuando se lesiona en el trabajo, tiene derecho a reclamar una indemnizaci\u00f3n por sus lesiones. Las leyes de compensaci\u00f3n de trabajadores de Florida son complejas y requieren asistencia profesional para navegar por el sistema. Tener una lesi\u00f3n o afecci\u00f3n preexistente puede hacer que recibir una compensaci\u00f3n para trabajadores sea m\u00e1s dif\u00edcil.<\/span><\/p>\n<p><span style=\"font-weight: 400;\">Comun\u00edquese con <\/span><a href=\"\/\"><span style=\"font-weight: 400;\">Work Injury Rights<\/span><\/a><span style=\"font-weight: 400;\"> hoy mismo al <a href=\"tel:+19543888616\">954-388-8616<\/a> para manejar su reclamo de compensaci\u00f3n para trabajadores en Sunrise, Florida, y obtener la compensaci\u00f3n m\u00e1xima por sus lesiones, incluso cuando tenga lesiones y afecciones preexistentes en Sunrise.<\/span><\/p>\n","protected":false},"excerpt":{"rendered":"<p>Cuando se lesiona en el trabajo, tiene derecho a reclamar una compensaci\u00f3n por sus lesiones seg\u00fan las leyes de compensaci\u00f3n para trabajadores en Sunrise, Florida. Pero el sistema de compensaci\u00f3n para trabajadores de Florida no es f\u00e1cil de navegar para los empleados lesionados. Aunque el sistema est\u00e1 dise\u00f1ado para compensar a los trabajadores lesionados, hay [&hellip;]<\/p>\n","protected":false},"author":29,"featured_media":0,"parent":5770,"menu_order":0,"comment_status":"closed","ping_status":"closed","template":"","meta":{"_acf_changed":false,"anchor_text":"","footnotes":""},"categories":[],"tags":[113,108],"class_list":["post-5767","page","type-page","status-publish","hentry","tag-workers-compensation-es-2","tag-workers-compensation-es"],"acf":[],"_links":{"self":[{"href":"https:\/\/workinjuryrights.com\/es\/wp-json\/wp\/v2\/pages\/5767","targetHints":{"allow":["GET"]}}],"collection":[{"href":"https:\/\/workinjuryrights.com\/es\/wp-json\/wp\/v2\/pages"}],"about":[{"href":"https:\/\/workinjuryrights.com\/es\/wp-json\/wp\/v2\/types\/page"}],"author":[{"embeddable":true,"href":"https:\/\/workinjuryrights.com\/es\/wp-json\/wp\/v2\/users\/29"}],"replies":[{"embeddable":true,"href":"https:\/\/workinjuryrights.com\/es\/wp-json\/wp\/v2\/comments?post=5767"}],"version-history":[{"count":6,"href":"https:\/\/workinjuryrights.com\/es\/wp-json\/wp\/v2\/pages\/5767\/revisions"}],"predecessor-version":[{"id":6359,"href":"https:\/\/workinjuryrights.com\/es\/wp-json\/wp\/v2\/pages\/5767\/revisions\/6359"}],"up":[{"embeddable":true,"href":"https:\/\/workinjuryrights.com\/es\/wp-json\/wp\/v2\/pages\/5770"}],"wp:attachment":[{"href":"https:\/\/workinjuryrights.com\/es\/wp-json\/wp\/v2\/media?parent=5767"}],"wp:term":[{"taxonomy":"category","embeddable":true,"href":"https:\/\/workinjuryrights.com\/es\/wp-json\/wp\/v2\/categories?post=5767"},{"taxonomy":"post_tag","embeddable":true,"href":"https:\/\/workinjuryrights.com\/es\/wp-json\/wp\/v2\/tags?post=5767"}],"curies":[{"name":"wp","href":"https:\/\/api.w.org\/{rel}","templated":true}]}}