{"id":5768,"date":"2021-08-16T19:58:43","date_gmt":"2021-08-16T19:58:43","guid":{"rendered":"https:\/\/workinjuryrights.com\/sunrise\/reporting-a-work-injury\/"},"modified":"2021-10-05T18:38:08","modified_gmt":"2021-10-05T18:38:08","slug":"informar-lesion-laboral","status":"publish","type":"page","link":"https:\/\/workinjuryrights.com\/es\/sunrise\/abogado-compensacion-laboral\/informar-lesion-laboral\/","title":{"rendered":"C\u00f3mo informar una lesi\u00f3n laboral al Sunrise"},"content":{"rendered":"<p><span style=\"font-weight: 400;\">A pesar de los esfuerzos de todas las industrias para hacer que los lugares de trabajo sean m\u00e1s seguros, los accidentes laborales contin\u00faan todos los d\u00edas en Florida y en todo el pa\u00eds. Si se lesiona en el trabajo en Florida, puede ser elegible para recibir beneficios a trav\u00e9s del programa estatal de compensaci\u00f3n para trabajadores. Esos beneficios pueden incluir atenci\u00f3n m\u00e9dica y reemplazo de salario.<\/span><\/p>\n<p><span style=\"font-weight: 400;\">El prop\u00f3sito de las leyes de compensaci\u00f3n para trabajadores de Florida es proteger a los trabajadores lesionados, independientemente de la culpa, coordinando y administrando reclamos relacionados con lesiones relacionadas con el trabajo. Para asegurarse de obtener los beneficios a los que tiene derecho, debe cumplir con algunos aspectos del proceso de reclamos. Algunos de esos aspectos incluyen reportar una lesi\u00f3n laboral en Sunrise, obtener atenci\u00f3n y tratamiento m\u00e9dico e intentar regresar al trabajo.<\/span><\/p>\n<p><span style=\"font-weight: 400;\">En Work Injury Rights, nuestros experimentados <\/span><a href=\"https:\/\/workinjuryrights.com\/es\/sunrise\/abogado-compensacion-laboral\/\"><span style=\"font-weight: 400;\">abogados de compensaci\u00f3n de trabajadores de Sunrise<\/span><\/a><span style=\"font-weight: 400;\"> brindan orientaci\u00f3n, especialmente en \u00e1reas, como informar su lesi\u00f3n en el lugar de trabajo y obtener los beneficios que se merece. Nuestro objetivo final es defender a los trabajadores lesionados y sus seres queridos en toda Florida. Podemos utilizar nuestra experiencia, conocimiento y dedicaci\u00f3n para ayudarle a informar su lesi\u00f3n en el lugar de trabajo y lograr un resultado favorable. Ll\u00e1menos al <a href=\"tel:+19543888616\">954-388-8616<\/a> para obtener un abogado experto en compensaci\u00f3n laboral de su lado.<\/span><\/p>\n<p><span style=\"font-weight: 400;\"> <\/span><\/p>\n<p><b>\u00bfCu\u00e1nto tiempo tengo para denunciar una lesi\u00f3n laboral en Sunrise, Florida?<\/b><\/p>\n<p><span style=\"font-weight: 400;\">Un empleado que se lesiona en el trabajo debe informar de la lesi\u00f3n a su gerente, supervisor o empleador de inmediato. Incluso las lesiones menores relacionadas con el trabajo deben informarse de inmediato. Todas las lesiones relacionadas con el trabajo deben informarse de inmediato a m\u00e1s tardar <\/span><a href=\"https:\/\/www.myfloridacfo.com\/division\/wc\/employee\/reportaclaim.htm\" target=\"_blank\" rel=\"noopener\"><span style=\"font-weight: 400;\">30 d\u00edas<\/span><\/a>\u00a0<span style=\"font-weight: 400;\">a partir de la fecha del accidente o desde que se entera de que la causa de la lesi\u00f3n o enfermedad podr\u00eda estar relacionada con el trabajo.<\/span><\/p>\n<p><span style=\"font-weight: 400;\">Si se lesiona en el trabajo y necesita atenci\u00f3n m\u00e9dica que no sea de urgencia, informe de inmediato el accidente y su lesi\u00f3n al representante designado por el empleador. Si sufre una lesi\u00f3n en el lugar de trabajo que requiri\u00f3 tratamiento m\u00e9dico de emergencia, priorice su salud y vaya directamente al centro m\u00e9dico m\u00e1s cercano o, si es necesario, comun\u00edquese con los servicios m\u00e9dicos de emergencia. Luego, puede pedirle a su amigo, colega o familiar que informe su lesi\u00f3n a su supervisor o empleador dentro de los 30 d\u00edas posteriores a la fecha del accidente.<\/span><\/p>\n<h2><b>\u00bfA qui\u00e9n debo informar una lesi\u00f3n en el lugar de trabajo?<\/b><\/h2>\n<p><span style=\"font-weight: 400;\">Los empleados lesionados deben informar sus lesiones relacionadas con el trabajo a su supervisor, al representante designado del empleador oa su empleador.<\/span><\/p>\n<p><span style=\"font-weight: 400;\">Es importante tener en cuenta que tiene 30 d\u00edas a partir de la fecha de su accidente o 30 d\u00edas a partir del diagn\u00f3stico de su m\u00e9dico de que padece una enfermedad o lesi\u00f3n relacionada con el trabajo para notificar a su empleador que sufri\u00f3 una lesi\u00f3n o enfermedad relacionada con el trabajo.<\/span><\/p>\n<p><span style=\"font-weight: 400;\">Despu\u00e9s de informar sobre una lesi\u00f3n en el lugar de trabajo, su empleador tiene siete d\u00edas para notificar al proveedor de seguros de compensaci\u00f3n para trabajadores. Esto crear\u00e1 un registro del accidente e iniciar\u00e1 el tratamiento m\u00e9dico. Es mejor informar por escrito su lesi\u00f3n relacionada con el trabajo, incluso despu\u00e9s de haberla hecho verbalmente. Adem\u00e1s, le recomendamos que anote el nombre del supervisor o gerente que recibi\u00f3 su informe de la lesi\u00f3n y la fecha y hora en que inform\u00f3 su lesi\u00f3n para su registro personal.<\/span><\/p>\n<h2><b>\u00bfCu\u00e1les son las responsabilidades del empleador despu\u00e9s de una lesi\u00f3n relacionada con el trabajo?<\/b><\/h2>\n<p><span style=\"font-weight: 400;\">A continuaci\u00f3n se detallan las responsabilidades de un empleador en Sunrise, FL, seg\u00fan el sistema de compensaci\u00f3n para trabajadores:<\/span><\/p>\n<ul>\n<li style=\"font-weight: 400;\" aria-level=\"1\"><span style=\"font-weight: 400;\">Todos los empleadores que hayan obtenido una compensaci\u00f3n para trabajadores en Florida deben publicar un aviso que contenga la informaci\u00f3n de su compa\u00f1\u00eda de seguros en un lugar visible, incluida una declaraci\u00f3n antifraude y la fecha de vencimiento de la p\u00f3liza.<\/span><span style=\"font-weight: 400;\">\u00a0\u00a0\u00a0\u00a0\u00a0\u00a0<\/span><\/li>\n<li style=\"font-weight: 400;\" aria-level=\"1\"><span style=\"font-weight: 400;\">Tan pronto como un empleador o supervisor tenga conocimiento de una lesi\u00f3n o enfermedad relacionada con el trabajo, debe comunicarse de inmediato con su proveedor de seguros de compensaci\u00f3n para trabajadores. El no informar el accidente dentro de los 7 d\u00edas podr\u00eda someter al empleador a una multa que no exceda los $2000 usd por incidente.<\/span><span style=\"font-weight: 400;\">\u00a0\u00a0\u00a0\u00a0\u00a0\u00a0<\/span><\/li>\n<li style=\"font-weight: 400;\" aria-level=\"1\"><span style=\"font-weight: 400;\">Los empleadores deben completar el <\/span><a href=\"https:\/\/www.myfloridacfo.com\/division\/wc\/employee\/faq.htm\" target=\"_blank\" rel=\"noopener\"><span style=\"font-weight: 400;\">formulario de Primer Informe de Enfermedad o Lesi\u00f3n (DWC-1)<\/span><\/a><span style=\"font-weight: 400;\"> y enviarlo a la compa\u00f1\u00eda de seguros de compensaci\u00f3n para trabajadores.<\/span><span style=\"font-weight: 400;\">\u00a0\u00a0\u00a0\u00a0\u00a0\u00a0<\/span><\/li>\n<li style=\"font-weight: 400;\" aria-level=\"1\"><span style=\"font-weight: 400;\">Los empleadores en Florida tienen 24 horas para reportar una muerte como resultado de una lesi\u00f3n o enfermedad en el lugar de trabajo a la Divisi\u00f3n de Compensaci\u00f3n para Trabajadores.<\/span><span style=\"font-weight: 400;\">\u00a0\u00a0\u00a0\u00a0\u00a0\u00a0<\/span><\/li>\n<li style=\"font-weight: 400;\" aria-level=\"1\"><span style=\"font-weight: 400;\">Los empleadores deben completar y proporcionar el formulario de reemplazo de salario a su compa\u00f1\u00eda de seguros para cualquier trabajador que tenga derecho a beneficios de indemnizaci\u00f3n dentro de los 14 d\u00edas posteriores al conocimiento de la lesi\u00f3n \/ accidente.<\/span><\/li>\n<\/ul>\n<p><a href=\"https:\/\/workinjuryrights.com\/wp-content\/uploads\/2021\/08\/reporting-a-work-injury-in-Sunrise-Florida.jpg\"><img fetchpriority=\"high\" decoding=\"async\" class=\"alignnone size-full wp-image-3523\" src=\"https:\/\/workinjuryrights.com\/wp-content\/uploads\/2021\/08\/reporting-a-work-injury-in-Sunrise-Florida.jpg\" alt=\"Clipboard with form for reporting a work injury in Sunrise, Florida\" width=\"500\" height=\"331\" srcset=\"https:\/\/workinjuryrights.com\/wp-content\/uploads\/2021\/08\/reporting-a-work-injury-in-Sunrise-Florida.jpg 500w, https:\/\/workinjuryrights.com\/wp-content\/uploads\/2021\/08\/reporting-a-work-injury-in-Sunrise-Florida-300x199.jpg 300w\" sizes=\"(max-width: 500px) 100vw, 500px\" \/><\/a><\/p>\n<h2><b>\u00bfCu\u00e1les son las responsabilidades del empleado despu\u00e9s de una lesi\u00f3n relacionada con el trabajo?<\/b><\/h2>\n<p><span style=\"font-weight: 400;\">Si se lesiona como resultado de una lesi\u00f3n en el lugar de trabajo, tiene ciertos derechos y responsabilidades. Las responsabilidades de los empleados lesionados incluyen:<\/span><\/p>\n<ul>\n<li style=\"font-weight: 400;\" aria-level=\"1\"><span style=\"font-weight: 400;\">Comun\u00edquese con su supervisor, gerente o empleador de inmediato para informar sobre su enfermedad o lesi\u00f3n en el trabajo.<\/span><span style=\"font-weight: 400;\">\u00a0\u00a0\u00a0\u00a0\u00a0\u00a0<\/span><\/li>\n<li style=\"font-weight: 400;\" aria-level=\"1\"><span style=\"font-weight: 400;\">Debe proporcionarle a su empleador una copia del formulario de Informe de estado o tratamiento m\u00e9dico despu\u00e9s de cada visita a un proveedor m\u00e9dico.<\/span><span style=\"font-weight: 400;\">\u00a0\u00a0\u00a0\u00a0\u00a0\u00a0<\/span><\/li>\n<li style=\"font-weight: 400;\" aria-level=\"1\"><span style=\"font-weight: 400;\">Debe intentar regresar al trabajo cuando su m\u00e9dico tratante lo d\u00e9 de alta y cuando su jefe le ofrezca un puesto dentro de sus limitaciones f\u00edsicas para evitar sospechas de sus beneficios de indemnizaci\u00f3n.<\/span><span style=\"font-weight: 400;\">\u00a0\u00a0\u00a0\u00a0\u00a0\u00a0<\/span><\/li>\n<li style=\"font-weight: 400;\" aria-level=\"1\"><span style=\"font-weight: 400;\">Comun\u00edquese con la compa\u00f1\u00eda de seguros y complete y devuelva los formularios al proveedor de seguros cuando se le solicite, incluida la declaraci\u00f3n de fraude obligatoria.<\/span><span style=\"font-weight: 400;\">\u00a0\u00a0\u00a0\u00a0\u00a0\u00a0<\/span><\/li>\n<li style=\"font-weight: 400;\" aria-level=\"1\"><span style=\"font-weight: 400;\">Notifique al proveedor de seguros sobre cualquier cambio de n\u00famero de tel\u00e9fono o direcci\u00f3n.<\/span><span style=\"font-weight: 400;\">\u00a0\u00a0\u00a0\u00a0\u00a0\u00a0<\/span><\/li>\n<li style=\"font-weight: 400;\" aria-level=\"1\"><span style=\"font-weight: 400;\">Informe sus ingresos de todas las fuentes de empleo a la compa\u00f1\u00eda de seguros si tiene m\u00e1s de un empleador dentro de las 13 semanas posteriores a la fecha del accidente.<\/span><span style=\"font-weight: 400;\">\u00a0\u00a0\u00a0\u00a0\u00a0\u00a0<\/span><\/li>\n<li style=\"font-weight: 400;\" aria-level=\"1\"><span style=\"font-weight: 400;\">Mantenga sus citas con su m\u00e9dico tratante.<\/span><span style=\"font-weight: 400;\">\u00a0\u00a0\u00a0\u00a0\u00a0\u00a0<\/span><\/li>\n<li style=\"font-weight: 400;\" aria-level=\"1\"><span style=\"font-weight: 400;\">Obtenga una copia del formulario de Informe de estado o tratamiento m\u00e9dico (DWC25) de su m\u00e9dico.<\/span><span style=\"font-weight: 400;\">\u00a0\u00a0\u00a0\u00a0\u00a0\u00a0<\/span><\/li>\n<\/ul>\n<h2><b>\u00bfPor qu\u00e9 contratar a un abogado de indemnizaci\u00f3n laboral en Sunrise?<\/b><\/h2>\n<p><span style=\"font-weight: 400;\">Cuando est\u00e9 en el trabajo en cualquier entorno de trabajo en Florida, solo puede esperar que sus jefes hayan seguido las regulaciones de seguridad federales y estatales, lo hayan capacitado adecuadamente y le hayan brindado un entorno de trabajo libre de peligros. Una lesi\u00f3n relacionada con el trabajo puede costarle m\u00e1s que los costos m\u00e9dicos: puede dejarlo sin trabajo durante mucho tiempo o incluso dejarlo con una discapacidad permanente, arruinando su carrera para siempre.<\/span><\/p>\n<p><span style=\"font-weight: 400;\">Es importante trabajar con un abogado experimentado en compensaci\u00f3n para trabajadores de Sunrise para representar sus intereses en asuntos relacionados con accidentes laborales. En Work Injury Rights, entendemos que momentos como estos pueden ser desafiantes y confusos para toda la familia, raz\u00f3n por la cual nuestros compasivos y experimentados abogados de compensaci\u00f3n para trabajadores de Sunrise est\u00e1n aqu\u00ed para usted en cada paso del proceso. \u00a1P\u00f3ngase en contacto con nuestro equipo legal cuando informe una lesi\u00f3n relacionada con el trabajo en Sunrise!<\/span><\/p>\n<h2><b>Ll\u00e1menos hoy cuando informe una lesi\u00f3n laboral al amanecer<\/b><\/h2>\n<p><span style=\"font-weight: 400;\">La notificaci\u00f3n oportuna de lesiones o enfermedades relacionadas con el trabajo es una parte integral de su reclamo de compensaci\u00f3n para trabajadores. Las demoras en informar su lesi\u00f3n en el trabajo pueden ser perjudiciales para usted cuando obtenga los beneficios m\u00e9dicos y de indemnizaci\u00f3n necesarios a los que pueda tener derecho. Si tiene alguna pregunta sobre c\u00f3mo informar su lesi\u00f3n relacionada con el trabajo o c\u00f3mo comenzar con la atenci\u00f3n m\u00e9dica, llame a nuestros abogados de compensaci\u00f3n para trabajadores de Sunrise al <a href=\"tel:+19543888616\">954-388-8616<\/a>, y podemos ayudarlo.<\/span><\/p>\n<p><span style=\"font-weight: 400;\">Ofrecemos a los trabajadores lesionados y a sus seres queridos evaluaciones de casos sin costo para discutir sus reclamos. Llame a <\/span><a href=\"\/\"><span style=\"font-weight: 400;\">Work Injury Rights<\/span><\/a><span style=\"font-weight: 400;\"> para programar una consulta gratuita.<\/span><\/p>\n","protected":false},"excerpt":{"rendered":"<p>A pesar de los esfuerzos de todas las industrias para hacer que los lugares de trabajo sean m\u00e1s seguros, los accidentes laborales contin\u00faan todos los d\u00edas en Florida y en todo el pa\u00eds. Si se lesiona en el trabajo en Florida, puede ser elegible para recibir beneficios a trav\u00e9s del programa estatal de compensaci\u00f3n para [&hellip;]<\/p>\n","protected":false},"author":29,"featured_media":0,"parent":5770,"menu_order":0,"comment_status":"closed","ping_status":"closed","template":"","meta":{"_acf_changed":false,"anchor_text":"","footnotes":""},"categories":[],"tags":[113,108],"class_list":["post-5768","page","type-page","status-publish","hentry","tag-workers-compensation-es-2","tag-workers-compensation-es"],"acf":[],"_links":{"self":[{"href":"https:\/\/workinjuryrights.com\/es\/wp-json\/wp\/v2\/pages\/5768","targetHints":{"allow":["GET"]}}],"collection":[{"href":"https:\/\/workinjuryrights.com\/es\/wp-json\/wp\/v2\/pages"}],"about":[{"href":"https:\/\/workinjuryrights.com\/es\/wp-json\/wp\/v2\/types\/page"}],"author":[{"embeddable":true,"href":"https:\/\/workinjuryrights.com\/es\/wp-json\/wp\/v2\/users\/29"}],"replies":[{"embeddable":true,"href":"https:\/\/workinjuryrights.com\/es\/wp-json\/wp\/v2\/comments?post=5768"}],"version-history":[{"count":6,"href":"https:\/\/workinjuryrights.com\/es\/wp-json\/wp\/v2\/pages\/5768\/revisions"}],"predecessor-version":[{"id":6512,"href":"https:\/\/workinjuryrights.com\/es\/wp-json\/wp\/v2\/pages\/5768\/revisions\/6512"}],"up":[{"embeddable":true,"href":"https:\/\/workinjuryrights.com\/es\/wp-json\/wp\/v2\/pages\/5770"}],"wp:attachment":[{"href":"https:\/\/workinjuryrights.com\/es\/wp-json\/wp\/v2\/media?parent=5768"}],"wp:term":[{"taxonomy":"category","embeddable":true,"href":"https:\/\/workinjuryrights.com\/es\/wp-json\/wp\/v2\/categories?post=5768"},{"taxonomy":"post_tag","embeddable":true,"href":"https:\/\/workinjuryrights.com\/es\/wp-json\/wp\/v2\/tags?post=5768"}],"curies":[{"name":"wp","href":"https:\/\/api.w.org\/{rel}","templated":true}]}}