{"id":5769,"date":"2021-08-16T19:56:17","date_gmt":"2021-08-16T19:56:17","guid":{"rendered":"https:\/\/workinjuryrights.com\/sunrise\/workers-compensation-mmi\/"},"modified":"2022-03-14T19:32:48","modified_gmt":"2022-03-14T19:32:48","slug":"mmm-maxima-mejoria-medica","status":"publish","type":"page","link":"https:\/\/workinjuryrights.com\/es\/sunrise\/abogado-compensacion-laboral\/mmm-maxima-mejoria-medica\/","title":{"rendered":"Mejor\u00eda M\u00e9dica M\u00e1xima de Sunrise"},"content":{"rendered":"<p><span style=\"font-weight: 400;\">Cuando se trata de un diagn\u00f3stico de mejora m\u00e9dica m\u00e1xima (MMM) de Sunrise, querr\u00e1 obtener las respuestas a todas sus preguntas en un solo lugar. Aqu\u00ed es donde un bufete de abogados de renombre como el nuestro en Work Injury Rights juega un papel importante. Estamos comprometidos con el proceso y nos aseguraremos de ofrecer una soluci\u00f3n que sea precisa y que cumpla con la ley.<\/span><\/p>\n<p><span style=\"font-weight: 400;\">Para obtener m\u00e1s informaci\u00f3n sobre los derechos de accidentes laborales y lo que podemos hacer por usted, llame a nuestros <\/span><a href=\"https:\/\/workinjuryrights.com\/es\/sunrise\/abogado-compensacion-laboral\/\"><span style=\"font-weight: 400;\">abogados de compensaci\u00f3n para trabajadores de Sunrise<\/span><\/a><span style=\"font-weight: 400;\"> al <a href=\"tel:+19543888616\">954-388-8616<\/a>. Nos aseguraremos de que todo se haga correctamente.<\/span><\/p>\n<h2><b>\u00bfQu\u00e9 es la Mejor\u00eda M\u00e9dica M\u00e1xima (MMM)?<\/b><\/h2>\n<p><span style=\"font-weight: 400;\">Este diagn\u00f3stico se les da a aquellos que han pasado por un riguroso panel de opciones de tratamiento solo para seguir viendo los mismos resultados. Llegar\u00e1 un momento en el que no importa cu\u00e1l sea el plan de tratamiento porque los resultados seguir\u00e1n siendo los mismos. Esto sucede mucho con las lesiones en el lugar de trabajo, especialmente si fueron graves (es decir, discapacidad). El m\u00e9dico intentar\u00e1 hacer todo lo posible para ayudar, pero es posible que tenga que dar el diagn\u00f3stico de MMM despu\u00e9s de cierto punto.<\/span><\/p>\n<p><span style=\"font-weight: 400;\">Si recibe un diagn\u00f3stico de MMM, es hora de llamar a Work Injury Rights para obtener m\u00e1s informaci\u00f3n.<\/span><\/p>\n<h2><b>\u00bfQui\u00e9n determina cu\u00e1ndo el empleado ha logrado la m\u00e1xima mejor\u00eda m\u00e9dica en Sunrise, Florida?<\/b><\/h2>\n<p><span style=\"font-weight: 400;\">Con los casos de <\/span><a href=\"https:\/\/en.wikipedia.org\/wiki\/Maximum_medical_improvement\" target=\"_blank\" rel=\"noopener\"><span style=\"font-weight: 400;\">m\u00e1xima mejora m\u00e9dica<\/span><\/a>\u00a0<span style=\"font-weight: 400;\">de Sunrise , querr\u00e1 comenzar con el experto m\u00e9dico responsable del diagn\u00f3stico.<\/span><\/p>\n<p><span style=\"font-weight: 400;\">En la mayor\u00eda de los casos, el diagn\u00f3stico provendr\u00e1 de un profesional m\u00e9dico certificado con licencia para ejercer en Florida. Este es un profesional que puede crear la documentaci\u00f3n de diagn\u00f3stico de m\u00e1xima mejora m\u00e9dica de Sunrise necesaria para que sea oficial. Este es un documento que tambi\u00e9n va a recibir y ser\u00e1 importante de cara al futuro. Es mejor conservarlo ya que importar\u00e1 a largo plazo.<\/span><\/p>\n<p><span style=\"font-weight: 400;\">En Work Injury Rights, podemos ayudarlo a administrar el documento y tambi\u00e9n aclararemos c\u00f3mo se utilizar\u00e1 para sus beneficios de compensaci\u00f3n para trabajadores.<\/span><\/p>\n<h2><b>\u00bfSeguir\u00e1 siendo el tratamiento m\u00e9dico una opci\u00f3n despu\u00e9s de un diagn\u00f3stico de mejor\u00eda m\u00e9dica m\u00e1xima Sunrise?<\/b><\/h2>\n<p><span style=\"font-weight: 400;\">El tratamiento m\u00e9dico no se reserva para mejorar. Este es solo un elemento de un plan de tratamiento, por lo que puede continuar f\u00e1cilmente con el tratamiento despu\u00e9s del diagn\u00f3stico de MMM.<\/span><\/p>\n<p><span style=\"font-weight: 400;\">La raz\u00f3n de esto tiene que ver con los s\u00edntomas subyacentes asociados con un caso de m\u00e1xima mejor\u00eda m\u00e9dica en Sunrise, Florida.<\/span><\/p>\n<p><span style=\"font-weight: 400;\">Si usted es alguien que est\u00e1 buscando pasar por una configuraci\u00f3n de manejo del dolor, necesitar\u00e1 tratamiento para que esto suceda. Si se aleja del tratamiento, es posible que no se sienta bien en absoluto. Es por eso que la ley le permite continuar con el tratamiento seg\u00fan sea necesario.<\/span><\/p>\n<p><span style=\"font-weight: 400;\">No tendr\u00e1 ninguna limitaci\u00f3n cuando se trata de recibir tratamiento, incluso cuando se apruebe el diagn\u00f3stico de m\u00e1xima mejor\u00eda m\u00e9dica de Sunrise. Para obtener m\u00e1s informaci\u00f3n sobre c\u00f3mo funciona todo esto, llame a Work Injury Rights al <a href=\"tel:+19543888616\">954-388-8616<\/a>.<\/span><\/p>\n<p><a href=\"https:\/\/workinjuryrights.com\/wp-content\/uploads\/2021\/08\/Sunrise-maximum-medical-improvement.jpg\"><img fetchpriority=\"high\" decoding=\"async\" class=\"alignnone size-full wp-image-3517\" src=\"https:\/\/workinjuryrights.com\/wp-content\/uploads\/2021\/08\/Sunrise-maximum-medical-improvement.jpg\" alt=\"Doctor determining Sunrise maximum medical improvement\" width=\"500\" height=\"282\" srcset=\"https:\/\/workinjuryrights.com\/wp-content\/uploads\/2021\/08\/Sunrise-maximum-medical-improvement.jpg 500w, https:\/\/workinjuryrights.com\/wp-content\/uploads\/2021\/08\/Sunrise-maximum-medical-improvement-300x169.jpg 300w\" sizes=\"(max-width: 500px) 100vw, 500px\" \/><\/a><\/p>\n<h2><b>\u00bfQu\u00e9 sucede si no puede ir a trabajar correctamente y cumplir al mismo nivel despu\u00e9s de su diagn\u00f3stico de MMM?<\/b><\/h2>\n<p><span style=\"font-weight: 400;\">Hay situaciones en las que querr\u00e1s volver al trabajo pero no ser\u00e1 posible. Esta es una preocupaci\u00f3n com\u00fan que se observa con los casos de diagn\u00f3stico de MMM porque no es f\u00e1cil volver a lo que estaba haciendo sin estar al 100%. Si eso es algo con lo que puede identificarse, entonces es mejor buscar una alternativa m\u00e1s segura. Esto incluye tomarse el tiempo para comunicarse con un bufete de abogados de confianza, como Work Injury Rights.<\/span><\/p>\n<p><span style=\"font-weight: 400;\">Nos centraremos en ofrecer una soluci\u00f3n completa y que arroje luz sobre lo que debe suceder a continuaci\u00f3n sin tomar atajos. Sabemos que esta es una de las fases m\u00e1s importantes de su vida y debe manejarse con cuidado. Con nuestra experiencia legal, podr\u00e1 solicitar <\/span><a href=\"https:\/\/www.myfloridacfo.com\/division\/wc\/Employee\/\" target=\"_blank\" rel=\"noopener\"><span style=\"font-weight: 400;\">los beneficios de compensaci\u00f3n para trabajadores<\/span><\/a><span style=\"font-weight: 400;\"> en Sunrise sin perder tiempo.<\/span><\/p>\n<p><span style=\"font-weight: 400;\">Si eso es algo que le interesa, es mejor que nos llame al <a href=\"tel:+19543888616\">954-388-8616<\/a>.<\/span><\/p>\n<h2><b>\u00bfPor qu\u00e9 contratar a un abogado de indemnizaci\u00f3n laboral en Sunrise?<\/b><\/h2>\n<p><span style=\"font-weight: 400;\">Con el diagn\u00f3stico de MMM, querr\u00e1 saber qu\u00e9 tiene que suceder para que su vida vuelva a ser como era.<\/span><\/p>\n<p><span style=\"font-weight: 400;\">Hay varios detalles en los que pensar y ese es el primer punto que debe tener en cuenta cuando se trata de casos de m\u00e1xima mejor\u00eda m\u00e9dica de Sunrise. Si se toma el tiempo para investigar esto, le resultar\u00e1 mucho m\u00e1s f\u00e1cil manejar el caso.<\/span><\/p>\n<p><span style=\"font-weight: 400;\">Con nuestro bufete de abogados en Work Injury Rights, descubrir\u00e1 qu\u00e9 enfoque es el mejor. Esto incluye la estrategia que se utilizar\u00e1 junto con la fecha en que se presentar\u00e1 el pr\u00f3ximo reclamo.<\/span><\/p>\n<p><span style=\"font-weight: 400;\">Es esta informaci\u00f3n la que le permitir\u00e1 encontrar la paz con la situaci\u00f3n actual. Para obtener m\u00e1s informaci\u00f3n sobre los derechos de accidentes laborales y por qu\u00e9 somos el \u00fanico bufete de abogados en el que desea confiar en Sunrise, ll\u00e1menos al <a href=\"tel:+19543888616\">954-388-8616<\/a>. Estaremos comprometidos con la tarea y todo saldr\u00e1 a su favor.<\/span><\/p>\n<h2><b>Ll\u00e1menos hoy para comprender su mejor\u00eda m\u00e9dica m\u00e1xima de Sunrise<\/b><\/h2>\n<p><span style=\"font-weight: 400;\">Lidiar con un diagn\u00f3stico como este va a traer consigo varias preguntas. Querr\u00e1 saber cu\u00e1les son los pr\u00f3ximos pasos, qu\u00e9 debe considerar y qu\u00e9 evitar. Son estos detalles los que van a jugar un papel en su enfoque para manejar un diagn\u00f3stico de mejora m\u00e9dica m\u00e1xima de Sunrise.<\/span><\/p>\n<p><span style=\"font-weight: 400;\">Estar en una situaci\u00f3n como esta va a ser dif\u00edcil pero no es una tarea imposible. Con nuestra ayuda en Work Injury Rights, aprender\u00e1 mucho sobre sus opciones legales y por qu\u00e9 podemos ayudarlo en el camino.<\/span><\/p>\n<p><span style=\"font-weight: 400;\">Para obtener m\u00e1s informaci\u00f3n sobre lo que tenemos para ofrecer, no dude en llamar a <\/span><a href=\"\/\"><span style=\"font-weight: 400;\">Work Injury Rights<\/span><\/a><span style=\"font-weight: 400;\"> <a href=\"tel:+19543888616\">954-388-8616<\/a>. Revisaremos cada detalle y elaboraremos un plan legal que funcionar\u00e1 para usted a largo plazo.<\/span><\/p>\n","protected":false},"excerpt":{"rendered":"<p>Cuando se trata de un diagn\u00f3stico de mejora m\u00e9dica m\u00e1xima (MMM) de Sunrise, querr\u00e1 obtener las respuestas a todas sus preguntas en un solo lugar. Aqu\u00ed es donde un bufete de abogados de renombre como el nuestro en Work Injury Rights juega un papel importante. Estamos comprometidos con el proceso y nos aseguraremos de ofrecer [&hellip;]<\/p>\n","protected":false},"author":29,"featured_media":0,"parent":5770,"menu_order":0,"comment_status":"closed","ping_status":"closed","template":"","meta":{"_acf_changed":false,"anchor_text":"","footnotes":""},"categories":[],"tags":[45,113,108],"class_list":["post-5769","page","type-page","status-publish","hentry","tag-workers-compensation","tag-workers-compensation-es-2","tag-workers-compensation-es"],"acf":[],"_links":{"self":[{"href":"https:\/\/workinjuryrights.com\/es\/wp-json\/wp\/v2\/pages\/5769","targetHints":{"allow":["GET"]}}],"collection":[{"href":"https:\/\/workinjuryrights.com\/es\/wp-json\/wp\/v2\/pages"}],"about":[{"href":"https:\/\/workinjuryrights.com\/es\/wp-json\/wp\/v2\/types\/page"}],"author":[{"embeddable":true,"href":"https:\/\/workinjuryrights.com\/es\/wp-json\/wp\/v2\/users\/29"}],"replies":[{"embeddable":true,"href":"https:\/\/workinjuryrights.com\/es\/wp-json\/wp\/v2\/comments?post=5769"}],"version-history":[{"count":5,"href":"https:\/\/workinjuryrights.com\/es\/wp-json\/wp\/v2\/pages\/5769\/revisions"}],"predecessor-version":[{"id":6515,"href":"https:\/\/workinjuryrights.com\/es\/wp-json\/wp\/v2\/pages\/5769\/revisions\/6515"}],"up":[{"embeddable":true,"href":"https:\/\/workinjuryrights.com\/es\/wp-json\/wp\/v2\/pages\/5770"}],"wp:attachment":[{"href":"https:\/\/workinjuryrights.com\/es\/wp-json\/wp\/v2\/media?parent=5769"}],"wp:term":[{"taxonomy":"category","embeddable":true,"href":"https:\/\/workinjuryrights.com\/es\/wp-json\/wp\/v2\/categories?post=5769"},{"taxonomy":"post_tag","embeddable":true,"href":"https:\/\/workinjuryrights.com\/es\/wp-json\/wp\/v2\/tags?post=5769"}],"curies":[{"name":"wp","href":"https:\/\/api.w.org\/{rel}","templated":true}]}}