{"id":5771,"date":"2021-08-16T20:07:29","date_gmt":"2021-08-16T20:07:29","guid":{"rendered":"https:\/\/workinjuryrights.com\/sunrise\/workers-compensation-benefits\/"},"modified":"2021-10-05T18:36:21","modified_gmt":"2021-10-05T18:36:21","slug":"beneficios-laborales","status":"publish","type":"page","link":"https:\/\/workinjuryrights.com\/es\/sunrise\/abogado-compensacion-laboral\/beneficios-laborales\/","title":{"rendered":"Beneficios de compensaci\u00f3n laboral en Sunrise"},"content":{"rendered":"<p><span style=\"font-weight: 400;\">Una lesi\u00f3n inesperada no s\u00f3lo puede dejarlo con facturas m\u00e9dicas elevadas, sino que tambi\u00e9n puede afectar su capacidad para hacer su trabajo y obtener ingresos. En el caso de que sufra una lesi\u00f3n relacionada con el trabajo en Sunrise, puede tener derecho a varios tipos de beneficios bajo el sistema de Compensaci\u00f3n para Trabajadores de Florida. Los beneficios de compensaci\u00f3n para trabajadores en Sunrise est\u00e1n dise\u00f1ados para proporcionar beneficios m\u00e9dicos, beneficios por discapacidad, rehabilitaci\u00f3n vocacional y beneficios por fallecimiento en caso de que pierda a su ser querido como resultado de una lesi\u00f3n relacionada con el trabajo.<\/span><\/p>\n<p><span style=\"font-weight: 400;\">Si bien puede tener derecho a recibir estos beneficios, esto no siempre est\u00e1 garantizado. El proceso legal que rodea a los reclamos de compensaci\u00f3n para trabajadores es bastante complejo y los reclamantes a menudo enfrentan muchos obst\u00e1culos a lo largo del proceso, incluido el rechazo de sus empleadores y aseguradoras. Es por eso que es aconsejable contratar a un <\/span><a href=\"https:\/\/workinjuryrights.com\/es\/sunrise\/abogado-compensacion-laboral\/\"><span style=\"font-weight: 400;\">abogado con experiencia en compensaci\u00f3n para trabajadores en Sunrise <\/span><\/a><span style=\"font-weight: 400;\">para que lo ayude a presentar su reclamo. Nuestros abogados de compensaci\u00f3n para trabajadores en Work Injury Rights lo ayudar\u00e1n a determinar si cumple con los criterios de beneficios y luchar\u00e1n arduamente para garantizar que se le otorguen todos los beneficios que se merece.<\/span><\/p>\n<p><span style=\"font-weight: 400;\">Ll\u00e1menos hoy al <a href=\"tel:+19543888616\">954-388-8616<\/a> para obtener m\u00e1s informaci\u00f3n sobre su caso y los tipos de beneficios a los que puede tener derecho.<\/span><\/p>\n<p><span style=\"font-weight: 400;\"> <\/span><\/p>\n<h2><b>\u00bfCu\u00e1les son los l\u00edmites de ingresos de compensaci\u00f3n laboral de Florida?<\/b><\/h2>\n<p><span style=\"font-weight: 400;\">Generalmente, los beneficios de compensaci\u00f3n para trabajadores en Sunrise se calculan sobre la base de dos tercios de su salario semanal promedio. M\u00e1s espec\u00edficamente, dos tercios del salario semanal promedio ganado durante las \u00faltimas 52 semanas anteriores a la fecha del accidente.<\/span><\/p>\n<p><span style=\"font-weight: 400;\">Independientemente de la regla de los dos tercios, existe un l\u00edmite en cuanto a cu\u00e1nto puede recibir en t\u00e9rminos de beneficios de ingresos en el estado de Florida. La cantidad m\u00e1xima que se puede pagar a un trabajador lesionado se establece en el 100% del salario semanal promedio en todo el estado. Esto significa que a partir de ahora, la tasa de compensaci\u00f3n semanal m\u00e1xima es de $1,011 usd.<\/span><\/p>\n<p><span style=\"font-weight: 400;\">Si dos tercios de su salario semanal promedio es una cantidad superior a $1,011 usd, a\u00fan recibir\u00e1 $1,011 usd, la cantidad m\u00e1xima permitida actualmente.<\/span><\/p>\n<h2><b>\u00bfCu\u00e1les son los tipos de beneficios de compensaci\u00f3n para trabajadores de Florida?<\/b><\/h2>\n<p><span style=\"font-weight: 400;\">Hay cuatro tipos principales de <\/span><a href=\"https:\/\/www.myfloridacfo.com\/Division\/WC\/Employee\/Benefits\/lost-wages.htm\" target=\"_blank\" rel=\"noopener\"><span style=\"font-weight: 400;\">beneficios por discapacidad disponibles bajo la Compensaci\u00f3n para Trabajadores de Florida<\/span><\/a><span style=\"font-weight: 400;\">. El tipo de beneficios que puede esperar recibir depender\u00e1 de su nivel de discapacidad y de cu\u00e1nto tiempo se espera que dure la discapacidad. La discapacidad seg\u00fan la compensaci\u00f3n de trabajadores de Florida es la incapacidad de un empleado para ganar un salario debido a sus lesiones o enfermedades relacionadas con el trabajo.<\/span><\/p>\n<h3><b>Beneficios por discapacidad total temporal (TTD)<\/b><\/h3>\n<p><span style=\"font-weight: 400;\">Estos tipos de beneficios por discapacidad est\u00e1n disponibles para usted si no puede trabajar en ninguna capacidad como resultado de sus lesiones. Los beneficios totales temporales solo se activan si permanece sin trabajo durante un m\u00ednimo de 7 d\u00edas, tambi\u00e9n conocido como per\u00edodo de espera. En caso de que la discapacidad persista durante m\u00e1s de 21 d\u00edas posteriores, tambi\u00e9n tendr\u00e1 derecho a recibir beneficios durante el per\u00edodo de espera.<\/span><\/p>\n<p><span style=\"font-weight: 400;\">Los beneficios de TTD se determinan como dos tercios del salario semanal promedio y se pagan por un m\u00e1ximo de 104 semanas o hasta que el m\u00e9dico determine que puede regresar a trabajar. En caso de que el m\u00e9dico determine que ha alcanzado la mejor\u00eda m\u00e9dica m\u00e1xima, la reclamaci\u00f3n se reclasificar\u00e1 como reclamaci\u00f3n por lesiones permanentes.<\/span><\/p>\n<h3><b>Beneficios por discapacidad parcial temporal (TPD)<\/b><\/h3>\n<p><span style=\"font-weight: 400;\">Ser\u00e1 elegible para los beneficios de TPD si el m\u00e9dico le permite regresar al trabajo pero con una capacidad reducida. Esto significa trabajar menos horas o que se le asignen trabajos ligeros. Como resultado, puede esperar ver una reducci\u00f3n en el salario.<\/span><\/p>\n<p><span style=\"font-weight: 400;\">Los beneficios de TPD est\u00e1n dise\u00f1ados para ayudar a cubrir una parte de la diferencia entre lo que ganaba inicialmente antes de la lesi\u00f3n y lo que gana actualmente. Los beneficios de TPB se calculan como el 80% de la diferencia entre su salario semanal promedio actual y el 80% de su salario semanal promedio anterior. Los beneficios de TPD se pagan por un m\u00e1ximo de 104 semanas.<\/span><\/p>\n<h3><b>Beneficios por discapacidad parcial permanente (PPD)<\/b><\/h3>\n<p><span style=\"font-weight: 400;\">Usted califica para los beneficios de PPD si el m\u00e9dico determina que ha logrado la m\u00e1xima mejor\u00eda m\u00e9dica. Esto significa que no esperan que su condici\u00f3n mejore m\u00e1s. En este caso, se ver\u00e1 obligado a trabajar en una capacidad que se adapte a su discapacidad, lo que tambi\u00e9n significa un salario inferior al que sol\u00eda ganar.<\/span><\/p>\n<p><span style=\"font-weight: 400;\">Despu\u00e9s de una evaluaci\u00f3n, el m\u00e9dico le asignar\u00e1 una calificaci\u00f3n de discapacidad que se utilizar\u00e1 para determinar sus beneficios de PPD. El monto de sus beneficios y la duraci\u00f3n del pago variar\u00e1n seg\u00fan su nivel de discapacidad.<\/span><\/p>\n<p><a href=\"https:\/\/workinjuryrights.com\/wp-content\/uploads\/2021\/08\/Workers-compensation-benefits-in-Sunrise-FL.jpg\"><img fetchpriority=\"high\" decoding=\"async\" class=\"alignnone size-full wp-image-3532\" src=\"https:\/\/workinjuryrights.com\/wp-content\/uploads\/2021\/08\/Workers-compensation-benefits-in-Sunrise-FL.jpg\" alt=\"Concept of workers' compensation benefits in Sunrise, Florida\" width=\"500\" height=\"333\" srcset=\"https:\/\/workinjuryrights.com\/wp-content\/uploads\/2021\/08\/Workers-compensation-benefits-in-Sunrise-FL.jpg 500w, https:\/\/workinjuryrights.com\/wp-content\/uploads\/2021\/08\/Workers-compensation-benefits-in-Sunrise-FL-300x200.jpg 300w\" sizes=\"(max-width: 500px) 100vw, 500px\" \/><\/a><\/p>\n<h3><b>Beneficios por discapacidad total permanente (PTD)<\/b><\/h3>\n<p><span style=\"font-weight: 400;\">Estos beneficios se otorgan a los empleados que sufren lesiones tan graves que hacen que el empleado pierda permanentemente su capacidad para trabajar. Por lo general, se pagan si pierde o pierde la funci\u00f3n de dos o m\u00e1s partes importantes del cuerpo.<\/span><\/p>\n<p><span style=\"font-weight: 400;\">Para aquellos que califican, los beneficios de PTD se pagan hasta que alcanzan la edad de 75 a\u00f1os. Estos beneficios se calculan sobre la misma base que los beneficios por discapacidad total temporal.<\/span><\/p>\n<h2><b>\u00bfC\u00f3mo se calculan los beneficios de compensaci\u00f3n para trabajadores de Florida?<\/b><\/h2>\n<p><span style=\"font-weight: 400;\">Los c\u00e1lculos de los beneficios de compensaci\u00f3n para trabajadores en Sunrise se basan principalmente en su salario semanal promedio (AWW). La regla general es dos tercios de su salario semanal promedio. Para determinar su AWW, debe calcular sus ganancias totales durante el per\u00edodo de 52 semanas antes de la lesi\u00f3n (incluidas las bonificaciones y las horas extra) y dividir el total por 52.<\/span><\/p>\n<p><span style=\"font-weight: 400;\">Si ha trabajado menos de un a\u00f1o, su AWW ser\u00e1 su ingreso total dividido por la cantidad de semanas trabajadas. Si solo ha trabajado durante un per\u00edodo de tiempo significativamente corto, su AWW se calcular\u00e1 utilizando los ingresos de otro empleado similar.<\/span><\/p>\n<p><span style=\"font-weight: 400;\">Si ninguno de estos m\u00e9todos es aplicable, su AWW se determinar\u00e1 utilizando la cantidad que se hubiera esperado ganar si no hubiera sufrido la lesi\u00f3n.<\/span><\/p>\n<h2><b>\u00bfSe gravan los beneficios de compensaci\u00f3n para trabajadores de Florida?<\/b><\/h2>\n<p><span style=\"font-weight: 400;\">Si est\u00e1 buscando presentar un reclamo de compensaci\u00f3n para trabajadores, esta es definitivamente una de las cosas en las que puede querer tener claridad. La buena noticia es que los beneficios de compensaci\u00f3n para trabajadores en Sunrise <\/span><a href=\"https:\/\/www.thehartford.com\/workers-compensation\/taxable\" target=\"_blank\" rel=\"noopener\"><span style=\"font-weight: 400;\">no est\u00e1n sujetos a impuestos estatales o federales,<\/span><\/a><span style=\"font-weight: 400;\"> ya que no est\u00e1n clasificados como ingresos.<\/span><\/p>\n<p><span style=\"font-weight: 400;\">Sin embargo, debe tener en cuenta que los salarios de su empleador a\u00fan estar\u00e1n sujetos a impuestos si trabaja en una capacidad reducida y recibe beneficios TTD o PTD.<\/span><\/p>\n<h2><b>Comun\u00edquese con nuestros abogados experimentados para obtener ayuda con los beneficios de compensaci\u00f3n para trabajadores en Sunrise<\/b><\/h2>\n<p><span style=\"font-weight: 400;\">El estado de Florida implement\u00f3 leyes de compensaci\u00f3n para trabajadores para ayudar a proteger a los trabajadores que se lesionan mientras est\u00e1n en el trabajo. Sin embargo, acceder a los beneficios a los que tiene derecho seg\u00fan el sistema de compensaci\u00f3n para trabajadores no es tan sencillo como cabr\u00eda esperar. Uno de los mayores problemas que enfrentan los empleados lesionados es la resistencia de sus empleadores y sus compa\u00f1\u00edas de seguros. Esto sin mencionar las estrictas reglas y plazos que debe cumplir para asegurarse de mantener su derecho a una compensaci\u00f3n.<\/span><\/p>\n<p><span style=\"font-weight: 400;\">Nuestros abogados con experiencia en <\/span><a href=\"\/\"><span style=\"font-weight: 400;\">Work Injury Rights<\/span><\/a><span style=\"font-weight: 400;\"> lo ayudar\u00e1n a asegurar el mejor resultado en su caso de compensaci\u00f3n para trabajadores al ayudarlo a presentar su reclamo y ofrecer la mejor orientaci\u00f3n legal durante todo el proceso. Lucharemos arduamente por sus derechos para asegurarnos de que reciba todos los beneficios que se merece. Ll\u00e1menos hoy al <a href=\"tel:+19543888616\">954-388-8616<\/a> para asegurar sus derechos a los beneficios de compensaci\u00f3n para trabajadores en Sunrise.<\/span><\/p>\n","protected":false},"excerpt":{"rendered":"<p>Una lesi\u00f3n inesperada no s\u00f3lo puede dejarlo con facturas m\u00e9dicas elevadas, sino que tambi\u00e9n puede afectar su capacidad para hacer su trabajo y obtener ingresos. En el caso de que sufra una lesi\u00f3n relacionada con el trabajo en Sunrise, puede tener derecho a varios tipos de beneficios bajo el sistema de Compensaci\u00f3n para Trabajadores de [&hellip;]<\/p>\n","protected":false},"author":29,"featured_media":0,"parent":5770,"menu_order":0,"comment_status":"closed","ping_status":"closed","template":"","meta":{"_acf_changed":false,"anchor_text":"","footnotes":""},"categories":[],"tags":[113,108],"class_list":["post-5771","page","type-page","status-publish","hentry","tag-workers-compensation-es-2","tag-workers-compensation-es"],"acf":[],"_links":{"self":[{"href":"https:\/\/workinjuryrights.com\/es\/wp-json\/wp\/v2\/pages\/5771","targetHints":{"allow":["GET"]}}],"collection":[{"href":"https:\/\/workinjuryrights.com\/es\/wp-json\/wp\/v2\/pages"}],"about":[{"href":"https:\/\/workinjuryrights.com\/es\/wp-json\/wp\/v2\/types\/page"}],"author":[{"embeddable":true,"href":"https:\/\/workinjuryrights.com\/es\/wp-json\/wp\/v2\/users\/29"}],"replies":[{"embeddable":true,"href":"https:\/\/workinjuryrights.com\/es\/wp-json\/wp\/v2\/comments?post=5771"}],"version-history":[{"count":5,"href":"https:\/\/workinjuryrights.com\/es\/wp-json\/wp\/v2\/pages\/5771\/revisions"}],"predecessor-version":[{"id":6511,"href":"https:\/\/workinjuryrights.com\/es\/wp-json\/wp\/v2\/pages\/5771\/revisions\/6511"}],"up":[{"embeddable":true,"href":"https:\/\/workinjuryrights.com\/es\/wp-json\/wp\/v2\/pages\/5770"}],"wp:attachment":[{"href":"https:\/\/workinjuryrights.com\/es\/wp-json\/wp\/v2\/media?parent=5771"}],"wp:term":[{"taxonomy":"category","embeddable":true,"href":"https:\/\/workinjuryrights.com\/es\/wp-json\/wp\/v2\/categories?post=5771"},{"taxonomy":"post_tag","embeddable":true,"href":"https:\/\/workinjuryrights.com\/es\/wp-json\/wp\/v2\/tags?post=5771"}],"curies":[{"name":"wp","href":"https:\/\/api.w.org\/{rel}","templated":true}]}}