{"id":5772,"date":"2021-08-16T19:38:45","date_gmt":"2021-08-16T19:38:45","guid":{"rendered":"https:\/\/workinjuryrights.com\/sunrise\/workers-compensation-claims-process\/"},"modified":"2021-10-05T18:46:35","modified_gmt":"2021-10-05T18:46:35","slug":"proceso-reclamaciones-indemnizacion-laboral","status":"publish","type":"page","link":"https:\/\/workinjuryrights.com\/es\/sunrise\/abogado-compensacion-laboral\/proceso-reclamaciones-indemnizacion-laboral\/","title":{"rendered":"Proceso de reclamaciones de indemnizaci\u00f3n laboral en Sunrise"},"content":{"rendered":"<p><span style=\"font-weight: 400;\">Si se lesiona durante el curso de sus actividades laborales habituales, es posible que tenga derecho a una reclamaci\u00f3n de compensaci\u00f3n para trabajadores. Es importante que informe su condici\u00f3n a su empleador dentro de los 30 d\u00edas posteriores a la lesi\u00f3n para ser elegible para la compensaci\u00f3n de trabajadores. Podemos guiarlo a trav\u00e9s del proceso de reclamos de compensaci\u00f3n para trabajadores en Sunrise, Florida.<\/span><\/p>\n<p><span style=\"font-weight: 400;\">Su empleador debe tener un plan para informar las lesiones laborales. La mayor\u00eda de los empleadores mantienen esta informaci\u00f3n en una ubicaci\u00f3n central en la pared y tendr\u00e1n los requisitos para reportar tales lesiones publicados para que todos los empleadores los vean. Algunos empleadores requieren que complete un formulario, mientras que otros empleadores requerir\u00e1n que se los env\u00ede por escrito. Independientemente, es importante guardar una copia de su informe para su empleador. Su empleador debe enviarlo a ver a un m\u00e9dico ocupacional que est\u00e9 certificado para ver las reclamaciones de compensaci\u00f3n para trabajadores.<\/span><\/p>\n<p><span style=\"font-weight: 400;\">Conserve todas las copias de su informe para su empleador y la informaci\u00f3n que le d\u00e9 su m\u00e9dico con respecto a sus lesiones. Despu\u00e9s de que haya visto a un m\u00e9dico y tenga esta informaci\u00f3n disponible, es hora de llamar a un <\/span><a href=\"https:\/\/workinjuryrights.com\/es\/sunrise\/abogado-compensacion-laboral\/\"><span style=\"font-weight: 400;\">abogado de compensaci\u00f3n laboral que atienda el \u00e1rea de Sunrise, Florida<\/span><\/a><span style=\"font-weight: 400;\"> . Puede comunicarse con nosotros al <a href=\"tel:+19543888616\">954-388-8616<\/a>. Revisaremos su informaci\u00f3n y lo ayudaremos a presentar su reclamo de compensaci\u00f3n para trabajadores.<\/span><\/p>\n<p><span style=\"font-weight: 400;\"> <\/span><\/p>\n<h2><b>\u00bfC\u00f3mo puedo saber si una reclamaci\u00f3n de indemnizaci\u00f3n laboral cubrir\u00e1 mi lesi\u00f3n?<\/b><\/h2>\n<p><span style=\"font-weight: 400;\">La mayor\u00eda de los estados tienen un estatuto de compensaci\u00f3n para trabajadores sin culpa. Florida no es diferente. Siempre y cuando se lesion\u00f3 mientras estaba en el trabajo, deber\u00eda ser elegible para recibir beneficios de compensaci\u00f3n para trabajadores. Las lesiones que ocurrieron durante el desempe\u00f1o de su trabajo regular deben estar cubiertas por la compensaci\u00f3n para trabajadores. Tenga en cuenta que si se lesion\u00f3 durante la pausa del almuerzo, una pausa regular o mientras viajaba hacia o desde el trabajo, es probable que no est\u00e9n cubiertos.<\/span><\/p>\n<p><span style=\"font-weight: 400;\">Incluso si su trabajo es un trabajo de escritorio, todav\u00eda existe un elemento de riesgo potencial de lesi\u00f3n. Todos los trabajos tienen un elemento de posible lesi\u00f3n. Los empleadores est\u00e1n obligados a tener un seguro de compensaci\u00f3n para trabajadores para que cualquier lesi\u00f3n tenga la posibilidad de ser cubierta por un seguro de compensaci\u00f3n para trabajadores.<\/span><\/p>\n<h2><b>\u00bfCu\u00e1nto tiempo tiene para presentar una reclamaci\u00f3n de compensaci\u00f3n para trabajadores en Florida?<\/b><\/h2>\n<p><span style=\"font-weight: 400;\">Seg\u00fan las leyes de compensaci\u00f3n para trabajadores de Florida, que se encuentran en la <\/span><a href=\"http:\/\/www.leg.state.fl.us\/statutes\/index.cfm?App_mode=Display_Statute&amp;URL=0400-0499\/0440\/Sections\/0440.19.html\" target=\"_blank\" rel=\"noopener\"><span style=\"font-weight: 400;\">Secci\u00f3n 440.19<\/span><\/a><span style=\"font-weight: 400;\"> , los empleados tienen dos a\u00f1os a partir de la fecha de cualquier lesi\u00f3n relacionada con el trabajo para presentar una reclamaci\u00f3n de compensaci\u00f3n para trabajadores. Es importante tener en cuenta que si los empleados no presentan su reclamo dentro de este per\u00edodo de tiempo, es probable que no reciban ninguna compensaci\u00f3n para trabajadores. Cuanto antes presente una reclamaci\u00f3n de compensaci\u00f3n para trabajadores, antes comenzar\u00e1 a recibir beneficios y alivio para sus facturas m\u00e9dicas, viajar hacia y desde sus citas m\u00e9dicas, fisioterapia si es necesario, reentrenamiento laboral si es necesario y una parte de su pago semanal normal.<\/span><\/p>\n<p><span style=\"font-weight: 400;\">Si se le niega la compensaci\u00f3n para trabajadores en su reclamo, definitivamente querr\u00e1 contratar a un abogado como nuestro equipo en Work Injury Rights para ayudarlo a navegar el reclamo y asegurarse de que est\u00e9 representado de manera justa en su reclamo de compensaci\u00f3n para trabajadores. Puede comunicarse con nosotros al <a href=\"tel:+19543888616\">954-388-8616<\/a>. Lo ayudaremos a presentar toda la documentaci\u00f3n correcta y los formularios de reclamo para ayudarlo a ganar su caso. Siempre que haya sido lesionado mientras estaba en el trabajo, debe estar cubierto por sus lesiones mientras estaba en el trabajo.<\/span><\/p>\n<p><a href=\"https:\/\/workinjuryrights.com\/wp-content\/uploads\/2021\/08\/Workers-compensation-claims-process-Sunrise-Florida.jpg\"><img fetchpriority=\"high\" decoding=\"async\" class=\"alignnone size-full wp-image-3336\" src=\"https:\/\/workinjuryrights.com\/wp-content\/uploads\/2021\/08\/Workers-compensation-claims-process-Sunrise-Florida.jpg\" alt=\"Form for workers' compensation claims process in Sunrise, Florida\" width=\"500\" height=\"331\" srcset=\"https:\/\/workinjuryrights.com\/wp-content\/uploads\/2021\/08\/Workers-compensation-claims-process-Sunrise-Florida.jpg 500w, https:\/\/workinjuryrights.com\/wp-content\/uploads\/2021\/08\/Workers-compensation-claims-process-Sunrise-Florida-300x199.jpg 300w\" sizes=\"(max-width: 500px) 100vw, 500px\" \/><\/a><\/p>\n<h2><b>\u00bfC\u00f3mo presentar una reclamaci\u00f3n de indemnizaci\u00f3n laboral en Sunrise, Florida?<\/b><\/h2>\n<p><span style=\"font-weight: 400;\">Si trabaja en el estado de Florida, puede presentar una reclamaci\u00f3n comunic\u00e1ndose con nosotros al <a href=\"tel:+19543888616\">954-388-8616<\/a>. Evaluaremos la informaci\u00f3n que nos brinde, incluido el informe que presente a su empleador, sus lesiones, los informes de su m\u00e9dico y cualquier otro detalle que pueda afectar su caso. Despu\u00e9s de que revisemos su caso, lo ayudaremos a presentar su reclamo ante la compa\u00f1\u00eda de seguros de Florida.<\/span><\/p>\n<p><span style=\"font-weight: 400;\">Si se lesion\u00f3 mientras estaba en el trabajo, es posible que tenga derecho a una compensaci\u00f3n para trabajadores. Es importante que notifique a su empleador dentro del plazo requerido de <\/span><a href=\"http:\/\/www.leg.state.fl.us\/statutes\/index.cfm?App_mode=Display_Statute&amp;URL=0400-0499\/0440\/Sections\/0440.19.html\" target=\"_blank\" rel=\"noopener\"><span style=\"font-weight: 400;\">30 d\u00edas<\/span><\/a><span style=\"font-weight: 400;\"> de sus lesiones. Su empleador tendr\u00e1 el proceso publicado en una pared en una ubicaci\u00f3n central de su empresa sobre c\u00f3mo presentar su reclamo de compensaci\u00f3n para trabajadores y qu\u00e9 hacer si se lesiona mientras est\u00e1 en el trabajo.<\/span><\/p>\n<p><span style=\"font-weight: 400;\">Guarde una copia de su informe para su empleador y aseg\u00farese de consultar a un m\u00e9dico autorizado para sus lesiones. Tambi\u00e9n es importante guardar copias de toda la informaci\u00f3n que el m\u00e9dico le d\u00e9 con respecto a sus lesiones. Ll\u00e1menos al <a href=\"tel:+19543888616\">954-388-8616<\/a> y perm\u00edtanos ayudarlo a comenzar su proceso de reclamo para su reclamo de compensaci\u00f3n para trabajadores.<\/span><\/p>\n<p><span style=\"font-weight: 400;\">Es importante que siga todas las pautas de su empleador para notificarles de su lesi\u00f3n en el trabajo. Su lesi\u00f3n o lesiones deben haber ocurrido durante el proceso regular de sus actividades laborales. Si se lesion\u00f3 mientras estaba almorzando o en un descanso, o mientras viajaba hacia o desde su trabajo, es probable que sus lesiones no est\u00e9n cubiertas.<\/span><\/p>\n<p><span style=\"font-weight: 400;\">Cada caso ser\u00e1 evaluado por sus propios m\u00e9ritos individuales. Despu\u00e9s de presentar su reclamo de compensaci\u00f3n para trabajadores, la compa\u00f1\u00eda de seguros determinar\u00e1 si las lesiones est\u00e1n cubiertas por la p\u00f3liza de seguro de compensaci\u00f3n para trabajadores que tiene su empleador. De acuerdo con la ley de Florida, la compa\u00f1\u00eda de seguros debe aprobar o rechazar su reclamo de inmediato. Si se aprueba el reclamo, comenzar\u00e1 a recibir sus pagos en breve.<\/span><\/p>\n<h2><b>Obtenga ayuda con el proceso de reclamos de compensaci\u00f3n para trabajadores en Sunrise<\/b><\/h2>\n<p><span style=\"font-weight: 400;\">En <\/span><a href=\"\/\"><span style=\"font-weight: 400;\">Work Injury Rights<\/span><\/a><span style=\"font-weight: 400;\">, hemos estado en el negocio de presentaci\u00f3n de reclamos de compensaci\u00f3n para trabajadores durante muchos a\u00f1os y tenemos la experiencia que usted querr\u00e1 tener de su lado cuando presente su reclamo. Podemos guiarlo a trav\u00e9s del proceso de reclamos de compensaci\u00f3n para trabajadores en Sunrise, Florida.<\/span><\/p>\n<p><span style=\"font-weight: 400;\">Puede ser elegible para pagos semanales por salarios perdidos, facturas m\u00e9dicas, medicamentos que se requieren para ayudarlo a recuperarse y m\u00e1s. No lo haga solo, ll\u00e1menos al <a href=\"tel:+19543888616\">954-388-8616<\/a> y perm\u00edtanos ayudarlo a presentar su reclamo hoy. Cuanto antes presente la solicitud, antes podr\u00e1 comenzar a recibir una compensaci\u00f3n por sus facturas m\u00e9dicas y m\u00e1s. Ll\u00e1menos hoy al <a href=\"tel:+19543888616\">954-388-8616<\/a> y comencemos con su reclamo.<\/span><\/p>\n","protected":false},"excerpt":{"rendered":"<p>Si se lesiona durante el curso de sus actividades laborales habituales, es posible que tenga derecho a una reclamaci\u00f3n de compensaci\u00f3n para trabajadores. Es importante que informe su condici\u00f3n a su empleador dentro de los 30 d\u00edas posteriores a la lesi\u00f3n para ser elegible para la compensaci\u00f3n de trabajadores. Podemos guiarlo a trav\u00e9s del proceso [&hellip;]<\/p>\n","protected":false},"author":29,"featured_media":0,"parent":5770,"menu_order":0,"comment_status":"closed","ping_status":"closed","template":"","meta":{"_acf_changed":false,"anchor_text":"","footnotes":""},"categories":[],"tags":[113,108],"class_list":["post-5772","page","type-page","status-publish","hentry","tag-workers-compensation-es-2","tag-workers-compensation-es"],"acf":[],"_links":{"self":[{"href":"https:\/\/workinjuryrights.com\/es\/wp-json\/wp\/v2\/pages\/5772","targetHints":{"allow":["GET"]}}],"collection":[{"href":"https:\/\/workinjuryrights.com\/es\/wp-json\/wp\/v2\/pages"}],"about":[{"href":"https:\/\/workinjuryrights.com\/es\/wp-json\/wp\/v2\/types\/page"}],"author":[{"embeddable":true,"href":"https:\/\/workinjuryrights.com\/es\/wp-json\/wp\/v2\/users\/29"}],"replies":[{"embeddable":true,"href":"https:\/\/workinjuryrights.com\/es\/wp-json\/wp\/v2\/comments?post=5772"}],"version-history":[{"count":5,"href":"https:\/\/workinjuryrights.com\/es\/wp-json\/wp\/v2\/pages\/5772\/revisions"}],"predecessor-version":[{"id":6516,"href":"https:\/\/workinjuryrights.com\/es\/wp-json\/wp\/v2\/pages\/5772\/revisions\/6516"}],"up":[{"embeddable":true,"href":"https:\/\/workinjuryrights.com\/es\/wp-json\/wp\/v2\/pages\/5770"}],"wp:attachment":[{"href":"https:\/\/workinjuryrights.com\/es\/wp-json\/wp\/v2\/media?parent=5772"}],"wp:term":[{"taxonomy":"category","embeddable":true,"href":"https:\/\/workinjuryrights.com\/es\/wp-json\/wp\/v2\/categories?post=5772"},{"taxonomy":"post_tag","embeddable":true,"href":"https:\/\/workinjuryrights.com\/es\/wp-json\/wp\/v2\/tags?post=5772"}],"curies":[{"name":"wp","href":"https:\/\/api.w.org\/{rel}","templated":true}]}}