{"id":5773,"date":"2021-08-16T19:49:08","date_gmt":"2021-08-16T19:49:08","guid":{"rendered":"https:\/\/workinjuryrights.com\/sunrise\/workers-compensation-disputes\/"},"modified":"2021-10-05T18:39:28","modified_gmt":"2021-10-05T18:39:28","slug":"disputas","status":"publish","type":"page","link":"https:\/\/workinjuryrights.com\/es\/sunrise\/abogado-compensacion-laboral\/disputas\/","title":{"rendered":"Disputas de indemnizaci\u00f3n laboral en Sunrise"},"content":{"rendered":"<p><span style=\"font-weight: 400;\">La compensaci\u00f3n para trabajadores es un sistema de seguro dise\u00f1ado para compensar a los trabajadores por los gastos y salarios perdidos despu\u00e9s de sufrir lesiones y enfermedades en el trabajo. Bajo este sistema, dichos trabajadores deber\u00edan recibir beneficios sin tener que presentar una demanda para simplificar el proceso de compensaci\u00f3n. Desafortunadamente, este no es siempre el caso, ya que los empleadores y sus compa\u00f1\u00edas de seguros dan prioridad a sus intereses financieros.<\/span><\/p>\n<p><span style=\"font-weight: 400;\">No es raro que su reclamo de compensaci\u00f3n para trabajadores sea denegado, y su empleador o su proveedor pueden citar cualquiera de las muchas razones para la denegaci\u00f3n. Si ha sufrido una lesi\u00f3n relacionada con el trabajo y le han negado su reclamo, hablar con un abogado de compensaci\u00f3n laboral aumenta sus posibilidades de recibir los beneficios que se merece.<\/span><\/p>\n<p><span style=\"font-weight: 400;\">Nuestros abogados tienen experiencia en el manejo de disputas de compensaci\u00f3n laboral en Sunrise, Florida. Llame a la oficina de Derechos de Lesiones Laborales hoy al <a href=\"tel:+19543888616\">954-388-8616<\/a> para hablar sobre sus opciones legales con uno de nuestros <\/span><a href=\"https:\/\/workinjuryrights.com\/es\/sunrise\/abogado-compensacion-laboral\/\"><span style=\"font-weight: 400;\">abogados con experiencia en compensaci\u00f3n para trabajadores en Sunrise<\/span><\/a><span style=\"font-weight: 400;\">.<\/span><\/p>\n<p><span style=\"font-weight: 400;\"> <\/span><\/p>\n<h2><b>\u00bfCu\u00e1les son algunas de las causas de las disputas por indemnizaci\u00f3n laboral?<\/b><\/h2>\n<p><span style=\"font-weight: 400;\">Algunas de las razones por las que los empleadores y las compa\u00f1\u00edas de seguros niegan o disputan las reclamaciones incluyen:<\/span><\/p>\n<h3><b>Estado de Empleo<\/b><\/h3>\n<p><span style=\"font-weight: 400;\">En Florida, la mayor\u00eda de las empresas o empresas con cuatro o m\u00e1s empleados, ya sea a tiempo completo o parcial, est\u00e1n obligadas a pagar la indemnizaci\u00f3n por accidentes de trabajo. Sin embargo, algunos trabajadores no son elegibles para los beneficios de compensaci\u00f3n para trabajadores y se puede denegar un reclamo incluso si dichos trabajadores sufren una lesi\u00f3n o enfermedad relacionada con el trabajo. En particular, los contratistas independientes no son elegibles para recibir beneficios en Florida, y cualquier reclamo presentado est\u00e1 obligado a ser denegado.<\/span><\/p>\n<h3><b>Alcance externo del empleo<\/b><\/h3>\n<p><span style=\"font-weight: 400;\">Seg\u00fan la compensaci\u00f3n para trabajadores, s\u00f3lo puede recibir beneficios si sufre una lesi\u00f3n fuera y en el curso de su empleo. Cualquier otra lesi\u00f3n se considera no indemnizable, ya que es muy probable que ocurra fuera del \u00e1mbito del empleo o, b\u00e1sicamente, de lo que se espera de usted en su trabajo.<\/span><\/p>\n<h3><b>Falta de causalidad<\/b><\/h3>\n<p><span style=\"font-weight: 400;\">Si no existe una relaci\u00f3n de causa y efecto en su caso, entonces su reclamo de compensaci\u00f3n para trabajadores puede ser denegado. Tiene que demostrar que su lesi\u00f3n est\u00e1 \u201crelacionada causalmente\u201d con su trabajo, lo que ayuda a probar que sucedi\u00f3 debido a su trabajo.<\/span><\/p>\n<h3><b>Fecha l\u00edmite perdida<\/b><\/h3>\n<p><span style=\"font-weight: 400;\">No reportar su lesi\u00f3n o presentar una Petici\u00f3n de Beneficios a tiempo tambi\u00e9n es una de las razones de las disputas de compensaci\u00f3n laboral en Sunrise. En Florida, debe informar su lesi\u00f3n a su empleador a m\u00e1s tardar 30 d\u00edas a partir de la fecha de la lesi\u00f3n o cuando la lesi\u00f3n se haga evidente. En caso de que su reclamo sea denegado, tiene 2 a\u00f1os a partir de la fecha de su lesi\u00f3n para presentar una Petici\u00f3n de Beneficios.<\/span><\/p>\n<h3><b>Informaci\u00f3n inadecuada<\/b><\/h3>\n<p><span style=\"font-weight: 400;\">Al informar sobre una lesi\u00f3n en el lugar de trabajo, es importante que brinde informaci\u00f3n suficiente sobre el accidente que caus\u00f3 su lesi\u00f3n. Lo m\u00e1s importante es que necesitar\u00e1 un compa\u00f1ero de trabajo que presenci\u00f3 el accidente para corroborar su informe. Si no proporciona dicha informaci\u00f3n, su empleador podr\u00eda f\u00e1cilmente disputar su reclamo.<\/span><\/p>\n<h2><b>\u00bfQu\u00e9 debe hacer si su reclamo de compensaci\u00f3n para trabajadores es denegado en Florida?<\/b><\/h2>\n<p><span style=\"font-weight: 400;\">Su empleador o su compa\u00f1\u00eda de seguros de compensaci\u00f3n para trabajadores pueden rechazar su reclamo de compensaci\u00f3n para trabajadores por varias razones. La denegaci\u00f3n de una reclamaci\u00f3n no significa necesariamente que no obtendr\u00e1 los beneficios que se merece. Hay varias opciones para que los trabajadores lesionados eviten la denegaci\u00f3n del reclamo para que reciban sus beneficios.<\/span><\/p>\n<p><span style=\"font-weight: 400;\">Generalmente, puede hacer un esfuerzo para resolver la disputa con la compa\u00f1\u00eda de seguros del empleador en un intento por recibir los beneficios de compensaci\u00f3n para trabajadores. Si estos esfuerzos son in\u00fatiles, debe presentar una Petici\u00f3n de Beneficios ante la Oficina de Jueces de Reclamaciones de Compensaci\u00f3n (OJCC).<\/span><\/p>\n<p><span style=\"font-weight: 400;\">Lo m\u00e1s importante es que debe buscar la asistencia legal de un abogado con experiencia en compensaci\u00f3n para trabajadores, ya que la compa\u00f1\u00eda de seguros definitivamente tendr\u00e1 un equipo de defensa para representarlos en el proceso de apelaci\u00f3n.<\/span><\/p>\n<p><a href=\"https:\/\/workinjuryrights.com\/wp-content\/uploads\/2021\/08\/workers-compensation-disputes-in-Sunrise-FL.jpg\"><img fetchpriority=\"high\" decoding=\"async\" class=\"alignnone size-full wp-image-3344\" src=\"https:\/\/workinjuryrights.com\/wp-content\/uploads\/2021\/08\/workers-compensation-disputes-in-Sunrise-FL.jpg\" alt=\"Concept of workers' compensation disputes in Sunrise, Florida\" width=\"500\" height=\"375\" srcset=\"https:\/\/workinjuryrights.com\/wp-content\/uploads\/2021\/08\/workers-compensation-disputes-in-Sunrise-FL.jpg 500w, https:\/\/workinjuryrights.com\/wp-content\/uploads\/2021\/08\/workers-compensation-disputes-in-Sunrise-FL-300x225.jpg 300w\" sizes=\"(max-width: 500px) 100vw, 500px\" \/><\/a><\/p>\n<h2><b>\u00bfCu\u00e1les son los tipos de disputas por compensaci\u00f3n laboral?<\/b><\/h2>\n<p><span style=\"font-weight: 400;\">A continuaci\u00f3n se muestran los dos tipos m\u00e1s comunes de disputas de compensaci\u00f3n laboral en Sunrise:<\/span><\/p>\n<h3><b>Disputas m\u00e9dicas<\/b><\/h3>\n<p><span style=\"font-weight: 400;\">Estas son disputas que surgen de hechos m\u00e9dicos y opiniones que se relacionan con el tratamiento del empleado lesionado. Pueden resolverse contratando a un abogado con experiencia y recurriendo a un profesional m\u00e9dico que est\u00e9 dispuesto a brindar informes precisos despu\u00e9s de evaluar la condici\u00f3n m\u00e9dica del trabajador lesionado. La mayor\u00eda de las disputas m\u00e9dicas en las reclamaciones de compensaci\u00f3n para trabajadores implican no aceptar o negar servicios m\u00e9dicos, suministros, cirug\u00eda o terapia.<\/span><\/p>\n<h3><b>Reclamar disputas<\/b><\/h3>\n<p><span style=\"font-weight: 400;\">Algunos de los problemas relacionados con las disputas por reclamos incluyen:<\/span><\/p>\n<ul>\n<li><b>Elegibilidad para la compensaci\u00f3n <\/b><span style=\"font-weight: 400;\">: estas son preguntas que surgen sobre si su lesi\u00f3n relacionada con el trabajo cumple con los criterios de cobertura de la compensaci\u00f3n para trabajadores.<\/span><\/li>\n<li><b>Beneficios de ingresos semanales <\/b><span style=\"font-weight: 400;\">: los conflictos relacionados con el c\u00e1lculo de los beneficios semanales tambi\u00e9n pueden surgir en las reclamaciones de compensaci\u00f3n para trabajadores.<\/span><\/li>\n<li><b>Discapacidad <\/b><span style=\"font-weight: 400;\">: la compa\u00f1\u00eda de seguros de su empleador tambi\u00e9n puede cuestionar si la lesi\u00f3n sufrida en el lugar de trabajo realmente caus\u00f3 una p\u00e9rdida de ingresos.<\/span><\/li>\n<li><b>Alcance de la lesi\u00f3n <\/b><span style=\"font-weight: 400;\">: tambi\u00e9n puede haber disputas relacionadas con la gravedad de su lesi\u00f3n en el trabajo y si es suficiente para recibir los beneficios de compensaci\u00f3n para trabajadores.<\/span><\/li>\n<\/ul>\n<h2><b>\u00bfQu\u00e9 es el Proceso de Apelaciones y Disputas de Compensaci\u00f3n para Trabajadores en Florida?<\/b><\/h2>\n<p><span style=\"font-weight: 400;\">Despu\u00e9s de que la aseguradora de compensaci\u00f3n para trabajadores le notifique su decisi\u00f3n de negar los beneficios, puede hacer un \u201cesfuerzo de buena fe\u201d para resolver la disputa, especialmente si se trata de una disputa de reclamo. Esto implica hablar con el ajustador o administrador de seguros, o comunicarse con la <\/span><a href=\"https:\/\/myfloridacfo.com\/Division\/wc\/Employee\/eao.htm\" target=\"_blank\" rel=\"noopener\"><span style=\"font-weight: 400;\">Oficina del Defensor del Pueblo y Asistencia al Empleado de Florida<\/span><\/a><span style=\"font-weight: 400;\"> para obtener ayuda.<\/span><\/p>\n<p><span style=\"font-weight: 400;\">Los empleados de Sunrise cuyos reclamos de compensaci\u00f3n para trabajadores son denegados debido a disputas m\u00e9dicas tienen derecho a presentar una <\/span><a href=\"https:\/\/www.jcc.state.fl.us\/JCC\/forms\/jccPFB.doc\" target=\"_blank\" rel=\"noopener\"><span style=\"font-weight: 400;\">Petici\u00f3n de Beneficios<\/span><\/a><span style=\"font-weight: 400;\"> ante la Oficina de Jueces de Reclamaciones de Compensaci\u00f3n (OJCC). Esto debe hacerse a m\u00e1s tardar 2 a\u00f1os despu\u00e9s de la fecha en que la lesi\u00f3n se hizo evidente. Despu\u00e9s de que se presenta la petici\u00f3n, la compa\u00f1\u00eda de seguros tiene 14 d\u00edas para aceptar pagar los beneficios de compensaci\u00f3n para trabajadores o presentar y entregar una respuesta.<\/span><\/p>\n<p><span style=\"font-weight: 400;\">En la mayor\u00eda de los casos de compensaci\u00f3n para trabajadores, la OJCC ordenar\u00e1 a las partes involucradas que vayan a la mediaci\u00f3n, que es una reuni\u00f3n informal destinada a resolver una disputa de compensaci\u00f3n para trabajadores. La mediaci\u00f3n debe realizarse dentro de los 130 d\u00edas a partir de la fecha de presentaci\u00f3n de la petici\u00f3n.<\/span><\/p>\n<p><span style=\"font-weight: 400;\">Si el caso se resuelve mediante mediaci\u00f3n, la compa\u00f1\u00eda de seguros har\u00e1 los arreglos para el pago de los beneficios. Sin embargo, si la disputa no se resuelve, se programa una audiencia previa al juicio ante el Juez de Reclamaciones de Compensaci\u00f3n (JCC). Durante la audiencia, el JCC escuchar\u00e1 a ambas partes y emitir\u00e1 una decisi\u00f3n dentro de los 30 d\u00edas para otorgar o denegar su reclamo de beneficios.<\/span><\/p>\n<p><span style=\"font-weight: 400;\">Si ambas partes est\u00e1n de acuerdo con la decisi\u00f3n, el caso se cierra. Si una de las partes no est\u00e1 de acuerdo con la decisi\u00f3n de la JCC, tiene 30 d\u00edas a partir de la fecha de la decisi\u00f3n de la JCC para presentar una apelaci\u00f3n ante el Tribunal de Apelaciones del Primer Distrito. La corte de apelaciones escuchar\u00e1 los argumentos y tomar\u00e1 una decisi\u00f3n, que afirma o revierte la decisi\u00f3n de la JCC.<\/span><\/p>\n<h2><b>Obtenga ayuda con las disputas de compensaci\u00f3n laboral en Sunrise, Florida<\/b><\/h2>\n<p><span style=\"font-weight: 400;\">Entre las causas m\u00e1s comunes de disputas por compensaci\u00f3n de trabajadores en Sunrise se incluyen el estado laboral, la falta de causalidad, el alcance del empleo, informaci\u00f3n inadecuada y fechas l\u00edmite incumplidas. Si su reclamo de compensaci\u00f3n para trabajadores est\u00e1 en disputa, necesita asistencia legal para asegurarse de recibir sus tan merecidos beneficios. Comun\u00edquese con <\/span><a href=\"\/\"><span style=\"font-weight: 400;\">Work Injury Rights<\/span><\/a><span style=\"font-weight: 400;\"> hoy mismo al <a href=\"tel:+19543888616\">954-388-8616<\/a> para programar una consulta legal gratuita con nosotros para comenzar su proceso de apelaci\u00f3n lo antes posible.<\/span><\/p>\n","protected":false},"excerpt":{"rendered":"<p>La compensaci\u00f3n para trabajadores es un sistema de seguro dise\u00f1ado para compensar a los trabajadores por los gastos y salarios perdidos despu\u00e9s de sufrir lesiones y enfermedades en el trabajo. Bajo este sistema, dichos trabajadores deber\u00edan recibir beneficios sin tener que presentar una demanda para simplificar el proceso de compensaci\u00f3n. Desafortunadamente, este no es siempre [&hellip;]<\/p>\n","protected":false},"author":29,"featured_media":0,"parent":5770,"menu_order":0,"comment_status":"closed","ping_status":"closed","template":"","meta":{"_acf_changed":false,"anchor_text":"","footnotes":""},"categories":[],"tags":[113,108],"class_list":["post-5773","page","type-page","status-publish","hentry","tag-workers-compensation-es-2","tag-workers-compensation-es"],"acf":[],"_links":{"self":[{"href":"https:\/\/workinjuryrights.com\/es\/wp-json\/wp\/v2\/pages\/5773","targetHints":{"allow":["GET"]}}],"collection":[{"href":"https:\/\/workinjuryrights.com\/es\/wp-json\/wp\/v2\/pages"}],"about":[{"href":"https:\/\/workinjuryrights.com\/es\/wp-json\/wp\/v2\/types\/page"}],"author":[{"embeddable":true,"href":"https:\/\/workinjuryrights.com\/es\/wp-json\/wp\/v2\/users\/29"}],"replies":[{"embeddable":true,"href":"https:\/\/workinjuryrights.com\/es\/wp-json\/wp\/v2\/comments?post=5773"}],"version-history":[{"count":5,"href":"https:\/\/workinjuryrights.com\/es\/wp-json\/wp\/v2\/pages\/5773\/revisions"}],"predecessor-version":[{"id":6513,"href":"https:\/\/workinjuryrights.com\/es\/wp-json\/wp\/v2\/pages\/5773\/revisions\/6513"}],"up":[{"embeddable":true,"href":"https:\/\/workinjuryrights.com\/es\/wp-json\/wp\/v2\/pages\/5770"}],"wp:attachment":[{"href":"https:\/\/workinjuryrights.com\/es\/wp-json\/wp\/v2\/media?parent=5773"}],"wp:term":[{"taxonomy":"category","embeddable":true,"href":"https:\/\/workinjuryrights.com\/es\/wp-json\/wp\/v2\/categories?post=5773"},{"taxonomy":"post_tag","embeddable":true,"href":"https:\/\/workinjuryrights.com\/es\/wp-json\/wp\/v2\/tags?post=5773"}],"curies":[{"name":"wp","href":"https:\/\/api.w.org\/{rel}","templated":true}]}}