{"id":5775,"date":"2021-08-17T13:21:52","date_gmt":"2021-08-17T13:21:52","guid":{"rendered":"https:\/\/workinjuryrights.com\/tampa\/compensable-work-injuries\/"},"modified":"2021-10-05T19:41:46","modified_gmt":"2021-10-05T19:41:46","slug":"lesiones-laborales-indemnizables","status":"publish","type":"page","link":"https:\/\/workinjuryrights.com\/es\/tampa\/abogado-compensacion-laboral\/lesiones-laborales-indemnizables\/","title":{"rendered":"Lesiones laborales indemnizables en Tampa"},"content":{"rendered":"<p><span style=\"font-weight: 400;\">Independientemente del tipo de lesi\u00f3n que haya sufrido en el trabajo, es posible que se pregunte si ser\u00e1 compensado por su lesi\u00f3n. En Work Injury Rights, nuestros <\/span><a href=\"https:\/\/workinjuryrights.com\/es\/tampa\/abogado-compensacion-laboral\/\"><span style=\"font-weight: 400;\">abogados de compensaci\u00f3n de trabajadores de Tampa<\/span><\/a><span style=\"font-weight: 400;\"> est\u00e1n bien versados \u200b\u200ben lo que son las lesiones laborales compensables en Tampa.<\/span><\/p>\n<p><span style=\"font-weight: 400;\">Seg\u00fan el <\/span><a href=\"https:\/\/www.nsc.org\" target=\"_blank\" rel=\"noopener\"><span style=\"font-weight: 400;\">Consejo Nacional de Seguridad<\/span><\/a><span style=\"font-weight: 400;\"> , alrededor de 13.000 trabajadores en los EE. UU. Sufren una lesi\u00f3n relacionada con el trabajo por d\u00eda. Esto equivale a m\u00e1s de 7 millones de lesiones por a\u00f1o y aproximadamente 99 millones de d\u00edas de productividad perdidos anualmente. Estas estad\u00edsticas muestran cu\u00e1n alarmantemente comunes son los accidentes en el lugar de trabajo y esta es una de las razones por las que el seguro de compensaci\u00f3n para trabajadores es obligatorio para la mayor\u00eda de las empresas.<\/span><\/p>\n<p><span style=\"font-weight: 400;\">Los accidentes en el lugar de trabajo no solo provocan lesiones graves, sino que tambi\u00e9n pueden ser fatales, contribuyendo a varios miles de muertes al a\u00f1o. Las personas lesionadas mientras trabajan en el reloj generalmente acumulan costosas facturas de tratamiento y pueden verse obligadas a permanecer sin trabajo durante per\u00edodos prolongados, lo que resulta en salarios perdidos. Afortunadamente, existe la compensaci\u00f3n para trabajadores, una forma de cobertura dise\u00f1ada para cubrir las necesidades monetarias o las p\u00e9rdidas de los trabajadores lesionados.<\/span><\/p>\n<p><span style=\"font-weight: 400;\">La desventaja es que las leyes de compensaci\u00f3n de trabajadores en el estado de Florida son complejas y la persona promedio puede tener dificultades para comprenderlas. Ser lesionado no lo califica autom\u00e1ticamente para los beneficios antes mencionados y, por lo tanto, es importante comprender si su lesi\u00f3n est\u00e1 cubierta por esta p\u00f3liza. Como tal, la mejor soluci\u00f3n es contratar a un abogado con experiencia en compensaci\u00f3n laboral.<\/span><\/p>\n<p><span style=\"font-weight: 400;\">Nuestro equipo de Work Injury Rights est\u00e1 comprometido a ayudar a los empleados lesionados a comprender el proceso de reclamos y ayudarlos a buscar los beneficios que merecen. Para proteger sus derechos y su futuro, comun\u00edquese llamando al <a href=\"tel:+19543888616\">954-388-8616<\/a> hoy mismo.<\/span><\/p>\n<p><span style=\"font-weight: 400;\"> <\/span><\/p>\n<h2><b>\u00bfQu\u00e9 son las lesiones laborales indemnizables en Tampa?<\/b><\/h2>\n<p><span style=\"font-weight: 400;\">El simple hecho de sufrir una lesi\u00f3n no lo hace elegible para los beneficios de compensaci\u00f3n para trabajadores. Para cubrir la lesi\u00f3n, hay varias casillas que se deben marcar. Seg\u00fan la <\/span><a href=\"https:\/\/www.myfloridacfo.com\/Division\/WC\/PublicationsFormsManualsReports\/StatutesRules\/Default.htm\" target=\"_blank\" rel=\"noopener\"><span style=\"font-weight: 400;\">Ley de compensaci\u00f3n para trabajadores de Florida<\/span><\/a><span style=\"font-weight: 400;\">, una lesi\u00f3n se considera indemnizable si ocurre por un accidente que surge fuera del \u00e1mbito del empleo y dentro de \u00e9l. Esto b\u00e1sicamente implica que:<\/span><\/p>\n<ul>\n<li><span style=\"font-weight: 400;\"> Debe haber ocurrido un accidente<\/span><\/li>\n<li><span style=\"font-weight: 400;\"> Existe un v\u00ednculo causal entre la lesi\u00f3n y las condiciones en las que estaba trabajando.<\/span><\/li>\n<li><span style=\"font-weight: 400;\"> La lesi\u00f3n ocurri\u00f3 durante su empleo mientras realizaba tareas relacionadas con el trabajo.<\/span><\/li>\n<\/ul>\n<p><span style=\"font-weight: 400;\">Esto tambi\u00e9n implica que una lesi\u00f3n que ocurri\u00f3 en el trabajo pero durante un descanso no se considera indemnizable. Adem\u00e1s, para que una lesi\u00f3n sea indemnizable, tiene que haberle incapacitado de una forma u otra. En este contexto, discapacidad significa la incapacidad de ganar un salario debido a la lesi\u00f3n sufrida en el trabajo.<\/span><\/p>\n<h3><b>Accidentes de construcci\u00f3n<\/b><\/h3>\n<p><span style=\"font-weight: 400;\">Estos ocurren durante los proyectos de construcci\u00f3n. Incluyen ca\u00eddas, golpes de objetos, electrocuci\u00f3n, quedar atrapado en el medio, etc. Suelen provocar lesiones graves y, en algunos casos, la muerte.<\/span><\/p>\n<h3><b>Resbalones y ca\u00eddas<\/b><\/h3>\n<p><span style=\"font-weight: 400;\">Estos pueden suceder en cualquier lugar de trabajo. A menudo se deben a suelos mojados o resbaladizos, poca iluminaci\u00f3n, lugares inestables para caminar, escombros dispersos, etc.<\/span><\/p>\n<h3><b>Fracturas<\/b><\/h3>\n<p><span style=\"font-weight: 400;\">Las fracturas de los huesos pueden ocurrir debido a un resbal\u00f3n y ca\u00edda o una lesi\u00f3n por maquinaria o equipo pesado. Tambi\u00e9n son bastante comunes.<\/span><\/p>\n<h3><b>Lesiones de espalda y cuello<\/b><\/h3>\n<p><span style=\"font-weight: 400;\">La mayor\u00eda de las lesiones sufridas en el lugar de trabajo est\u00e1n relacionadas con el cuello y la columna. Ya sea por levantar objetos pesados \u200b\u200bo por una mala postura, estas lesiones son bastante comunes y pueden provocar problemas a largo plazo.<\/span><\/p>\n<h3><b>Amputaciones<\/b><\/h3>\n<p><span style=\"font-weight: 400;\">Los entornos de trabajo donde se utilizan maquinaria y equipos pesados \u200b\u200btienden a ser propensos a sufrir accidentes en los que los empleados pierden sus extremidades.<\/span><\/p>\n<h3><b>Enfermedades profesionales<\/b><\/h3>\n<p><span style=\"font-weight: 400;\">Las condiciones como enfermedades card\u00edacas, derrames cerebrales, p\u00e9rdida de audici\u00f3n, etc., se consideran compensables, dado que puede proporcionar evidencia m\u00e9dica que demuestre el v\u00ednculo causal entre la enfermedad y las condiciones en las que trabaja.<\/span><\/p>\n<p><a href=\"https:\/\/workinjuryrights.com\/wp-content\/uploads\/2021\/08\/shutterstock_189309122-1.jpg\"><img fetchpriority=\"high\" decoding=\"async\" class=\"alignnone wp-image-2336 size-full\" src=\"https:\/\/workinjuryrights.com\/wp-content\/uploads\/2021\/08\/shutterstock_189309122-1.jpg\" alt=\"X-ray of broken bone, example of compensable work injuries in Tampa\" width=\"500\" height=\"333\" srcset=\"https:\/\/workinjuryrights.com\/wp-content\/uploads\/2021\/08\/shutterstock_189309122-1.jpg 500w, https:\/\/workinjuryrights.com\/wp-content\/uploads\/2021\/08\/shutterstock_189309122-1-300x200.jpg 300w\" sizes=\"(max-width: 500px) 100vw, 500px\" \/><\/a><\/p>\n<h2><b>\u00bfQu\u00e9 tipos de compensaci\u00f3n puede recuperar de un reclamo de compensaci\u00f3n para trabajadores de Florida?<\/b><\/h2>\n<p><span style=\"font-weight: 400;\">De acuerdo con la Ley de Compensaci\u00f3n para Trabajadores de Florida, los empleados lesionados mientras est\u00e1n en el trabajo pueden recuperar los siguientes tipos de beneficios:<\/span><\/p>\n<h3><b>Beneficios por discapacidad temporal (TDB)<\/b><\/h3>\n<p><span style=\"font-weight: 400;\">Estos se dividen en dos categor\u00edas: beneficios parciales temporales y beneficios por discapacidad total temporal. Estos \u00faltimos son elegibles para empleados que puedan retomar el trabajo debido a las lesiones sufridas en el accidente. Durante el per\u00edodo en que est\u00e1n sin trabajo, deben recibir una cantidad que totalice 2\/3 de su salario promedio.<\/span><\/p>\n<p><span style=\"font-weight: 400;\">Los beneficios parciales temporales son elegibles para los trabajadores que pueden reanudar el trabajo pero con limitaciones. Si no puede ganar el 80% del salario que gana normalmente, entonces es elegible para estos beneficios.<\/span><\/p>\n<h3><b>Beneficios m\u00e9dicos<\/b><\/h3>\n<p><span style=\"font-weight: 400;\">Seg\u00fan la Ley de compensaci\u00f3n para trabajadores, una persona lesionada durante el trabajo califica para recibir tratamiento m\u00e9dico gratuito cubierto por su empleador o su compa\u00f1\u00eda de seguros.<\/span><\/p>\n<h3><b>Beneficios por discapacidad<\/b><\/h3>\n<p><span style=\"font-weight: 400;\">En algunas situaciones, no se espera que la lesi\u00f3n o condici\u00f3n de un trabajador mejore y, por lo tanto, se considera que ha alcanzado la Mejor\u00eda M\u00e9dica M\u00e1xima o MMI. Si un proveedor m\u00e9dico aprobado le otorga esta clasificaci\u00f3n, tendr\u00e1 que trabajar bajo restricci\u00f3n permanente y ser elegible para los beneficios por discapacidad.<\/span><\/p>\n<h3><b>Beneficios por discapacidad total permanente (PTDB)<\/b><\/h3>\n<p><span style=\"font-weight: 400;\">Si ha alcanzado MMI, pero las lesiones son demasiado graves para que pueda volver a su puesto, se le otorgan estos beneficios.<\/span><\/p>\n<h3><b>Beneficios por muerte<\/b><\/h3>\n<p><span style=\"font-weight: 400;\">Si un accidente en el lugar de trabajo provoca la muerte de un trabajador, sus seres queridos pueden ser elegibles para una compensaci\u00f3n por las p\u00e9rdidas monetarias resultantes del incidente.<\/span><\/p>\n<h2><b>\u00bfCu\u00e1nto tiempo tengo para presentar una solicitud de indemnizaci\u00f3n por lesiones laborales en Tampa?<\/b><\/h2>\n<p><span style=\"font-weight: 400;\">De acuerdo con la Ley de Compensaci\u00f3n para Trabajadores, el plazo de prescripci\u00f3n para reclamos por lesiones relacionadas con el trabajo es de dos a\u00f1os a partir de la fecha del incidente y de un a\u00f1o a partir del \u00faltimo tratamiento m\u00e9dico. Despu\u00e9s de este per\u00edodo, el plazo de prescripci\u00f3n expira y no puede solicitar beneficios legalmente. Adem\u00e1s, tenga en cuenta que tiene 30 d\u00edas para notificar a su empleador sobre la lesi\u00f3n.<\/span><\/p>\n<p><span style=\"font-weight: 400;\">Por eso es importante contar con un abogado a su lado para que pueda asesorarle sobre los plazos y c\u00f3mo seguir con el proceso.<\/span><\/p>\n<h2><b>Busque la experiencia de nuestro equipo legal para ayudarlo con sus lesiones laborales indemnizables en Tampa<\/b><\/h2>\n<p><span style=\"font-weight: 400;\">Si usted o un ser querido se lesion\u00f3 en el trabajo o desarroll\u00f3 una enfermedad ocupacional, puede ser elegible para los beneficios de compensaci\u00f3n para trabajadores. El equipo de <\/span><a href=\"\/\"><span style=\"font-weight: 400;\">Work Injury Rights<\/span><\/a><span style=\"font-weight: 400;\"> podr\u00e1 ayudarlo a evaluar su caso, determinar si tiene lesiones laborales indemnizables en Tampa y sugerir el mejor curso de acci\u00f3n. Ll\u00e1menos hoy al <a href=\"tel:+19543888616\">954-388-8616<\/a> para una consulta inicial gratuita.<\/span><\/p>\n","protected":false},"excerpt":{"rendered":"<p>Independientemente del tipo de lesi\u00f3n que haya sufrido en el trabajo, es posible que se pregunte si ser\u00e1 compensado por su lesi\u00f3n. En Work Injury Rights, nuestros abogados de compensaci\u00f3n de trabajadores de Tampa est\u00e1n bien versados \u200b\u200ben lo que son las lesiones laborales compensables en Tampa. Seg\u00fan el Consejo Nacional de Seguridad , alrededor [&hellip;]<\/p>\n","protected":false},"author":29,"featured_media":4753,"parent":5779,"menu_order":0,"comment_status":"closed","ping_status":"closed","template":"","meta":{"_acf_changed":false,"anchor_text":"","footnotes":""},"categories":[],"tags":[113,108],"class_list":["post-5775","page","type-page","status-publish","has-post-thumbnail","hentry","tag-workers-compensation-es-2","tag-workers-compensation-es"],"acf":[],"_links":{"self":[{"href":"https:\/\/workinjuryrights.com\/es\/wp-json\/wp\/v2\/pages\/5775","targetHints":{"allow":["GET"]}}],"collection":[{"href":"https:\/\/workinjuryrights.com\/es\/wp-json\/wp\/v2\/pages"}],"about":[{"href":"https:\/\/workinjuryrights.com\/es\/wp-json\/wp\/v2\/types\/page"}],"author":[{"embeddable":true,"href":"https:\/\/workinjuryrights.com\/es\/wp-json\/wp\/v2\/users\/29"}],"replies":[{"embeddable":true,"href":"https:\/\/workinjuryrights.com\/es\/wp-json\/wp\/v2\/comments?post=5775"}],"version-history":[{"count":5,"href":"https:\/\/workinjuryrights.com\/es\/wp-json\/wp\/v2\/pages\/5775\/revisions"}],"predecessor-version":[{"id":6544,"href":"https:\/\/workinjuryrights.com\/es\/wp-json\/wp\/v2\/pages\/5775\/revisions\/6544"}],"up":[{"embeddable":true,"href":"https:\/\/workinjuryrights.com\/es\/wp-json\/wp\/v2\/pages\/5779"}],"wp:featuredmedia":[{"embeddable":true,"href":"https:\/\/workinjuryrights.com\/es\/wp-json\/wp\/v2\/media\/4753"}],"wp:attachment":[{"href":"https:\/\/workinjuryrights.com\/es\/wp-json\/wp\/v2\/media?parent=5775"}],"wp:term":[{"taxonomy":"category","embeddable":true,"href":"https:\/\/workinjuryrights.com\/es\/wp-json\/wp\/v2\/categories?post=5775"},{"taxonomy":"post_tag","embeddable":true,"href":"https:\/\/workinjuryrights.com\/es\/wp-json\/wp\/v2\/tags?post=5775"}],"curies":[{"name":"wp","href":"https:\/\/api.w.org\/{rel}","templated":true}]}}