{"id":5776,"date":"2021-08-17T15:29:00","date_gmt":"2021-08-17T15:29:00","guid":{"rendered":"https:\/\/workinjuryrights.com\/tampa\/preexisting-injuries-conditions\/"},"modified":"2021-10-05T19:43:07","modified_gmt":"2021-10-05T19:43:07","slug":"lesiones-preexistentes","status":"publish","type":"page","link":"https:\/\/workinjuryrights.com\/es\/tampa\/abogado-compensacion-laboral\/lesiones-preexistentes\/","title":{"rendered":"Lesiones y afecciones preexistentes en Tampa"},"content":{"rendered":"<p><span style=\"font-weight: 400;\">\u00bfEst\u00e1 empleado en Tampa, Florida, y ha sufrido una lesi\u00f3n desafortunada en su lugar de trabajo? Los accidentes laborales son bastante comunes en muchas disciplinas, profesiones y carreras. Los trabajadores lesionados con y sin lesiones y condiciones preexistentes en Tampa pueden solicitar beneficios bajo la Ley de Compensaci\u00f3n para Trabajadores.<\/span><\/p>\n<p><span style=\"font-weight: 400;\">Se espera que los empleadores implementen medidas y protocolos espec\u00edficos para proteger a sus trabajadores en todo momento. Si ha sufrido una lesi\u00f3n en el lugar de trabajo, los abogados de derechos de lesiones laborales pueden ayudarlo a obtener la compensaci\u00f3n necesaria no solo para cubrir sus facturas m\u00e9dicas, sino tambi\u00e9n cualquier ingreso o ganancia que pueda haber perdido debido a la reducci\u00f3n de la productividad o al no estar en el trabajo.<\/span><\/p>\n<p><span style=\"font-weight: 400;\">Llame a nuestros <\/span><a href=\"https:\/\/workinjuryrights.com\/es\/tampa\/abogado-compensacion-laboral\/\"><span style=\"font-weight: 400;\">abogados de compensaci\u00f3n para trabajadores de Tampa<\/span><\/a><span style=\"font-weight: 400;\"> hoy mismo al <a href=\"tel:+19543888616\">954-388-8616<\/a> y estaremos m\u00e1s que felices de analizar su caso y obtener los resultados que est\u00e1 buscando.<\/span><\/p>\n<p><span style=\"font-weight: 400;\"> <\/span><\/p>\n<h2><b>\u00bfQu\u00e9 son las afecciones y lesiones preexistentes?<\/b><\/h2>\n<p><span style=\"font-weight: 400;\">Al presentar su reclamo, una de las primeras cosas que su empleador o su compa\u00f1\u00eda de seguros querr\u00e1n saber es si usted ten\u00eda una condici\u00f3n o lesi\u00f3n preexistente antes del accidente. La raz\u00f3n principal por la que hacen esto es para buscar lagunas que puedan utilizar para denegar su reclamo. Afortunadamente, la ley prev\u00e9 este tipo de escenario y procede a proteger a los trabajadores que sufren lesiones en el lugar de trabajo a pesar de que ten\u00edan <\/span><a href=\"http:\/\/www.leg.state.fl.us\/statutes\/index.cfm?App_mode=Display_Statute&amp;Search_String=&amp;URL=0400-0499\/0440\/Sections\/0440.49.html\" target=\"_blank\" rel=\"noopener\"><span style=\"font-weight: 400;\">afecciones o lesiones preexistentes<\/span><\/a><span style=\"font-weight: 400;\">.<\/span><\/p>\n<p><span style=\"font-weight: 400;\">La legislaci\u00f3n de Compensaci\u00f3n para Trabajadores establece que \u00absi una condici\u00f3n o lesi\u00f3n preexistente se ve agravada por un accidente o lesi\u00f3n en el lugar de trabajo, debe estar cubierta por las reclamaciones de compensaci\u00f3n para trabajadores\u00bb. Es importante tener en cuenta que las afecciones y lesiones preexistentes, por definici\u00f3n, son cualquier lesi\u00f3n o afecci\u00f3n m\u00e9dica (como lesiones de espalda o columna vertebral) que le hayan diagnosticado antes del accidente en el lugar de trabajo que se agravaron o empeoraron por las lesiones mencionadas anteriormente.<\/span><\/p>\n<h2><b>Seg\u00fan las leyes de Florida, \u00bflas afecciones o lesiones preexistentes le impiden presentar reclamaciones de indemnizaci\u00f3n laboral?<\/b><\/h2>\n<p><span style=\"font-weight: 400;\">A diferencia de un reclamo por lesiones laborales normales, un demandante con una lesi\u00f3n o afecci\u00f3n preexistente puede enfrentarse a todo tipo de desaf\u00edos al presentar su reclamo. Sin embargo, seg\u00fan las leyes estatales, las condiciones o lesiones preexistentes NO impiden ni le impiden expl\u00edcitamente presentar reclamaciones de compensaci\u00f3n para trabajadores en Tampa.<\/span><\/p>\n<p><span style=\"font-weight: 400;\">La honestidad es algo crucial al presentar un reclamo de compensaci\u00f3n para trabajadores en Florida. No revelar su lesi\u00f3n o condici\u00f3n preexistente al presentar su reclamo puede afectar negativamente el \u00e9xito de su reclamo. Es importante que revele toda la informaci\u00f3n relevante sobre su historial m\u00e9dico a su abogado porque su condici\u00f3n o lesi\u00f3n preexistente puede haber empeorado por las nuevas lesiones, incluso si no lo parece.<\/span><\/p>\n<h2><b>\u00bfQu\u00e9 obst\u00e1culos puedo enfrentar con mi reclamo de compensaci\u00f3n para trabajadores cuando intento probar que una condici\u00f3n preexistente empeor\u00f3?<\/b><\/h2>\n<p><span style=\"font-weight: 400;\">Desafortunadamente, presentar un reclamo por lesiones laborales que involucre una lesi\u00f3n o condici\u00f3n preexistente no es una tarea f\u00e1cil. Muchos empleadores, compa\u00f1\u00edas de seguros e incluso m\u00e9dicos designados por su compa\u00f1\u00eda de seguros intentar\u00e1n demostrar que su condici\u00f3n o lesi\u00f3n preexistente no es su responsabilidad de cubrir.<\/span><\/p>\n<p><span style=\"font-weight: 400;\">Por ejemplo, cualquiera de las partes antes mencionadas puede afirmar que la causa de la reaparici\u00f3n de su lesi\u00f3n anterior (digamos dolor de espalda) se debe a que estaba all\u00ed en primer lugar, y de ninguna manera fue causada por la naturaleza de su trabajo o actividades. o entorno en su lugar de trabajo.<\/span><\/p>\n<p><span style=\"font-weight: 400;\">Muchas veces, los empleados lesionados est\u00e1n convencidos de que sus lesiones y afecciones preexistentes no est\u00e1n cubiertas simplemente porque eran \u00abpreexistentes\u00bb, a pesar de la evidencia verificable de que las actividades laborales o el entorno en su lugar de trabajo hicieron que regresaran.<\/span><\/p>\n<p><a href=\"https:\/\/workinjuryrights.com\/wp-content\/uploads\/2021\/08\/pre-existing-injuries-and-conditions-in-Tampa-Florida.jpeg\"><img fetchpriority=\"high\" decoding=\"async\" class=\"alignnone size-full wp-image-3328\" src=\"https:\/\/workinjuryrights.com\/wp-content\/uploads\/2021\/08\/pre-existing-injuries-and-conditions-in-Tampa-Florida.jpeg\" alt=\"Concept of pre-existing injuries and conditions in Tampa workers' compensation\" width=\"500\" height=\"334\" srcset=\"https:\/\/workinjuryrights.com\/wp-content\/uploads\/2021\/08\/pre-existing-injuries-and-conditions-in-Tampa-Florida.jpeg 500w, https:\/\/workinjuryrights.com\/wp-content\/uploads\/2021\/08\/pre-existing-injuries-and-conditions-in-Tampa-Florida-300x200.jpeg 300w\" sizes=\"(max-width: 500px) 100vw, 500px\" \/><\/a><\/p>\n<p><span style=\"font-weight: 400;\">Sin embargo, una lesi\u00f3n laboral que empeora una lesi\u00f3n o condici\u00f3n preexistente solo debe cumplir con los siguientes criterios:<\/span><\/p>\n<ul>\n<li><span style=\"font-weight: 400;\"> Una nueva necesidad de tratamiento de una lesi\u00f3n o afecci\u00f3n preexistente.<\/span><\/li>\n<li><span style=\"font-weight: 400;\"> La necesidad de un tratamiento adicional o mejorado de la lesi\u00f3n o afecci\u00f3n preexistente (por ejemplo, es posible que solo haya necesitado atenci\u00f3n quiropr\u00e1ctica para su afecci\u00f3n, pero ahora necesita cirug\u00eda).<\/span><\/li>\n<li><span style=\"font-weight: 400;\"> Una necesidad acelerada de tratamiento de su lesi\u00f3n o afecci\u00f3n preexistente (por ejemplo, es posible que haya necesitado un reemplazo de cadera en 5 a\u00f1os, pero debido a la lesi\u00f3n en el lugar de trabajo, es necesario de inmediato).<\/span><\/li>\n<\/ul>\n<h2><b>\u00bfC\u00f3mo puede proteger su reclamo de indemnizaci\u00f3n laboral?<\/b><\/h2>\n<p><span style=\"font-weight: 400;\">Hay varios pasos importantes que debe tomar para proteger su capacidad de presentar un reclamo de compensaci\u00f3n para trabajadores.<\/span><\/p>\n<h3><b>Presente su reclamo a tiempo<\/b><\/h3>\n<p><span style=\"font-weight: 400;\">En la mayor\u00eda de los casos, el Estatuto de Limitaciones que rige los l\u00edmites de tiempo para las reclamaciones de compensaci\u00f3n para trabajadores en Florida establece <\/span><a href=\"http:\/\/www.leg.state.fl.us\/statutes\/index.cfm?App_mode=Display_Statute&amp;URL=0400-0499\/0440\/Sections\/0440.19.html\" target=\"_blank\" rel=\"noopener\"><span style=\"font-weight: 400;\">2 a\u00f1os<\/span><\/a><span style=\"font-weight: 400;\"> a partir de la fecha de la lesi\u00f3n o el diagn\u00f3stico. Es importante presentar su reclamo a tiempo para que toda la informaci\u00f3n relevante sobre su caso est\u00e9 disponible y actualizada.<\/span><\/p>\n<p><span style=\"font-weight: 400;\">Tambi\u00e9n debe informar su lesi\u00f3n a su empleador <\/span><a href=\"https:\/\/www.myfloridacfo.com\/division\/wc\/employee\/reportaclaim.htm\" target=\"_blank\" rel=\"noopener\"><span style=\"font-weight: 400;\">dentro de los 30 d\u00edas<\/span><\/a><span style=\"font-weight: 400;\">.<\/span><\/p>\n<h3><b>Mantener registros m\u00e9dicos<\/b><\/h3>\n<p><span style=\"font-weight: 400;\">Mantener registros m\u00e9dicos completos es una de las \u00fanicas cosas que puede hacer como v\u00edctima para aumentar las posibilidades de que su reclamo sea compensado. Tener una afecci\u00f3n o lesi\u00f3n preexistente bien documentada que est\u00e9 respaldada por registros m\u00e9dicos v\u00e1lidos es una de las mejores formas de vencer a las compa\u00f1\u00edas de seguros que pueden intentar invalidar su reclamo.<\/span><\/p>\n<p><span style=\"font-weight: 400;\">En Work Injury Rights, siempre aconsejamos a los trabajadores en Tampa que mantengan sus registros m\u00e9dicos y documentaci\u00f3n crucial de manera adecuada en caso de que un juez pueda solicitar esto como prueba de que su condici\u00f3n empeor\u00f3 por el accidente en el lugar de trabajo.<\/span><\/p>\n<h3><b>Someterse a un examen m\u00e9dico<\/b><\/h3>\n<p><span style=\"font-weight: 400;\">Lo primero es lo primero, es muy importante que busque atenci\u00f3n m\u00e9dica lo antes posible despu\u00e9s de un accidente en su lugar de trabajo, independientemente de lo trivial que pueda parecer la lesi\u00f3n. Ahora, la compa\u00f1\u00eda de seguros de su empleador generalmente le pedir\u00e1 que se someta a un examen m\u00e9dico para determinar la naturaleza de su lesi\u00f3n o condici\u00f3n.<\/span><\/p>\n<h2><b>Comun\u00edquese con nosotros cuando presente un reclamo por lesiones y afecciones preexistentes en Tampa<\/b><\/h2>\n<p><span style=\"font-weight: 400;\">Si usted o un ser querido est\u00e1 presentando un reclamo de compensaci\u00f3n para trabajadores con lesiones y condiciones preexistentes en Tampa, no dude en comunicarse con nuestros abogados de Work Injury Rights.<\/span><\/p>\n<p><span style=\"font-weight: 400;\">Nuestro equipo de <\/span><a href=\"\/\"><span style=\"font-weight: 400;\">Work Injury Rights<\/span><\/a><span style=\"font-weight: 400;\"> ha representado a cientos de trabajadores lesionados en Tampa y ha ayudado con \u00e9xito a muchos de ellos a obtener beneficios de compensaci\u00f3n para trabajadores despu\u00e9s de sufrir lesiones en sus lugares de trabajo.<\/span><\/p>\n<p><span style=\"font-weight: 400;\">Podemos ayudarlo a obtener una compensaci\u00f3n que cubrir\u00e1 los costosos tratamientos m\u00e9dicos que pueda necesitar, as\u00ed como una compensaci\u00f3n por futuras visitas al m\u00e9dico. Tambi\u00e9n podemos compensarlo por cualquier dolor f\u00edsico o emocional al que haya sido sometido despu\u00e9s de la lesi\u00f3n. Cont\u00e1ctenos hoy mismo al <a href=\"tel:+19543888616\">954-388-8616<\/a> para una consulta gratuita.<\/span><\/p>\n","protected":false},"excerpt":{"rendered":"<p>\u00bfEst\u00e1 empleado en Tampa, Florida, y ha sufrido una lesi\u00f3n desafortunada en su lugar de trabajo? Los accidentes laborales son bastante comunes en muchas disciplinas, profesiones y carreras. Los trabajadores lesionados con y sin lesiones y condiciones preexistentes en Tampa pueden solicitar beneficios bajo la Ley de Compensaci\u00f3n para Trabajadores. Se espera que los empleadores [&hellip;]<\/p>\n","protected":false},"author":29,"featured_media":0,"parent":5779,"menu_order":0,"comment_status":"closed","ping_status":"closed","template":"","meta":{"_acf_changed":false,"anchor_text":"","footnotes":""},"categories":[],"tags":[113,108],"class_list":["post-5776","page","type-page","status-publish","hentry","tag-workers-compensation-es-2","tag-workers-compensation-es"],"acf":[],"_links":{"self":[{"href":"https:\/\/workinjuryrights.com\/es\/wp-json\/wp\/v2\/pages\/5776","targetHints":{"allow":["GET"]}}],"collection":[{"href":"https:\/\/workinjuryrights.com\/es\/wp-json\/wp\/v2\/pages"}],"about":[{"href":"https:\/\/workinjuryrights.com\/es\/wp-json\/wp\/v2\/types\/page"}],"author":[{"embeddable":true,"href":"https:\/\/workinjuryrights.com\/es\/wp-json\/wp\/v2\/users\/29"}],"replies":[{"embeddable":true,"href":"https:\/\/workinjuryrights.com\/es\/wp-json\/wp\/v2\/comments?post=5776"}],"version-history":[{"count":5,"href":"https:\/\/workinjuryrights.com\/es\/wp-json\/wp\/v2\/pages\/5776\/revisions"}],"predecessor-version":[{"id":6545,"href":"https:\/\/workinjuryrights.com\/es\/wp-json\/wp\/v2\/pages\/5776\/revisions\/6545"}],"up":[{"embeddable":true,"href":"https:\/\/workinjuryrights.com\/es\/wp-json\/wp\/v2\/pages\/5779"}],"wp:attachment":[{"href":"https:\/\/workinjuryrights.com\/es\/wp-json\/wp\/v2\/media?parent=5776"}],"wp:term":[{"taxonomy":"category","embeddable":true,"href":"https:\/\/workinjuryrights.com\/es\/wp-json\/wp\/v2\/categories?post=5776"},{"taxonomy":"post_tag","embeddable":true,"href":"https:\/\/workinjuryrights.com\/es\/wp-json\/wp\/v2\/tags?post=5776"}],"curies":[{"name":"wp","href":"https:\/\/api.w.org\/{rel}","templated":true}]}}