{"id":5780,"date":"2021-08-17T15:17:31","date_gmt":"2021-08-17T15:17:31","guid":{"rendered":"https:\/\/workinjuryrights.com\/tampa\/workers-compensation-benefits\/"},"modified":"2021-10-05T18:54:00","modified_gmt":"2021-10-05T18:54:00","slug":"beneficios-laborales","status":"publish","type":"page","link":"https:\/\/workinjuryrights.com\/es\/tampa\/abogado-compensacion-laboral\/beneficios-laborales\/","title":{"rendered":"Beneficios de compensaci\u00f3n laboral en Tampa"},"content":{"rendered":"<p><span style=\"font-weight: 400;\">Todos los estados requieren que las empresas tengan una p\u00f3liza de seguro de compensaci\u00f3n para trabajadores. Sin embargo, debe tener en cuenta que cada estado tiene sus propias reglas y regulaciones con respecto a la compensaci\u00f3n de trabajadores. En otras palabras, el seguro de compensaci\u00f3n para trabajadores es una p\u00f3liza de seguro regulada por el estado, lo que significa que difiere de un estado a otro. Seg\u00fan la ley de Florida, los empleados solo pueden recibir beneficios de compensaci\u00f3n para trabajadores en Tampa si han sufrido lesiones o enfermedades relacionadas con el trabajo.<\/span><\/p>\n<p><span style=\"font-weight: 400;\">Desafortunadamente, al igual que cualquier otra cosa asociada con una p\u00f3liza o cobertura de seguro, las compa\u00f1\u00edas de seguros siempre est\u00e1n buscando nuevas lagunas que puedan usar para negar o pagar lo m\u00e1s bajo posible. Podemos ayudarlo a obtener los beneficios de compensaci\u00f3n para trabajadores que se merecen.<\/span><\/p>\n<p><span style=\"font-weight: 400;\">Nuestro equipo de abogados con experiencia en <\/span><a href=\"https:\/\/workinjuryrights.com\/es\/tampa\/abogado-compensacion-laboral\/\"><span style=\"font-weight: 400;\">compensaci\u00f3n de trabajadores de Tampa<\/span><\/a><span style=\"font-weight: 400;\"> trabaja en varias lesiones relacionadas con el lugar de trabajo, incluso aquellas sufridas por violencia en el lugar de trabajo. En el momento en que comencemos a trabajar en su reclamo de compensaci\u00f3n para trabajadores en Tampa, la compa\u00f1\u00eda de seguros y el empleador ya no lo ignorar\u00e1n. No olvide que su empleador y la compa\u00f1\u00eda de seguros tienen abogados; \u00bfpor qu\u00e9 no t\u00fa?<\/span><\/p>\n<p><span style=\"font-weight: 400;\">Pruebe nuestro equipo llam\u00e1ndonos al <a href=\"tel:+19543888616\">954-388-8616<\/a>. No pagar\u00e1 nada porque ofrecemos servicios de consulta inicial gratuitos. Adem\u00e1s, trabajamos en base a contingencias.<\/span><\/p>\n<p><span style=\"font-weight: 400;\"> <\/span><\/p>\n<h2><b>\u00bfCu\u00e1les son los l\u00edmites de ingresos de compensaci\u00f3n para trabajadores de Florida?<\/b><\/h2>\n<p><span style=\"font-weight: 400;\">En el estado de Florida, la discapacidad temporal se otorga inmediatamente cuando un trabajador se lesiona. Sin embargo, el trabajador no recibir\u00e1 un l\u00edmite de ingresos durante los primeros siete d\u00edas; a menos que sus lesiones los mantengan alejados del trabajo por m\u00e1s de 21 d\u00edas. El m\u00e1ximo legal por discapacidad temporal es de $971usd por semana. Sin embargo, debe tener en cuenta que algunas lesiones conllevan una tasa m\u00e1s alta del 80% de los salarios del trabajador antes de la lesi\u00f3n dentro de los primeros seis meses.<\/span><\/p>\n<p><span style=\"font-weight: 400;\">Los beneficios por discapacidad permanente tienen el mismo m\u00e1ximo legal, pero el c\u00e1lculo se basar\u00e1 en el 75% de su tasa de discapacidad temporal. La discapacidad total permanente tiene el mismo l\u00edmite legal m\u00e1ximo que el beneficio por discapacidad temporal ($ 971), pero se paga hasta que una persona tenga 75 a\u00f1os (si califica para el beneficio del seguro social) o de por vida si no califica para el beneficio del seguro social.<\/span><\/p>\n<h2><b>\u00bfCu\u00e1les son los tipos de beneficios de compensaci\u00f3n laboral en Florida?<\/b><\/h2>\n<p><span style=\"font-weight: 400;\">Usted califica para recibir beneficios de compensaci\u00f3n para trabajadores en Tampa, Florida, si se lesiona mientras trabaja o mientras realiza tareas relacionadas con el trabajo. No importa si las lesiones son temporales o permanentes; Siempre que se cumplan todos los par\u00e1metros \/ reglas \/ pautas de compensaci\u00f3n para trabajadores, usted calificar\u00e1 para la compensaci\u00f3n para trabajadores. La cantidad que recibir\u00e1 en compensaci\u00f3n para trabajadores depender\u00e1 del tipo de discapacidad. A continuaci\u00f3n se muestra una lista de los tipos de <\/span><a href=\"https:\/\/www.myfloridacfo.com\/division\/wc\/Employee\/Benefits\/lost-wages.htm\" target=\"_blank\" rel=\"noopener\"><span style=\"font-weight: 400;\">beneficios de compensaci\u00f3n para trabajadores<\/span><\/a><span style=\"font-weight: 400;\"> disponibles en Tampa:<\/span><\/p>\n<h3><b>Discapacidad total temporal (TTD)<\/b><\/h3>\n<p><span style=\"font-weight: 400;\">Este tipo de beneficio se otorga cuando un trabajador no puede trabajar debido a una lesi\u00f3n. La compensaci\u00f3n total asciende a 2\/3 del salario semanal de un trabajador.<\/span><\/p>\n<h3><b>Discapacidad parcial temporal (TPD)<\/b><\/h3>\n<p><span style=\"font-weight: 400;\">Este tipo de beneficio se otorga a un trabajador que puede regresar al trabajo con restricciones (movimiento limitado, horas limitadas, etc.) o en un puesto que paga menos que antes.<\/span><\/p>\n<h3><b>Discapacidad parcial permanente (PPD)<\/b><\/h3>\n<p><span style=\"font-weight: 400;\">Se le puede otorgar este beneficio si no se espera que sus lesiones mejoren a\u00fan m\u00e1s. El t\u00e9rmino legal utilizado en la compensaci\u00f3n de trabajadores es M\u00e1xima mejora m\u00e9dica. El m\u00e9dico tratante es el \u00fanico que puede declarar legalmente la Mejor\u00eda M\u00e9dica M\u00e1xima, y \u200b\u200besto se basar\u00e1 en su observaci\u00f3n profesional.<\/span><\/p>\n<p><a href=\"https:\/\/workinjuryrights.com\/wp-content\/uploads\/2021\/08\/Workers-compensation-benefits-in-Tampa-FL.jpg\"><img fetchpriority=\"high\" decoding=\"async\" class=\"alignnone size-full wp-image-3322\" src=\"https:\/\/workinjuryrights.com\/wp-content\/uploads\/2021\/08\/Workers-compensation-benefits-in-Tampa-FL.jpg\" alt=\"Concept of workers' compensation benefits in Tampa\" width=\"500\" height=\"333\" srcset=\"https:\/\/workinjuryrights.com\/wp-content\/uploads\/2021\/08\/Workers-compensation-benefits-in-Tampa-FL.jpg 500w, https:\/\/workinjuryrights.com\/wp-content\/uploads\/2021\/08\/Workers-compensation-benefits-in-Tampa-FL-300x200.jpg 300w\" sizes=\"(max-width: 500px) 100vw, 500px\" \/><\/a><\/p>\n<h3><b>Discapacidad total permanente (DPT)<\/b><\/h3>\n<p><span style=\"font-weight: 400;\">Si sus lesiones le impiden trabajar y ha alcanzado la m\u00e1xima mejora m\u00e9dica (MMI), puede calificar para PTD de acuerdo con las leyes de compensaci\u00f3n para trabajadores de Florida.<\/span><\/p>\n<h3><b>Beneficios por muerte<\/b><\/h3>\n<p><span style=\"font-weight: 400;\">De acuerdo con <\/span><a href=\"https:\/\/www.myfloridacfo.com\/Division\/WC\/PublicationsFormsManualsReports\/StatutesRules\/Default.htm\" target=\"_blank\" rel=\"noopener\"><span style=\"font-weight: 400;\">las leyes de compensaci\u00f3n para trabajadores de Florida<\/span><\/a><span style=\"font-weight: 400;\"> , si un trabajador lesionado pierde la vida dentro de un a\u00f1o del accidente o cinco a\u00f1os despu\u00e9s de la discapacidad, su familia puede recibir compensaci\u00f3n para trabajadores y beneficios por fallecimiento que cubren todos los gastos funerarios, beneficios educativos y compensaci\u00f3n. subsidio por dependientes. Por otro lado, si un trabajador muere y no tiene dependientes, los beneficios que obtendr\u00e1n los miembros de la familia se limitar\u00e1n a los gastos de entierro y funeral.<\/span><\/p>\n<h2><b>\u00bfC\u00f3mo se calculan los beneficios de compensaci\u00f3n para trabajadores en Florida?<\/b><\/h2>\n<p><span style=\"font-weight: 400;\">Los beneficios de compensaci\u00f3n para trabajadores en Tampa, Florida, se calculan primero calculando el salario semanal promedio de las \u00faltimas 13 semanas antes de la lesi\u00f3n. Luego, la cantidad promedio total se multiplica por dos tercios. \u00bfQu\u00e9 significa esto? Significa que la cantidad que recibir\u00e1 una persona lesionada equivale a 2\/3 de su ingreso semanal promedio.<\/span><\/p>\n<p><span style=\"font-weight: 400;\">Sin embargo, es importante tener en cuenta que la cantidad m\u00e1xima legal que recibir\u00e1 por un beneficio por discapacidad temporal es de $971 usd por semana. Por otro lado, viene con un per\u00edodo de gracia de una semana (7 d\u00edas). Sin embargo, puede recibir el pago semanal de 7 d\u00edas si sus lesiones superan los 21 d\u00edas. Cuando se trata de lesiones graves, el monto del beneficio puede aumentar hasta un 80% de su ingreso semanal promedio antes de la lesi\u00f3n relacionada con el trabajo.<\/span><\/p>\n<p><span style=\"font-weight: 400;\">De acuerdo con las regulaciones estatales de compensaci\u00f3n para trabajadores, no puede recibir el beneficio por m\u00e1s de dos a\u00f1os a menos que a\u00fan se est\u00e9 recuperando y no haya alcanzado la mejor\u00eda m\u00e9dica m\u00e1xima. Puede recibir un beneficio por discapacidad parcial si no puede desempe\u00f1arse al m\u00e1ximo de su nivel en el trabajo.<\/span><\/p>\n<h2><b>\u00bfSe gravan los beneficios de compensaci\u00f3n para trabajadores en Tampa, Florida?<\/b><\/h2>\n<p><span style=\"font-weight: 400;\">La respuesta corta y directa es \u00a1NO! Cualquier beneficio otorgado a un empleado o trabajador lesionado a trav\u00e9s del seguro de compensaci\u00f3n para trabajadores <\/span><a href=\"https:\/\/www.thehartford.com\/workers-compensation\/taxable\" target=\"_blank\" rel=\"noopener\"><span style=\"font-weight: 400;\">no est\u00e1 sujeto a impuestos a nivel federal o estatal <\/span><\/a><span style=\"font-weight: 400;\">. Por este motivo, est\u00e1n exentos de impuestos.<\/span><\/p>\n<h2><b>Ll\u00e1menos hoy para una consulta legal gratuita<\/b><\/h2>\n<p><span style=\"font-weight: 400;\">Con una experiencia combinada de 45 a\u00f1os, nos hemos convertido en maestros de los beneficios de compensaci\u00f3n para trabajadores en Florida. De hecho, algunos de nuestros abogados representaban a compa\u00f1\u00edas de seguros en reclamos de compensaci\u00f3n para trabajadores hace varios a\u00f1os. Por esta raz\u00f3n, conocemos todas las t\u00e1cticas y la mentalidad que tienen las compa\u00f1\u00edas de seguros cuando se trata de estos casos. La \u00fanica forma de mitigar muchos de los problemas que surgen al presentar una compensaci\u00f3n para trabajadores es que necesita los servicios de un abogado profesional.<\/span><\/p>\n<p><span style=\"font-weight: 400;\">Estamos preparados para ofrecer nuestros servicios. En <\/span><a href=\"\/\"><span style=\"font-weight: 400;\">Work Injury Rights<\/span><\/a><span style=\"font-weight: 400;\"> , valoramos a nuestros clientes y trabajamos duro para proteger los derechos legales de nuestros clientes. Ll\u00e1menos hoy para una consulta gratuita no obligatoria. Adem\u00e1s, trabajamos sobre una base de contingencia, lo que significa que no nos pagan si no ganamos el reclamo por usted. Ll\u00e1manos a trav\u00e9s del <a href=\"tel:+19543888616\">954-388-8616<\/a>.<\/span><\/p>\n","protected":false},"excerpt":{"rendered":"<p>Todos los estados requieren que las empresas tengan una p\u00f3liza de seguro de compensaci\u00f3n para trabajadores. Sin embargo, debe tener en cuenta que cada estado tiene sus propias reglas y regulaciones con respecto a la compensaci\u00f3n de trabajadores. En otras palabras, el seguro de compensaci\u00f3n para trabajadores es una p\u00f3liza de seguro regulada por el [&hellip;]<\/p>\n","protected":false},"author":29,"featured_media":0,"parent":5779,"menu_order":0,"comment_status":"closed","ping_status":"closed","template":"","meta":{"_acf_changed":false,"anchor_text":"","footnotes":""},"categories":[],"tags":[113,108],"class_list":["post-5780","page","type-page","status-publish","hentry","tag-workers-compensation-es-2","tag-workers-compensation-es"],"acf":[],"_links":{"self":[{"href":"https:\/\/workinjuryrights.com\/es\/wp-json\/wp\/v2\/pages\/5780","targetHints":{"allow":["GET"]}}],"collection":[{"href":"https:\/\/workinjuryrights.com\/es\/wp-json\/wp\/v2\/pages"}],"about":[{"href":"https:\/\/workinjuryrights.com\/es\/wp-json\/wp\/v2\/types\/page"}],"author":[{"embeddable":true,"href":"https:\/\/workinjuryrights.com\/es\/wp-json\/wp\/v2\/users\/29"}],"replies":[{"embeddable":true,"href":"https:\/\/workinjuryrights.com\/es\/wp-json\/wp\/v2\/comments?post=5780"}],"version-history":[{"count":4,"href":"https:\/\/workinjuryrights.com\/es\/wp-json\/wp\/v2\/pages\/5780\/revisions"}],"predecessor-version":[{"id":6527,"href":"https:\/\/workinjuryrights.com\/es\/wp-json\/wp\/v2\/pages\/5780\/revisions\/6527"}],"up":[{"embeddable":true,"href":"https:\/\/workinjuryrights.com\/es\/wp-json\/wp\/v2\/pages\/5779"}],"wp:attachment":[{"href":"https:\/\/workinjuryrights.com\/es\/wp-json\/wp\/v2\/media?parent=5780"}],"wp:term":[{"taxonomy":"category","embeddable":true,"href":"https:\/\/workinjuryrights.com\/es\/wp-json\/wp\/v2\/categories?post=5780"},{"taxonomy":"post_tag","embeddable":true,"href":"https:\/\/workinjuryrights.com\/es\/wp-json\/wp\/v2\/tags?post=5780"}],"curies":[{"name":"wp","href":"https:\/\/api.w.org\/{rel}","templated":true}]}}