{"id":5781,"date":"2021-08-17T12:57:22","date_gmt":"2021-08-17T12:57:22","guid":{"rendered":"https:\/\/workinjuryrights.com\/tampa\/workers-compensation-claims-process\/"},"modified":"2022-03-14T19:37:10","modified_gmt":"2022-03-14T19:37:10","slug":"proceso-reclamaciones-indemnizacion-laboral","status":"publish","type":"page","link":"https:\/\/workinjuryrights.com\/es\/tampa\/abogado-compensacion-laboral\/proceso-reclamaciones-indemnizacion-laboral\/","title":{"rendered":"Proceso de reclamos de indemnizaci\u00f3n laboral en Tampa"},"content":{"rendered":"<p><span style=\"font-weight: 400;\">De acuerdo con la ley de compensaci\u00f3n para trabajadores de Florida, los empleados pueden presentar reclamos de compensaci\u00f3n y recibir beneficios por lesiones o enfermedades ocupacionales. La cobertura de compensaci\u00f3n para trabajadores es una p\u00f3liza de seguro aprobada por el estado y el gobierno federal que los empleadores deben tener. Es una pol\u00edtica sin culpa en Florida y est\u00e1 dise\u00f1ada para proteger al empleado y al empleador de las p\u00e9rdidas asociadas con los accidentes laborales. Sin embargo, el proceso de reclamos de compensaci\u00f3n para trabajadores en Tampa y en toda Florida tiene varios requisitos que un reclamante debe cumplir.<\/span><\/p>\n<p><span style=\"font-weight: 400;\">Saber qu\u00e9 requisitos legales debe cumplir es uno de los desaf\u00edos importantes asociados con el proceso. Pueden ser los elementos que pueden hacer que se rechace su reclamo o que se obtenga un peque\u00f1o acuerdo. Es por eso que recomendamos trabajar con un abogado de compensaci\u00f3n para trabajadores consumado, de buena reputaci\u00f3n y confiable en Tampa, FL.<\/span><\/p>\n<p><span style=\"font-weight: 400;\">Nuestros <\/span><a href=\"https:\/\/workinjuryrights.com\/es\/tampa\/abogado-compensacion-laboral\/\"><span style=\"font-weight: 400;\">abogados de compensaci\u00f3n para trabajadores de Tampa<\/span><\/a><span style=\"font-weight: 400;\"> han manejado muchos casos de compensaci\u00f3n para trabajadores en Florida, ayudando a diferentes personas a recuperar beneficios por lesiones o enfermedades en el lugar de trabajo. Sabemos c\u00f3mo los empleadores y sus proveedores de seguros se apresurar\u00e1n a luchar contra las reclamaciones de compensaci\u00f3n porque no quieren incurrir en p\u00e9rdidas. Adem\u00e1s, pueden tomar medidas que vulneren los derechos del trabajador.<\/span><\/p>\n<p><span style=\"font-weight: 400;\">Por lo tanto, debe contar con el mejor asesor legal que lo represente, luchando por sus derechos e intereses en el proceso de reclamos de compensaci\u00f3n para trabajadores en Tampa. Comun\u00edquese hoy mismo al <a href=\"tel:+19543888616\">954-388-8616<\/a> o visite nuestra oficina en Tampa, FL, para una revisi\u00f3n gratuita del caso y obtenga m\u00e1s informaci\u00f3n sobre c\u00f3mo podemos ayudar.<\/span><\/p>\n<p><span style=\"font-weight: 400;\"> <\/span><\/p>\n<h2><b>\u00bfMi lesi\u00f3n est\u00e1 cubierta por un reclamo de indemnizaci\u00f3n laboral?<\/b><\/h2>\n<p><span style=\"font-weight: 400;\">Cada negocio en los diferentes campos e industrias tiene sus riesgos de peligrosidad. Algunas empresas presentan riesgos m\u00e1s importantes que otras; por lo tanto, los empleados expuestos a mayores riesgos de da\u00f1o al ejecutar sus funciones laborales tienen una mejor cobertura de compensaci\u00f3n. Pero eso no significa que todo ser\u00e1 color de rosa al reclamar beneficios de compensaci\u00f3n por una lesi\u00f3n o enfermedad ocupacional.<\/span><\/p>\n<p><span style=\"font-weight: 400;\">La <\/span><a href=\"https:\/\/www.myfloridacfo.com\/division\/wc\/\" target=\"_blank\" rel=\"noopener\"><span style=\"font-weight: 400;\">Divisi\u00f3n de Compensaci\u00f3n para Trabajadores de Florida<\/span><\/a><span style=\"font-weight: 400;\"> (DWC) garantiza que todas las partes involucradas en un proceso de reclamo de compensaci\u00f3n para trabajadores tengan los recursos necesarios para asegurarse de que comprenden y acatan las leyes de compensaci\u00f3n para trabajadores de Florida. Seg\u00fan la junta de DWC, la p\u00f3liza de seguro protege los derechos e intereses del empleado y del empleador, protegi\u00e9ndolos contra posibles p\u00e9rdidas atribuidas a un accidente laboral.<\/span><\/p>\n<p><span style=\"font-weight: 400;\">Podr\u00eda calificar para buscar una compensaci\u00f3n por lesiones o enfermedades en el lugar de trabajo, pero esto est\u00e1 sujeto a determinar si la lesi\u00f3n es indemnizable seg\u00fan lo estipulado en la ley de compensaci\u00f3n para trabajadores de Florida. Algunas de las lesiones laborales indemnizables por las que hemos ayudado a nuestros clientes a recuperar beneficios incluyen las relacionadas con:<\/span><\/p>\n<ul>\n<li><span style=\"font-weight: 400;\"> Accidentes por ca\u00edda de objetos<\/span><\/li>\n<li><span style=\"font-weight: 400;\"> Accidentes por resbalones y ca\u00eddas<\/span><\/li>\n<li><span style=\"font-weight: 400;\"> Accidentes industriales<\/span><\/li>\n<li><span style=\"font-weight: 400;\"> Accidentes de veh\u00edculos para conductores empleados.<\/span><\/li>\n<li><span style=\"font-weight: 400;\"> Lesiones por sobreesfuerzo<\/span><\/li>\n<li><a href=\"https:\/\/www.mayoclinic.org\/diseases-conditions\/carpal-tunnel-syndrome\/symptoms-causes\/syc-20355603\" target=\"_blank\" rel=\"noopener\"><span style=\"font-weight: 400;\">Lesiones por movimientos repetitivos<\/span><\/a><\/li>\n<li><span style=\"font-weight: 400;\"> Exposici\u00f3n a gases o productos qu\u00edmicos nocivos<\/span><\/li>\n<li><span style=\"font-weight: 400;\"> Lesiones relacionadas con la m\u00e1quina<\/span><\/li>\n<\/ul>\n<p><span style=\"font-weight: 400;\">Puede visitar el sitio web oficial de Florida DWC para obtener m\u00e1s informaci\u00f3n sobre el proceso de reclamos de compensaci\u00f3n para trabajadores en Tampa. Por el contrario, puede consultar a nuestro abogado experimentado en compensaci\u00f3n de trabajadores para que lo ayude a comprender y navegar por los diversos requisitos legales. Se lo guiar\u00e1 a trav\u00e9s de la jerga legal para asegurarse de tomar una decisi\u00f3n informada cuando busque sus beneficios de compensaci\u00f3n.<\/span><\/p>\n<p><a href=\"https:\/\/workinjuryrights.com\/wp-content\/uploads\/2021\/09\/workers-comp-claim-process-Tampa-covered-injury.jpg\"><img fetchpriority=\"high\" decoding=\"async\" class=\"alignnone size-full wp-image-4536\" src=\"https:\/\/workinjuryrights.com\/wp-content\/uploads\/2021\/09\/workers-comp-claim-process-Tampa-covered-injury.jpg\" alt=\"Construction worker with hurt back, concept of workers' comp in Tampa\" width=\"500\" height=\"333\" srcset=\"https:\/\/workinjuryrights.com\/wp-content\/uploads\/2021\/09\/workers-comp-claim-process-Tampa-covered-injury.jpg 500w, https:\/\/workinjuryrights.com\/wp-content\/uploads\/2021\/09\/workers-comp-claim-process-Tampa-covered-injury-300x200.jpg 300w\" sizes=\"(max-width: 500px) 100vw, 500px\" \/><\/a><\/p>\n<h2><b>\u00bfCu\u00e1nto tiempo tiene para presentar un reclamo de indemnizaci\u00f3n laboral en Florida?<\/b><\/h2>\n<p><span style=\"font-weight: 400;\">El proceso de reclamos de compensaci\u00f3n para trabajadores en Tampa, FL, enfrentar\u00e1 algunos obst\u00e1culos, la mayor\u00eda de los cuales son de naturaleza legal, comenzando con un estatuto de limitaciones. El estatuto de limitaciones comienza inmediatamente despu\u00e9s de que ocurre el accidente en el lugar de trabajo, pero existen excepciones a esta regla. Sin embargo, las leyes de compensaci\u00f3n para trabajadores de Florida estipulan que un reclamante tiene un a\u00f1o desde que ocurri\u00f3 el incidente para presentar su reclamo de compensaci\u00f3n para trabajadores.<\/span><\/p>\n<p><span style=\"font-weight: 400;\">La ley dicta los pasos que debe seguir un trabajador. En primer lugar, deben informar a su empleador, gerente, l\u00edder de equipo o supervisor sobre el accidente dentro de los 30 d\u00edas a partir de que tuvo lugar o del conocimiento de su lesi\u00f3n o enfermedad relacionada con el trabajo. Y mientras lo hace, tambi\u00e9n t\u00f3mese el tiempo para buscar un abogado que lo represente y maneje todos los requisitos legales para que pueda concentrarse m\u00e1s en el tratamiento y la recuperaci\u00f3n. Cuanto antes empiece a rodar la pelota para vencer el estatuto de limitaciones, mayores ser\u00e1n sus posibilidades de recuperar todos los beneficios de compensaci\u00f3n.<\/span><\/p>\n<h2><b>\u00bfC\u00f3mo presentar la indemnizaci\u00f3n por accidentes de trabajo en Florida?<\/b><\/h2>\n<p><span style=\"font-weight: 400;\">El proceso de reclamos de compensaci\u00f3n para trabajadores en Tampa y en toda Florida puede resultar fr\u00e1gil para la mayor\u00eda de las personas. Florida DWC espera que todas las partes involucradas llenen los formularios necesarios relacionados con cada cap\u00edtulo de la Divisi\u00f3n 69L del C\u00f3digo Administrativo.<\/span><\/p>\n<p><span style=\"font-weight: 400;\">Con 13 cap\u00edtulos con los que podr\u00eda tener que lidiar, esto puede ser una empresa cuesta arriba para usted, especialmente porque carece de la experiencia en la ley de compensaci\u00f3n para trabajadores y los requisitos posteriores. Por eso dedicaremos todos los recursos a nuestro alcance para asegurarnos de que te ayudemos a comprender lo que debes hacer, respondiendo a cualquier duda que tengas sobre el proceso.<\/span><\/p>\n<p><span style=\"font-weight: 400;\">Al presentar el reclamo, tambi\u00e9n es necesario informar a su empleador y a su compa\u00f1\u00eda de seguros sobre su lesi\u00f3n o enfermedad ocupacional. Adem\u00e1s, debe buscar atenci\u00f3n m\u00e9dica del m\u00e9dico de salud recomendado. Una vez que su empleador sea notificado de su lesi\u00f3n o enfermedad, se espera que evoque los t\u00e9rminos de la p\u00f3liza de seguro de compensaci\u00f3n para trabajadores, autorizando su tratamiento y d\u00e1ndole tiempo suficiente para recuperarse antes de reanudar su trabajo.<\/span><\/p>\n<p><span style=\"font-weight: 400;\">En general, el proceso de presentaci\u00f3n lleva tiempo e implica varios pasos esenciales para cubrir su reclamo de retenci\u00f3n. Por lo tanto, cuanto antes busque ayuda, mejores ser\u00e1n las probabilidades de que el proceso de compensaci\u00f3n se enfrente a desaf\u00edos sin rostro y obtenga un acuerdo justo por su lesi\u00f3n relacionada con el trabajo.<\/span><\/p>\n<p><a href=\"https:\/\/workinjuryrights.com\/wp-content\/uploads\/2021\/08\/shutterstock_297108704-5.jpg\"><img decoding=\"async\" class=\"alignnone size-full wp-image-2332\" src=\"https:\/\/workinjuryrights.com\/wp-content\/uploads\/2021\/08\/shutterstock_297108704-5.jpg\" alt=\"Concept of workers' compensation claims process in Tampa\" width=\"500\" height=\"333\" srcset=\"https:\/\/workinjuryrights.com\/wp-content\/uploads\/2021\/08\/shutterstock_297108704-5.jpg 500w, https:\/\/workinjuryrights.com\/wp-content\/uploads\/2021\/08\/shutterstock_297108704-5-300x200.jpg 300w\" sizes=\"(max-width: 500px) 100vw, 500px\" \/><\/a><\/p>\n<h2><b>Perm\u00edtanos manejar el proceso de reclamos de compensaci\u00f3n para trabajadores en Tampa por usted<\/b><\/h2>\n<p><span style=\"font-weight: 400;\">Ahora que sabe que el proceso de reclamo de compensaci\u00f3n para trabajadores en Florida est\u00e1 sujeto a un estatuto de limitaci\u00f3n y tiene numerosos requisitos legales que debe cumplir, lo mejor es actuar r\u00e1pido y poner la bola en marcha. Estamos seguros de que somos el equipo que le brinda los beneficios de compensaci\u00f3n por los que est\u00e1 luchando y garantiza que sus derechos sean respetados y protegidos.<\/span><\/p>\n<p><span style=\"font-weight: 400;\">Hemos manejado muchos casos de compensaci\u00f3n laboral en Florida, ayudando a diferentes personas a recuperar beneficios por lesiones o enfermedades en el lugar de trabajo. Sabemos c\u00f3mo los empleadores y sus proveedores de seguros se apresurar\u00e1n a luchar contra las reclamaciones de compensaci\u00f3n porque no quieren incurrir en p\u00e9rdidas. Adem\u00e1s, pueden tomar medidas que vulneren los derechos del trabajador.<\/span><\/p>\n<p><span style=\"font-weight: 400;\">Por lo tanto, debe tener el mejor asesor legal que lo represente, luchando por sus derechos e intereses en el proceso de reclamos de compensaci\u00f3n para trabajadores en Tampa. P\u00f3ngase en contacto hoy mismo en <a href=\"tel:+19543888616\">954-388-8616<\/a> o visite nuestra oficina en Tampa, FL, para una revisi\u00f3n gratuita de su caso y obtenga m\u00e1s informaci\u00f3n sobre c\u00f3mo los <\/span><a href=\"\/\"><span style=\"font-weight: 400;\">derechos de accidentes laborales<\/span><\/a><span style=\"font-weight: 400;\"> pueden ayudar.<\/span><\/p>\n","protected":false},"excerpt":{"rendered":"<p>De acuerdo con la ley de compensaci\u00f3n para trabajadores de Florida, los empleados pueden presentar reclamos de compensaci\u00f3n y recibir beneficios por lesiones o enfermedades ocupacionales. La cobertura de compensaci\u00f3n para trabajadores es una p\u00f3liza de seguro aprobada por el estado y el gobierno federal que los empleadores deben tener. Es una pol\u00edtica sin culpa [&hellip;]<\/p>\n","protected":false},"author":29,"featured_media":4750,"parent":5779,"menu_order":0,"comment_status":"closed","ping_status":"closed","template":"","meta":{"_acf_changed":false,"anchor_text":"","footnotes":""},"categories":[],"tags":[45,113,108],"class_list":["post-5781","page","type-page","status-publish","has-post-thumbnail","hentry","tag-workers-compensation","tag-workers-compensation-es-2","tag-workers-compensation-es"],"acf":[],"_links":{"self":[{"href":"https:\/\/workinjuryrights.com\/es\/wp-json\/wp\/v2\/pages\/5781","targetHints":{"allow":["GET"]}}],"collection":[{"href":"https:\/\/workinjuryrights.com\/es\/wp-json\/wp\/v2\/pages"}],"about":[{"href":"https:\/\/workinjuryrights.com\/es\/wp-json\/wp\/v2\/types\/page"}],"author":[{"embeddable":true,"href":"https:\/\/workinjuryrights.com\/es\/wp-json\/wp\/v2\/users\/29"}],"replies":[{"embeddable":true,"href":"https:\/\/workinjuryrights.com\/es\/wp-json\/wp\/v2\/comments?post=5781"}],"version-history":[{"count":5,"href":"https:\/\/workinjuryrights.com\/es\/wp-json\/wp\/v2\/pages\/5781\/revisions"}],"predecessor-version":[{"id":6547,"href":"https:\/\/workinjuryrights.com\/es\/wp-json\/wp\/v2\/pages\/5781\/revisions\/6547"}],"up":[{"embeddable":true,"href":"https:\/\/workinjuryrights.com\/es\/wp-json\/wp\/v2\/pages\/5779"}],"wp:featuredmedia":[{"embeddable":true,"href":"https:\/\/workinjuryrights.com\/es\/wp-json\/wp\/v2\/media\/4750"}],"wp:attachment":[{"href":"https:\/\/workinjuryrights.com\/es\/wp-json\/wp\/v2\/media?parent=5781"}],"wp:term":[{"taxonomy":"category","embeddable":true,"href":"https:\/\/workinjuryrights.com\/es\/wp-json\/wp\/v2\/categories?post=5781"},{"taxonomy":"post_tag","embeddable":true,"href":"https:\/\/workinjuryrights.com\/es\/wp-json\/wp\/v2\/tags?post=5781"}],"curies":[{"name":"wp","href":"https:\/\/api.w.org\/{rel}","templated":true}]}}