{"id":5782,"date":"2021-08-17T14:54:22","date_gmt":"2021-08-17T14:54:22","guid":{"rendered":"https:\/\/workinjuryrights.com\/tampa\/workers-compensation-disputes\/"},"modified":"2021-10-05T19:40:17","modified_gmt":"2021-10-05T19:40:17","slug":"disputas","status":"publish","type":"page","link":"https:\/\/workinjuryrights.com\/es\/tampa\/abogado-compensacion-laboral\/disputas\/","title":{"rendered":"Disputas de compensaci\u00f3n laboral en Tampa"},"content":{"rendered":"<p><span style=\"font-weight: 400;\">Las disputas por compensaci\u00f3n laboral en Tampa son inevitables. Las compa\u00f1\u00edas de seguros no tienen en cuenta sus mejores intereses. Es por eso que se recomienda encarecidamente que obtenga la ayuda de un <\/span><span style=\"font-weight: 400;\"><a href=\"https:\/\/workinjuryrights.com\/es\/tampa\/abogado-compensacion-laboral\/\">abogado de compensaci\u00f3n para trabajadores de Tampa<\/a> con <\/span><span style=\"font-weight: 400;\">gran experiencia para su caso. Su primera llamada debe ser a los abogados de Work Injury Rights.<\/span><\/p>\n<p><span style=\"font-weight: 400;\">Los empleadores en Tampa, Florida est\u00e1n legalmente obligados a proporcionar un seguro de compensaci\u00f3n para trabajadores para sus empleados que sufren lesiones o enfermedades en el lugar de trabajo o relacionadas con el trabajo. La compensaci\u00f3n para trabajadores est\u00e1 destinada a proteger a los trabajadores de la ruina financiera despu\u00e9s de un lugar de trabajo o una lesi\u00f3n o enfermedad relacionada con el trabajo. Sin embargo, puede ser una pesadilla complicada para los empleados si se niegan sus reclamos.<\/span><\/p>\n<p><span style=\"font-weight: 400;\">Si su empleador y \/ o su compa\u00f1\u00eda de seguros han denegado su reclamo, debe considerar comunicarse con los abogados competentes en compensaci\u00f3n de trabajadores en Tampa, Florida en Work Injury Rights para asegurarse de que su derecho a compensaci\u00f3n est\u00e9 protegido. Cont\u00e1ctenos hoy por tel\u00e9fono al <a href=\"tel:+19543888616\">954-388-8616<\/a> o en l\u00ednea para programar su consulta y evaluaci\u00f3n de caso gratuitas y sin compromiso.<\/span><\/p>\n<p><span style=\"font-weight: 400;\"> <\/span><\/p>\n<h2><b>\u00bfCu\u00e1les son algunas de las causas de las disputas por indemnizaci\u00f3n laboral en Tampa?<\/b><\/h2>\n<p><span style=\"font-weight: 400;\">Las disputas de compensaci\u00f3n laboral en Tampa, Florida surgen debido a una variedad de razones, que incluyen:<\/span><\/p>\n<h3><b>Estado de Empleo<\/b><\/h3>\n<p><span style=\"font-weight: 400;\">Si un empleador lo clasifica como contratista independiente, es posible que no sea elegible para la compensaci\u00f3n de trabajadores. Si ese es el caso, debe ponerse en contacto con los abogados con experiencia en Work Injury Rights para obtener asesoramiento sobre las opciones legales disponibles para usted.<\/span><\/p>\n<h3><b>Alcance externo del empleo<\/b><\/h3>\n<p><span style=\"font-weight: 400;\">Para calificar para la compensaci\u00f3n de trabajadores, su enfermedad o lesi\u00f3n debe haber ocurrido mientras realizaba tareas laborales en su lugar de trabajo o fuera del sitio mientras trabajaba en una asignaci\u00f3n de su empleador. Es posible que las lesiones que ocurran despu\u00e9s o antes de las horas laborales normales no est\u00e9n cubiertas.<\/span><\/p>\n<h3><b>Falta de causalidad<\/b><\/h3>\n<p><span style=\"font-weight: 400;\">Su empleador puede alegar que no ha proporcionado pruebas suficientes para demostrar que sufri\u00f3 la lesi\u00f3n en su lugar de trabajo. La compa\u00f1\u00eda de seguros de su empleador puede exigir ex\u00e1menes m\u00e9dicos independientes, y debe considerar contratar a un abogado de compensaci\u00f3n laboral antes de aceptar algunos de los t\u00e9rminos.<\/span><\/p>\n<h3><b>Fecha l\u00edmite perdida<\/b><\/h3>\n<p><span style=\"font-weight: 400;\">La ley de Florida requiere que informe los accidentes relacionados con el trabajo dentro de poco tiempo. Debe informar sin demora a su supervisor sobre un accidente relacionado con el trabajo. No cumplir con la fecha l\u00edmite significa que es posible que no sea elegible para presentar una reclamaci\u00f3n.<\/span><\/p>\n<h3><b>Informaci\u00f3n inadecuada<\/b><\/h3>\n<p><span style=\"font-weight: 400;\">Si no proporciona suficiente informaci\u00f3n sobre su lesi\u00f3n, es probable que la compa\u00f1\u00eda de seguros rechace su reclamo. Afortunadamente, si trabaja con los abogados competentes de compensaci\u00f3n para trabajadores de Tampa, Florida en Work Injury Rights, no proporcionar suficiente informaci\u00f3n no ser\u00e1 un problema, ya que adjuntaremos toda la documentaci\u00f3n de respaldo relevante que demuestre que su lesi\u00f3n o enfermedad est\u00e1 relacionada con el trabajo.<\/span><\/p>\n<h2><b>\u00bfQu\u00e9 debe hacer si su reclamo de indemnizaci\u00f3n laboral es denegado en Florida?<\/b><\/h2>\n<p><span style=\"font-weight: 400;\">Si su reclamo de compensaci\u00f3n para trabajadores es rechazado en Florida, tiene dos opciones:<\/span><\/p>\n<h3><b>Solicite una audiencia<\/b><\/h3>\n<p><span style=\"font-weight: 400;\">El primer paso que debe considerar tomar despu\u00e9s de que se niegue su reclamo de compensaci\u00f3n para trabajadores es presentar una apelaci\u00f3n ante la <\/span><a href=\"https:\/\/myfloridacfo.com\/Division\/wc\/Employee\/eao.htm\" target=\"_blank\" rel=\"noopener\"><span style=\"font-weight: 400;\">Oficina de Asistencia al Empleador y Defensor\u00eda del Pueblo de<\/span><\/a><span style=\"font-weight: 400;\"><a href=\"https:\/\/myfloridacfo.com\/Division\/wc\/Employee\/eao.htm\" target=\"_blank\" rel=\"noopener\"> Florida<\/a>. Sin embargo, tenga en cuenta que hay un l\u00edmite de tiempo dentro del cual debe presentar su reclamo, que es de 2 a\u00f1os a partir de la fecha del accidente.<\/span><\/p>\n<p><span style=\"font-weight: 400;\">Si est\u00e1 apelando por tratamiento m\u00e9dico, solo tiene 1 a\u00f1o desde el \u00faltimo pago de beneficios o desde el \u00faltimo d\u00eda en que recibi\u00f3 tratamiento para presentar la apelaci\u00f3n. La Oficina de Asistencia al Empleador y Defensor\u00eda del Pueblo puede brindarle la asistencia necesaria con su apelaci\u00f3n.<\/span><\/p>\n<h3><b>Contratar a un abogado de indemnizaci\u00f3n laboral<\/b><\/h3>\n<p><span style=\"font-weight: 400;\">Contratar a un abogado de compensaci\u00f3n para trabajadores competente en Tampa, Florida, es otra cosa que puede hacer despu\u00e9s de que se rechace su reclamo de compensaci\u00f3n para trabajadores. El proceso de apelaci\u00f3n no debe tomarse a la ligera. Es muy complejo e intrincado con m\u00faltiples reglas y leyes.<\/span><\/p>\n<p><span style=\"font-weight: 400;\">Trabajar con un abogado de Work Injury Rights en Tampa, Florida no s\u00f3lo acortar\u00e1 el proceso, sino que tambi\u00e9n lo har\u00e1 mucho menos estresante. Adem\u00e1s, trabajar con un abogado aumenta sus posibilidades de \u00e9xito en la obtenci\u00f3n de todos los beneficios a los que tiene derecho.<\/span><\/p>\n<p><a href=\"https:\/\/workinjuryrights.com\/wp-content\/uploads\/2021\/08\/workers-compensation-disputes-in-Tampa-FL.jpg\"><img fetchpriority=\"high\" decoding=\"async\" class=\"alignnone wp-image-3305 size-full\" src=\"https:\/\/workinjuryrights.com\/wp-content\/uploads\/2021\/08\/workers-compensation-disputes-in-Tampa-FL.jpg\" alt=\"Concept of workers' compensation disputes in Tampa, denied work injury claim\" width=\"500\" height=\"375\" srcset=\"https:\/\/workinjuryrights.com\/wp-content\/uploads\/2021\/08\/workers-compensation-disputes-in-Tampa-FL.jpg 500w, https:\/\/workinjuryrights.com\/wp-content\/uploads\/2021\/08\/workers-compensation-disputes-in-Tampa-FL-300x225.jpg 300w\" sizes=\"(max-width: 500px) 100vw, 500px\" \/><\/a><\/p>\n<h2><b>\u00bfCu\u00e1les son los diferentes tipos de disputas de compensaci\u00f3n para trabajadores en Tampa?<\/b><\/h2>\n<p><span style=\"font-weight: 400;\">Las disputas de compensaci\u00f3n laboral en Tampa, Florida son de dos tipos principales:<\/span><\/p>\n<h3><b>Disputas m\u00e9dicas<\/b><\/h3>\n<p><span style=\"font-weight: 400;\">Las disputas m\u00e9dicas involucran cuestiones de hechos m\u00e9dicos y opiniones relacionadas con el tratamiento de un empleado lesionado. Si bien la participaci\u00f3n de abogados puede ser \u00fatil para resolver disputas m\u00e9dicas, el resultado casi siempre depende de la voluntad del m\u00e9dico de luchar por el tratamiento de un trabajador lesionado. Ejemplos de disputas m\u00e9dicas incluyen:<\/span><\/p>\n<ul>\n<li><span style=\"font-weight: 400;\"> Terapia denegada<\/span><\/li>\n<li><span style=\"font-weight: 400;\"> Cirug\u00eda denegada<\/span><\/li>\n<li><span style=\"font-weight: 400;\"> Productos o suministros m\u00e9dicos denegados<\/span><\/li>\n<li><span style=\"font-weight: 400;\"> Servicios denegados como atenci\u00f3n m\u00e9dica domiciliaria, etc.<\/span><\/li>\n<\/ul>\n<h3><b>Reclamar disputas<\/b><\/h3>\n<p><span style=\"font-weight: 400;\">Las disputas de reclamos son las cuestiones en las que un abogado puede ser m\u00e1s \u00fatil. Ejemplos de disputas de reclamos incluyen:<\/span><\/p>\n<ul>\n<li><b>Compensaci\u00f3n <\/b><span style=\"font-weight: 400;\">: se refiere a si su enfermedad o lesi\u00f3n cumple o no con los requisitos para ser elegible para la cobertura del seguro de compensaci\u00f3n para trabajadores.<\/span><\/li>\n<li><b>Disputas de salario semanal promedio <\/b><span style=\"font-weight: 400;\">: desacuerdos sobre la cantidad de dinero que tiene derecho a recibir mientras recibe compensaci\u00f3n para trabajadores.<\/span><\/li>\n<li><b>Discapacidad <\/b><span style=\"font-weight: 400;\">: si ha sufrido o no una p\u00e9rdida de ingresos debido a una enfermedad o lesi\u00f3n relacionada con el trabajo. Las disputas por discapacidad tambi\u00e9n pueden incluir preguntas sobre cu\u00e1ndo comenz\u00f3 o termin\u00f3 la discapacidad.<\/span><\/li>\n<li><b>Alcance de las disputas por lesiones <\/b><span style=\"font-weight: 400;\">: si el lugar de trabajo o las lesiones relacionadas con el trabajo incluyen o no otras partes del cuerpo o sistemas de salud.<\/span><\/li>\n<\/ul>\n<h2><b>\u00bfQu\u00e9 es el Proceso de Apelaciones y Disputas de Compensaci\u00f3n para Trabajadores?<\/b><\/h2>\n<p><span style=\"font-weight: 400;\">Los siguientes pasos describen lo que implica el proceso de apelaciones para la compensaci\u00f3n de trabajadores en Florida:<\/span><\/p>\n<h3><b>Contacto<\/b><\/h3>\n<p><span style=\"font-weight: 400;\">Comunicarse con la Oficina de Asistencia al Empleado de Florida (EAO). La EAO trabajar\u00e1 con el proveedor de seguros de compensaci\u00f3n para trabajadores de su empleador para encontrar una manera de resolver la denegaci\u00f3n y asegurar algunos beneficios para usted.<\/span><\/p>\n<h3><b>Expediente<\/b><\/h3>\n<p><span style=\"font-weight: 400;\">Presentar una \u201c<\/span><a href=\"https:\/\/www.jcc.state.fl.us\/JCC\/forms\/jccPFB.doc\" target=\"_blank\" rel=\"noopener\"><span style=\"font-weight: 400;\">Petici\u00f3n de beneficios<\/span><\/a><span style=\"font-weight: 400;\">\u201d si los esfuerzos de la EAO no tienen \u00e9xito. La petici\u00f3n se presenta ante la Oficina de Jueces de Reclamaciones de Compensaci\u00f3n (OJCC), que luego programar\u00e1 una reuni\u00f3n entre usted y los representantes de la compa\u00f1\u00eda de seguros.<\/span><\/p>\n<h3><b>Mediaci\u00f3n<\/b><\/h3>\n<p><span style=\"font-weight: 400;\">Luego, la mediaci\u00f3n sigue despu\u00e9s de que se haya programado la reuni\u00f3n. En la mediaci\u00f3n, usted y su abogado junto con la compa\u00f1\u00eda de seguros y sus abogados se reunir\u00e1n con una parte neutral y si ambas partes est\u00e1n dispuestas a llegar a un acuerdo, el caso se resolver\u00e1.<\/span><\/p>\n<h3><b>Audiencia<\/b><\/h3>\n<p><span style=\"font-weight: 400;\">Una audiencia de compensaci\u00f3n para trabajadores con la OJCC viene despu\u00e9s de que la mediaci\u00f3n no tiene \u00e9xito. Tendr\u00e1 una audiencia ante un juez sin jurado dentro de los 90 d\u00edas posteriores a la reuni\u00f3n de mediaci\u00f3n. El juez escucha a ambos lados y decide.<\/span><\/p>\n<h3><b>Corte<\/b><\/h3>\n<p><span style=\"font-weight: 400;\">La apelaci\u00f3n final se lleva a cabo en el Tribunal de Apelaciones del Primer Distrito si ambas partes no est\u00e1n de acuerdo con la decisi\u00f3n tomada por el juez durante la audiencia de compensaci\u00f3n para trabajadores.<\/span><\/p>\n<h2><b>Si est\u00e1 lidiando con disputas de compensaci\u00f3n laboral en Tampa, llame a nuestros abogados hoy para una consulta gratuita<\/b><\/h2>\n<p><span style=\"font-weight: 400;\">Si ha sufrido una lesi\u00f3n o enfermedad en el lugar de trabajo o relacionada con el trabajo y su empleador y \/ o su compa\u00f1\u00eda de seguros han negado su reclamo, debe comunicarse con un abogado competente que se especialice en disputas de compensaci\u00f3n para trabajadores en Tampa, Florida.<\/span><\/p>\n<p><span style=\"font-weight: 400;\">Los abogados de <\/span><a href=\"\/\"><span style=\"font-weight: 400;\">Work Injury Rights<\/span><\/a><span style=\"font-weight: 400;\"> pueden ayudar con reclamos de compensaci\u00f3n para trabajadores en disputa en Tampa, Florida. P\u00f3ngase en contacto con nosotros en l\u00ednea o llame a nuestra oficina directamente al <a href=\"tel:+19543888616\">954-388-8616<\/a> para programar su consulta gratuita.<\/span><\/p>\n","protected":false},"excerpt":{"rendered":"<p>Las disputas por compensaci\u00f3n laboral en Tampa son inevitables. Las compa\u00f1\u00edas de seguros no tienen en cuenta sus mejores intereses. Es por eso que se recomienda encarecidamente que obtenga la ayuda de un abogado de compensaci\u00f3n para trabajadores de Tampa con gran experiencia para su caso. Su primera llamada debe ser a los abogados de [&hellip;]<\/p>\n","protected":false},"author":29,"featured_media":0,"parent":5779,"menu_order":0,"comment_status":"closed","ping_status":"closed","template":"","meta":{"_acf_changed":false,"anchor_text":"","footnotes":""},"categories":[],"tags":[113,108],"class_list":["post-5782","page","type-page","status-publish","hentry","tag-workers-compensation-es-2","tag-workers-compensation-es"],"acf":[],"_links":{"self":[{"href":"https:\/\/workinjuryrights.com\/es\/wp-json\/wp\/v2\/pages\/5782","targetHints":{"allow":["GET"]}}],"collection":[{"href":"https:\/\/workinjuryrights.com\/es\/wp-json\/wp\/v2\/pages"}],"about":[{"href":"https:\/\/workinjuryrights.com\/es\/wp-json\/wp\/v2\/types\/page"}],"author":[{"embeddable":true,"href":"https:\/\/workinjuryrights.com\/es\/wp-json\/wp\/v2\/users\/29"}],"replies":[{"embeddable":true,"href":"https:\/\/workinjuryrights.com\/es\/wp-json\/wp\/v2\/comments?post=5782"}],"version-history":[{"count":5,"href":"https:\/\/workinjuryrights.com\/es\/wp-json\/wp\/v2\/pages\/5782\/revisions"}],"predecessor-version":[{"id":6543,"href":"https:\/\/workinjuryrights.com\/es\/wp-json\/wp\/v2\/pages\/5782\/revisions\/6543"}],"up":[{"embeddable":true,"href":"https:\/\/workinjuryrights.com\/es\/wp-json\/wp\/v2\/pages\/5779"}],"wp:attachment":[{"href":"https:\/\/workinjuryrights.com\/es\/wp-json\/wp\/v2\/media?parent=5782"}],"wp:term":[{"taxonomy":"category","embeddable":true,"href":"https:\/\/workinjuryrights.com\/es\/wp-json\/wp\/v2\/categories?post=5782"},{"taxonomy":"post_tag","embeddable":true,"href":"https:\/\/workinjuryrights.com\/es\/wp-json\/wp\/v2\/tags?post=5782"}],"curies":[{"name":"wp","href":"https:\/\/api.w.org\/{rel}","templated":true}]}}