{"id":5783,"date":"2021-08-15T16:58:48","date_gmt":"2021-08-15T16:58:48","guid":{"rendered":"https:\/\/workinjuryrights.com\/causa-de-accidente\/building-collapse\/"},"modified":"2021-09-27T19:46:55","modified_gmt":"2021-09-27T19:46:55","slug":"colapso-edificio","status":"publish","type":"page","link":"https:\/\/workinjuryrights.com\/es\/causa-de-accidente\/colapso-edificio\/","title":{"rendered":"Colapso de Edificio"},"content":{"rendered":"<style>.practice-areas{display:none;}<\/style>\n<p><span style=\"font-weight: 400;\">Uno de los tipos de accidentes m\u00e1s raros y catastr\u00f3ficos que pueden ocurrir en un sitio de construcci\u00f3n es el colapso de un edificio. Desafortunadamente, nunca es posible eliminar todos los riesgos en la construcci\u00f3n, especialmente durante la demolici\u00f3n de un edificio, la construcci\u00f3n de un edificio o la restauraci\u00f3n de un edificio muy da\u00f1ado. Cuando un edificio se derrumba debido a la falta de integridad estructural, muchos trabajadores pueden sufrir lesiones graves o incluso la muerte.<\/span><\/p>\n<p><span style=\"font-weight: 400;\">Si se lesion\u00f3 gravemente en el derrumbe de un edificio en el trabajo, los <\/span><a href=\"https:\/\/workinjuryrights.com\/coral-springs\/workers-compensation-lawyer\/\"><span style=\"font-weight: 400;\">abogados de compensaci\u00f3n para trabajadores de Florida<\/span><\/a><span style=\"font-weight: 400;\"> en Work Injury Rights est\u00e1n aqu\u00ed para ayudarlo. Lo ayudaremos a presentar su reclamo y luchar por los beneficios completos de compensaci\u00f3n para trabajadores que necesita a medida que se recupera y sigue adelante con su vida.<\/span><\/p>\n<p><span style=\"font-weight: 400;\"><\/span><\/p>\n<h2><b>\u00bfQu\u00e9 causa el colapso de un edificio en Florida?<\/b><\/h2>\n<p><span style=\"font-weight: 400;\">El colapso de un edificio puede ocurrir durante cualquier etapa de la construcci\u00f3n y con cualquier tipo de material de construcci\u00f3n, incluidos edificios con estructura de madera, estructuras met\u00e1licas y hormig\u00f3n. Cuando la negligencia de alguien est\u00e1 en el centro del colapso, el resultado puede ser catastr\u00f3fico.<\/span><\/p>\n<p><span style=\"font-weight: 400;\">Los factores comunes que contribuyen al colapso de un edificio incluyen:<\/span><\/p>\n<ul>\n<li><b>No evaluar y mitigar el riesgo durante la demolici\u00f3n: <\/b><span style=\"font-weight: 400;\">cuando se cometen errores, una demolici\u00f3n intencional puede salir mal y causar lesiones graves.<\/span><\/li>\n<li><b>Materiales de baja calidad: <\/b><span style=\"font-weight: 400;\">A veces se utilizan materiales incorrectos o materiales de mala <\/span><b>calidad <\/b><span style=\"font-weight: 400;\">durante la construcci\u00f3n. Esto puede provocar una debilidad estructural que no se detecta hasta que es demasiado tarde.<\/span><\/li>\n<li><b>Problemas de cimientos: <\/b><span style=\"font-weight: 400;\">un defecto en los cimientos, como el hormig\u00f3n que no se instal\u00f3 o reforz\u00f3 correctamente, puede hacer que el edificio tenga un alto riesgo de colapso.<\/span><\/li>\n<li><b>Dise\u00f1o deficiente del edificio: a <\/b><span style=\"font-weight: 400;\">veces, la causa del colapso de un edificio se remonta al dise\u00f1o y el plano originales. Un ejemplo cl\u00e1sico es el puente peatonal que se derrumb\u00f3 en la Universidad Internacional de Florida en 2018, que mat\u00f3 a seis personas y fue causado por un defecto de dise\u00f1o.<\/span><\/li>\n<li><b>Peso excesivo: <\/b><span style=\"font-weight: 400;\">un edificio puede derrumbarse si se somete a demasiado peso. Esto puede suceder con una gr\u00faa pesada u otra maquinaria pesada que se coloque sobre la estructura.<\/span><\/li>\n<li><b>Fuego o fuerza natural: <\/b><span style=\"font-weight: 400;\">algunos trabajadores de la construcci\u00f3n se lesionan cuando un edificio se derrumba debido a un incendio fuera de control u otra fuerza natural en lugar de un accidente causado por la actividad de la construcci\u00f3n o defectos.<\/span><\/li>\n<\/ul>\n<h2><b>Las lesiones por colapso de edificios ocurren en proyectos nuevos y antiguos<\/b><\/h2>\n<p><span style=\"font-weight: 400;\">Las lesiones pueden ocurrir cuando los edificios colapsan y los escombros son una de las causas m\u00e1s importantes de lesiones. Cuando un edificio se derrumba, la ca\u00edda de ladrillos, baldosas e incluso elementos internos puede golpear a los trabajadores con la fuerza necesaria para causar lesiones en la cabeza, romper huesos, producir conmociones cerebrales e incluso causar lesiones potencialmente mortales. Si el edificio se derrumba inmediatamente y por completo, los trabajadores pueden incluso quedar atrapados bajo los escombros durante horas o d\u00edas.<\/span><\/p>\n<p><span style=\"font-weight: 400;\">Si se lesiona en el trabajo durante o despu\u00e9s del colapso de un edificio, estas lesiones pueden causar estr\u00e9s en su vida y requerir que busque tratamiento m\u00e9dico a largo plazo, fisioterapia e incluso atenci\u00f3n de salud mental. Las facturas m\u00e9dicas pueden acumularse y puede volverse cada vez m\u00e1s dif\u00edcil pagarlas, especialmente si se le niega la compensaci\u00f3n para trabajadores. Tambi\u00e9n es posible que deba buscar una compensaci\u00f3n por su salario perdido para mantenerse a s\u00ed mismo y a otros dependientes. \u00a1Aqu\u00ed es donde nuestro equipo experto de abogados de Work Injury Rights puede ayudarlo!<\/span><\/p>\n<h2><b>Reclamaciones de compensaci\u00f3n para trabajadores por colapso de edificios<\/b><\/h2>\n<p><span style=\"font-weight: 400;\">A la luz de los acontecimientos recientes, cualquier persona que trabaje en los edificios de condominios de Miami ahora ver\u00e1 preocupaciones de seguridad m\u00e1s estrictas para las obras y el trabajo que se realice en el futuro. Todas las lesiones que pueden ocurrir por el colapso de un edificio requieren atenci\u00f3n m\u00e9dica y algunas requerir\u00e1n terapia y tratamiento intensivos. Su reclamo de beneficios deber\u00e1 abarcar sus necesidades m\u00e9dicas inmediatas como resultado del colapso del edificio, as\u00ed como sus necesidades a largo plazo.<\/span><\/p>\n<p><span style=\"font-weight: 400;\">Nuestros abogados tienen una amplia experiencia en casos complejos, incluidos casos de colapso de edificios para edificios nuevos o existentes. Anticipamos que, en el futuro, habr\u00e1 una mayor necesidad de nuestro tipo de experiencia legal a medida que todos se apresuren a reparar y actualizar sus edificios. Si bien esto puede parecer algo bueno debido al trabajo adicional, puede ir en contra de su seguridad.<\/span><\/p>\n<p><a href=\"https:\/\/workinjuryrights.com\/wp-content\/uploads\/2021\/09\/Building-collapse-workers-comp.jpg\"><img fetchpriority=\"high\" decoding=\"async\" class=\"alignnone size-full wp-image-3633\" src=\"https:\/\/workinjuryrights.com\/wp-content\/uploads\/2021\/09\/Building-collapse-workers-comp.jpg\" alt=\"Rubble after building collapse, workers' comp concept\" width=\"500\" height=\"300\" srcset=\"https:\/\/workinjuryrights.com\/wp-content\/uploads\/2021\/09\/Building-collapse-workers-comp.jpg 500w, https:\/\/workinjuryrights.com\/wp-content\/uploads\/2021\/09\/Building-collapse-workers-comp-300x180.jpg 300w\" sizes=\"(max-width: 500px) 100vw, 500px\" \/><\/a><\/p>\n<p><span style=\"font-weight: 400;\">A medida que m\u00e1s personas resulten lesionadas, ser\u00e1 cada vez m\u00e1s dif\u00edcil buscar <\/span><a href=\"https:\/\/www.myfloridacfo.com\/division\/wc\/\" target=\"_blank\" rel=\"noopener\"><span style=\"font-weight: 400;\">reclamos de compensaci\u00f3n para trabajadores<\/span><\/a><span style=\"font-weight: 400;\"> porque las empresas ver\u00e1n cu\u00e1ntos casos enfrentan. Por eso, es importante trabajar con abogados que luchar\u00e1n por usted.<\/span><\/p>\n<h2><b>\u00bfQui\u00e9n es responsable de la seguridad de los trabajadores?<\/b><\/h2>\n<p><span style=\"font-weight: 400;\">El colapso del edificio de Miami conducir\u00e1 a muchos lugares de trabajo que ser\u00e1n inseguros tan pronto como lleguen los trabajadores. Desafortunadamente, ser\u00e1 casi imposible predecir d\u00f3nde pueden caer los peligros enumerados anteriormente. Ciertamente, se prestar\u00e1 m\u00e1s atenci\u00f3n a la seguridad, pero la atenci\u00f3n se centrar\u00e1 casi siempre en los residentes del edificio, no en los que trabajan en \u00e9l.<\/span><\/p>\n<p><span style=\"font-weight: 400;\">La responsabilidad recae en la empresa constructora para garantizar que sus trabajadores est\u00e9n seguros, el equipo que les entregan sea seguro y el lugar de trabajo sea lo m\u00e1s seguro posible. Todos los trabajadores deben estar informados de cualquier peligro antes de llegar al lugar. Al mismo tiempo, los propietarios de la propiedad tienen la responsabilidad de divulgar cualquier informaci\u00f3n que conozcan para ayudar a la empresa constructora a mantener seguros a sus trabajadores.<\/span><\/p>\n<p><span style=\"font-weight: 400;\">Es importante tener en cuenta que puede haber m\u00faltiples reclamaciones para un trabajador lesionado. No solo pueden buscar reclamos de compensaci\u00f3n para trabajadores, sino que tambi\u00e9n pueden presentar otros reclamos. Muchas personas pueden ser responsables de esas lesiones, incluidos subcontratistas, ingenieros y m\u00e1s. Es posible que tenga un reclamo por lesiones personales en esos casos adem\u00e1s del reclamo de compensaci\u00f3n para trabajadores. Nuestro bufete de abogados trabajar\u00e1 en estrecha colaboraci\u00f3n con usted, y si decide buscar un caso de lesiones personales, podemos trabajar con otro bufete de abogados para coordinar los casos para ayudar a maximizar el valor y garantizar los casos m\u00e1s s\u00f3lidos posibles.<\/span><\/p>\n<p><span style=\"font-weight: 400;\">Recuerde, si no puede trabajar durante un cierto per\u00edodo de tiempo, tambi\u00e9n puede calificar para <\/span><a href=\"https:\/\/www.ssa.gov\/benefits\/disability\/\" target=\"_blank\" rel=\"noopener\"><span style=\"font-weight: 400;\">los beneficios por discapacidad del Seguro Social<\/span><\/a><span style=\"font-weight: 400;\"> adem\u00e1s de la compensaci\u00f3n para trabajadores. Nuestra firma tambi\u00e9n est\u00e1 capacitada para manejar estas situaciones.<\/span><\/p>\n<p><span style=\"font-weight: 400;\">Si se lesion\u00f3 en un derrumbe reciente de un edificio en el trabajo, llame a nuestro equipo legal en WorkInjuryRights.Com \u2122. \u00a1Trabajaremos duro para que obtenga la compensaci\u00f3n que se merece!<\/span><\/p>\n<h2><b>Compensaci\u00f3n para trabajadores por lesiones por derrumbe de edificios<\/b><\/h2>\n<p><span style=\"font-weight: 400;\">Despu\u00e9s del derrumbe de un edificio, los socorristas y los rescatistas deben acudir r\u00e1pidamente al lugar y enfrentar lesiones mientras preparan un camino seguro para los rescatistas y eval\u00faan las inestabilidades. Este trabajo desgarrador requiere equipo especializado y una acci\u00f3n r\u00e1pida. Dependiendo de la gravedad del accidente, a veces los trabajadores no son encontrados y rescatados durante horas o incluso d\u00edas, una perspectiva aterradora.<\/span><\/p>\n<p><span style=\"font-weight: 400;\">Si se lesion\u00f3 o perdi\u00f3 a un ser querido en el colapso de un edificio como trabajador de la construcci\u00f3n o en respuesta a una emergencia, puede ser elegible para los beneficios de compensaci\u00f3n para trabajadores. El sistema de compensaci\u00f3n para trabajadores en Florida est\u00e1 dise\u00f1ado para reembolsarle sus gastos m\u00e9dicos, salarios perdidos y discapacidad despu\u00e9s del accidente. No est\u00e1 excluido de la compensaci\u00f3n para trabajadores incluso si es un trabajador indocumentado.<\/span><\/p>\n<p><span style=\"font-weight: 400;\">Lamentablemente, recibir los beneficios a los que tiene derecho no siempre es f\u00e1cil. Su empleador y la compa\u00f1\u00eda de compensaci\u00f3n para trabajadores pueden tratar de minimizar sus lesiones o afirmar que est\u00e1 completamente recuperado y listo para regresar al trabajo incluso cuando no lo est\u00e9. Nuestros abogados de lesiones laborales est\u00e1n aqu\u00ed para ayudarlo a luchar por los beneficios justos a los que tiene derecho reuniendo pruebas sobre su accidente y la verdadera gravedad de sus lesiones.<\/span><\/p>\n<h2><b>Comun\u00edquese hoy mismo con un abogado de compensaci\u00f3n laboral de Florida<\/b><\/h2>\n<p><span style=\"font-weight: 400;\">\u00bfHa sufrido lesiones graves o ha perdido a un ser querido en el derrumbe de un edificio? Lo \u00faltimo que deber\u00eda preocuparle es luchar contra una compa\u00f1\u00eda de seguros por los beneficios que se merece.<\/span><\/p>\n<p><span style=\"font-weight: 400;\">Comun\u00edquese con Work Injury Rights hoy mismo para programar una consulta gratuita con un abogado de compensaci\u00f3n laboral de Florida. \u00a1Pondremos nuestras d\u00e9cadas de experiencia a trabajar para usted!<\/span><\/p>\n","protected":false},"excerpt":{"rendered":"<p>Uno de los tipos de accidentes m\u00e1s raros y catastr\u00f3ficos que pueden ocurrir en un sitio de construcci\u00f3n es el colapso de un edificio. Desafortunadamente, nunca es posible eliminar todos los riesgos en la construcci\u00f3n, especialmente durante la demolici\u00f3n de un edificio, la construcci\u00f3n de un edificio o la restauraci\u00f3n de un edificio muy da\u00f1ado. [&hellip;]<\/p>\n","protected":false},"author":36,"featured_media":0,"parent":5665,"menu_order":0,"comment_status":"closed","ping_status":"closed","template":"","meta":{"_acf_changed":false,"anchor_text":"","footnotes":""},"categories":[],"tags":[],"class_list":["post-5783","page","type-page","status-publish","hentry"],"acf":[],"_links":{"self":[{"href":"https:\/\/workinjuryrights.com\/es\/wp-json\/wp\/v2\/pages\/5783","targetHints":{"allow":["GET"]}}],"collection":[{"href":"https:\/\/workinjuryrights.com\/es\/wp-json\/wp\/v2\/pages"}],"about":[{"href":"https:\/\/workinjuryrights.com\/es\/wp-json\/wp\/v2\/types\/page"}],"author":[{"embeddable":true,"href":"https:\/\/workinjuryrights.com\/es\/wp-json\/wp\/v2\/users\/36"}],"replies":[{"embeddable":true,"href":"https:\/\/workinjuryrights.com\/es\/wp-json\/wp\/v2\/comments?post=5783"}],"version-history":[{"count":3,"href":"https:\/\/workinjuryrights.com\/es\/wp-json\/wp\/v2\/pages\/5783\/revisions"}],"predecessor-version":[{"id":6034,"href":"https:\/\/workinjuryrights.com\/es\/wp-json\/wp\/v2\/pages\/5783\/revisions\/6034"}],"up":[{"embeddable":true,"href":"https:\/\/workinjuryrights.com\/es\/wp-json\/wp\/v2\/pages\/5665"}],"wp:attachment":[{"href":"https:\/\/workinjuryrights.com\/es\/wp-json\/wp\/v2\/media?parent=5783"}],"wp:term":[{"taxonomy":"category","embeddable":true,"href":"https:\/\/workinjuryrights.com\/es\/wp-json\/wp\/v2\/categories?post=5783"},{"taxonomy":"post_tag","embeddable":true,"href":"https:\/\/workinjuryrights.com\/es\/wp-json\/wp\/v2\/tags?post=5783"}],"curies":[{"name":"wp","href":"https:\/\/api.w.org\/{rel}","templated":true}]}}