{"id":5784,"date":"2021-08-15T17:01:02","date_gmt":"2021-08-15T17:01:02","guid":{"rendered":"https:\/\/workinjuryrights.com\/causa-de-accidente\/car-auto-accident\/"},"modified":"2021-09-27T19:50:27","modified_gmt":"2021-09-27T19:50:27","slug":"accidente-automovilistico","status":"publish","type":"page","link":"https:\/\/workinjuryrights.com\/es\/causa-de-accidente\/accidente-automovilistico\/","title":{"rendered":"Accidente Automovil\u00edstico"},"content":{"rendered":"<style>.practice-areas{display:none;}<\/style>\n<p><span style=\"font-weight: 400;\">No todos los accidentes laborales ocurren en un lugar de trabajo. Si conduce durante el curso de su empleo y se lesiona en un accidente automovil\u00edstico, es posible que a\u00fan est\u00e9 cubierto por el sistema de compensaci\u00f3n para trabajadores en Florida. Los accidentes automovil\u00edsticos que ocurrieron mientras se realizaba una tarea relacionada con el trabajo, como hacer una entrega, conducir entre lugares de trabajo o hacer un recado laboral, pueden estar incluidos en la compensaci\u00f3n para trabajadores.<\/span><\/p>\n<p><span style=\"font-weight: 400;\">\u00bfHa sufrido lesiones graves en un accidente automovil\u00edstico mientras trabajaba? No importa si usted tuvo la culpa de la colisi\u00f3n o si un conductor negligente lo lastim\u00f3; todav\u00eda puede tener derecho a los beneficios de compensaci\u00f3n para trabajadores por sus gastos m\u00e9dicos y salarios perdidos. Work Injury Rights tiene d\u00e9cadas de experiencia representando a trabajadores lesionados. Cont\u00e1ctenos hoy para una revisi\u00f3n gratuita de su caso con un abogado de compensaci\u00f3n laboral de Florida.<\/span><\/p>\n<p><span style=\"font-weight: 400;\"><\/span><\/p>\n<h2><b>Causas comunes de accidentes de tr\u00e1fico relacionados con el trabajo<\/b><\/h2>\n<p><span style=\"font-weight: 400;\">Los accidentes automovil\u00edsticos tienen muchas causas potenciales, pero generalmente son el resultado de un error humano o negligencia. Su accidente automovil\u00edstico relacionado con el trabajo puede haber sido causado por:<\/span><\/p>\n<ul>\n<li style=\"font-weight: 400;\" aria-level=\"1\"><span style=\"font-weight: 400;\">Conducci\u00f3n distra\u00edda<\/span><span style=\"font-weight: 400;\">\u00a0\u00a0\u00a0\u00a0\u00a0\u00a0<\/span><\/li>\n<li style=\"font-weight: 400;\" aria-level=\"1\"><span style=\"font-weight: 400;\">Un conductor ebrio<\/span><span style=\"font-weight: 400;\">\u00a0\u00a0\u00a0\u00a0\u00a0\u00a0<\/span><\/li>\n<li style=\"font-weight: 400;\" aria-level=\"1\"><span style=\"font-weight: 400;\">exceso de velocidad<\/span><span style=\"font-weight: 400;\">\u00a0\u00a0\u00a0\u00a0\u00a0\u00a0<\/span><\/li>\n<li style=\"font-weight: 400;\" aria-level=\"1\"><span style=\"font-weight: 400;\">Conducci\u00f3n imprudente, como cambios de carril peligrosos<\/span><span style=\"font-weight: 400;\">\u00a0\u00a0\u00a0\u00a0\u00a0\u00a0<\/span><\/li>\n<li style=\"font-weight: 400;\" aria-level=\"1\"><span style=\"font-weight: 400;\">Un conductor que pasa un sem\u00e1foro en rojo o una se\u00f1al de alto.<\/span><span style=\"font-weight: 400;\">\u00a0\u00a0\u00a0\u00a0\u00a0\u00a0<\/span><\/li>\n<li style=\"font-weight: 400;\" aria-level=\"1\"><span style=\"font-weight: 400;\">Carga incorrecta de un cami\u00f3n comercial<\/span><span style=\"font-weight: 400;\">\u00a0\u00a0\u00a0\u00a0\u00a0\u00a0<\/span><\/li>\n<li style=\"font-weight: 400;\" aria-level=\"1\"><span style=\"font-weight: 400;\">Condiciones peligrosas de la carretera<\/span><span style=\"font-weight: 400;\">\u00a0\u00a0\u00a0\u00a0\u00a0\u00a0<\/span><\/li>\n<li style=\"font-weight: 400;\" aria-level=\"1\"><span style=\"font-weight: 400;\">Revent\u00f3n de neum\u00e1ticos<\/span><span style=\"font-weight: 400;\">\u00a0\u00a0\u00a0\u00a0\u00a0\u00a0<\/span><\/li>\n<li style=\"font-weight: 400;\" aria-level=\"1\"><span style=\"font-weight: 400;\">Peligros como un animal en la carretera.<\/span><span style=\"font-weight: 400;\">\u00a0\u00a0\u00a0\u00a0\u00a0\u00a0<\/span><\/li>\n<\/ul>\n<p><span style=\"font-weight: 400;\">No importa qu\u00e9 caus\u00f3 su autom\u00f3vil \/ accidente automovil\u00edstico, es posible que a\u00fan est\u00e9 cubierto por la compensaci\u00f3n para trabajadores si estuvo en el trabajo mientras conduc\u00eda.<\/span><\/p>\n<h2><b>Compensaci\u00f3n para trabajadores y accidentes automovil\u00edsticos en Florida<\/b><\/h2>\n<p><span style=\"font-weight: 400;\">La compensaci\u00f3n para trabajadores es un programa de seguro sin culpa. Si se lesiona en un accidente automovil\u00edstico mientras realiza una tarea relacionada con el trabajo o en el trabajo, puede tener derecho a beneficios. No es necesario que demuestre que otro conductor fue responsable de sus lesiones para recibir estos beneficios.<\/span><\/p>\n<p><span style=\"font-weight: 400;\">Seg\u00fan la compensaci\u00f3n para trabajadores de Florida, puede tener derecho a varios tipos de beneficios. <\/span><a href=\"https:\/\/www.myfloridacfo.com\/Division\/WC\/employee\/Benefits\/medical.htm\" target=\"_blank\" rel=\"noopener\"><span style=\"font-weight: 400;\">Los beneficios m\u00e9dicos<\/span><\/a><span style=\"font-weight: 400;\"> cubren los gastos m\u00e9dicos razonables asociados con su accidente. Tambi\u00e9n puede recuperar los beneficios por su <\/span><a href=\"https:\/\/www.myfloridacfo.com\/Division\/WC\/employee\/Benefits\/lost-wages.htm\" target=\"_blank\" rel=\"noopener\"><span style=\"font-weight: 400;\">salario perdido<\/span><\/a><span style=\"font-weight: 400;\"> mientras se recupera y los beneficios por discapacidad si no puede regresar al trabajo en absoluto o en la misma capacidad que antes del accidente.<\/span><\/p>\n<p><span style=\"font-weight: 400;\">Sin embargo, uno de los elementos m\u00e1s cruciales para establecer para recuperar los beneficios de compensaci\u00f3n para trabajadores es demostrar que usted estaba realmente en el trabajo en el momento del accidente automovil\u00edstico. Si se dirig\u00eda a un restaurante para el almuerzo o se desviaba del trabajo para hacer mandados personales, por ejemplo, es probable que su reclamo sea denegado.<\/span><\/p>\n<p><a href=\"https:\/\/workinjuryrights.com\/wp-content\/uploads\/2021\/09\/car-auto-accident-workers-comp-florida.jpg\"><img fetchpriority=\"high\" decoding=\"async\" class=\"alignnone size-full wp-image-3637\" src=\"https:\/\/workinjuryrights.com\/wp-content\/uploads\/2021\/09\/car-auto-accident-workers-comp-florida.jpg\" alt=\"Work-related auto accident, concept of Florida workers' compensation\" width=\"500\" height=\"333\" srcset=\"https:\/\/workinjuryrights.com\/wp-content\/uploads\/2021\/09\/car-auto-accident-workers-comp-florida.jpg 500w, https:\/\/workinjuryrights.com\/wp-content\/uploads\/2021\/09\/car-auto-accident-workers-comp-florida-300x200.jpg 300w\" sizes=\"(max-width: 500px) 100vw, 500px\" \/><\/a><\/p>\n<p><span style=\"font-weight: 400;\">Desafortunadamente, a muchos empleados lesionados en accidentes automovil\u00edsticos relacionados con el trabajo les resulta dif\u00edcil recuperar la compensaci\u00f3n que merecen. Su empleador y su proveedor de compensaci\u00f3n para trabajadores pueden argumentar que usted no estaba realmente en el trabajo, que sus lesiones no son tan graves como afirma, o que est\u00e1 completamente recuperado y listo para regresar al trabajo cuando sabe que no lo est\u00e1. Esto se hace a\u00fan m\u00e1s dif\u00edcil por el hecho de que su empleador y su compa\u00f1\u00eda de seguros eligen al m\u00e9dico que usted ve que tomar\u00e1 estas determinaciones cruciales.<\/span><\/p>\n<p><span style=\"font-weight: 400;\">Un abogado de lesiones de compensaci\u00f3n para trabajadores en Florida puede servir como su defensor para ayudarlo a presentar su reclamo y buscar la compensaci\u00f3n justa que se merece. Nuestros abogados de lesiones laborales creen que la \u00faltima preocupaci\u00f3n que debe tener es luchar contra una compa\u00f1\u00eda de seguros por los beneficios que tiene derecho a recibir. Debe concentrarse en recuperarse, no en un futuro financiero incierto.<\/span><\/p>\n<h2><b>Comun\u00edquese con nuestros abogados de lesiones laborales para obtener una revisi\u00f3n gratuita de su caso<\/b><\/h2>\n<p><span style=\"font-weight: 400;\">\u00bfHa resultado gravemente herido en un accidente automovil\u00edstico o automovil\u00edstico relacionado con el trabajo? No acepte una oferta baja de la compa\u00f1\u00eda de seguros ni permita que la compa\u00f1\u00eda de seguros subestime sus lesiones y los beneficios que deber\u00eda recibir. Estamos aqu\u00ed para ayudarlo con nuestras d\u00e9cadas de experiencia luchando por los derechos de los trabajadores lesionados en Florida.<\/span><\/p>\n<p><span style=\"font-weight: 400;\">Comun\u00edquese con Work Injury Rights hoy mismo para programar una evaluaci\u00f3n gratuita de su caso con un <a href=\"\/\">abogado compasivo de compensaci\u00f3n para trabajadores de Florida<\/a> para explorar sus opciones.<\/span><\/p>\n","protected":false},"excerpt":{"rendered":"<p>No todos los accidentes laborales ocurren en un lugar de trabajo. Si conduce durante el curso de su empleo y se lesiona en un accidente automovil\u00edstico, es posible que a\u00fan est\u00e9 cubierto por el sistema de compensaci\u00f3n para trabajadores en Florida. Los accidentes automovil\u00edsticos que ocurrieron mientras se realizaba una tarea relacionada con el trabajo, [&hellip;]<\/p>\n","protected":false},"author":36,"featured_media":0,"parent":5665,"menu_order":0,"comment_status":"closed","ping_status":"closed","template":"","meta":{"_acf_changed":false,"anchor_text":"","footnotes":""},"categories":[],"tags":[],"class_list":["post-5784","page","type-page","status-publish","hentry"],"acf":[],"_links":{"self":[{"href":"https:\/\/workinjuryrights.com\/es\/wp-json\/wp\/v2\/pages\/5784","targetHints":{"allow":["GET"]}}],"collection":[{"href":"https:\/\/workinjuryrights.com\/es\/wp-json\/wp\/v2\/pages"}],"about":[{"href":"https:\/\/workinjuryrights.com\/es\/wp-json\/wp\/v2\/types\/page"}],"author":[{"embeddable":true,"href":"https:\/\/workinjuryrights.com\/es\/wp-json\/wp\/v2\/users\/36"}],"replies":[{"embeddable":true,"href":"https:\/\/workinjuryrights.com\/es\/wp-json\/wp\/v2\/comments?post=5784"}],"version-history":[{"count":3,"href":"https:\/\/workinjuryrights.com\/es\/wp-json\/wp\/v2\/pages\/5784\/revisions"}],"predecessor-version":[{"id":6037,"href":"https:\/\/workinjuryrights.com\/es\/wp-json\/wp\/v2\/pages\/5784\/revisions\/6037"}],"up":[{"embeddable":true,"href":"https:\/\/workinjuryrights.com\/es\/wp-json\/wp\/v2\/pages\/5665"}],"wp:attachment":[{"href":"https:\/\/workinjuryrights.com\/es\/wp-json\/wp\/v2\/media?parent=5784"}],"wp:term":[{"taxonomy":"category","embeddable":true,"href":"https:\/\/workinjuryrights.com\/es\/wp-json\/wp\/v2\/categories?post=5784"},{"taxonomy":"post_tag","embeddable":true,"href":"https:\/\/workinjuryrights.com\/es\/wp-json\/wp\/v2\/tags?post=5784"}],"curies":[{"name":"wp","href":"https:\/\/api.w.org\/{rel}","templated":true}]}}