{"id":5785,"date":"2021-08-15T17:02:29","date_gmt":"2021-08-15T17:02:29","guid":{"rendered":"https:\/\/workinjuryrights.com\/causa-de-accidente\/crane-accidents\/"},"modified":"2021-09-27T19:54:29","modified_gmt":"2021-09-27T19:54:29","slug":"accidentes-grua","status":"publish","type":"page","link":"https:\/\/workinjuryrights.com\/es\/causa-de-accidente\/accidentes-grua\/","title":{"rendered":"Accidentes de Gr\u00faa"},"content":{"rendered":"<style>.practice-areas{display:none;}<\/style>\n<p><span style=\"font-weight: 400;\">La construcci\u00f3n de un edificio de varios pisos o un edificio con un dise\u00f1o \u00fanico casi siempre requiere una gr\u00faa. Si bien las gr\u00faas han revolucionado la construcci\u00f3n, tambi\u00e9n pueden provocar accidentes mortales cuando se usan incorrectamente. En un lapso de 6 a\u00f1os, los accidentes de gr\u00faas fueron responsables de 297 muertes y Florida tuvo el segundo n\u00famero m\u00e1s alto de accidentes de gr\u00faas fatales. Si usted o un ser querido result\u00f3 lesionado por un accidente de gr\u00faa, comun\u00edquese con nuestros <\/span><a href=\"\/coral-springs\/workers-compensation-lawyer\/\"><span style=\"font-weight: 400;\">abogados con experiencia en lesiones laborales en Florida<\/span><\/a><span style=\"font-weight: 400;\"> para una consulta gratuita.<\/span><\/p>\n<p><span style=\"font-weight: 400;\"><\/span><\/p>\n<h2><b>\u00bfQu\u00e9 causa los accidentes de gr\u00faa en Florida?<\/b><\/h2>\n<p><span style=\"font-weight: 400;\">Los accidentes de gr\u00faa se presentan de muchas formas. En la gran mayor\u00eda de los accidentes, el culpable es el error humano. Un accidente de gr\u00faa puede ocurrir en un sitio de construcci\u00f3n por varias razones:<\/span><\/p>\n<ul>\n<li><span style=\"font-weight: 400;\"> Operar una gr\u00faa en una superficie inestable o irregular<\/span><\/li>\n<li><span style=\"font-weight: 400;\"> Aparejos, estabilizadores o cables rotos<\/span><\/li>\n<li><span style=\"font-weight: 400;\"> Sobrecargar o exceder la capacidad de peso.<\/span><\/li>\n<li><span style=\"font-weight: 400;\"> Balanceo de la pluma o ejecuci\u00f3n de un levantamiento sin los estabilizadores completamente extendidos<\/span><\/li>\n<li><span style=\"font-weight: 400;\"> Dejar caer una carga<\/span><\/li>\n<li><span style=\"font-weight: 400;\"> Entrar en contacto con l\u00edneas el\u00e9ctricas<\/span><\/li>\n<\/ul>\n<p><span style=\"font-weight: 400;\">Seg\u00fan la <\/span><a href=\"https:\/\/www.bls.gov\/iif\/oshwc\/cfoi\/cranes-2017.htm\" target=\"_blank\" rel=\"noopener\"><span style=\"font-weight: 400;\">Oficina de Estad\u00edsticas Laborales<\/span><\/a><span style=\"font-weight: 400;\"> , m\u00e1s de la mitad de las lesiones fatales de gr\u00faas ocurren cuando un trabajador es golpeado por un objeto o equipo. Tres quintas partes de los accidentes ocurren cuando un trabajador es golpeado por un objeto que cae, generalmente un objeto que cae o se pone en movimiento con el uso de una gr\u00faa. Muchos trabajadores tambi\u00e9n mueren por electrocuci\u00f3n cuando se hace contacto con una l\u00ednea el\u00e9ctrica mientras se opera una gr\u00faa o cuando la gr\u00faa colapsa.<\/span><\/p>\n<h2><b>Compensaci\u00f3n para trabajadores en accidentes de gr\u00faas en Florida<\/b><\/h2>\n<p><span style=\"font-weight: 400;\">No hay duda de que trabajar en un sitio cerca o sobre una gr\u00faa puede ser peligroso. Si sufre una lesi\u00f3n grave debido a un accidente relacionado con una gr\u00faa, el <\/span><a href=\"https:\/\/www.myfloridacfo.com\/Division\/WC\/\" target=\"_blank\" rel=\"noopener\"><span style=\"font-weight: 400;\">sistema de compensaci\u00f3n para trabajadores en Florida<\/span><\/a><span style=\"font-weight: 400;\"> est\u00e1 dise\u00f1ado para protegerlo con beneficios por su salario perdido, facturas m\u00e9dicas y discapacidad. La gran mayor\u00eda de los trabajadores de la construcci\u00f3n y los operadores de gr\u00faas est\u00e1n cubiertos por la compensaci\u00f3n para trabajadores.<\/span><\/p>\n<p><a href=\"https:\/\/workinjuryrights.com\/wp-content\/uploads\/2021\/09\/worker-construction-crane-1.jpg\"><img fetchpriority=\"high\" decoding=\"async\" class=\"alignnone size-full wp-image-4240\" src=\"https:\/\/workinjuryrights.com\/wp-content\/uploads\/2021\/09\/worker-construction-crane-1.jpg\" alt=\"Worker supervising crane work on construction site concept of crane accidents\" width=\"500\" height=\"333\" srcset=\"https:\/\/workinjuryrights.com\/wp-content\/uploads\/2021\/09\/worker-construction-crane-1.jpg 500w, https:\/\/workinjuryrights.com\/wp-content\/uploads\/2021\/09\/worker-construction-crane-1-300x200.jpg 300w\" sizes=\"(max-width: 500px) 100vw, 500px\" \/><\/a><\/p>\n<p><span style=\"font-weight: 400;\">El prop\u00f3sito de la compensaci\u00f3n para trabajadores es brindarle beneficios independientemente de la culpa a cambio de perder su derecho a demandar a su empleador por su accidente. Sin embargo, recibir los beneficios a los que tiene derecho no siempre es f\u00e1cil. Su empleador y su proveedor de compensaci\u00f3n para trabajadores pueden luchar contra su reclamo de muchas maneras, incluso argumentando que sus lesiones no son tan graves como afirma o que se ha recuperado por completo cuando no lo ha hecho.<\/span><\/p>\n<p><span style=\"font-weight: 400;\">Un abogado con experiencia en compensaci\u00f3n para trabajadores en Florida puede ayudarlo en cada etapa de su reclamo de compensaci\u00f3n para trabajadores. En Work Injury Rights, investigaremos su accidente para mostrar c\u00f3mo sucedi\u00f3 y recopilaremos evidencia que demuestre la gravedad de sus lesiones. Si su reclamo es denegado, lo representaremos en la audiencia para presentar un caso s\u00f3lido y luchar por los beneficios completos que se merece.<\/span><\/p>\n<h2><b>Comun\u00edquese con un abogado de compensaci\u00f3n laboral en Florida<\/b><\/h2>\n<p><span style=\"font-weight: 400;\">Los accidentes de gr\u00faas en Florida generalmente provocan lesiones y muertes graves y que cambian la vida de los trabajadores. Si bien acept\u00f3 un trabajo peligroso, lo hizo con la expectativa de que el sistema se ocupar\u00eda de usted si se lastimaba. En Work Injury Rights, creemos que ning\u00fan trabajador lesionado debe quedarse peleando por beneficios despu\u00e9s de un accidente que le cambia la vida.<\/span><\/p>\n<p><span style=\"font-weight: 400;\"><a href=\"\/\">Nuestros abogados de lesiones laborales<\/a> est\u00e1n aqu\u00ed para luchar por usted y proteger sus derechos. Cont\u00e1ctenos hoy para una revisi\u00f3n gratuita de su caso para comenzar a explorar sus opciones y luchar por la compensaci\u00f3n m\u00e1xima que tiene derecho a recibir bajo el sistema de compensaci\u00f3n para trabajadores de Florida.<\/span><\/p>\n","protected":false},"excerpt":{"rendered":"<p>La construcci\u00f3n de un edificio de varios pisos o un edificio con un dise\u00f1o \u00fanico casi siempre requiere una gr\u00faa. Si bien las gr\u00faas han revolucionado la construcci\u00f3n, tambi\u00e9n pueden provocar accidentes mortales cuando se usan incorrectamente. En un lapso de 6 a\u00f1os, los accidentes de gr\u00faas fueron responsables de 297 muertes y Florida tuvo [&hellip;]<\/p>\n","protected":false},"author":36,"featured_media":0,"parent":5665,"menu_order":0,"comment_status":"closed","ping_status":"closed","template":"","meta":{"_acf_changed":false,"anchor_text":"","footnotes":""},"categories":[],"tags":[],"class_list":["post-5785","page","type-page","status-publish","hentry"],"acf":[],"_links":{"self":[{"href":"https:\/\/workinjuryrights.com\/es\/wp-json\/wp\/v2\/pages\/5785","targetHints":{"allow":["GET"]}}],"collection":[{"href":"https:\/\/workinjuryrights.com\/es\/wp-json\/wp\/v2\/pages"}],"about":[{"href":"https:\/\/workinjuryrights.com\/es\/wp-json\/wp\/v2\/types\/page"}],"author":[{"embeddable":true,"href":"https:\/\/workinjuryrights.com\/es\/wp-json\/wp\/v2\/users\/36"}],"replies":[{"embeddable":true,"href":"https:\/\/workinjuryrights.com\/es\/wp-json\/wp\/v2\/comments?post=5785"}],"version-history":[{"count":3,"href":"https:\/\/workinjuryrights.com\/es\/wp-json\/wp\/v2\/pages\/5785\/revisions"}],"predecessor-version":[{"id":6040,"href":"https:\/\/workinjuryrights.com\/es\/wp-json\/wp\/v2\/pages\/5785\/revisions\/6040"}],"up":[{"embeddable":true,"href":"https:\/\/workinjuryrights.com\/es\/wp-json\/wp\/v2\/pages\/5665"}],"wp:attachment":[{"href":"https:\/\/workinjuryrights.com\/es\/wp-json\/wp\/v2\/media?parent=5785"}],"wp:term":[{"taxonomy":"category","embeddable":true,"href":"https:\/\/workinjuryrights.com\/es\/wp-json\/wp\/v2\/categories?post=5785"},{"taxonomy":"post_tag","embeddable":true,"href":"https:\/\/workinjuryrights.com\/es\/wp-json\/wp\/v2\/tags?post=5785"}],"curies":[{"name":"wp","href":"https:\/\/api.w.org\/{rel}","templated":true}]}}