{"id":5786,"date":"2021-08-15T17:04:56","date_gmt":"2021-08-15T17:04:56","guid":{"rendered":"https:\/\/workinjuryrights.com\/causa-de-accidente\/demolition-accidents\/"},"modified":"2022-02-15T20:04:21","modified_gmt":"2022-02-15T20:04:21","slug":"accidentes-demolicion","status":"publish","type":"page","link":"https:\/\/workinjuryrights.com\/es\/causa-de-accidente\/accidentes-demolicion\/","title":{"rendered":"Accidentes de Demolici\u00f3n"},"content":{"rendered":"<style>.practice-areas{display:none;}<\/style>\n<p><span style=\"font-weight: 400;\">La demolici\u00f3n siempre conlleva riesgos, sin importar cu\u00e1n cuidadosamente se eval\u00faen y mitiguen los riesgos. La demolici\u00f3n no solo implica explosivos peligrosos, sino que tambi\u00e9n presenta el riesgo de ca\u00edda de escombros, colapso de andamios y otros peligros graves. En una industria que ya es peligrosa, la demolici\u00f3n es uno de los proyectos de construcci\u00f3n m\u00e1s peligrosos.<\/span><\/p>\n<p><span style=\"font-weight: 400;\">\u00bfHa sufrido lesiones graves en un accidente de demolici\u00f3n en el trabajo? En Work Injury Rights, estamos aqu\u00ed para luchar por usted. Lo ayudaremos a presentar su reclamo de compensaci\u00f3n para trabajadores y recopilar evidencia de su accidente y lesiones para luchar por la compensaci\u00f3n m\u00e1xima que se merece. Llame al [phones] para programar una consulta gratuita con un <\/span><a href=\"\/coral-springs\/workers-compensation-lawyer\/\"><span style=\"font-weight: 400;\">abogado de compensaci\u00f3n para trabajadores de Florida<\/span><\/a><span style=\"font-weight: 400;\">.<\/span><\/p>\n<p><span style=\"font-weight: 400;\"><\/span><\/p>\n<h2><b>\u00bfQu\u00e9 causa los accidentes de demolici\u00f3n en Florida?<\/b><\/h2>\n<p><span style=\"font-weight: 400;\">La demolici\u00f3n controlada es una t\u00e9cnica com\u00fan para limpiar un lote para una nueva construcci\u00f3n o para quitar un edificio que se ha vuelto peligroso. La demolici\u00f3n siempre implica un riesgo. Un sitio de demolici\u00f3n puede causar lesiones debido a:<\/span><\/p>\n<ul>\n<li style=\"font-weight: 400;\" aria-level=\"1\"><b>Escombros que caen: estos <\/b><span style=\"font-weight: 400;\">escombros pueden ser el resultado de la explosi\u00f3n en s\u00ed o del estado del edificio. La ca\u00edda de objetos es una de las principales causas de lesiones graves en la industria de la construcci\u00f3n.<\/span><span style=\"font-weight: 400;\">\u00a0\u00a0\u00a0\u00a0\u00a0\u00a0<\/span><\/li>\n<li style=\"font-weight: 400;\" aria-level=\"1\"><b>Exposici\u00f3n a sustancias qu\u00edmicas: <\/b><span style=\"font-weight: 400;\">una demolici\u00f3n puede involucrar muchas sustancias qu\u00edmicas a las que los trabajadores pueden estar expuestos. Esto puede causar enfermedades respiratorias, c\u00e1ncer y otras enfermedades graves. En algunos casos, la demolici\u00f3n de un edificio antiguo puede liberar part\u00edculas t\u00f3xicas.<\/span><span style=\"font-weight: 400;\">\u00a0\u00a0\u00a0\u00a0\u00a0\u00a0<\/span><\/li>\n<li style=\"font-weight: 400;\" aria-level=\"1\"><b>Uso inadecuado de explosivos: <\/b><span style=\"font-weight: 400;\">Todos los trabajadores en el sitio est\u00e1n en riesgo cuando los explosivos no se manipulan correctamente. Hay muchas formas en que los explosivos no se pueden usar de manera segura, como no asegurarse de que el \u00e1rea est\u00e9 despejada antes de que se detonen, la detonaci\u00f3n prematura o la mala ubicaci\u00f3n de los explosivos.<\/span><span style=\"font-weight: 400;\">\u00a0\u00a0\u00a0\u00a0\u00a0\u00a0<\/span><\/li>\n<\/ul>\n<p><span style=\"font-weight: 400;\">Incluso cuando una explosi\u00f3n est\u00e1 controlada y supervisada, existen muchos peligros para los trabajadores. La explosi\u00f3n puede hacer que el suelo se mueva, lo que puede hacer que los trabajadores se caigan de un andamio o un tejado. Incluso es posible que los materiales de los edificios cercanos se conviertan en metralla. Incluso se puede desencadenar un incendio de movimiento r\u00e1pido que se extienda m\u00e1s all\u00e1 del sitio de demolici\u00f3n.<\/span><\/p>\n<h2><b>Accidentes de demolici\u00f3n y compensaci\u00f3n laboral de Florida<\/b><\/h2>\n<p><span style=\"font-weight: 400;\">Cuando se lesiona durante la demolici\u00f3n, es posible que tenga derecho a los beneficios de compensaci\u00f3n para trabajadores. El sistema de compensaci\u00f3n para trabajadores de Florida est\u00e1 dise\u00f1ado para cubrir gastos m\u00e9dicos, salarios perdidos y discapacidad por accidentes laborales para brindarle la seguridad financiera que necesita mientras se recupera.<\/span><\/p>\n<p><a href=\"https:\/\/workinjuryrights.com\/wp-content\/uploads\/2021\/09\/demolition-accidents-Florida-workers-comp.jpg\"><img fetchpriority=\"high\" decoding=\"async\" class=\"alignnone size-full wp-image-3646\" src=\"https:\/\/workinjuryrights.com\/wp-content\/uploads\/2021\/09\/demolition-accidents-Florida-workers-comp.jpg\" alt=\"Construction worker injured in Florida demolition accident\" width=\"500\" height=\"334\" srcset=\"https:\/\/workinjuryrights.com\/wp-content\/uploads\/2021\/09\/demolition-accidents-Florida-workers-comp.jpg 500w, https:\/\/workinjuryrights.com\/wp-content\/uploads\/2021\/09\/demolition-accidents-Florida-workers-comp-300x200.jpg 300w\" sizes=\"(max-width: 500px) 100vw, 500px\" \/><\/a><\/p>\n<p><span style=\"font-weight: 400;\">Lamentablemente, muchos trabajadores heridos en un accidente de demolici\u00f3n quedan con lesiones graves que les cambian la vida, como lesiones en la cabeza, par\u00e1lisis, lesiones en la m\u00e9dula espinal y lesiones en el cuello. Peor a\u00fan, muchos se encuentran en una batalla con una compa\u00f1\u00eda de seguros, su empleador y los m\u00e9dicos que eligi\u00f3 la compa\u00f1\u00eda de seguros. Lo \u00faltimo que deber\u00eda es preocuparle mientras lucha por recuperarse y seguir adelante con su vida es la incertidumbre financiera y una larga lucha por los beneficios de una compa\u00f1\u00eda de seguros indiferente y con \u00e1nimo de lucro.<\/span><\/p>\n<p><span style=\"font-weight: 400;\">Un abogado de compensaci\u00f3n laboral en Florida puede ayudarlo a buscar los beneficios completos que se merece. En Work Injury Rights, lo ayudaremos a presentar su reclamo y a presentar su caso ante el tribunal si su reclamo es denegado. Recopilaremos evidencia de la gravedad de sus lesiones y protegeremos sus derechos durante todo el proceso.<\/span><\/p>\n<p><span style=\"font-weight: 400;\">Tenga en cuenta que las demoliciones a menudo involucran a muchos comerciantes, incluidos ingenieros, arquitectos, contratistas especializados y expertos en demoliciones. Debido a que estos sitios a menudo involucran a varias partes, incluidos contratistas externos y empresas, un reclamo por lesiones relacionadas con el trabajo puede ser complicado. Puede haber varias partes que comparten la culpa del accidente. Esto significa que puede tener un reclamo de terceros adem\u00e1s de <\/span><a href=\"https:\/\/www.myfloridacfo.com\/Division\/WC\/Employee\/Benefits\/default.htm\" target=\"_blank\" rel=\"noopener\"><span style=\"font-weight: 400;\">los beneficios de compensaci\u00f3n<\/span><span style=\"font-weight: 400;\"> para <\/span><span style=\"font-weight: 400;\">trabajadores<\/span><\/a><span style=\"font-weight: 400;\"> . Le ayudaremos a explorar posibles <\/span><span style=\"font-weight: 400;\">reclamaciones de terceros<\/span><span style=\"font-weight: 400;\"> en su accidente.<\/span><\/p>\n<h2><b>Comun\u00edquese con nuestros abogados de lesiones laborales para obtener una revisi\u00f3n gratuita de su caso<\/b><\/h2>\n<p><span style=\"font-weight: 400;\">\u00bfHa resultado gravemente herido en un accidente de demolici\u00f3n en el trabajo? Nuestros abogados de compensaci\u00f3n para trabajadores de Florida est\u00e1n aqu\u00ed para ayudarlo a buscar los beneficios justos de compensaci\u00f3n para trabajadores que se merece para seguir adelante con su vida.<\/span><\/p>\n<p><span style=\"font-weight: 400;\">P\u00f3ngase en contacto con Work Injury Rights hoy mismo para programar una consulta gratuita para revisar su caso.<\/span><\/p>\n","protected":false},"excerpt":{"rendered":"<p>La demolici\u00f3n siempre conlleva riesgos, sin importar cu\u00e1n cuidadosamente se eval\u00faen y mitiguen los riesgos. La demolici\u00f3n no solo implica explosivos peligrosos, sino que tambi\u00e9n presenta el riesgo de ca\u00edda de escombros, colapso de andamios y otros peligros graves. En una industria que ya es peligrosa, la demolici\u00f3n es uno de los proyectos de construcci\u00f3n [&hellip;]<\/p>\n","protected":false},"author":36,"featured_media":0,"parent":5665,"menu_order":0,"comment_status":"closed","ping_status":"closed","template":"","meta":{"_acf_changed":false,"anchor_text":"","footnotes":""},"categories":[],"tags":[],"class_list":["post-5786","page","type-page","status-publish","hentry"],"acf":[],"_links":{"self":[{"href":"https:\/\/workinjuryrights.com\/es\/wp-json\/wp\/v2\/pages\/5786","targetHints":{"allow":["GET"]}}],"collection":[{"href":"https:\/\/workinjuryrights.com\/es\/wp-json\/wp\/v2\/pages"}],"about":[{"href":"https:\/\/workinjuryrights.com\/es\/wp-json\/wp\/v2\/types\/page"}],"author":[{"embeddable":true,"href":"https:\/\/workinjuryrights.com\/es\/wp-json\/wp\/v2\/users\/36"}],"replies":[{"embeddable":true,"href":"https:\/\/workinjuryrights.com\/es\/wp-json\/wp\/v2\/comments?post=5786"}],"version-history":[{"count":4,"href":"https:\/\/workinjuryrights.com\/es\/wp-json\/wp\/v2\/pages\/5786\/revisions"}],"predecessor-version":[{"id":7825,"href":"https:\/\/workinjuryrights.com\/es\/wp-json\/wp\/v2\/pages\/5786\/revisions\/7825"}],"up":[{"embeddable":true,"href":"https:\/\/workinjuryrights.com\/es\/wp-json\/wp\/v2\/pages\/5665"}],"wp:attachment":[{"href":"https:\/\/workinjuryrights.com\/es\/wp-json\/wp\/v2\/media?parent=5786"}],"wp:term":[{"taxonomy":"category","embeddable":true,"href":"https:\/\/workinjuryrights.com\/es\/wp-json\/wp\/v2\/categories?post=5786"},{"taxonomy":"post_tag","embeddable":true,"href":"https:\/\/workinjuryrights.com\/es\/wp-json\/wp\/v2\/tags?post=5786"}],"curies":[{"name":"wp","href":"https:\/\/api.w.org\/{rel}","templated":true}]}}