{"id":5787,"date":"2021-08-15T17:06:56","date_gmt":"2021-08-15T17:06:56","guid":{"rendered":"https:\/\/workinjuryrights.com\/causa-de-accidente\/electrocution-accidents\/"},"modified":"2021-09-27T20:18:12","modified_gmt":"2021-09-27T20:18:12","slug":"accidentes-electrocucion","status":"publish","type":"page","link":"https:\/\/workinjuryrights.com\/es\/causa-de-accidente\/accidentes-electrocucion\/","title":{"rendered":"Accidentes de Electrocuci\u00f3n"},"content":{"rendered":"<style>.practice-areas{display:none;}<\/style>\n<p><span style=\"font-weight: 400;\">Los accidentes de electrocuci\u00f3n se encuentran entre los incidentes laborales m\u00e1s graves. Los trabajadores que sufren electrocuci\u00f3n en el trabajo pueden enfrentar a largo plazo:<\/span><\/p>\n<ul>\n<li style=\"font-weight: 400;\" aria-level=\"1\"><span style=\"font-weight: 400;\">Lesiones musculoesquel\u00e9ticas<\/span><span style=\"font-weight: 400;\">\u00a0\u00a0\u00a0\u00a0\u00a0\u00a0<\/span><\/li>\n<li style=\"font-weight: 400;\" aria-level=\"1\"><span style=\"font-weight: 400;\">Da\u00f1o cardiovascular<\/span><span style=\"font-weight: 400;\">\u00a0\u00a0\u00a0\u00a0\u00a0\u00a0<\/span><\/li>\n<li style=\"font-weight: 400;\" aria-level=\"1\"><span style=\"font-weight: 400;\">Quemaduras graves<\/span><span style=\"font-weight: 400;\">\u00a0\u00a0\u00a0\u00a0\u00a0\u00a0<\/span><\/li>\n<li style=\"font-weight: 400;\" aria-level=\"1\"><span style=\"font-weight: 400;\">Da\u00f1o respiratorio<\/span><span style=\"font-weight: 400;\">\u00a0\u00a0\u00a0\u00a0\u00a0\u00a0<\/span><\/li>\n<li style=\"font-weight: 400;\" aria-level=\"1\"><span style=\"font-weight: 400;\">Da\u00f1o al sistema nervioso central<\/span><span style=\"font-weight: 400;\">\u00a0\u00a0\u00a0\u00a0\u00a0\u00a0<\/span><\/li>\n<\/ul>\n<p><span style=\"font-weight: 400;\">La electrocuci\u00f3n puede cambiar la vida de los trabajadores y sus familias. Tambi\u00e9n es la quinta causa principal de muertes en el lugar de trabajo en los Estados Unidos.<\/span><\/p>\n<p><span style=\"font-weight: 400;\">\u00bfHa resultado gravemente herido en un accidente de electrocuci\u00f3n? Es posible que tenga derecho a beneficios de compensaci\u00f3n para trabajadores por sus gastos m\u00e9dicos, salarios perdidos y discapacidad. No es necesario que luche solo contra la compa\u00f1\u00eda de seguros. Work Injury Rights est\u00e1 aqu\u00ed para ayudar con d\u00e9cadas de experiencia representando a trabajadores lesionados en Florida.<\/span><\/p>\n<p><span style=\"font-weight: 400;\">\u00a1Llame a nuestros <\/span><a href=\"\/coral-springs\/workers-compensation-lawyer\/\"><span style=\"font-weight: 400;\">abogados de compensaci\u00f3n para trabajadores de Florida<\/span><\/a><span style=\"font-weight: 400;\"> al <a href=\"tel:+19543888616\">954-388-8616<\/a> hoy para programar una revisi\u00f3n gratuita de su caso!<\/span><\/p>\n<p><span style=\"font-weight: 400;\"><\/span><\/p>\n<h2><b>\u00bfQu\u00e9 causa los accidentes de electrocuci\u00f3n en Florida?<\/b><\/h2>\n<p><a href=\"https:\/\/www.osha.gov\/electrical\" target=\"_blank\" rel=\"noopener\"><span style=\"font-weight: 400;\">OSHA tiene regulaciones claras<\/span><\/a><span style=\"font-weight: 400;\"> que los empleadores deben seguir para proteger a los empleados alrededor de la electricidad. Esto incluye prohibir el trabajo en entornos que puedan exponer a los trabajadores a un circuito el\u00e9ctrico, informar a los empleados sobre l\u00edneas el\u00e9ctricas subterr\u00e1neas u ocultas y proteger los equipos el\u00e9ctricos activos. Sin embargo, incluso los lugares de trabajo que cumplen con los est\u00e1ndares de OSHA pueden ser peligrosos y a\u00fan puede ocurrir electrocuci\u00f3n.<\/span><\/p>\n<p><span style=\"font-weight: 400;\">Los empleados que trabajan directamente con electricidad, incluidos los trabajadores de la construcci\u00f3n, los trabajadores de servicios p\u00fablicos y los electricistas, corren el mayor riesgo de sufrir una lesi\u00f3n por electrocuci\u00f3n. La electrocuci\u00f3n en el trabajo puede ocurrir de muchas maneras, entre ellas:<\/span><\/p>\n<ul>\n<li style=\"font-weight: 400;\" aria-level=\"1\"><span style=\"font-weight: 400;\">L\u00edneas el\u00e9ctricas da\u00f1adas o ca\u00eddas<\/span><span style=\"font-weight: 400;\">\u00a0\u00a0\u00a0\u00a0\u00a0\u00a0<\/span><\/li>\n<li style=\"font-weight: 400;\" aria-level=\"1\"><span style=\"font-weight: 400;\">Cables con corriente expuestos o defectos en el cableado el\u00e9ctrico<\/span><span style=\"font-weight: 400;\">\u00a0\u00a0\u00a0\u00a0\u00a0\u00a0<\/span><\/li>\n<li style=\"font-weight: 400;\" aria-level=\"1\"><span style=\"font-weight: 400;\">Circuitos da\u00f1ados o sobrecargados<\/span><span style=\"font-weight: 400;\">\u00a0\u00a0\u00a0\u00a0\u00a0\u00a0<\/span><\/li>\n<li style=\"font-weight: 400;\" aria-level=\"1\"><span style=\"font-weight: 400;\">Maquinaria defectuosa<\/span><span style=\"font-weight: 400;\">\u00a0\u00a0\u00a0\u00a0\u00a0\u00a0<\/span><\/li>\n<li style=\"font-weight: 400;\" aria-level=\"1\"><span style=\"font-weight: 400;\">Escalera o equipo de construcci\u00f3n, como una gr\u00faa que entra en contacto con un cable expuesto o una l\u00ednea el\u00e9ctrica.<\/span><span style=\"font-weight: 400;\">\u00a0\u00a0\u00a0\u00a0\u00a0\u00a0<\/span><\/li>\n<\/ul>\n<h2><b>Compensaci\u00f3n para trabajadores por accidentes de electrocuci\u00f3n<\/b><\/h2>\n<p><span style=\"font-weight: 400;\">Si bien algunas lesiones por electrocuci\u00f3n son leves, la electrocuci\u00f3n puede provocar lesiones graves y potencialmente mortales. Los efectos de la electrocuci\u00f3n pueden ser a largo plazo y permanentes. Cuando sufre electrocuci\u00f3n en el trabajo, puede tener derecho a <\/span><span style=\"font-weight: 400;\">los <a href=\"https:\/\/www.myfloridacfo.com\/Division\/WC\/Employee\/Benefits\/default.htm\" target=\"_blank\" rel=\"noopener\">beneficios de compensaci\u00f3n<\/a><\/span><span style=\"font-weight: 400;\"> para <\/span><span style=\"font-weight: 400;\">trabajadores<\/span><span style=\"font-weight: 400;\">. Hay muchos tipos de beneficios de compensaci\u00f3n para trabajadores disponibles para los trabajadores lesionados, incluido el pago por salarios perdidos, gastos m\u00e9dicos y capacitaci\u00f3n si no puede regresar a su trabajo.<\/span><\/p>\n<p><a href=\"https:\/\/workinjuryrights.com\/wp-content\/uploads\/2021\/09\/Electrocution-accidents-Florida-workers-comp.jpg\"><img fetchpriority=\"high\" decoding=\"async\" class=\"alignnone size-full wp-image-3649\" src=\"https:\/\/workinjuryrights.com\/wp-content\/uploads\/2021\/09\/Electrocution-accidents-Florida-workers-comp.jpg\" alt=\"Injured worker on ground after electrocution accident\" width=\"500\" height=\"334\" srcset=\"https:\/\/workinjuryrights.com\/wp-content\/uploads\/2021\/09\/Electrocution-accidents-Florida-workers-comp.jpg 500w, https:\/\/workinjuryrights.com\/wp-content\/uploads\/2021\/09\/Electrocution-accidents-Florida-workers-comp-300x200.jpg 300w\" sizes=\"(max-width: 500px) 100vw, 500px\" \/><\/a><\/p>\n<p><span style=\"font-weight: 400;\">Para recibir los beneficios de compensaci\u00f3n para trabajadores despu\u00e9s de su accidente, es importante presentar su reclamo r\u00e1pidamente. Existen muchos l\u00edmites de tiempo en la compensaci\u00f3n de trabajadores y su lesi\u00f3n debe informarse de inmediato a su empleador. El siguiente paso es que su empleador y la compa\u00f1\u00eda de seguros lo deriven a un m\u00e9dico de su elecci\u00f3n.<\/span><\/p>\n<p><span style=\"font-weight: 400;\">Desafortunadamente, muchos trabajadores lesionados en Florida enfrentan una batalla cuesta arriba para recibir los beneficios a los que tienen derecho seg\u00fan la ley de compensaci\u00f3n para trabajadores. El sistema favorece a su empleador y a la compa\u00f1\u00eda de seguros, permiti\u00e9ndoles elegir al m\u00e9dico que determinar\u00e1 la gravedad de su lesi\u00f3n y cu\u00e1ndo\/si podr\u00e1 regresar al trabajo.<\/span><\/p>\n<p><span style=\"font-weight: 400;\">Cuando se enfrenta a lesiones graves por electrocuci\u00f3n, es importante contar con un defensor legal de su lado para ayudarlo a luchar por la compensaci\u00f3n completa que se merece. No acepte la primera oferta de liquidaci\u00f3n que reciba de la compa\u00f1\u00eda de seguros ni permita que un reclamo denegado o infravalorado lo desanime. En Work Injury Rights, tenemos d\u00e9cadas de experiencia luchando por los derechos de los trabajadores lesionados.<\/span><\/p>\n<h2><b>Comun\u00edquese con nuestros abogados de lesiones laborales para obtener una revisi\u00f3n gratuita de su caso<\/b><\/h2>\n<p><span style=\"font-weight: 400;\">Si ha resultado gravemente herido en un accidente de electrocuci\u00f3n en el trabajo, nuestros abogados de lesiones laborales est\u00e1n aqu\u00ed para luchar por usted. Lo ayudaremos a presentar su reclamo, crear evidencia que muestre el alcance de sus lesiones y luchar por la compensaci\u00f3n m\u00e1xima que tiene derecho a recibir a trav\u00e9s de la compensaci\u00f3n para trabajadores. Te concentras en tu recuperaci\u00f3n; nos centraremos en la compa\u00f1\u00eda de seguros.<\/span><\/p>\n<p><span style=\"font-weight: 400;\">Comun\u00edquese con Work Injury Rights hoy mismo para programar una revisi\u00f3n gratuita de su caso con un <\/span><a href=\"\/\"><span style=\"font-weight: 400;\">abogado de compensaci\u00f3n laboral de Florida<\/span><\/a><span style=\"font-weight: 400;\"> para explorar sus opciones legales y tomar los siguientes pasos hacia los beneficios que se merece.<\/span><\/p>\n","protected":false},"excerpt":{"rendered":"<p>Los accidentes de electrocuci\u00f3n se encuentran entre los incidentes laborales m\u00e1s graves. Los trabajadores que sufren electrocuci\u00f3n en el trabajo pueden enfrentar a largo plazo: Lesiones musculoesquel\u00e9ticas\u00a0\u00a0\u00a0\u00a0\u00a0\u00a0 Da\u00f1o cardiovascular\u00a0\u00a0\u00a0\u00a0\u00a0\u00a0 Quemaduras graves\u00a0\u00a0\u00a0\u00a0\u00a0\u00a0 Da\u00f1o respiratorio\u00a0\u00a0\u00a0\u00a0\u00a0\u00a0 Da\u00f1o al sistema nervioso central\u00a0\u00a0\u00a0\u00a0\u00a0\u00a0 La electrocuci\u00f3n puede cambiar la vida de los trabajadores y sus familias. Tambi\u00e9n es la quinta causa [&hellip;]<\/p>\n","protected":false},"author":36,"featured_media":0,"parent":5665,"menu_order":0,"comment_status":"closed","ping_status":"closed","template":"","meta":{"_acf_changed":false,"anchor_text":"","footnotes":""},"categories":[],"tags":[],"class_list":["post-5787","page","type-page","status-publish","hentry"],"acf":[],"_links":{"self":[{"href":"https:\/\/workinjuryrights.com\/es\/wp-json\/wp\/v2\/pages\/5787","targetHints":{"allow":["GET"]}}],"collection":[{"href":"https:\/\/workinjuryrights.com\/es\/wp-json\/wp\/v2\/pages"}],"about":[{"href":"https:\/\/workinjuryrights.com\/es\/wp-json\/wp\/v2\/types\/page"}],"author":[{"embeddable":true,"href":"https:\/\/workinjuryrights.com\/es\/wp-json\/wp\/v2\/users\/36"}],"replies":[{"embeddable":true,"href":"https:\/\/workinjuryrights.com\/es\/wp-json\/wp\/v2\/comments?post=5787"}],"version-history":[{"count":3,"href":"https:\/\/workinjuryrights.com\/es\/wp-json\/wp\/v2\/pages\/5787\/revisions"}],"predecessor-version":[{"id":6046,"href":"https:\/\/workinjuryrights.com\/es\/wp-json\/wp\/v2\/pages\/5787\/revisions\/6046"}],"up":[{"embeddable":true,"href":"https:\/\/workinjuryrights.com\/es\/wp-json\/wp\/v2\/pages\/5665"}],"wp:attachment":[{"href":"https:\/\/workinjuryrights.com\/es\/wp-json\/wp\/v2\/media?parent=5787"}],"wp:term":[{"taxonomy":"category","embeddable":true,"href":"https:\/\/workinjuryrights.com\/es\/wp-json\/wp\/v2\/categories?post=5787"},{"taxonomy":"post_tag","embeddable":true,"href":"https:\/\/workinjuryrights.com\/es\/wp-json\/wp\/v2\/tags?post=5787"}],"curies":[{"name":"wp","href":"https:\/\/api.w.org\/{rel}","templated":true}]}}