{"id":5788,"date":"2021-08-15T17:07:37","date_gmt":"2021-08-15T17:07:37","guid":{"rendered":"https:\/\/workinjuryrights.com\/causa-de-accidente\/equipment-accidents\/"},"modified":"2023-08-22T09:38:48","modified_gmt":"2023-08-22T14:38:48","slug":"accidentes-equipo","status":"publish","type":"page","link":"https:\/\/workinjuryrights.com\/es\/causa-de-accidente\/accidentes-equipo\/","title":{"rendered":"Accidentes de Equipo"},"content":{"rendered":"<style>.practice-areas{display:none;}<\/style>\n<p><span style=\"font-weight: 400;\">Uno de los elementos m\u00e1s peligrosos en cualquier sitio de construcci\u00f3n es el equipo pesado. Cualquier tipo de maquinaria o equipo puede ser peligroso cuando est\u00e1 defectuoso o se usa con negligencia, pero algunos tipos de equipo son responsables de los accidentes m\u00e1s graves en sitios de construcci\u00f3n y almacenes, incluidas gr\u00faas, andamios y montacargas.<\/span><\/p>\n<p><span style=\"font-weight: 400;\">\u00bfHa sufrido lesiones graves en un accidente de trabajo con equipo pesado? En Work Injury Rights, estamos aqu\u00ed para ayudarlo. Tenemos d\u00e9cadas de experiencia representando a trabajadores lesionados en reclamos de compensaci\u00f3n para trabajadores. Lo ayudaremos a luchar por todos los beneficios que se merece mientras se recupera. \u00a1Llame a nuestros <\/span><a href=\"\/coral-springs\/workers-compensation-lawyer\/\"><span style=\"font-weight: 400;\">abogados de compensaci\u00f3n para trabajadores de Florida<\/span><\/a><span style=\"font-weight: 400;\"> al <a href=\"tel:+19543888616\">954-388-8616<\/a> hoy para una revisi\u00f3n gratuita del caso!<\/span><\/p>\n<p><span style=\"font-weight: 400;\"><\/span><\/p>\n<h2><b>Accidentes comunes de equipos en Florida<\/b><\/h2>\n<p><span style=\"font-weight: 400;\">Los trabajadores de la construcci\u00f3n y los trabajadores industriales pueden utilizar una amplia variedad de equipos en el curso de su trabajo. Cuando el equipo funciona mal, no est\u00e1 debidamente protegido o se usa incorrectamente, puede provocar lesiones que cambian la vida. Algunos de los tipos de equipos m\u00e1s comunes que causan accidentes laborales graves incluyen:<\/span><\/p>\n<ul>\n<li style=\"font-weight: 400;\" aria-level=\"1\"><a href=\"\/accident-cause\/forklift-accidents\/\"><span style=\"font-weight: 400;\">Montacargas<\/span><\/a><\/li>\n<li style=\"font-weight: 400;\" aria-level=\"1\"><span style=\"font-weight: 400;\">\u00a0<\/span><span style=\"font-weight: 400;\">Cargadores articulados y traseros<\/span><\/li>\n<li style=\"font-weight: 400;\" aria-level=\"1\"><span style=\"font-weight: 400;\">\u00a0<\/span><span style=\"font-weight: 400;\">Excavadoras<\/span><\/li>\n<li style=\"font-weight: 400;\" aria-level=\"1\"><span style=\"font-weight: 400;\">\u00a0<\/span><a href=\"https:\/\/workinjuryrights.com\/accident-cause\/crane-accidents\/\"><span style=\"font-weight: 400;\">Gr\u00faas<\/span><\/a><\/li>\n<li style=\"font-weight: 400;\" aria-level=\"1\"><span style=\"font-weight: 400;\">\u00a0<\/span><span style=\"font-weight: 400;\">Compactadores<\/span><\/li>\n<li style=\"font-weight: 400;\" aria-level=\"1\"><span style=\"font-weight: 400;\">\u00a0<\/span><span style=\"font-weight: 400;\">Recolectores de cerezas<\/span><\/li>\n<li style=\"font-weight: 400;\" aria-level=\"1\"><span style=\"font-weight: 400;\">Motoniveladoras y rodillos<\/span><\/li>\n<li style=\"font-weight: 400;\" aria-level=\"1\"><span style=\"font-weight: 400;\">Pague a los cargadores y pague a los transportistas<\/span><\/li>\n<li style=\"font-weight: 400;\" aria-level=\"1\"><span style=\"font-weight: 400;\">M\u00e1quinas de pavimentaci\u00f3n<\/span><\/li>\n<li style=\"font-weight: 400;\" aria-level=\"1\"><span style=\"font-weight: 400;\">Topadoras<\/span><\/li>\n<\/ul>\n<h2><b>\u00bfQu\u00e9 causa los accidentes de equipo en Florida?<\/b><\/h2>\n<p><span style=\"font-weight: 400;\">Los accidentes de equipo pueden tener muchas causas. A veces, un accidente es causado por una supervisi\u00f3n insuficiente o por la falta de un plan de seguridad eficaz. Los accidentes tambi\u00e9n pueden ser causados \u200b\u200bpor equipos que tienen un dise\u00f1o defectuoso o un mantenimiento inadecuado.<\/span><\/p>\n<p><span style=\"font-weight: 400;\">La mayor\u00eda de los accidentes con equipos pesados \u200b\u200bson el resultado de errores humanos. Ejemplos de formas comunes en las que pueden ocurrir accidentes incluyen:<\/span><\/p>\n<ul>\n<li style=\"font-weight: 400;\" aria-level=\"1\"><span style=\"font-weight: 400;\">Los accidentes por golpes pueden ocurrir cuando alguien est\u00e1 operando un montacargas o retroexcavadora y da marcha atr\u00e1s.<\/span><\/li>\n<li style=\"font-weight: 400;\" aria-level=\"1\"><span style=\"font-weight: 400;\">Los accidentes de vuelco pueden ocurrir cuando el equipo se carga incorrectamente, se eleva m\u00e1s all\u00e1 de su centro de gravedad, se golpea con otra pieza del equipo o se usa en un terreno irregular.<\/span><\/li>\n<li style=\"font-weight: 400;\" aria-level=\"1\"><span style=\"font-weight: 400;\">Se\u00f1ales incomprendidas entre trabajadores.<\/span><\/li>\n<li style=\"font-weight: 400;\" aria-level=\"1\"><span style=\"font-weight: 400;\">Funcionamiento incorrecto del equipo.<\/span><\/li>\n<li style=\"font-weight: 400;\" aria-level=\"1\"><span style=\"font-weight: 400;\">Carga inestable o inadecuada.<\/span><\/li>\n<li style=\"font-weight: 400;\" aria-level=\"1\"><span style=\"font-weight: 400;\">Objetos que caen del equipo.<\/span><\/li>\n<li style=\"font-weight: 400;\" aria-level=\"1\"><span style=\"font-weight: 400;\">Cargas ca\u00eddas.<\/span><\/li>\n<li style=\"font-weight: 400;\" aria-level=\"1\"><span style=\"font-weight: 400;\">Defectos del equipo: estos casos pueden involucrar un reclamo de terceros contra el fabricante adem\u00e1s de los beneficios de compensaci\u00f3n para trabajadores.<\/span><\/li>\n<\/ul>\n<p><a href=\"https:\/\/workinjuryrights.com\/wp-content\/uploads\/2021\/09\/equipment-accident-workers-comp-florida.jpg\"><img fetchpriority=\"high\" decoding=\"async\" class=\"alignnone size-full wp-image-3652\" src=\"https:\/\/workinjuryrights.com\/wp-content\/uploads\/2021\/09\/equipment-accident-workers-comp-florida.jpg\" alt=\"Worker with broken arm from equipment accident in Florida\" width=\"500\" height=\"375\" srcset=\"https:\/\/workinjuryrights.com\/wp-content\/uploads\/2021\/09\/equipment-accident-workers-comp-florida.jpg 500w, https:\/\/workinjuryrights.com\/wp-content\/uploads\/2021\/09\/equipment-accident-workers-comp-florida-300x225.jpg 300w\" sizes=\"(max-width: 500px) 100vw, 500px\" \/><\/a><\/p>\n<p><span style=\"font-weight: 400;\">Estos accidentes pueden causar lesiones graves o la muerte a los operadores del equipo, otros trabajadores, visitantes o transe\u00fantes en el sitio.<\/span><\/p>\n<h2><b>Accidentes de equipo e indemnizaci\u00f3n laboral<\/b><\/h2>\n<p><span style=\"font-weight: 400;\">Cuando se lesiona en un accidente de equipo en el trabajo, generalmente tiene derecho a los beneficios de compensaci\u00f3n para trabajadores. Los beneficios de compensaci\u00f3n para trabajadores pueden cubrir los <\/span><span style=\"font-weight: 400;\">gastos m\u00e9dicos<\/span><span style=\"font-weight: 400;\"> que enfrenta, los <\/span><span style=\"font-weight: 400;\">salarios perdidos<\/span><span style=\"font-weight: 400;\"> mientras se recupera y los beneficios por discapacidad a corto o largo plazo si no puede regresar al trabajo.<\/span><\/p>\n<p><span style=\"font-weight: 400;\">Desafortunadamente, recibir los beneficios a los que tiene derecho puede ser una batalla cuesta arriba. Cuanto m\u00e1s graves sean sus lesiones, m\u00e1s dif\u00edcilmente tendr\u00e1 que luchar contra la compa\u00f1\u00eda de seguros con fines de lucro y su empleador. La compa\u00f1\u00eda de seguros puede afirmar que est\u00e1 completamente recuperado cuando no lo est\u00e1 o que sus lesiones no son tan graves como afirma. Esta batalla se hace a\u00fan m\u00e1s dif\u00edcil porque su empleador y su compa\u00f1\u00eda de seguros eligen al m\u00e9dico que ve y este m\u00e9dico decidir\u00e1 la gravedad de sus lesiones y cu\u00e1ndo se recuperar\u00e1.<\/span><\/p>\n<p><span style=\"font-weight: 400;\">No necesita pasar solo por el proceso de compensaci\u00f3n para trabajadores. En Work Injury Rights, actuaremos como su defensor legal en cada paso del camino, desde ayudarlo a presentar su reclamo inicial y crear pruebas de la gravedad de sus lesiones hasta luchar contra un reclamo denegado o infravalorado.<\/span><\/p>\n<h2><b>Comun\u00edquese con Work Injury Rights para una revisi\u00f3n gratuita de su caso<\/b><\/h2>\n<p><span style=\"font-weight: 400;\">Un accidente de equipo puede dejarlo con lesiones que le cambiar\u00e1n la vida y que pueden afectar su capacidad para volver a trabajar. Lo \u00faltimo que debe preocuparle despu\u00e9s de un accidente en el trabajo es la inestabilidad financiera y el sustento para usted y sus seres queridos.<\/span><\/p>\n<p><span style=\"font-weight: 400;\">En Work Injury Rights, estamos aqu\u00ed para ayudar. Lo ayudaremos a luchar por todos los beneficios que tiene derecho a recibir. P\u00f3ngase en contacto con nuestros <\/span><a href=\"\/\"><span style=\"font-weight: 400;\">abogados de compensaci\u00f3n para trabajadores de Florida<\/span><\/a><span style=\"font-weight: 400;\"> hoy mismo para una revisi\u00f3n gratuita de su caso.<\/span><\/p>\n","protected":false},"excerpt":{"rendered":"<p>Uno de los elementos m\u00e1s peligrosos en cualquier sitio de construcci\u00f3n es el equipo pesado. Cualquier tipo de maquinaria o equipo puede ser peligroso cuando est\u00e1 defectuoso o se usa con negligencia, pero algunos tipos de equipo son responsables de los accidentes m\u00e1s graves en sitios de construcci\u00f3n y almacenes, incluidas gr\u00faas, andamios y montacargas. [&hellip;]<\/p>\n","protected":false},"author":36,"featured_media":0,"parent":5665,"menu_order":0,"comment_status":"closed","ping_status":"closed","template":"","meta":{"_acf_changed":false,"anchor_text":"","footnotes":""},"categories":[],"tags":[],"class_list":["post-5788","page","type-page","status-publish","hentry"],"acf":[],"_links":{"self":[{"href":"https:\/\/workinjuryrights.com\/es\/wp-json\/wp\/v2\/pages\/5788","targetHints":{"allow":["GET"]}}],"collection":[{"href":"https:\/\/workinjuryrights.com\/es\/wp-json\/wp\/v2\/pages"}],"about":[{"href":"https:\/\/workinjuryrights.com\/es\/wp-json\/wp\/v2\/types\/page"}],"author":[{"embeddable":true,"href":"https:\/\/workinjuryrights.com\/es\/wp-json\/wp\/v2\/users\/36"}],"replies":[{"embeddable":true,"href":"https:\/\/workinjuryrights.com\/es\/wp-json\/wp\/v2\/comments?post=5788"}],"version-history":[{"count":4,"href":"https:\/\/workinjuryrights.com\/es\/wp-json\/wp\/v2\/pages\/5788\/revisions"}],"predecessor-version":[{"id":12674,"href":"https:\/\/workinjuryrights.com\/es\/wp-json\/wp\/v2\/pages\/5788\/revisions\/12674"}],"up":[{"embeddable":true,"href":"https:\/\/workinjuryrights.com\/es\/wp-json\/wp\/v2\/pages\/5665"}],"wp:attachment":[{"href":"https:\/\/workinjuryrights.com\/es\/wp-json\/wp\/v2\/media?parent=5788"}],"wp:term":[{"taxonomy":"category","embeddable":true,"href":"https:\/\/workinjuryrights.com\/es\/wp-json\/wp\/v2\/categories?post=5788"},{"taxonomy":"post_tag","embeddable":true,"href":"https:\/\/workinjuryrights.com\/es\/wp-json\/wp\/v2\/tags?post=5788"}],"curies":[{"name":"wp","href":"https:\/\/api.w.org\/{rel}","templated":true}]}}