{"id":5789,"date":"2021-08-15T17:09:39","date_gmt":"2021-08-15T17:09:39","guid":{"rendered":"https:\/\/workinjuryrights.com\/causa-de-accidente\/fires-and-explosions\/"},"modified":"2023-08-22T09:34:06","modified_gmt":"2023-08-22T14:34:06","slug":"incendios-y-explosiones","status":"publish","type":"page","link":"https:\/\/workinjuryrights.com\/es\/causa-de-accidente\/incendios-y-explosiones\/","title":{"rendered":"Incendios y Explosiones"},"content":{"rendered":"<style>.practice-areas{display:none;}<\/style>\n<p><span style=\"font-weight: 400;\">Cualquier tipo de accidente en el lugar de trabajo puede provocar lesiones graves o catastr\u00f3ficas, pero los incendios y las explosiones se encuentran entre los m\u00e1s devastadores. Las v\u00edctimas de una explosi\u00f3n o un incendio se enfrentan a efectos econ\u00f3micos, psicol\u00f3gicos y f\u00edsicos que les cambian la vida. Si bien estos tipos de accidentes son menos comunes que otros accidentes relacionados con el trabajo, se encuentran entre los m\u00e1s graves y tienen el potencial de causar la muerte y lesiones graves a muchos empleados.<\/span><\/p>\n<p><span style=\"font-weight: 400;\">En Work Injury Rights, comprendemos la naturaleza devastadora de las lesiones sufridas en una explosi\u00f3n o incendio. Lo \u00faltimo que deber\u00eda preocuparle es una larga pelea con una compa\u00f1\u00eda de seguros cuando tiene facturas m\u00e9dicas y gastos de manutenci\u00f3n que deben pagarse ahora, todo mientras no puede trabajar. Nuestros <\/span><a href=\"https:\/\/workinjuryrights.com\/coral-springs\/workers-compensation-lawyer\/\"><span style=\"font-weight: 400;\">abogados de compensaci\u00f3n para trabajadores de Florida<\/span><\/a><span style=\"font-weight: 400;\"> est\u00e1n aqu\u00ed para ayudarlo a luchar por la compensaci\u00f3n completa que se merece.<\/span><\/p>\n<p><span style=\"font-weight: 400;\"><\/span><\/p>\n<h2><b>\u00bfQu\u00e9 causa incendios y explosiones en el lugar de trabajo en Florida?<\/b><\/h2>\n<p><span style=\"font-weight: 400;\">Seg\u00fan OSHA, m\u00e1s de 5,000 trabajadores resultan heridos y 200 mueren cada a\u00f1o en explosiones e incendios. Entre los incendios y las explosiones de la construcci\u00f3n, aproximadamente una cuarta parte de las muertes ocurrieron en incidentes que mataron a varias personas.<\/span><\/p>\n<p><span style=\"font-weight: 400;\">Un incendio o explosi\u00f3n en un sitio de construcci\u00f3n o lugar de trabajo industrial puede comenzar como una sola chispa o como polvo y desencadenar r\u00e1pidamente una explosi\u00f3n importante que hiere a muchos. Algunas de las causas m\u00e1s comunes de <\/span><a href=\"https:\/\/www.osha.gov\/fire-safety\/hazards-solutions\" target=\"_blank\" rel=\"noopener\"><span style=\"font-weight: 400;\">incendios y explosiones en el lugar<\/span><span style=\"font-weight: 400;\"> de <\/span><span style=\"font-weight: 400;\">trabajo<\/span><\/a><span style=\"font-weight: 400;\"> incluyen:<\/span><\/p>\n<ul>\n<li style=\"font-weight: 400;\" aria-level=\"1\"><span style=\"font-weight: 400;\">Agentes explosivos<\/span><span style=\"font-weight: 400;\">\u00a0\u00a0\u00a0\u00a0\u00a0\u00a0<\/span><\/li>\n<li style=\"font-weight: 400;\" aria-level=\"1\"><span style=\"font-weight: 400;\">Gas de petr\u00f3leo licuado<\/span><span style=\"font-weight: 400;\">\u00a0\u00a0\u00a0\u00a0\u00a0\u00a0<\/span><\/li>\n<li style=\"font-weight: 400;\" aria-level=\"1\"><span style=\"font-weight: 400;\">Mal funcionamiento el\u00e9ctrico<\/span><span style=\"font-weight: 400;\">\u00a0\u00a0\u00a0\u00a0\u00a0\u00a0<\/span><\/li>\n<li style=\"font-weight: 400;\" aria-level=\"1\"><span style=\"font-weight: 400;\">Dispositivo de calentamiento temporal<\/span><span style=\"font-weight: 400;\">\u00a0\u00a0\u00a0\u00a0\u00a0\u00a0<\/span><\/li>\n<li style=\"font-weight: 400;\" aria-level=\"1\"><span style=\"font-weight: 400;\">Tanques de productos qu\u00edmicos<\/span><span style=\"font-weight: 400;\">\u00a0\u00a0\u00a0\u00a0\u00a0\u00a0<\/span><\/li>\n<li style=\"font-weight: 400;\" aria-level=\"1\"><span style=\"font-weight: 400;\">L\u00edquidos combustibles<\/span><span style=\"font-weight: 400;\">\u00a0\u00a0\u00a0\u00a0\u00a0\u00a0<\/span><\/li>\n<li style=\"font-weight: 400;\" aria-level=\"1\"><span style=\"font-weight: 400;\">Contenedores de gas comprimido<\/span><span style=\"font-weight: 400;\">\u00a0\u00a0\u00a0\u00a0\u00a0\u00a0<\/span><\/li>\n<\/ul>\n<p><span style=\"font-weight: 400;\">Los incidentes responsables de la mayor\u00eda de las muertes en el lugar de trabajo relacionadas con explosiones y incendios son incendios, explosiones qu\u00edmicas, arcos el\u00e9ctricos y explosiones de contenedores presurizados. Las explosiones de gas, los derrames de productos qu\u00edmicos, las bater\u00edas recargables de iones de litio en las herramientas e incluso el tabaquismo tambi\u00e9n pueden ser la causa de un incendio o explosi\u00f3n masiva.<\/span><\/p>\n<p><a href=\"https:\/\/workinjuryrights.com\/wp-content\/uploads\/2021\/09\/fires-and-explosions-florida-workers-compensation.jpg\"><img fetchpriority=\"high\" decoding=\"async\" class=\"alignnone size-full wp-image-3701\" src=\"https:\/\/workinjuryrights.com\/wp-content\/uploads\/2021\/09\/fires-and-explosions-florida-workers-compensation.jpg\" alt=\"Warehouse fire, concept of workplace fires and explosions\" width=\"500\" height=\"333\" srcset=\"https:\/\/workinjuryrights.com\/wp-content\/uploads\/2021\/09\/fires-and-explosions-florida-workers-compensation.jpg 500w, https:\/\/workinjuryrights.com\/wp-content\/uploads\/2021\/09\/fires-and-explosions-florida-workers-compensation-300x200.jpg 300w\" sizes=\"(max-width: 500px) 100vw, 500px\" \/><\/a><\/p>\n<h2><b>Compensaci\u00f3n para trabajadores por incendios y explosiones<\/b><\/h2>\n<p><span style=\"font-weight: 400;\">Un incendio o explosi\u00f3n en un sitio de construcci\u00f3n o instalaci\u00f3n industrial generalmente requiere una investigaci\u00f3n exhaustiva para determinar la causa. Sin embargo, los trabajadores lesionados no necesitan demostrar que su empleador tuvo la culpa para recuperar la compensaci\u00f3n para trabajadores. De hecho, los trabajadores que contribuyeron al accidente todav\u00eda son elegibles para recibir beneficios.<\/span><\/p>\n<p><span style=\"font-weight: 400;\">Despu\u00e9s de una explosi\u00f3n o incendio en el lugar de trabajo, es posible que tenga derecho a varios tipos de beneficios de compensaci\u00f3n para trabajadores. Despu\u00e9s de presentar un reclamo de compensaci\u00f3n para trabajadores, puede recibir <\/span><span style=\"font-weight: 400;\">beneficios m\u00e9dicos<\/span><span style=\"font-weight: 400;\"> para cubrir los costos m\u00e9dicos asociados con sus lesiones, as\u00ed como <\/span><span style=\"font-weight: 400;\">beneficios por su salario perdido<\/span><span style=\"font-weight: 400;\"> . Si queda discapacitado y no puede regresar al trabajo, tambi\u00e9n tiene derecho a beneficios por discapacidad a corto o largo plazo.<\/span><\/p>\n<p><span style=\"font-weight: 400;\">Sin embargo, recuperar los beneficios que se merece puede ser un desaf\u00edo, especialmente cuando sus lesiones son muy graves y costosas para la compa\u00f1\u00eda de seguros. Su empleador y su compa\u00f1\u00eda de seguros pueden elegir al m\u00e9dico que consulta, quien finalmente decidir\u00e1 cu\u00e1ndo se recuperar\u00e1, cu\u00e1ndo y si puede regresar al trabajo y el grado de discapacidad que le queda.<\/span><\/p>\n<p><span style=\"font-weight: 400;\">Esto hace que sea importante trabajar con un abogado con experiencia en lesiones de compensaci\u00f3n para trabajadores de Florida para que sea un defensor que luche por usted. En Work Injury Rights, tenemos d\u00e9cadas de experiencia representando a trabajadores lesionados en su lucha contra la compa\u00f1\u00eda de seguros con fines de lucro por los beneficios que merecen.<\/span><\/p>\n<h2><b>Comun\u00edquese con Work Injury Rights para una revisi\u00f3n gratuita de su caso<\/b><\/h2>\n<p><span style=\"font-weight: 400;\">Las explosiones o incendios en el lugar de trabajo pueden provocar lesiones graves. Lo \u00faltimo con lo que debe lidiar mientras est\u00e1 lesionado y no puede trabajar es una lucha prolongada y estresante por los beneficios que se merece. Work Injury Rights est\u00e1 aqu\u00ed para ayudarlo a presentar su reclamo de compensaci\u00f3n para trabajadores, acumular evidencia sobre la gravedad de su lesi\u00f3n y representarlo si su reclamo es denegado.<\/span><\/p>\n<p><span style=\"font-weight: 400;\">Cont\u00e1ctenos hoy al <a href=\"tel:+19543888616\">954-388-8616<\/a> para programar la evaluaci\u00f3n gratuita de su caso con un <a href=\"\/\">abogado de compensaci\u00f3n laboral en Florida<\/a> que luchar\u00e1 por usted.<\/span><\/p>\n","protected":false},"excerpt":{"rendered":"<p>Cualquier tipo de accidente en el lugar de trabajo puede provocar lesiones graves o catastr\u00f3ficas, pero los incendios y las explosiones se encuentran entre los m\u00e1s devastadores. Las v\u00edctimas de una explosi\u00f3n o un incendio se enfrentan a efectos econ\u00f3micos, psicol\u00f3gicos y f\u00edsicos que les cambian la vida. Si bien estos tipos de accidentes son [&hellip;]<\/p>\n","protected":false},"author":36,"featured_media":0,"parent":5665,"menu_order":0,"comment_status":"closed","ping_status":"closed","template":"","meta":{"_acf_changed":false,"anchor_text":"","footnotes":""},"categories":[],"tags":[],"class_list":["post-5789","page","type-page","status-publish","hentry"],"acf":[],"_links":{"self":[{"href":"https:\/\/workinjuryrights.com\/es\/wp-json\/wp\/v2\/pages\/5789","targetHints":{"allow":["GET"]}}],"collection":[{"href":"https:\/\/workinjuryrights.com\/es\/wp-json\/wp\/v2\/pages"}],"about":[{"href":"https:\/\/workinjuryrights.com\/es\/wp-json\/wp\/v2\/types\/page"}],"author":[{"embeddable":true,"href":"https:\/\/workinjuryrights.com\/es\/wp-json\/wp\/v2\/users\/36"}],"replies":[{"embeddable":true,"href":"https:\/\/workinjuryrights.com\/es\/wp-json\/wp\/v2\/comments?post=5789"}],"version-history":[{"count":4,"href":"https:\/\/workinjuryrights.com\/es\/wp-json\/wp\/v2\/pages\/5789\/revisions"}],"predecessor-version":[{"id":12672,"href":"https:\/\/workinjuryrights.com\/es\/wp-json\/wp\/v2\/pages\/5789\/revisions\/12672"}],"up":[{"embeddable":true,"href":"https:\/\/workinjuryrights.com\/es\/wp-json\/wp\/v2\/pages\/5665"}],"wp:attachment":[{"href":"https:\/\/workinjuryrights.com\/es\/wp-json\/wp\/v2\/media?parent=5789"}],"wp:term":[{"taxonomy":"category","embeddable":true,"href":"https:\/\/workinjuryrights.com\/es\/wp-json\/wp\/v2\/categories?post=5789"},{"taxonomy":"post_tag","embeddable":true,"href":"https:\/\/workinjuryrights.com\/es\/wp-json\/wp\/v2\/tags?post=5789"}],"curies":[{"name":"wp","href":"https:\/\/api.w.org\/{rel}","templated":true}]}}