{"id":5790,"date":"2021-08-15T17:10:23","date_gmt":"2021-08-15T17:10:23","guid":{"rendered":"https:\/\/workinjuryrights.com\/causa-de-accidente\/forklift-accidents\/"},"modified":"2023-08-22T09:35:21","modified_gmt":"2023-08-22T14:35:21","slug":"accidentes-montacargas","status":"publish","type":"page","link":"https:\/\/workinjuryrights.com\/es\/causa-de-accidente\/accidentes-montacargas\/","title":{"rendered":"Accidentes de Montacargas"},"content":{"rendered":"<style>.practice-areas{display:none;}<\/style>\n<p><span style=\"font-weight: 400;\">Los montacargas son una vista com\u00fan en almacenes, sitios de construcci\u00f3n, f\u00e1bricas y otros entornos comerciales e industriales. Tambi\u00e9n son una de las principales causas de accidentes laborales. Entre 2011 y 2017, 614 trabajadores murieron en accidentes de montacargas y decenas de miles sufrieron lesiones.<\/span><\/p>\n<p><span style=\"font-weight: 400;\">\u00bfHa resultado herido en un accidente de carretilla elevadora en el trabajo? Es posible que tenga derecho a beneficios de compensaci\u00f3n para trabajadores por sus gastos m\u00e9dicos y salarios perdidos. En Work Injury Rights, estamos aqu\u00ed para ayudarlo con su reclamo y luchar por los beneficios completos que se merece.<\/span><\/p>\n<p><span style=\"font-weight: 400;\">Llame a nuestros <\/span><a href=\"https:\/\/workinjuryrights.com\/coral-springs\/workers-compensation-lawyer\/\"><span style=\"font-weight: 400;\">abogados de compensaci\u00f3n para trabajadores de Florida<\/span><\/a><span style=\"font-weight: 400;\"> hoy al <a href=\"tel:+19543888616\">954-388-8616<\/a> para una consulta gratuita.<\/span><\/p>\n<p><span style=\"font-weight: 400;\"><\/span><\/p>\n<h2><b>\u00bfQu\u00e9 causa los accidentes de montacargas en Florida?<\/b><\/h2>\n<p><span style=\"font-weight: 400;\">Los montacargas representan un peligro no solo para los operadores de montacargas, sino tambi\u00e9n para los trabajadores y visitantes cercanos. Los accidentes de montacargas son m\u00e1s comunes en industrias como el transporte, la venta al por mayor, la construcci\u00f3n, la fabricaci\u00f3n y la venta al por menor. Entre 2011 y 2017, <\/span><a href=\"https:\/\/www.bls.gov\/iif\/oshwc\/cfoi\/forklifts-2017.htm\" target=\"_blank\" rel=\"noopener\"><span style=\"font-weight: 400;\">614 trabajadores murieron<\/span><\/a><span style=\"font-weight: 400;\"> en accidentes de montacargas y decenas de miles sufrieron lesiones. Aproximadamente 1 de cada 6 muertes en el lugar de trabajo involucran un montacargas.<\/span><\/p>\n<p><span style=\"font-weight: 400;\">Estos accidentes pueden incluir:<\/span><\/p>\n<ul>\n<li style=\"font-weight: 400;\" aria-level=\"1\"><span style=\"font-weight: 400;\">volcaduras de montacargas<\/span><span style=\"font-weight: 400;\">\u00a0\u00a0\u00a0\u00a0\u00a0\u00a0<\/span><\/li>\n<li style=\"font-weight: 400;\" aria-level=\"1\"><span style=\"font-weight: 400;\">Montacargas que golpean a peatones<\/span><span style=\"font-weight: 400;\">\u00a0\u00a0\u00a0\u00a0\u00a0\u00a0<\/span><\/li>\n<li style=\"font-weight: 400;\" aria-level=\"1\"><span style=\"font-weight: 400;\">Cargas que caen de un montacargas<\/span><span style=\"font-weight: 400;\">\u00a0\u00a0\u00a0\u00a0\u00a0\u00a0<\/span><\/li>\n<li style=\"font-weight: 400;\" aria-level=\"1\"><span style=\"font-weight: 400;\">Accidentes de aplastamiento de montacargas en los que alguien es aplastado por un montacargas o entre un montacargas y otra superficie.<\/span><span style=\"font-weight: 400;\">\u00a0\u00a0\u00a0\u00a0\u00a0\u00a0<\/span><\/li>\n<\/ul>\n<p><span style=\"font-weight: 400;\">Hay muchos factores que pueden contribuir a una lesi\u00f3n por montacargas:<\/span><\/p>\n<ul>\n<li style=\"font-weight: 400;\" aria-level=\"1\"><span style=\"font-weight: 400;\">Carretilla elevadora defectuosa o mal mantenida<\/span><span style=\"font-weight: 400;\">\u00a0\u00a0\u00a0\u00a0\u00a0\u00a0<\/span><\/li>\n<li style=\"font-weight: 400;\" aria-level=\"1\"><span style=\"font-weight: 400;\">inexperiencia del operador<\/span><span style=\"font-weight: 400;\">\u00a0\u00a0\u00a0\u00a0\u00a0\u00a0<\/span><\/li>\n<li style=\"font-weight: 400;\" aria-level=\"1\"><span style=\"font-weight: 400;\">Descuido del operador<\/span><span style=\"font-weight: 400;\">\u00a0\u00a0\u00a0\u00a0\u00a0\u00a0<\/span><\/li>\n<li style=\"font-weight: 400;\" aria-level=\"1\"><span style=\"font-weight: 400;\">Capacitaci\u00f3n inadecuada del operador<\/span><span style=\"font-weight: 400;\">\u00a0\u00a0\u00a0\u00a0\u00a0\u00a0<\/span><\/li>\n<li style=\"font-weight: 400;\" aria-level=\"1\"><span style=\"font-weight: 400;\">Falta de advertencias de peligro<\/span><span style=\"font-weight: 400;\">\u00a0\u00a0\u00a0\u00a0\u00a0\u00a0<\/span><\/li>\n<li style=\"font-weight: 400;\" aria-level=\"1\"><span style=\"font-weight: 400;\">Giros incorrectos<\/span><span style=\"font-weight: 400;\">\u00a0\u00a0\u00a0\u00a0\u00a0\u00a0<\/span><\/li>\n<li style=\"font-weight: 400;\" aria-level=\"1\"><span style=\"font-weight: 400;\">Velocidad excesiva durante el funcionamiento<\/span><span style=\"font-weight: 400;\">\u00a0\u00a0\u00a0\u00a0\u00a0\u00a0<\/span><\/li>\n<li style=\"font-weight: 400;\" aria-level=\"1\"><span style=\"font-weight: 400;\">Carga elevada o inestable<\/span><span style=\"font-weight: 400;\">\u00a0\u00a0\u00a0\u00a0\u00a0\u00a0<\/span><\/li>\n<\/ul>\n<p><span style=\"font-weight: 400;\">Las carretillas elevadoras pueden parecer f\u00e1ciles de operar, pero son muy propensas a volcarse o volcarse. Los trabajadores pueden resultar heridos o incluso morir al intentar saltar de un montacargas que se est\u00e1 volcando.<\/span><\/p>\n<p><span style=\"font-weight: 400;\">Los montacargas tambi\u00e9n son capaces de alcanzar velocidades bastante altas a las que pueden volverse inestables.<\/span><\/p>\n<p><span style=\"font-weight: 400;\">Con solo frenos delanteros, es dif\u00edcil detenerlos una vez que est\u00e1n en movimiento. Muchos accidentes tambi\u00e9n son causados \u200b\u200bpor trabajadores que intentan mover cargas excesivas o inseguras.<\/span><\/p>\n<p><a href=\"https:\/\/workinjuryrights.com\/wp-content\/uploads\/2021\/09\/forklift-accidents.jpg\"><img fetchpriority=\"high\" decoding=\"async\" class=\"alignnone size-full wp-image-3704\" src=\"https:\/\/workinjuryrights.com\/wp-content\/uploads\/2021\/09\/forklift-accidents.jpg\" alt=\"Warehouse work injured in forklift accident\" width=\"500\" height=\"338\" srcset=\"https:\/\/workinjuryrights.com\/wp-content\/uploads\/2021\/09\/forklift-accidents.jpg 500w, https:\/\/workinjuryrights.com\/wp-content\/uploads\/2021\/09\/forklift-accidents-300x203.jpg 300w\" sizes=\"(max-width: 500px) 100vw, 500px\" \/><\/a><\/p>\n<h2><b>Accidentes de montacargas y compensaci\u00f3n laboral en Florida<\/b><\/h2>\n<p><span style=\"font-weight: 400;\">Cuando se lesiona en un accidente de montacargas relacionado con el trabajo, generalmente tiene derecho a beneficios de compensaci\u00f3n para trabajadores por sus lesiones y tiempo libre. A trav\u00e9s de la compensaci\u00f3n para trabajadores, puede recibir varios tipos de beneficios:<\/span><\/p>\n<ul>\n<li style=\"font-weight: 400;\" aria-level=\"1\"><span style=\"font-weight: 400;\">Beneficios m\u00e9dicos<\/span><span style=\"font-weight: 400;\"> para los gastos m\u00e9dicos relacionados con su lesi\u00f3n.<\/span><span style=\"font-weight: 400;\">\u00a0\u00a0\u00a0\u00a0\u00a0\u00a0<\/span><\/li>\n<li style=\"font-weight: 400;\" aria-level=\"1\"><span style=\"font-weight: 400;\">Salarios perdidos<\/span><span style=\"font-weight: 400;\"> por el tiempo que necesita para ausentarse del trabajo<\/span><span style=\"font-weight: 400;\">\u00a0\u00a0\u00a0\u00a0\u00a0\u00a0<\/span><\/li>\n<li style=\"font-weight: 400;\" aria-level=\"1\"><span style=\"font-weight: 400;\">Beneficios por discapacidad a corto o largo plazo<\/span><span style=\"font-weight: 400;\">\u00a0\u00a0\u00a0\u00a0\u00a0\u00a0<\/span><\/li>\n<\/ul>\n<p><span style=\"font-weight: 400;\">Lamentablemente, muchos trabajadores lesionados enfrentan una batalla cuesta arriba para recibir la compensaci\u00f3n que merecen. Su empleador y su compa\u00f1\u00eda de seguros de compensaci\u00f3n para trabajadores pueden afirmar que sus lesiones no son tan graves o que est\u00e1 completamente recuperado cuando sabe que no lo es.<\/span><\/p>\n<p><span style=\"font-weight: 400;\">Los reclamos de compensaci\u00f3n para trabajadores tambi\u00e9n involucran una gran cantidad de burocracia y papeleo. Si no cumple con una fecha l\u00edmite importante o no proporciona toda la informaci\u00f3n requerida, su reclamo puede ser denegado.<\/span><\/p>\n<p><span style=\"font-weight: 400;\">En Work Injury Rights, nuestros abogados de compensaci\u00f3n para trabajadores de Florida lo ayudar\u00e1n en cada paso de su reclamo de compensaci\u00f3n para trabajadores. No tiene que enfrentarse solo a la compa\u00f1\u00eda de seguros y al proceso de reclamaci\u00f3n. Desde ayuda con la presentaci\u00f3n de la reclamaci\u00f3n inicial y la recopilaci\u00f3n de pruebas sobre sus lesiones hasta la lucha contra una reclamaci\u00f3n que ha sido infravalorada o denegada, un abogado con experiencia en compensaci\u00f3n para trabajadores puede ser invaluable.<\/span><\/p>\n<h2><b>Obtenga una revisi\u00f3n de caso gratuita de un abogado de compensaci\u00f3n para trabajadores de Florida<\/b><\/h2>\n<p><span style=\"font-weight: 400;\">En Work Injury Rights, creemos que los trabajadores lesionados deben recibir todos los beneficios que merecen sin una pelea estresante y complicada con la compa\u00f1\u00eda de seguros mientras intentan recuperarse. <a href=\"\/\">Nuestros abogados de lesiones laborales<\/a> est\u00e1n aqu\u00ed para servir como su defensor legal y proteger sus derechos. Cont\u00e1ctenos hoy para programar una revisi\u00f3n gratuita de su caso con un abogado de compensaci\u00f3n laboral en Florida.<\/span><\/p>\n","protected":false},"excerpt":{"rendered":"<p>Los montacargas son una vista com\u00fan en almacenes, sitios de construcci\u00f3n, f\u00e1bricas y otros entornos comerciales e industriales. Tambi\u00e9n son una de las principales causas de accidentes laborales. Entre 2011 y 2017, 614 trabajadores murieron en accidentes de montacargas y decenas de miles sufrieron lesiones. \u00bfHa resultado herido en un accidente de carretilla elevadora en [&hellip;]<\/p>\n","protected":false},"author":36,"featured_media":0,"parent":5665,"menu_order":0,"comment_status":"closed","ping_status":"closed","template":"","meta":{"_acf_changed":false,"anchor_text":"","footnotes":""},"categories":[],"tags":[],"class_list":["post-5790","page","type-page","status-publish","hentry"],"acf":[],"_links":{"self":[{"href":"https:\/\/workinjuryrights.com\/es\/wp-json\/wp\/v2\/pages\/5790","targetHints":{"allow":["GET"]}}],"collection":[{"href":"https:\/\/workinjuryrights.com\/es\/wp-json\/wp\/v2\/pages"}],"about":[{"href":"https:\/\/workinjuryrights.com\/es\/wp-json\/wp\/v2\/types\/page"}],"author":[{"embeddable":true,"href":"https:\/\/workinjuryrights.com\/es\/wp-json\/wp\/v2\/users\/36"}],"replies":[{"embeddable":true,"href":"https:\/\/workinjuryrights.com\/es\/wp-json\/wp\/v2\/comments?post=5790"}],"version-history":[{"count":4,"href":"https:\/\/workinjuryrights.com\/es\/wp-json\/wp\/v2\/pages\/5790\/revisions"}],"predecessor-version":[{"id":12673,"href":"https:\/\/workinjuryrights.com\/es\/wp-json\/wp\/v2\/pages\/5790\/revisions\/12673"}],"up":[{"embeddable":true,"href":"https:\/\/workinjuryrights.com\/es\/wp-json\/wp\/v2\/pages\/5665"}],"wp:attachment":[{"href":"https:\/\/workinjuryrights.com\/es\/wp-json\/wp\/v2\/media?parent=5790"}],"wp:term":[{"taxonomy":"category","embeddable":true,"href":"https:\/\/workinjuryrights.com\/es\/wp-json\/wp\/v2\/categories?post=5790"},{"taxonomy":"post_tag","embeddable":true,"href":"https:\/\/workinjuryrights.com\/es\/wp-json\/wp\/v2\/tags?post=5790"}],"curies":[{"name":"wp","href":"https:\/\/api.w.org\/{rel}","templated":true}]}}