{"id":5791,"date":"2021-08-15T17:11:37","date_gmt":"2021-08-15T17:11:37","guid":{"rendered":"https:\/\/workinjuryrights.com\/causa-de-accidente\/industrial-manufacturing-accidents\/"},"modified":"2023-08-22T09:51:17","modified_gmt":"2023-08-22T14:51:17","slug":"accidentes-industriales-fabricacion","status":"publish","type":"page","link":"https:\/\/workinjuryrights.com\/es\/causa-de-accidente\/accidentes-industriales-fabricacion\/","title":{"rendered":"Accidentes Industriales \/ de Fabricaci\u00f3n"},"content":{"rendered":"<style>.practice-areas{display:none;}<\/style>\n<p><span style=\"font-weight: 400;\">Los trabajadores industriales y de fabricaci\u00f3n se enfrentan a algunos de los lugares de trabajo m\u00e1s peligrosos de Florida. La naturaleza de estos trabajos expone a los trabajadores a una variedad de peligros que incluyen productos qu\u00edmicos nocivos, maquinaria pesada, materiales inflamables, calor intenso y m\u00e1s. Tambi\u00e9n hubo 122,000 trabajadores que sufrieron accidentes industriales \/ de fabricaci\u00f3n no fatales solo en 2015.<\/span><\/p>\n<p><span style=\"font-weight: 400;\">\u00bfHa sufrido lesiones graves en accidentes industriales o de fabricaci\u00f3n en Florida? Es posible que tenga derecho a beneficios de compensaci\u00f3n para trabajadores para ayudarlo con sus facturas m\u00e9dicas y salarios perdidos. Un<\/span><a href=\"\/coral-springs\/workers-compensation-lawyer\/\"><span style=\"font-weight: 400;\"> abogado de compensaci\u00f3n para trabajadores<\/span><\/a><span style=\"font-weight: 400;\"> en Work Injury Rights puede ayudarlo a presentar su reclamo, probar el alcance de sus lesiones y luchar por la compensaci\u00f3n completa que se merece. Llame hoy al <a href=\"tel:+19543888616\">954-388-8616<\/a>.<\/span><\/p>\n<p><span style=\"font-weight: 400;\"><\/span><\/p>\n<h2><b>Accidentes industriales \/ de fabricaci\u00f3n comunes en Florida<\/b><\/h2>\n<p><span style=\"font-weight: 400;\">Los accidentes en los entornos industriales y de fabricaci\u00f3n son, lamentablemente, demasiado comunes. Los trabajadores se enfrentan a entornos de trabajo peligrosos a diario. Su vida puede cambiar para siempre por un accidente en el lugar de trabajo, as\u00ed como su capacidad para trabajar. Algunos de los accidentes industriales \/ de fabricaci\u00f3n m\u00e1s comunes involucran:<\/span><\/p>\n<ul>\n<li style=\"font-weight: 400;\" aria-level=\"1\"><a href=\"https:\/\/workinjuryrights.com\/injury-type\/fall-from-heights\/\"><span style=\"font-weight: 400;\">Ca\u00eddas<\/span><\/a><span style=\"font-weight: 400;\">\u00a0\u00a0\u00a0\u00a0\u00a0\u00a0<\/span><\/li>\n<li style=\"font-weight: 400;\" aria-level=\"1\"><span style=\"font-weight: 400;\">Ser golpeado por un objeto como veh\u00edculos o maquinaria.<\/span><span style=\"font-weight: 400;\">\u00a0\u00a0\u00a0\u00a0\u00a0\u00a0<\/span><\/li>\n<li style=\"font-weight: 400;\" aria-level=\"1\"><a href=\"https:\/\/workinjuryrights.com\/injury-type\/faulty-machinery\/\"><span style=\"font-weight: 400;\">Equipo defectuoso<\/span><\/a><span style=\"font-weight: 400;\">\u00a0\u00a0\u00a0\u00a0\u00a0\u00a0<\/span><\/li>\n<li style=\"font-weight: 400;\" aria-level=\"1\"><span style=\"font-weight: 400;\">Accidentes por volcadura de equipo<\/span><span style=\"font-weight: 400;\">\u00a0\u00a0\u00a0\u00a0\u00a0\u00a0<\/span><\/li>\n<li style=\"font-weight: 400;\" aria-level=\"1\"><a href=\"\/injury-type\/exposure-to-chemicals-fumes\/\"><span style=\"font-weight: 400;\">Exposici\u00f3n a sustancias qu\u00edmicas t\u00f3xicas<\/span><\/a><span style=\"font-weight: 400;\">\u00a0\u00a0\u00a0\u00a0\u00a0\u00a0<\/span><\/li>\n<li style=\"font-weight: 400;\" aria-level=\"1\"><a href=\"https:\/\/workinjuryrights.com\/accident-cause\/electrocution-accidents\/\"><span style=\"font-weight: 400;\">Electrocuci\u00f3n<\/span><\/a><span style=\"font-weight: 400;\">\u00a0\u00a0\u00a0\u00a0\u00a0\u00a0<\/span><\/li>\n<li style=\"font-weight: 400;\" aria-level=\"1\"><a href=\"https:\/\/workinjuryrights.com\/injury-type\/repetitive-stress-injuries\/\"><span style=\"font-weight: 400;\">Movimiento repetitivo<\/span><\/a><span style=\"font-weight: 400;\">\u00a0\u00a0\u00a0\u00a0\u00a0\u00a0<\/span><\/li>\n<\/ul>\n<p><span style=\"font-weight: 400;\">Los trabajadores industriales y de fabricaci\u00f3n pueden enfrentar lesiones graves que pueden resultar en altos gastos m\u00e9dicos. Los trabajadores de la industria manufacturera pueden sufrir p\u00e9rdida auditiva permanente debido a ruidos fuertes en el lugar de trabajo, lesiones de rodilla y amputaciones por accidentes de equipo, lesiones de espalda por ca\u00eddas y quemaduras por productos qu\u00edmicos. \u00bfHa sido lesionado en un accidente industrial o de fabricaci\u00f3n? Un abogado de compensaci\u00f3n de trabajadores de Florida puede ayudarlo a construir su reclamo para obtener los beneficios completos que se merece.<\/span><\/p>\n<p><a href=\"https:\/\/workinjuryrights.com\/wp-content\/uploads\/2021\/09\/industrial-manufacturing-accidents.jpg\"><img fetchpriority=\"high\" decoding=\"async\" class=\"alignnone size-full wp-image-3656\" src=\"https:\/\/workinjuryrights.com\/wp-content\/uploads\/2021\/09\/industrial-manufacturing-accidents.jpg\" alt=\"Manufacturing accident where worker has finger stuck in machine\" width=\"500\" height=\"333\" srcset=\"https:\/\/workinjuryrights.com\/wp-content\/uploads\/2021\/09\/industrial-manufacturing-accidents.jpg 500w, https:\/\/workinjuryrights.com\/wp-content\/uploads\/2021\/09\/industrial-manufacturing-accidents-300x200.jpg 300w\" sizes=\"(max-width: 500px) 100vw, 500px\" \/><\/a><\/p>\n<h2><b>Compensaci\u00f3n para trabajadores de Florida por accidentes industriales y de fabricaci\u00f3n<\/b><\/h2>\n<p><span style=\"font-weight: 400;\">Cuando sufre una lesi\u00f3n en un accidente industrial o de fabricaci\u00f3n en Florida, generalmente tiene derecho a los beneficios del sistema de compensaci\u00f3n para trabajadores. Su empleador debe tener un seguro de compensaci\u00f3n para trabajadores que puede pagar varios tipos de beneficios:<\/span><\/p>\n<ul>\n<li style=\"font-weight: 400;\" aria-level=\"1\"><span style=\"font-weight: 400;\">Beneficios<\/span><span style=\"font-weight: 400;\"> m\u00e9dicos por gastos m\u00e9dicos razonables relacionados con sus lesiones.<\/span><span style=\"font-weight: 400;\">\u00a0\u00a0\u00a0\u00a0\u00a0\u00a0<\/span><\/li>\n<li style=\"font-weight: 400;\" aria-level=\"1\"><span style=\"font-weight: 400;\">Salarios perdidos para reemplazar una parte de los ingresos que pierde mientras se recupera<\/span><span style=\"font-weight: 400;\">\u00a0\u00a0\u00a0\u00a0\u00a0\u00a0<\/span><\/li>\n<li style=\"font-weight: 400;\" aria-level=\"1\"><span style=\"font-weight: 400;\">Beneficios por discapacidad<\/span><span style=\"font-weight: 400;\"> si queda con una discapacidad temporal o permanente, parcial o total despu\u00e9s de su accidente.<\/span><span style=\"font-weight: 400;\">\u00a0\u00a0\u00a0\u00a0\u00a0\u00a0<\/span><\/li>\n<\/ul>\n<p><span style=\"font-weight: 400;\">La compensaci\u00f3n para trabajadores es un sistema sin culpa. Esto significa que no importa qui\u00e9n caus\u00f3 su accidente o si contribuy\u00f3 a sus lesiones siempre que ocurriera en relaci\u00f3n con su trabajo, con muy pocas excepciones. Si bien esto deber\u00eda facilitar la recepci\u00f3n de los beneficios de compensaci\u00f3n para trabajadores, la verdad es m\u00e1s complicada.<\/span><\/p>\n<p><span style=\"font-weight: 400;\">Las compa\u00f1\u00edas de compensaci\u00f3n para trabajadores con fines de lucro y su empleador pueden oponerse a su reclamo o tratar de minimizar los beneficios que puede recibir. Ellos elegir\u00e1n al m\u00e9dico que vea, quien decidir\u00e1 cu\u00e1ndo se recuperar\u00e1, si est\u00e1 discapacitado y la gravedad de sus lesiones. Es posible que aleguen que no est\u00e1 gravemente herido o que no se ha recuperado por completo, a pesar de los hechos.<\/span><\/p>\n<p><span style=\"font-weight: 400;\">Un abogado de compensaci\u00f3n para trabajadores en Florida puede ayudarlo en cada paso de su proceso de reclamo para proteger sus derechos y luchar por los beneficios completos que tiene derecho a recibir. Desde la presentaci\u00f3n de su reclamo y la construcci\u00f3n de pruebas hasta la impugnaci\u00f3n de un reclamo infravalorado o denegado, su abogado de compensaci\u00f3n de trabajadores de Florida lo servir\u00e1 como su defensor para proteger sus mejores intereses.<\/span><\/p>\n<h2><b>Programe una consulta gratuita con nuestros abogados de lesiones laborales<\/b><\/h2>\n<p><span style=\"font-weight: 400;\">\u00bfHa sufrido lesiones graves en un accidente industrial o de fabricaci\u00f3n? No permita que la compa\u00f1\u00eda de seguros subestime su reclamo o le niegue los beneficios que se merece. Work Injury Rights ha representado a trabajadores lesionados en toda Florida durante d\u00e9cadas en la b\u00fasqueda de una compensaci\u00f3n justa por accidentes laborales. Cont\u00e1ctenos hoy al <a href=\"tel:+19543888616\">954-388-8616<\/a> para programar su consulta gratuita y sin compromiso con un <\/span><a href=\"\/\"><span style=\"font-weight: 400;\">abogado de compensaci\u00f3n para trabajadores de Florida<\/span><\/a><span style=\"font-weight: 400;\"> que pueda ayudarlo con su reclamo.<\/span><\/p>\n","protected":false},"excerpt":{"rendered":"<p>Los trabajadores industriales y de fabricaci\u00f3n se enfrentan a algunos de los lugares de trabajo m\u00e1s peligrosos de Florida. La naturaleza de estos trabajos expone a los trabajadores a una variedad de peligros que incluyen productos qu\u00edmicos nocivos, maquinaria pesada, materiales inflamables, calor intenso y m\u00e1s. Tambi\u00e9n hubo 122,000 trabajadores que sufrieron accidentes industriales \/ [&hellip;]<\/p>\n","protected":false},"author":36,"featured_media":0,"parent":5665,"menu_order":0,"comment_status":"closed","ping_status":"closed","template":"","meta":{"_acf_changed":false,"anchor_text":"","footnotes":""},"categories":[],"tags":[],"class_list":["post-5791","page","type-page","status-publish","hentry"],"acf":[],"_links":{"self":[{"href":"https:\/\/workinjuryrights.com\/es\/wp-json\/wp\/v2\/pages\/5791","targetHints":{"allow":["GET"]}}],"collection":[{"href":"https:\/\/workinjuryrights.com\/es\/wp-json\/wp\/v2\/pages"}],"about":[{"href":"https:\/\/workinjuryrights.com\/es\/wp-json\/wp\/v2\/types\/page"}],"author":[{"embeddable":true,"href":"https:\/\/workinjuryrights.com\/es\/wp-json\/wp\/v2\/users\/36"}],"replies":[{"embeddable":true,"href":"https:\/\/workinjuryrights.com\/es\/wp-json\/wp\/v2\/comments?post=5791"}],"version-history":[{"count":4,"href":"https:\/\/workinjuryrights.com\/es\/wp-json\/wp\/v2\/pages\/5791\/revisions"}],"predecessor-version":[{"id":12657,"href":"https:\/\/workinjuryrights.com\/es\/wp-json\/wp\/v2\/pages\/5791\/revisions\/12657"}],"up":[{"embeddable":true,"href":"https:\/\/workinjuryrights.com\/es\/wp-json\/wp\/v2\/pages\/5665"}],"wp:attachment":[{"href":"https:\/\/workinjuryrights.com\/es\/wp-json\/wp\/v2\/media?parent=5791"}],"wp:term":[{"taxonomy":"category","embeddable":true,"href":"https:\/\/workinjuryrights.com\/es\/wp-json\/wp\/v2\/categories?post=5791"},{"taxonomy":"post_tag","embeddable":true,"href":"https:\/\/workinjuryrights.com\/es\/wp-json\/wp\/v2\/tags?post=5791"}],"curies":[{"name":"wp","href":"https:\/\/api.w.org\/{rel}","templated":true}]}}