{"id":5792,"date":"2021-08-15T17:12:53","date_gmt":"2021-08-15T17:12:53","guid":{"rendered":"https:\/\/workinjuryrights.com\/causa-de-accidente\/machinery-accidents\/"},"modified":"2021-09-27T20:41:16","modified_gmt":"2021-09-27T20:41:16","slug":"accidentes-maquinaria","status":"publish","type":"page","link":"https:\/\/workinjuryrights.com\/es\/causa-de-accidente\/accidentes-maquinaria\/","title":{"rendered":"Accidentes de Maquinaria"},"content":{"rendered":"<style>.practice-areas{display:none;}<\/style>\n<p><span style=\"font-weight: 400;\">Muchos trabajadores, especialmente los de la construcci\u00f3n, la fabricaci\u00f3n, la industria y el comercio especializado, utilizan maquinaria especializada a diario. Si bien la maquinaria pesada puede hacer que el trabajo dif\u00edcil sea m\u00e1s f\u00e1cil y m\u00e1s eficiente, la maquinaria presenta un alto riesgo de lesiones. Cada a\u00f1o, miles de trabajadores sufren lesiones graves como aplastamiento y amputaci\u00f3n traum\u00e1tica debido a accidentes de maquinaria en el lugar de trabajo.<\/span><\/p>\n<p><span style=\"font-weight: 400;\">\u00bfHa resultado herido en accidentes de maquinaria en el lugar de trabajo en Florida? En Work Injury Rights, hemos representado a trabajadores lesionados en Florida durante d\u00e9cadas. Cont\u00e1ctenos para programar una consulta gratuita con un abogado experimentado en compensaci\u00f3n de trabajadores de Florida que lo ayudar\u00e1 a luchar por la compensaci\u00f3n completa que se merece.<\/span><\/p>\n<p><span style=\"font-weight: 400;\"><\/span><\/p>\n<h2><b>Causas comunes de accidentes de maquinaria en Florida<\/b><\/h2>\n<p><span style=\"font-weight: 400;\">Los accidentes de maquinaria ocurren todos los d\u00edas en Florida, dejando a cientos de trabajadores con lesiones graves. Los accidentes de maquinaria tambi\u00e9n conducen con frecuencia a accidentes laborales. Hay muchas razones por las que puede ocurrir un accidente de maquinaria.<\/span><\/p>\n<p><span style=\"font-weight: 400;\">Las causas comunes de accidentes de maquinaria en Florida incluyen:<\/span><\/p>\n<ul>\n<li style=\"font-weight: 400;\" aria-level=\"1\"><b>Capacitaci\u00f3n insuficiente: <\/b><span style=\"font-weight: 400;\">A veces, los empleadores permiten que los empleados utilicen maquinaria sin la capacitaci\u00f3n adecuada, lo que puede ser muy peligroso.<\/span><span style=\"font-weight: 400;\">\u00a0\u00a0\u00a0\u00a0\u00a0\u00a0<\/span><\/li>\n<li style=\"font-weight: 400;\" aria-level=\"1\"><b>Maquinaria defectuosa: <\/b><span style=\"font-weight: 400;\">Cuando la maquinaria no se mantiene adecuadamente o no tiene <\/span><a href=\"https:\/\/www.osha.gov\/etools\/machine-guarding\" target=\"_blank\" rel=\"noopener\"><span style=\"font-weight: 400;\">suficientes protectores de seguridad<\/span><\/a><span style=\"font-weight: 400;\"> , puede considerarse defectuosa y aumentar el riesgo de lesiones.<\/span><span style=\"font-weight: 400;\">\u00a0\u00a0\u00a0\u00a0\u00a0\u00a0<\/span><\/li>\n<li style=\"font-weight: 400;\" aria-level=\"1\"><b>Falta de equipo de protecci\u00f3n: <\/b><span style=\"font-weight: 400;\">el uso del equipo de protecci\u00f3n adecuado, como gafas de seguridad o casco, puede reducir los riesgos de utilizar maquinaria pesada.<\/span><span style=\"font-weight: 400;\">\u00a0\u00a0\u00a0\u00a0\u00a0\u00a0<\/span><\/li>\n<\/ul>\n<p><span style=\"font-weight: 400;\">Los accidentes de maquinaria pesada se presentan de muchas formas. Los accidentes de maquinaria con frecuencia involucran objetos que vuelan o caen, quedan atrapados en o entre accidentes y accidentes por aplastamiento que causan amputaci\u00f3n u otras lesiones graves. Las lesiones comunes en un accidente de maquinaria en el lugar de trabajo incluyen:<\/span><\/p>\n<ul>\n<li style=\"font-weight: 400;\" aria-level=\"1\"><span style=\"font-weight: 400;\">Amputaci\u00f3n<\/span><span style=\"font-weight: 400;\">\u00a0\u00a0\u00a0\u00a0\u00a0\u00a0<\/span><\/li>\n<li style=\"font-weight: 400;\" aria-level=\"1\"><a href=\"https:\/\/www.mayoclinic.org\/first-aid\/first-aid-electrical-burns\/basics\/art-20056687\" target=\"_blank\" rel=\"noopener\"><span style=\"font-weight: 400;\">Quemaduras el\u00e9ctricas<\/span><\/a><span style=\"font-weight: 400;\">\u00a0\u00a0\u00a0\u00a0\u00a0\u00a0<\/span><\/li>\n<li style=\"font-weight: 400;\" aria-level=\"1\"><span style=\"font-weight: 400;\">Laceraciones<\/span><span style=\"font-weight: 400;\">\u00a0\u00a0\u00a0\u00a0\u00a0\u00a0<\/span><\/li>\n<li style=\"font-weight: 400;\" aria-level=\"1\"><a href=\"https:\/\/workinjuryrights.com\/injury-type\/broken-bones-fractures\/\"><span style=\"font-weight: 400;\">Fracturas<\/span><\/a><span style=\"font-weight: 400;\">\u00a0\u00a0\u00a0\u00a0\u00a0\u00a0<\/span><\/li>\n<li style=\"font-weight: 400;\" aria-level=\"1\"><span style=\"font-weight: 400;\">extremidades o dedos aplastados<\/span><span style=\"font-weight: 400;\">\u00a0\u00a0\u00a0\u00a0\u00a0\u00a0<\/span><\/li>\n<li style=\"font-weight: 400;\" aria-level=\"1\"><span style=\"font-weight: 400;\">Lesiones en las manos<\/span><\/li>\n<li style=\"font-weight: 400;\" aria-level=\"1\"><a href=\"https:\/\/www.cdc.gov\/niosh\/topics\/eye\/default.html\" target=\"_blank\" rel=\"noopener\"><span>Lesiones oculares<\/span><\/a><\/li>\n<\/ul>\n<p><a href=\"https:\/\/workinjuryrights.com\/wp-content\/uploads\/2021\/09\/machinery-accidents.jpg\"><img fetchpriority=\"high\" decoding=\"async\" class=\"alignnone size-full wp-image-3660\" src=\"https:\/\/workinjuryrights.com\/wp-content\/uploads\/2021\/09\/machinery-accidents.jpg\" alt=\"Machinery accidents, worker with finger stuck in machine\" width=\"500\" height=\"333\" srcset=\"https:\/\/workinjuryrights.com\/wp-content\/uploads\/2021\/09\/machinery-accidents.jpg 500w, https:\/\/workinjuryrights.com\/wp-content\/uploads\/2021\/09\/machinery-accidents-300x200.jpg 300w\" sizes=\"(max-width: 500px) 100vw, 500px\" \/><\/a><\/p>\n<h2><b>Accidentes de maquinaria de Florida y compensaci\u00f3n laboral<\/b><\/h2>\n<p><span style=\"font-weight: 400;\">Cuando se lesiona en un accidente de maquinaria en el trabajo, tiene derecho a presentar un <\/span><a href=\"https:\/\/www.myfloridacfo.com\/Division\/WC\/Employee\/Benefits\/\" target=\"_blank\" rel=\"noopener\"><span style=\"font-weight: 400;\">reclamo de compensaci\u00f3n para trabajadores por beneficios<\/span><\/a><span style=\"font-weight: 400;\">. La compensaci\u00f3n para trabajadores es un sistema sin culpa que le permite recuperar una compensaci\u00f3n por sus facturas m\u00e9dicas, salarios perdidos y discapacidad.<\/span><\/p>\n<p><span style=\"font-weight: 400;\">A pesar de ser un sistema sin culpa, la compensaci\u00f3n para trabajadores est\u00e1 lejos de ser sencilla. Florida tiene leyes muy favorables al empleador que permiten que su empleador y la compa\u00f1\u00eda de seguros de compensaci\u00f3n para trabajadores elijan al m\u00e9dico que ver\u00e1. Este m\u00e9dico decidir\u00e1 si est\u00e1 lesionado, la gravedad de sus lesiones, cu\u00e1ndo se recuperar\u00e1 y podr\u00e1 regresar al trabajo y la gravedad de su discapacidad.<\/span><\/p>\n<p><span style=\"font-weight: 400;\">No permita que la compa\u00f1\u00eda de seguros subestime su reclamo o le niegue los beneficios que se merece. Los accidentes de maquinaria pueden tener consecuencias que cambian la vida e incurrir en lesiones dolorosas con costos m\u00e9dicos elevados. En Work Injury Rights, serviremos como su defensor legal para proteger sus derechos, ayudar con cada paso de su reclamo de compensaci\u00f3n para trabajadores y luchar por los beneficios m\u00e1ximos que tiene derecho a recibir.<\/span><\/p>\n<h2><b>Programe hoy una revisi\u00f3n gratuita de su caso sobre su accidente de maquinaria relacionado con el trabajo<\/b><\/h2>\n<p><span style=\"font-weight: 400;\">Un accidente de maquinaria puede cambiar tu vida. Es posible que se enfrente a una recuperaci\u00f3n dif\u00edcil y dolorosa, lesiones que le cambien la vida y que no pueda regresar a su trabajo. Lo \u00faltimo que deber\u00eda preocuparle es un proceso de reclamaciones complicado y discusiones con la compa\u00f1\u00eda de seguros. Uno de los abogados de compensaci\u00f3n a nuestros trabajadores de confianza <\/span><a href=\"https:\/\/workinjuryrights.com\/\"><span style=\"font-weight: 400;\">trabajo por los derechos de lesiones<\/span><\/a><span style=\"font-weight: 400;\"> puede ser un activo crucial para ayudar a recuperar los beneficios que tienen derecho a recibir. Comun\u00edquese con Work Injury Rights hoy mismo para programar la revisi\u00f3n gratuita de su caso.<\/span><\/p>\n","protected":false},"excerpt":{"rendered":"<p>Muchos trabajadores, especialmente los de la construcci\u00f3n, la fabricaci\u00f3n, la industria y el comercio especializado, utilizan maquinaria especializada a diario. Si bien la maquinaria pesada puede hacer que el trabajo dif\u00edcil sea m\u00e1s f\u00e1cil y m\u00e1s eficiente, la maquinaria presenta un alto riesgo de lesiones. Cada a\u00f1o, miles de trabajadores sufren lesiones graves como aplastamiento [&hellip;]<\/p>\n","protected":false},"author":36,"featured_media":0,"parent":5665,"menu_order":0,"comment_status":"closed","ping_status":"closed","template":"","meta":{"_acf_changed":false,"anchor_text":"","footnotes":""},"categories":[],"tags":[],"class_list":["post-5792","page","type-page","status-publish","hentry"],"acf":[],"_links":{"self":[{"href":"https:\/\/workinjuryrights.com\/es\/wp-json\/wp\/v2\/pages\/5792","targetHints":{"allow":["GET"]}}],"collection":[{"href":"https:\/\/workinjuryrights.com\/es\/wp-json\/wp\/v2\/pages"}],"about":[{"href":"https:\/\/workinjuryrights.com\/es\/wp-json\/wp\/v2\/types\/page"}],"author":[{"embeddable":true,"href":"https:\/\/workinjuryrights.com\/es\/wp-json\/wp\/v2\/users\/36"}],"replies":[{"embeddable":true,"href":"https:\/\/workinjuryrights.com\/es\/wp-json\/wp\/v2\/comments?post=5792"}],"version-history":[{"count":3,"href":"https:\/\/workinjuryrights.com\/es\/wp-json\/wp\/v2\/pages\/5792\/revisions"}],"predecessor-version":[{"id":6066,"href":"https:\/\/workinjuryrights.com\/es\/wp-json\/wp\/v2\/pages\/5792\/revisions\/6066"}],"up":[{"embeddable":true,"href":"https:\/\/workinjuryrights.com\/es\/wp-json\/wp\/v2\/pages\/5665"}],"wp:attachment":[{"href":"https:\/\/workinjuryrights.com\/es\/wp-json\/wp\/v2\/media?parent=5792"}],"wp:term":[{"taxonomy":"category","embeddable":true,"href":"https:\/\/workinjuryrights.com\/es\/wp-json\/wp\/v2\/categories?post=5792"},{"taxonomy":"post_tag","embeddable":true,"href":"https:\/\/workinjuryrights.com\/es\/wp-json\/wp\/v2\/tags?post=5792"}],"curies":[{"name":"wp","href":"https:\/\/api.w.org\/{rel}","templated":true}]}}