{"id":5793,"date":"2021-08-15T17:15:20","date_gmt":"2021-08-15T17:15:20","guid":{"rendered":"https:\/\/workinjuryrights.com\/causa-de-accidente\/scaffolding-ladder-accidents\/"},"modified":"2021-09-27T20:47:34","modified_gmt":"2021-09-27T20:47:34","slug":"accidentes-andamios-escaleras","status":"publish","type":"page","link":"https:\/\/workinjuryrights.com\/es\/causa-de-accidente\/accidentes-andamios-escaleras\/","title":{"rendered":"Accidentes de Andamios \/ Escaleras"},"content":{"rendered":"<style>.practice-areas{display:none;}<\/style>\n<p><span style=\"font-weight: 400;\">Si bien las ca\u00eddas pueden ocurrir en cualquier lugar de trabajo, los trabajadores de la construcci\u00f3n tienen un mayor riesgo de accidentes con andamios \/ escaleras. Los trabajadores de la construcci\u00f3n tienen el trabajo de mayor riesgo en Florida y la mayor\u00eda de los accidentes en sitios de construcci\u00f3n involucran una ca\u00edda, generalmente de una escalera o andamio. Seg\u00fan los CDC, las ca\u00eddas son la principal causa de muertes en la construcci\u00f3n y fueron responsables de 320 muertes por ca\u00eddas de 1,008 muertes en la construcci\u00f3n en 2018.<\/span><\/p>\n<p><span style=\"font-weight: 400;\">\u00bfHa sido lesionado en un accidente de andamios o escaleras en Florida? En Work Injury Rights, representamos a trabajadores de la construcci\u00f3n lesionados en toda Florida. Lo ayudaremos con su reclamo de principio a fin para buscar la compensaci\u00f3n total que se merece. Programe hoy mismo una consulta gratuita con un <\/span><a href=\"\/coral-springs\/workers-compensation-lawyer\/\"><span style=\"font-weight: 400;\">abogado de compensaci\u00f3n laboral de Florida<\/span><\/a><span style=\"font-weight: 400;\">.<\/span><\/p>\n<p><span style=\"font-weight: 400;\"><\/span><\/p>\n<h2><b>Causas comunes de accidentes de escaleras y andamios en Florida<\/b><\/h2>\n<p><span style=\"font-weight: 400;\">Los andamios y las escaleras est\u00e1n dise\u00f1ados para ofrecer estabilidad y flexibilidad temporales mientras se trabaja en alturas y para garantizar que el equipo y las herramientas est\u00e9n al alcance. Aproximadamente el 65% de los 2,3 millones de trabajadores de la construcci\u00f3n en los Estados Unidos utilizan andamios o una escalera de forma regular.<\/span><\/p>\n<p><span style=\"font-weight: 400;\">Las escaleras y los andamios suponen un riesgo muy real para los trabajadores que realizan tareas a gran altura y otros trabajadores que se encuentran cerca. Los accidentes con andamios y escaleras pueden ocurrir de muchas maneras, incluidas ca\u00eddas desde una altura u objetos que caen, como herramientas o materiales de construcci\u00f3n, que lastiman a un trabajador cercano.<\/span><\/p>\n<p><span style=\"font-weight: 400;\">Estos accidentes generalmente ocurren debido a negligencia, error humano o equipo defectuoso. Uno de los medios clave para prevenir accidentes con andamios y escaleras es un lugar de trabajo que sigue las <\/span><a href=\"https:\/\/www.osha.gov\/scaffolding\/standards\" target=\"_blank\" rel=\"noopener\"><span style=\"font-weight: 400;\">normas de OSHA<\/span><\/a><span style=\"font-weight: 400;\"> . Desafortunadamente, la protecci\u00f3n contra ca\u00eddas y la seguridad de escaleras y andamios con frecuencia encabezan la lista de violaciones de OSHA.<\/span><\/p>\n<p><span style=\"font-weight: 400;\">Las razones comunes por las que ocurren accidentes de andamios \/ escaleras incluyen:<\/span><\/p>\n<ul>\n<li style=\"font-weight: 400;\" aria-level=\"1\"><span style=\"font-weight: 400;\">Falta de supervisi\u00f3n<\/span><span style=\"font-weight: 400;\">\u00a0\u00a0\u00a0\u00a0\u00a0\u00a0<\/span><\/li>\n<li style=\"font-weight: 400;\" aria-level=\"1\"><span style=\"font-weight: 400;\">Escalera o andamio defectuoso o defectuoso<\/span><span style=\"font-weight: 400;\">\u00a0\u00a0\u00a0\u00a0\u00a0\u00a0<\/span><\/li>\n<li style=\"font-weight: 400;\" aria-level=\"1\"><span style=\"font-weight: 400;\">Exceder la carga de peso del equipo<\/span><span style=\"font-weight: 400;\">\u00a0\u00a0\u00a0\u00a0\u00a0\u00a0<\/span><\/li>\n<li style=\"font-weight: 400;\" aria-level=\"1\"><span style=\"font-weight: 400;\">No asegurar el andamio o la escalera<\/span><span style=\"font-weight: 400;\">\u00a0\u00a0\u00a0\u00a0\u00a0\u00a0<\/span><\/li>\n<li style=\"font-weight: 400;\" aria-level=\"1\"><span style=\"font-weight: 400;\">Funciones de seguridad inadecuadas, como arneses de protecci\u00f3n contra ca\u00eddas y barandillas.<\/span><span style=\"font-weight: 400;\">\u00a0\u00a0\u00a0\u00a0\u00a0\u00a0<\/span><\/li>\n<\/ul>\n<p><span style=\"font-weight: 400;\">Los accidentes de andamios \/ escaleras o las ca\u00eddas pueden ocurrir por muchas razones, tales como:<\/span><\/p>\n<ul>\n<li style=\"font-weight: 400;\" aria-level=\"1\"><span style=\"font-weight: 400;\">Colapso de escalera o andamio<\/span><span style=\"font-weight: 400;\">\u00a0\u00a0\u00a0\u00a0\u00a0\u00a0<\/span><\/li>\n<li style=\"font-weight: 400;\" aria-level=\"1\"><span style=\"font-weight: 400;\">Caerse de una escalera o un andamio.<\/span><span style=\"font-weight: 400;\">\u00a0\u00a0\u00a0\u00a0\u00a0\u00a0<\/span><\/li>\n<li style=\"font-weight: 400;\" aria-level=\"1\"><span style=\"font-weight: 400;\">Caer de un techo o de una gran altura.<\/span><span style=\"font-weight: 400;\">\u00a0\u00a0\u00a0\u00a0\u00a0\u00a0<\/span><\/li>\n<li style=\"font-weight: 400;\" aria-level=\"1\"><span style=\"font-weight: 400;\">Accidente de resbal\u00f3n y ca\u00edda en tablones de andamios<\/span><span style=\"font-weight: 400;\">\u00a0\u00a0\u00a0\u00a0\u00a0\u00a0<\/span><\/li>\n<\/ul>\n<p><span style=\"font-weight: 400;\">Si bien la mayor\u00eda de las ca\u00eddas de andamios \/ escaleras ocurren desde 10 a 15 pies del suelo, esta es una altura lo suficientemente grande como para causar lesiones graves o incluso la muerte. Seg\u00fan los CDC, las ca\u00eddas son la <\/span><a href=\"https:\/\/www.cdc.gov\/niosh\/construction\/stopfalls.html\" target=\"_blank\" rel=\"noopener\"><span style=\"font-weight: 400;\">principal causa de muertes en la construcci\u00f3n<\/span><\/a><span style=\"font-weight: 400;\"> y fueron responsables de 320 muertes por ca\u00eddas de 1,008 muertes en la construcci\u00f3n en 2018.<\/span><\/p>\n<h2><b>Accidentes de andamios \/ escaleras y compensaci\u00f3n laboral de Florida<\/b><\/h2>\n<p><span style=\"font-weight: 400;\">Despu\u00e9s de un accidente de escalera \/ andamio relacionado con el trabajo, normalmente tiene derecho a solicitar beneficios de compensaci\u00f3n para trabajadores por sus facturas m\u00e9dicas, salarios perdidos y discapacidad. La compensaci\u00f3n para trabajadores es un recurso crucial para los trabajadores de la construcci\u00f3n lesionados, pero el proceso de reclamo puede ser estricto, complicado y confuso.<\/span><\/p>\n<p><span style=\"font-weight: 400;\">Desafortunadamente, recuperar los beneficios que se merece no siempre es f\u00e1cil. La compa\u00f1\u00eda de seguros y su empleador pueden elegir al m\u00e9dico que decida si est\u00e1 discapacitado, la gravedad de sus lesiones, un tratamiento adecuado y cu\u00e1ndo puede regresar a trabajar. La compa\u00f1\u00eda de seguros puede restar importancia a la gravedad de sus lesiones y tratar de infravalorar o incluso negar su reclamo.<\/span><\/p>\n<p><span style=\"font-weight: 400;\">Un abogado de compensaci\u00f3n para trabajadores en Florida puede ayudarlo a hacer valer sus derechos a los beneficios y tambi\u00e9n a documentar el alcance de su lesi\u00f3n y cualquier efecto permanente para maximizar sus beneficios. Su abogado tambi\u00e9n lo ayudar\u00e1 a apelar la decisi\u00f3n si se rechaza su reclamo.<\/span><\/p>\n<p><a href=\"https:\/\/workinjuryrights.com\/wp-content\/uploads\/2021\/09\/scaffolding-ladder-accidents.jpg\"><img fetchpriority=\"high\" decoding=\"async\" class=\"alignnone wp-image-3688 size-full\" src=\"https:\/\/workinjuryrights.com\/wp-content\/uploads\/2021\/09\/scaffolding-ladder-accidents.jpg\" alt=\"Construction worker hurt after fall off ladder concept of scaffolding \/ ladder accident\" width=\"500\" height=\"333\" srcset=\"https:\/\/workinjuryrights.com\/wp-content\/uploads\/2021\/09\/scaffolding-ladder-accidents.jpg 500w, https:\/\/workinjuryrights.com\/wp-content\/uploads\/2021\/09\/scaffolding-ladder-accidents-300x200.jpg 300w\" sizes=\"(max-width: 500px) 100vw, 500px\" \/><\/a><\/p>\n<h2><b>Preguntas frecuentes sobre accidentes de escaleras \/ andamios<\/b><\/h2>\n<p><span style=\"font-weight: 400;\">Estas son algunas de las preguntas m\u00e1s comunes sobre accidentes de andamios \/ escaleras:<\/span><\/p>\n<h3><b>Me lesion\u00e9 gravemente mientras estaba en un sitio de construcci\u00f3n cuando se abrieron las tablas del andamio. \u00bfSoy elegible para los beneficios de compensaci\u00f3n laboral?<\/b><\/h3>\n<p><span style=\"font-weight: 400;\">Si sufri\u00f3 una lesi\u00f3n grave debido a una lesi\u00f3n en un andamio, es probable que sea elegible para los beneficios de Compensaci\u00f3n para trabajadores. Todos tenemos un caso diferente, pero esta es una lesi\u00f3n evidente que ocurri\u00f3 en su trabajo. Para proteger sus derechos, aseg\u00farese de informar el accidente y buscar ayuda m\u00e9dica lo antes posible, luego comun\u00edquese con un abogado.<\/span><\/p>\n<p><span style=\"font-weight: 400;\">Para obtener informaci\u00f3n personalizada sobre su caso y ver lo que realmente est\u00e1 enfrentando, comun\u00edquese hoy mismo con nuestro equipo de abogados de accidentes de escaleras \/ andamios. Podremos revisar su caso y darle respuestas que sean relevantes para su situaci\u00f3n espec\u00edfica.<\/span><\/p>\n<h3><b>\u00bfQui\u00e9n es responsable de mi lesi\u00f3n en la escalera?<\/b><\/h3>\n<p><span style=\"font-weight: 400;\">Hay muchas razones y causas de accidentes con escaleras. Depende de los detalles espec\u00edficos relacionados con su lesi\u00f3n y accidente. Podr\u00eda haber sido causado por la negligencia de un compa\u00f1ero de trabajo, lo econ\u00f3mico de la empresa o incluso su uso indebido. Hay detalles espec\u00edficos sobre su caso que determinar\u00e1n la parte responsable.<\/span><\/p>\n<p><span style=\"font-weight: 400;\">Estos son los tipos de preguntas que generalmente se responden en los tribunales. Deber\u00e1 trabajar con un abogado para que le ayude a determinar la responsabilidad. Las empresas siempre intentar\u00e1n luchar por sus propios intereses, por lo que debes hacer lo mismo. Intentar\u00e1n demostrar que se equivoc\u00f3.<\/span><\/p>\n<p><span style=\"font-weight: 400;\">Si est\u00e1 buscando uno de los mejores abogados de accidentes de andamios \/ escaleras, comun\u00edquese hoy con Work Injury Rights para obtener una descripci\u00f3n general gratuita de su caso.<\/span><\/p>\n<h2><b>\u00bfPor qu\u00e9 ocurren los accidentes de andamios \/ escaleras?<\/b><\/h2>\n<p><span style=\"font-weight: 400;\">Hay tantas razones por las que pueden ocurrir estas lesiones, incluido el equipo defectuoso, la negligencia y el error humano. Una de las herramientas m\u00e1s importantes que tenemos para mantenernos seguros en el trabajo es el conjunto de est\u00e1ndares presentados por OSHA. Sin embargo, los accidentes con andamios y escaleras casi siempre se encuentran entre las principales violaciones de OSHA. Algunas de las razones m\u00e1s comunes por las que ocurren estos accidentes de andamios \/ escaleras incluyen:<\/span><\/p>\n<ul>\n<li style=\"font-weight: 400;\" aria-level=\"1\"><span style=\"font-weight: 400;\">Equipo defectuoso o defectuoso<\/span><span style=\"font-weight: 400;\">\u00a0\u00a0\u00a0\u00a0\u00a0\u00a0<\/span><\/li>\n<li style=\"font-weight: 400;\" aria-level=\"1\"><span style=\"font-weight: 400;\">Falta de formaci\u00f3n<\/span><span style=\"font-weight: 400;\">\u00a0\u00a0\u00a0\u00a0\u00a0\u00a0<\/span><\/li>\n<li style=\"font-weight: 400;\" aria-level=\"1\"><span style=\"font-weight: 400;\">Falta de supervisi\u00f3n<\/span><span style=\"font-weight: 400;\">\u00a0\u00a0\u00a0\u00a0\u00a0\u00a0<\/span><\/li>\n<li style=\"font-weight: 400;\" aria-level=\"1\"><span style=\"font-weight: 400;\">No asegurar adecuadamente el equipo.<\/span><span style=\"font-weight: 400;\">\u00a0\u00a0\u00a0\u00a0\u00a0\u00a0<\/span><\/li>\n<li style=\"font-weight: 400;\" aria-level=\"1\"><span style=\"font-weight: 400;\">Funciones de seguridad inadecuadas<\/span><span style=\"font-weight: 400;\">\u00a0\u00a0\u00a0\u00a0\u00a0\u00a0<\/span><\/li>\n<\/ul>\n<p><span style=\"font-weight: 400;\">Algunos de los accidentes m\u00e1s comunes incluyen:<\/span><\/p>\n<ul>\n<li style=\"font-weight: 400;\" aria-level=\"1\"><span style=\"font-weight: 400;\">Ca\u00eddas de una escalera o andamio.<\/span><span style=\"font-weight: 400;\">\u00a0\u00a0\u00a0\u00a0\u00a0\u00a0<\/span><\/li>\n<li style=\"font-weight: 400;\" aria-level=\"1\"><span style=\"font-weight: 400;\">Contraer<\/span><span style=\"font-weight: 400;\">\u00a0\u00a0\u00a0\u00a0\u00a0\u00a0<\/span><\/li>\n<li style=\"font-weight: 400;\" aria-level=\"1\"><span style=\"font-weight: 400;\">Accidentes por resbalones y ca\u00eddas<\/span><span style=\"font-weight: 400;\">\u00a0\u00a0\u00a0\u00a0\u00a0\u00a0<\/span><\/li>\n<\/ul>\n<p><span style=\"font-weight: 400;\">Si necesita un abogado de accidentes de escaleras \/ andamios con la mejor calificaci\u00f3n, comun\u00edquese con Work Injury Rights hoy mismo para obtener m\u00e1s informaci\u00f3n sobre c\u00f3mo podemos hablar sobre su caso e incluso obtener una revisi\u00f3n gratuita del caso.<\/span><\/p>\n<h2><b>\u00bfQu\u00e9 beneficios puedo recuperar de un accidente de andamios o escaleras?<\/b><\/h2>\n<p><span style=\"font-weight: 400;\">Despu\u00e9s de un accidente, puede recibir compensaci\u00f3n y beneficios por sus facturas m\u00e9dicas, salarios perdidos y discapacidad. La Compensaci\u00f3n para Trabajadores es uno de los recursos m\u00e1s importantes disponibles para las partes lesionadas, pero puede ser dif\u00edcil obtener esos beneficios. El proceso es dif\u00edcil y confuso para la mayor\u00eda de las personas. Las compa\u00f1\u00edas de seguros y su empleador intentar\u00e1n trabajar en su contra, para que no tengan que pagarle lo que realmente se merece. Si desea maximizar sus beneficios, lo mejor es trabajar con un abogado.<\/span><\/p>\n<p><span style=\"font-weight: 400;\">Para obtener informaci\u00f3n personalizada sobre su caso, incluida informaci\u00f3n sobre los beneficios que puede recuperar, comun\u00edquese hoy mismo con nuestro equipo de abogados de accidentes de escaleras y andamios. Podremos revisar su caso y darle respuestas que sean relevantes para su situaci\u00f3n.<\/span><\/p>\n<h2><b>Programe hoy una revisi\u00f3n gratuita de su caso con respecto a los accidentes de escaleras \/ andamios relacionados con su trabajo<\/b><\/h2>\n<p><span style=\"font-weight: 400;\">Lo \u00faltimo de lo que deber\u00eda preocuparse mientras lucha por recuperarse de las lesiones por accidentes de escaleras \/ andamios es un proceso de reclamo complicado y una compa\u00f1\u00eda de seguros indiferente. En Work Injury Rights, estamos aqu\u00ed para luchar por usted y proteger sus derechos. Lo ayudaremos a lo largo de su proceso de reclamos y actuaremos como su defensor legal para buscar los beneficios completos que se merece.<\/span><\/p>\n<p><span style=\"font-weight: 400;\">P\u00f3ngase en contacto con nuestro <\/span><a href=\"https:\/\/workinjuryrights.com\/\"><span style=\"font-weight: 400;\">bufete de abogados de compensaci\u00f3n para trabajadores de Florida<\/span><\/a><span style=\"font-weight: 400;\"> hoy mismo para programar la revisi\u00f3n gratuita de su caso con un abogado de compensaci\u00f3n para trabajadores de Florida que pueda ayudarlo.<\/span><\/p>\n","protected":false},"excerpt":{"rendered":"<p>Si bien las ca\u00eddas pueden ocurrir en cualquier lugar de trabajo, los trabajadores de la construcci\u00f3n tienen un mayor riesgo de accidentes con andamios \/ escaleras. Los trabajadores de la construcci\u00f3n tienen el trabajo de mayor riesgo en Florida y la mayor\u00eda de los accidentes en sitios de construcci\u00f3n involucran una ca\u00edda, generalmente de una [&hellip;]<\/p>\n","protected":false},"author":36,"featured_media":0,"parent":5665,"menu_order":0,"comment_status":"closed","ping_status":"closed","template":"","meta":{"_acf_changed":false,"anchor_text":"","footnotes":""},"categories":[],"tags":[],"class_list":["post-5793","page","type-page","status-publish","hentry"],"acf":[],"_links":{"self":[{"href":"https:\/\/workinjuryrights.com\/es\/wp-json\/wp\/v2\/pages\/5793","targetHints":{"allow":["GET"]}}],"collection":[{"href":"https:\/\/workinjuryrights.com\/es\/wp-json\/wp\/v2\/pages"}],"about":[{"href":"https:\/\/workinjuryrights.com\/es\/wp-json\/wp\/v2\/types\/page"}],"author":[{"embeddable":true,"href":"https:\/\/workinjuryrights.com\/es\/wp-json\/wp\/v2\/users\/36"}],"replies":[{"embeddable":true,"href":"https:\/\/workinjuryrights.com\/es\/wp-json\/wp\/v2\/comments?post=5793"}],"version-history":[{"count":3,"href":"https:\/\/workinjuryrights.com\/es\/wp-json\/wp\/v2\/pages\/5793\/revisions"}],"predecessor-version":[{"id":6071,"href":"https:\/\/workinjuryrights.com\/es\/wp-json\/wp\/v2\/pages\/5793\/revisions\/6071"}],"up":[{"embeddable":true,"href":"https:\/\/workinjuryrights.com\/es\/wp-json\/wp\/v2\/pages\/5665"}],"wp:attachment":[{"href":"https:\/\/workinjuryrights.com\/es\/wp-json\/wp\/v2\/media?parent=5793"}],"wp:term":[{"taxonomy":"category","embeddable":true,"href":"https:\/\/workinjuryrights.com\/es\/wp-json\/wp\/v2\/categories?post=5793"},{"taxonomy":"post_tag","embeddable":true,"href":"https:\/\/workinjuryrights.com\/es\/wp-json\/wp\/v2\/tags?post=5793"}],"curies":[{"name":"wp","href":"https:\/\/api.w.org\/{rel}","templated":true}]}}