{"id":5794,"date":"2021-08-15T17:14:19","date_gmt":"2021-08-15T17:14:19","guid":{"rendered":"https:\/\/workinjuryrights.com\/causa-de-accidente\/utility-worker-injuries\/"},"modified":"2021-09-27T20:53:46","modified_gmt":"2021-09-27T20:53:46","slug":"lesiones-trabajadores-servicios-publicos","status":"publish","type":"page","link":"https:\/\/workinjuryrights.com\/es\/causa-de-accidente\/lesiones-trabajadores-servicios-publicos\/","title":{"rendered":"Lesiones de Trabajadores de Servicios P\u00fablicos"},"content":{"rendered":"<style>.practice-areas{display:none;}<\/style>\n<p><span style=\"font-weight: 400;\">El trabajo en l\u00edneas de servicios p\u00fablicos es una de las 10 ocupaciones m\u00e1s peligrosas de Estados Unidos. Cada a\u00f1o, 30-50 de cada 100,000 trabajadores de l\u00edneas de servicios p\u00fablicos mueren en accidentes laborales. Si ha sufrido lesiones de trabajadores de servicios p\u00fablicos mientras estaba en el trabajo, el sistema de compensaci\u00f3n para trabajadores puede brindarle los beneficios que se merece para sus facturas m\u00e9dicas, salarios perdidos y m\u00e1s. Nuestros abogados de Work Injury Rights representan a trabajadores de servicios p\u00fablicos lesionados en toda Florida. Cont\u00e1ctenos hoy para programar una revisi\u00f3n gratuita de su caso con un <\/span><a href=\"\/coral-springs\/workers-compensation-lawyer\/\"><span style=\"font-weight: 400;\">abogado con experiencia en compensaci\u00f3n de trabajadores de Florida<\/span><\/a><span style=\"font-weight: 400;\">.<\/span><\/p>\n<p><span style=\"font-weight: 400;\"><\/span><\/p>\n<h2><b>Peligros del trabajo de l\u00edneas de servicios p\u00fablicos en Florida<\/b><\/h2>\n<p><a href=\"https:\/\/www.safetycal.com\/blog\/utility-work-one-top-10-most-dangerous-jobs\" target=\"_blank\" rel=\"noopener\"><span style=\"font-weight: 400;\">Los trabajadores de servicios p\u00fablicos enfrentan una serie de peligros<\/span><\/a><span style=\"font-weight: 400;\"> todos los d\u00edas que se presentan a trabajar. Los linieros trabajan a alturas peligrosas en espacios reducidos y se enfrentan a los riesgos de la soldadura y la electricidad.<\/span><\/p>\n<p><span style=\"font-weight: 400;\">Algunas de las lesiones m\u00e1s comunes de los trabajadores de servicios p\u00fablicos incluyen las siguientes:<\/span><\/p>\n<ul>\n<li style=\"font-weight: 400;\" aria-level=\"1\"><b>Ca\u00eddas: los <\/b><span style=\"font-weight: 400;\">trabajadores de servicios p\u00fablicos a menudo trabajan en altitudes elevadas mientras instalan o reparan l\u00edneas telef\u00f3nicas y el\u00e9ctricas. Esto los pone en alto riesgo de <\/span><a href=\"\/injury-type\/fall-from-heights\/\"><span style=\"font-weight: 400;\">ca\u00edda<\/span><\/a><span style=\"font-weight: 400;\">.<\/span><span style=\"font-weight: 400;\">\u00a0\u00a0\u00a0\u00a0\u00a0\u00a0<\/span><\/li>\n<li style=\"font-weight: 400;\" aria-level=\"1\"><b>Choque el\u00e9ctrico o electrocuci\u00f3n: <\/b><span style=\"font-weight: 400;\">uno de los mayores peligros del trabajo en l\u00ednea es, con mucho, el <\/span><a href=\"\/accident-cause\/electrocution-accidents\/\"><span style=\"font-weight: 400;\">choque el\u00e9ctrico<\/span><\/a><span style=\"font-weight: 400;\">. Trabajar con l\u00edneas el\u00e9ctricas es una tarea incre\u00edblemente peligrosa y un solo error puede causar lesiones mortales o la muerte.<\/span><span style=\"font-weight: 400;\">\u00a0\u00a0\u00a0\u00a0\u00a0\u00a0<\/span><\/li>\n<li style=\"font-weight: 400;\" aria-level=\"1\"><b>Incendios o explosiones: los <\/b><span style=\"font-weight: 400;\">trabajadores de servicios p\u00fablicos pueden enfrentar el riesgo de que los art\u00edculos inflamables <\/span><a href=\"\/accident-cause\/fires-and-explosions\/\"><span style=\"font-weight: 400;\">exploten o se incendien<\/span><\/a><span style=\"font-weight: 400;\"> mientras trabajan con l\u00edneas el\u00e9ctricas o bajo tierra. A veces, los linieros el\u00e9ctricos tambi\u00e9n deben soldar mientras trabajan en l\u00edneas el\u00e9ctricas, lo que puede provocar quemaduras y otras lesiones graves.<\/span><span style=\"font-weight: 400;\">\u00a0\u00a0\u00a0\u00a0\u00a0\u00a0<\/span><\/li>\n<li style=\"font-weight: 400;\" aria-level=\"1\"><b>Colapso de zanjas: <\/b><span style=\"font-weight: 400;\">muchos trabajadores de servicios p\u00fablicos trabajan bajo tierra o en zanjas para hacer nuevos t\u00faneles o mantener subterr\u00e1neas las l\u00edneas de servicios existentes.<\/span><span style=\"font-weight: 400;\">\u00a0\u00a0\u00a0\u00a0\u00a0\u00a0<\/span><\/li>\n<\/ul>\n<p><span style=\"font-weight: 400;\">Estos tipos de accidentes pueden causar lesiones graves, potencialmente mortales o incluso fatales a los trabajadores de servicios p\u00fablicos, tales como:<\/span><\/p>\n<ul>\n<li style=\"font-weight: 400;\" aria-level=\"1\"><a href=\"https:\/\/www.cdc.gov\/niosh\/topics\/electrical\/\" target=\"_blank\" rel=\"noopener\"><span style=\"font-weight: 400;\">Electrocuci\u00f3n<\/span><\/a><span style=\"font-weight: 400;\">\u00a0\u00a0\u00a0\u00a0\u00a0\u00a0<\/span><\/li>\n<li style=\"font-weight: 400;\" aria-level=\"1\"><a href=\"https:\/\/www.mayoclinic.org\/diseases-conditions\/spinal-cord-injury\/symptoms-causes\/syc-20377890\" target=\"_blank\" rel=\"noopener\"><span style=\"font-weight: 400;\">Lesiones de la m\u00e9dula espinal<\/span><\/a><span style=\"font-weight: 400;\">\u00a0\u00a0\u00a0\u00a0\u00a0\u00a0<\/span><\/li>\n<li style=\"font-weight: 400;\" aria-level=\"1\"><span style=\"font-weight: 400;\">Lesiones cerebrales traum\u00e1ticas<\/span><span style=\"font-weight: 400;\">\u00a0\u00a0\u00a0\u00a0\u00a0\u00a0<\/span><\/li>\n<li style=\"font-weight: 400;\" aria-level=\"1\"><span style=\"font-weight: 400;\">Lesiones de espalda<\/span><span style=\"font-weight: 400;\">\u00a0\u00a0\u00a0\u00a0\u00a0\u00a0<\/span><\/li>\n<li style=\"font-weight: 400;\" aria-level=\"1\"><span style=\"font-weight: 400;\">quemaduras<\/span><span style=\"font-weight: 400;\">\u00a0\u00a0\u00a0\u00a0\u00a0\u00a0<\/span><\/li>\n<li style=\"font-weight: 400;\" aria-level=\"1\"><span style=\"font-weight: 400;\">Laceraciones graves<\/span><span style=\"font-weight: 400;\">\u00a0\u00a0\u00a0\u00a0\u00a0\u00a0<\/span><\/li>\n<li style=\"font-weight: 400;\" aria-level=\"1\"><span style=\"font-weight: 400;\">Fracturas<\/span><\/li>\n<\/ul>\n<p><a href=\"https:\/\/workinjuryrights.com\/wp-content\/uploads\/2021\/09\/utility-worker-injuries.jpg\"><img fetchpriority=\"high\" decoding=\"async\" class=\"alignnone size-full wp-image-3664\" src=\"https:\/\/workinjuryrights.com\/wp-content\/uploads\/2021\/09\/utility-worker-injuries.jpg\" alt=\"Lineman repairing cables, concept of utility worker injuries\" width=\"500\" height=\"333\" srcset=\"https:\/\/workinjuryrights.com\/wp-content\/uploads\/2021\/09\/utility-worker-injuries.jpg 500w, https:\/\/workinjuryrights.com\/wp-content\/uploads\/2021\/09\/utility-worker-injuries-300x200.jpg 300w\" sizes=\"(max-width: 500px) 100vw, 500px\" \/><\/a><\/p>\n<h2><b>Compensaci\u00f3n para trabajadores de Florida por lesiones de trabajadores de servicios p\u00fablicos<\/b><\/h2>\n<p><span style=\"font-weight: 400;\">Como trabajador de servicios p\u00fablicos, arriesga su vida todos los d\u00edas que se presenta a trabajar. Cuando sufre una lesi\u00f3n grave, espera que el sistema de compensaci\u00f3n para trabajadores est\u00e9 a su disposici\u00f3n. El sistema de compensaci\u00f3n para trabajadores sin culpa en Florida puede proporcionar beneficios m\u00e9dicos, salarios perdidos y beneficios por discapacidad a los trabajadores lesionados. Desafortunadamente, recibir los beneficios que se merece no siempre es f\u00e1cil.<\/span><\/p>\n<p><span style=\"font-weight: 400;\">Las compa\u00f1\u00edas de seguros de compensaci\u00f3n para trabajadores operan con fines de lucro. Su objetivo es rechazar las reclamaciones siempre que sea posible e intentar minimizar los pagos. Esto significa que muchos reclamos leg\u00edtimos de compensaci\u00f3n para trabajadores son denegados o infravalorados. Recibir beneficios tambi\u00e9n requiere completar una gran cantidad de papeleo con plazos estrictos y presentar un caso para mostrar el alcance de las lesiones de los trabajadores de servicios p\u00fablicos.<\/span><\/p>\n<p><span style=\"font-weight: 400;\">Un abogado de compensaci\u00f3n para trabajadores de Florida puede ayudarlo con su proceso de reclamos manejando las tareas administrativas, salvaguardando sus derechos legales, trabajando con la compa\u00f1\u00eda de seguros en su nombre y luchando por los beneficios completos que se merece. Si su reclamo es rechazado, su abogado puede ayudarlo a apelar su caso con evidencia de sus lesiones y su accidente.<\/span><\/p>\n<h2><b>Programe una revisi\u00f3n gratuita de su caso con nuestros abogados de compensaci\u00f3n para trabajadores con respecto a sus lesiones como trabajador de servicios p\u00fablicos<\/b><\/h2>\n<p><span style=\"font-weight: 400;\">En Work Injury Rights, creemos que los trabajadores de servicios p\u00fablicos lesionados merecen la compensaci\u00f3n completa permitida por la ley de compensaci\u00f3n para trabajadores de Florida. Representamos a los trabajadores lesionados en toda la Florida en la presentaci\u00f3n de reclamos de compensaci\u00f3n para trabajadores y en la apelaci\u00f3n de reclamos denegados. Mientras luchas por recuperarte de tus lesiones y seguir adelante con tu vida, estaremos aqu\u00ed para luchar por ti.<\/span><\/p>\n<p><span style=\"font-weight: 400;\">Cont\u00e1ctenos hoy al <a href=\"tel:+19543888616\">954-388-8616<\/a> para programar una consulta gratuita con un <\/span><a href=\"\/\"><span style=\"font-weight: 400;\">abogado de compensaci\u00f3n para trabajadores en Florida<\/span><\/a><span style=\"font-weight: 400;\"> para obtener m\u00e1s informaci\u00f3n sobre c\u00f3mo podemos ayudarlo con su reclamo.<\/span><\/p>\n","protected":false},"excerpt":{"rendered":"<p>El trabajo en l\u00edneas de servicios p\u00fablicos es una de las 10 ocupaciones m\u00e1s peligrosas de Estados Unidos. Cada a\u00f1o, 30-50 de cada 100,000 trabajadores de l\u00edneas de servicios p\u00fablicos mueren en accidentes laborales. Si ha sufrido lesiones de trabajadores de servicios p\u00fablicos mientras estaba en el trabajo, el sistema de compensaci\u00f3n para trabajadores puede [&hellip;]<\/p>\n","protected":false},"author":36,"featured_media":0,"parent":5665,"menu_order":0,"comment_status":"closed","ping_status":"closed","template":"","meta":{"_acf_changed":false,"anchor_text":"","footnotes":""},"categories":[],"tags":[],"class_list":["post-5794","page","type-page","status-publish","hentry"],"acf":[],"_links":{"self":[{"href":"https:\/\/workinjuryrights.com\/es\/wp-json\/wp\/v2\/pages\/5794","targetHints":{"allow":["GET"]}}],"collection":[{"href":"https:\/\/workinjuryrights.com\/es\/wp-json\/wp\/v2\/pages"}],"about":[{"href":"https:\/\/workinjuryrights.com\/es\/wp-json\/wp\/v2\/types\/page"}],"author":[{"embeddable":true,"href":"https:\/\/workinjuryrights.com\/es\/wp-json\/wp\/v2\/users\/36"}],"replies":[{"embeddable":true,"href":"https:\/\/workinjuryrights.com\/es\/wp-json\/wp\/v2\/comments?post=5794"}],"version-history":[{"count":3,"href":"https:\/\/workinjuryrights.com\/es\/wp-json\/wp\/v2\/pages\/5794\/revisions"}],"predecessor-version":[{"id":6074,"href":"https:\/\/workinjuryrights.com\/es\/wp-json\/wp\/v2\/pages\/5794\/revisions\/6074"}],"up":[{"embeddable":true,"href":"https:\/\/workinjuryrights.com\/es\/wp-json\/wp\/v2\/pages\/5665"}],"wp:attachment":[{"href":"https:\/\/workinjuryrights.com\/es\/wp-json\/wp\/v2\/media?parent=5794"}],"wp:term":[{"taxonomy":"category","embeddable":true,"href":"https:\/\/workinjuryrights.com\/es\/wp-json\/wp\/v2\/categories?post=5794"},{"taxonomy":"post_tag","embeddable":true,"href":"https:\/\/workinjuryrights.com\/es\/wp-json\/wp\/v2\/tags?post=5794"}],"curies":[{"name":"wp","href":"https:\/\/api.w.org\/{rel}","templated":true}]}}