{"id":5795,"date":"2021-08-15T17:17:00","date_gmt":"2021-08-15T17:17:00","guid":{"rendered":"https:\/\/workinjuryrights.com\/causa-de-accidente\/welding-accidents\/"},"modified":"2021-09-27T21:04:15","modified_gmt":"2021-09-27T21:04:15","slug":"accidentes-soldadura","status":"publish","type":"page","link":"https:\/\/workinjuryrights.com\/es\/causa-de-accidente\/accidentes-soldadura\/","title":{"rendered":"Accidentes de Soldadura"},"content":{"rendered":"<style>.practice-areas{display:none;}<\/style>\n<p><span style=\"font-weight: 400;\">Los soldadores se enfrentan a un entorno incre\u00edblemente peligroso todos los d\u00edas. Cada a\u00f1o, medio mill\u00f3n de trabajadores resultan heridos en accidentes de soldadura. Los accidentes de soldadura pueden provocar problemas respiratorios graves, quemaduras graves, lesiones oculares o ceguera e incluso la muerte. De cada 1,000 soldadores en los Estados Unidos, cuatro morir\u00e1n en un accidente de soldadura. Muchos soldadores lesionados o muertos en un accidente de soldadura est\u00e1n empleados en un lugar de trabajo de construcci\u00f3n, automotriz o marino.<\/span><\/p>\n<p><span style=\"font-weight: 400;\">\u00bfHa sufrido lesiones graves en un accidente de soldadura? Es probable que tenga derecho a los beneficios de compensaci\u00f3n laboral para ayudarlo con sus facturas m\u00e9dicas, salarios perdidos y discapacidad. En Work Injury Rights, hemos representado a soldadores lesionados en Florida durante d\u00e9cadas. Cont\u00e1ctenos para programar la revisi\u00f3n gratuita de su caso con un <\/span><a href=\"\/coral-springs\/workers-compensation-lawyer\/\"><span style=\"font-weight: 400;\">abogado experimentado en compensaci\u00f3n de trabajadores de Florida<\/span><\/a><span style=\"font-weight: 400;\"> para explorar sus opciones.<\/span><\/p>\n<p><span style=\"font-weight: 400;\"><\/span><\/p>\n<h2><b>Lesiones comunes de soldadura en Florida<\/b><\/h2>\n<p><span style=\"font-weight: 400;\">Los soldadores a menudo sufren lesiones graves que les cambian la vida en <\/span><a href=\"https:\/\/www.osha.gov\/welding-cutting-brazing\" target=\"_blank\" rel=\"noopener\"><span style=\"font-weight: 400;\">accidentes de soldadura<\/span><\/a><span style=\"font-weight: 400;\">. Estas lesiones pueden ser causadas por errores humanos, mal funcionamiento del equipo de soldadura, un entorno de trabajo inseguro o equipo de protecci\u00f3n personal inadecuado.<\/span><\/p>\n<p><span style=\"font-weight: 400;\">Algunas de las lesiones m\u00e1s comunes que sufren los soldadores incluyen:<\/span><\/p>\n<ul>\n<li><span style=\"font-weight: 400;\"> Lesiones oculares, como <\/span><a href=\"https:\/\/www.webmd.com\/eye-health\/corneal-flash-burns\" target=\"_blank\" rel=\"noopener\"><span style=\"font-weight: 400;\">quemaduras en la retina o en forma de arco<\/span><\/a><\/li>\n<li><span style=\"font-weight: 400;\"> quemaduras por rayos ultravioleta<\/span><\/li>\n<li><span style=\"font-weight: 400;\"> Quemaduras en los pulmones<\/span><\/li>\n<li><a href=\"https:\/\/workinjuryrights.com\/accident-cause\/electrocution-accidents\/\"><span style=\"font-weight: 400;\">Descarga el\u00e9ctrica<\/span><\/a><\/li>\n<li><span style=\"font-weight: 400;\"> Exposici\u00f3n a sustancias qu\u00edmicas t\u00f3xicas<\/span><\/li>\n<li><span style=\"font-weight: 400;\"> Amputaci\u00f3n<\/span><\/li>\n<li><span style=\"font-weight: 400;\"> Problemas neurol\u00f3gicos<\/span><\/li>\n<\/ul>\n<p><span style=\"font-weight: 400;\">La soldadura prolongada puede exponer a los trabajadores a niveles peligrosos de luz ultravioleta que pueden disminuir la visi\u00f3n y <\/span><a href=\"https:\/\/workinjuryrights.com\/injury-type\/hearing-vision-loss\/\"><span style=\"font-weight: 400;\">causar ceguera<\/span><\/a><span style=\"font-weight: 400;\">. Esta condici\u00f3n, llamada ojo de arco o destello de soldador, puede ser dolorosa y provocar cataratas, visi\u00f3n disminuida, sensibilidad a la luz y ceguera.<\/span><\/p>\n<p><span style=\"font-weight: 400;\">Los soldadores tambi\u00e9n corren el riesgo de contraer <\/span><span style=\"font-weight: 400;\">la enfermedad de <a href=\"https:\/\/www.ncbi.nlm.nih.gov\/pmc\/articles\/PMC3651999\/\" target=\"_blank\" rel=\"noopener\">Parkinson del soldador<\/a>. Las varillas, alambres y electrodos de soldadura contienen manganeso, un compuesto t\u00f3xico conocido por causar da\u00f1o a los nervios y al cerebro. La intoxicaci\u00f3n por manganeso puede afectar a los soldadores y provocar s\u00edntomas como demencia, ansiedad y una expresi\u00f3n similar a una m\u00e1scara similar a la de la enfermedad de Parkinson.<\/span><\/p>\n<p><span style=\"font-weight: 400;\">Usar la protecci\u00f3n y las precauciones adecuadas puede reducir el riesgo de estas lesiones, pero nunca eliminarlas por completo. La soldadura a largo plazo a\u00fan puede provocar lesiones graves relacionadas con el trabajo. Los soldadores tambi\u00e9n pueden enfrentar peligros de tropiezos en el trabajo o peligros de equipos que funcionan mal.<\/span><\/p>\n<p><a href=\"https:\/\/workinjuryrights.com\/wp-content\/uploads\/2021\/09\/Welding-Accidents.jpg\"><img fetchpriority=\"high\" decoding=\"async\" class=\"alignnone size-full wp-image-3697\" src=\"https:\/\/workinjuryrights.com\/wp-content\/uploads\/2021\/09\/Welding-Accidents.jpg\" alt=\"Welder working, concept of welding accidents\" width=\"605\" height=\"380\" srcset=\"https:\/\/workinjuryrights.com\/wp-content\/uploads\/2021\/09\/Welding-Accidents.jpg 605w, https:\/\/workinjuryrights.com\/wp-content\/uploads\/2021\/09\/Welding-Accidents-300x188.jpg 300w\" sizes=\"(max-width: 605px) 100vw, 605px\" \/><\/a><\/p>\n<h2><b>Compensaci\u00f3n para trabajadores de Florida y accidentes de soldadura<\/b><\/h2>\n<p><span style=\"font-weight: 400;\">Despu\u00e9s de un accidente de soldadura en el trabajo, tiene derecho a los beneficios de compensaci\u00f3n para trabajadores. El sistema de compensaci\u00f3n para trabajadores es un sistema sin culpa que permite a los trabajadores lesionados recuperar beneficios m\u00e9dicos, salarios perdidos y beneficios por discapacidad despu\u00e9s de un accidente o enfermedad relacionada con el trabajo.<\/span><\/p>\n<p><span style=\"font-weight: 400;\">Desafortunadamente, muchos trabajadores enfrentan una batalla cuesta arriba tratando de recuperar los beneficios que merecen. Su empleador y su compa\u00f1\u00eda de seguros tienen derecho a elegir al m\u00e9dico que tome decisiones importantes sobre sus lesiones, nivel de discapacidad, tratamiento y cu\u00e1ndo podr\u00e1 regresar al trabajo. La compa\u00f1\u00eda de seguros puede intentar subestimar o negar su reclamo minimizando la gravedad de sus lesiones o alegando que no est\u00e1n relacionadas con el trabajo.<\/span><\/p>\n<p><span style=\"font-weight: 400;\">En Work Injury Rights, nuestros abogados de compensaci\u00f3n para trabajadores en Florida est\u00e1n aqu\u00ed para ayudarlo con su reclamo de compensaci\u00f3n para trabajadores. Lo ayudaremos a hacer valer sus derechos legales a los beneficios, documentar su lesi\u00f3n y la causa, y luchar por los m\u00e1ximos beneficios. Si su reclamo es denegado, lo representaremos en una apelaci\u00f3n para presentar evidencia sobre su caso.<\/span><\/p>\n<h2><b>Comun\u00edquese con nuestros abogados de compensaci\u00f3n laboral para obtener una evaluaci\u00f3n gratuita de su caso con respecto a su accidente de soldadura<\/b><\/h2>\n<p><span style=\"font-weight: 400;\">No tiene que enfrentarse solo a la compa\u00f1\u00eda de seguros. Nuestros abogados de lesiones laborales est\u00e1n aqu\u00ed para servir como su defensor durante todo el complejo proceso de reclamos para luchar por los m\u00e1ximos beneficios que tiene derecho a recibir.<\/span><\/p>\n<p><span style=\"font-weight: 400;\">P\u00f3ngase en contacto con Work Injury Rights hoy mismo para una revisi\u00f3n gratuita del caso con un <\/span><a href=\"\/\"><span style=\"font-weight: 400;\">abogado compasivo de compensaci\u00f3n para trabajadores de Florida<\/span><\/a><span style=\"font-weight: 400;\"> que comprende la gravedad de sus lesiones por accidentes de soldadura y lucha por usted.<\/span><\/p>\n","protected":false},"excerpt":{"rendered":"<p>Los soldadores se enfrentan a un entorno incre\u00edblemente peligroso todos los d\u00edas. Cada a\u00f1o, medio mill\u00f3n de trabajadores resultan heridos en accidentes de soldadura. Los accidentes de soldadura pueden provocar problemas respiratorios graves, quemaduras graves, lesiones oculares o ceguera e incluso la muerte. De cada 1,000 soldadores en los Estados Unidos, cuatro morir\u00e1n en un [&hellip;]<\/p>\n","protected":false},"author":36,"featured_media":0,"parent":5665,"menu_order":0,"comment_status":"closed","ping_status":"closed","template":"","meta":{"_acf_changed":false,"anchor_text":"","footnotes":""},"categories":[],"tags":[],"class_list":["post-5795","page","type-page","status-publish","hentry"],"acf":[],"_links":{"self":[{"href":"https:\/\/workinjuryrights.com\/es\/wp-json\/wp\/v2\/pages\/5795","targetHints":{"allow":["GET"]}}],"collection":[{"href":"https:\/\/workinjuryrights.com\/es\/wp-json\/wp\/v2\/pages"}],"about":[{"href":"https:\/\/workinjuryrights.com\/es\/wp-json\/wp\/v2\/types\/page"}],"author":[{"embeddable":true,"href":"https:\/\/workinjuryrights.com\/es\/wp-json\/wp\/v2\/users\/36"}],"replies":[{"embeddable":true,"href":"https:\/\/workinjuryrights.com\/es\/wp-json\/wp\/v2\/comments?post=5795"}],"version-history":[{"count":3,"href":"https:\/\/workinjuryrights.com\/es\/wp-json\/wp\/v2\/pages\/5795\/revisions"}],"predecessor-version":[{"id":6080,"href":"https:\/\/workinjuryrights.com\/es\/wp-json\/wp\/v2\/pages\/5795\/revisions\/6080"}],"up":[{"embeddable":true,"href":"https:\/\/workinjuryrights.com\/es\/wp-json\/wp\/v2\/pages\/5665"}],"wp:attachment":[{"href":"https:\/\/workinjuryrights.com\/es\/wp-json\/wp\/v2\/media?parent=5795"}],"wp:term":[{"taxonomy":"category","embeddable":true,"href":"https:\/\/workinjuryrights.com\/es\/wp-json\/wp\/v2\/categories?post=5795"},{"taxonomy":"post_tag","embeddable":true,"href":"https:\/\/workinjuryrights.com\/es\/wp-json\/wp\/v2\/tags?post=5795"}],"curies":[{"name":"wp","href":"https:\/\/api.w.org\/{rel}","templated":true}]}}