{"id":6765,"date":"2021-10-18T16:42:49","date_gmt":"2021-10-18T16:42:49","guid":{"rendered":"https:\/\/workinjuryrights.com\/?page_id=6765"},"modified":"2021-10-18T16:43:51","modified_gmt":"2021-10-18T16:43:51","slug":"valores-fundamentales","status":"publish","type":"page","link":"https:\/\/workinjuryrights.com\/es\/valores-fundamentales\/","title":{"rendered":"Valores Fundamentales"},"content":{"rendered":"\t\t<div data-elementor-type=\"wp-page\" data-elementor-id=\"6765\" class=\"elementor elementor-6765 elementor-6756\" data-elementor-post-type=\"page\">\n\t\t\t\t\t\t<section class=\"elementor-section elementor-top-section elementor-element elementor-element-6e51f8fd elementor-section-full_width elementor-section-height-default elementor-section-height-default\" data-id=\"6e51f8fd\" data-element_type=\"section\" data-e-type=\"section\">\n\t\t\t\t\t\t<div class=\"elementor-container elementor-column-gap-default\">\n\t\t\t\t\t<div class=\"elementor-column elementor-col-100 elementor-top-column elementor-element elementor-element-20bba55\" data-id=\"20bba55\" data-element_type=\"column\" data-e-type=\"column\">\n\t\t\t<div class=\"elementor-widget-wrap elementor-element-populated\">\n\t\t\t\t\t\t<div class=\"elementor-element elementor-element-79163ad2 elementor-widget elementor-widget-template\" data-id=\"79163ad2\" data-element_type=\"widget\" data-e-type=\"widget\" data-widget_type=\"template.default\">\n\t\t\t\t<div class=\"elementor-widget-container\">\n\t\t\t\t\t\t\t<div class=\"elementor-template\">\n\t\t\t\t\t<div data-elementor-type=\"section\" data-elementor-id=\"5097\" class=\"elementor elementor-5097 elementor-610 elementor-610\" data-elementor-post-type=\"elementor_library\">\n\t\t\t<div class=\"elementor-element elementor-element-411e34a e-flex e-con-boxed e-con e-parent\" data-id=\"411e34a\" data-element_type=\"container\" data-e-type=\"container\" data-settings=\"{&quot;background_background&quot;:&quot;classic&quot;}\">\n\t\t\t\t\t<div class=\"e-con-inner\">\n\t\t\t\t<div class=\"elementor-element elementor-element-04c95f4 elementor-widget elementor-widget-theme-post-title elementor-page-title elementor-widget-heading\" data-id=\"04c95f4\" data-element_type=\"widget\" data-e-type=\"widget\" data-widget_type=\"theme-post-title.default\">\n\t\t\t\t\t<h1 class=\"elementor-heading-title elementor-size-default\">Valores Fundamentales<\/h1>\t\t\t\t<\/div>\n\t\t<div class=\"elementor-element elementor-element-fd073d7 e-flex e-con-boxed e-con e-child\" data-id=\"fd073d7\" data-element_type=\"container\" data-e-type=\"container\" data-settings=\"{&quot;background_background&quot;:&quot;gradient&quot;}\">\n\t\t\t\t\t<div class=\"e-con-inner\">\n\t\t\t\t<div class=\"elementor-element elementor-element-696e7b2 elementor-widget elementor-widget-shortcode\" data-id=\"696e7b2\" data-element_type=\"widget\" data-e-type=\"widget\" data-widget_type=\"shortcode.default\">\n\t\t\t\t\t\t\t<div class=\"elementor-shortcode\"><nav aria-label=\"breadcrumbs\" class=\"rank-math-breadcrumb\"><p><span class=\"last\">Home<\/span><\/p><\/nav><\/div>\n\t\t\t\t\t\t<\/div>\n\t\t\t\t\t<\/div>\n\t\t\t\t<\/div>\n\t\t\t\t\t<\/div>\n\t\t\t\t<\/div>\n\t\t\t\t<\/div>\n\t\t\t\t<\/div>\n\t\t\t\t\t\t<\/div>\n\t\t\t\t<\/div>\n\t\t\t\t\t<\/div>\n\t\t<\/div>\n\t\t\t\t\t<\/div>\n\t\t<\/section>\n\t\t\t\t<section class=\"elementor-section elementor-top-section elementor-element elementor-element-3b2a6476 elementor-section-boxed elementor-section-height-default elementor-section-height-default\" data-id=\"3b2a6476\" data-element_type=\"section\" data-e-type=\"section\">\n\t\t\t\t\t\t<div class=\"elementor-container elementor-column-gap-default\">\n\t\t\t\t\t<div class=\"elementor-column elementor-col-50 elementor-top-column elementor-element elementor-element-7709af99\" data-id=\"7709af99\" data-element_type=\"column\" data-e-type=\"column\">\n\t\t\t<div class=\"elementor-widget-wrap elementor-element-populated\">\n\t\t\t\t\t\t<div class=\"elementor-element elementor-element-6168db93 elementor-widget elementor-widget-image\" data-id=\"6168db93\" data-element_type=\"widget\" data-e-type=\"widget\" data-widget_type=\"image.default\">\n\t\t\t\t\t\t\t\t\t\t\t\t\t\t\t<img fetchpriority=\"high\" decoding=\"async\" width=\"600\" height=\"750\" src=\"https:\/\/workinjuryrights.com\/wp-content\/uploads\/2021\/10\/home-dedicated-value.jpg\" class=\"attachment-large size-large wp-image-6696\" alt=\"dedication\" srcset=\"https:\/\/workinjuryrights.com\/wp-content\/uploads\/2021\/10\/home-dedicated-value.jpg 600w, https:\/\/workinjuryrights.com\/wp-content\/uploads\/2021\/10\/home-dedicated-value-240x300.jpg 240w\" sizes=\"(max-width: 600px) 100vw, 600px\" \/>\t\t\t\t\t\t\t\t\t\t\t\t\t\t\t<\/div>\n\t\t\t\t\t<\/div>\n\t\t<\/div>\n\t\t\t\t<div class=\"elementor-column elementor-col-50 elementor-top-column elementor-element elementor-element-2c0a5b0\" data-id=\"2c0a5b0\" data-element_type=\"column\" data-e-type=\"column\">\n\t\t\t<div class=\"elementor-widget-wrap elementor-element-populated\">\n\t\t\t\t\t\t<div class=\"elementor-element elementor-element-6a332619 elementor-widget elementor-widget-heading\" data-id=\"6a332619\" data-element_type=\"widget\" data-e-type=\"widget\" data-widget_type=\"heading.default\">\n\t\t\t\t\t<h2 class=\"elementor-heading-title elementor-size-default\">Servicio Dedicado<\/h2>\t\t\t\t<\/div>\n\t\t\t\t<div class=\"elementor-element elementor-element-2662033f elementor-widget-divider--view-line elementor-widget elementor-widget-divider\" data-id=\"2662033f\" data-element_type=\"widget\" data-e-type=\"widget\" data-widget_type=\"divider.default\">\n\t\t\t\t\t\t\t<div class=\"elementor-divider\">\n\t\t\t<span class=\"elementor-divider-separator\">\n\t\t\t\t\t\t<\/span>\n\t\t<\/div>\n\t\t\t\t\t\t<\/div>\n\t\t\t\t<div class=\"elementor-element elementor-element-5a80e48 elementor-widget elementor-widget-text-editor\" data-id=\"5a80e48\" data-element_type=\"widget\" data-e-type=\"widget\" data-widget_type=\"text-editor.default\">\n\t\t\t\t\t\t\t\t\t<p>\u00a0<\/p><p>Nuestra misi\u00f3n es proporcionar la mejor experiencia de servicio al cliente en nuestra industria.\u00a0 Nuestro personal biling\u00fce se compromete a guiar a cada cliente a trav\u00e9s de su viaje de compensaci\u00f3n de trabajadores paso a paso con la m\u00e1xima atenci\u00f3n, cortes\u00eda y respeto.\u00a0 Cada nuevo empleado pasa por un riguroso programa de entrenamiento que est\u00e1 100% enfocado en el servicio al cliente. Entendemos la falta de respeto que un trabajador lesionado puede sentir por el trato que recibe de su empleador, la compa\u00f1\u00eda de seguros, y a veces su proveedor m\u00e9dico.\u00a0 En WorkInjuryRights.Com el cliente siempre es lo primero sin importar las circunstancias.<\/p><div class=\"notranslate\" style=\"all: initial;\">\u00a0<\/div>\t\t\t\t\t\t\t\t<\/div>\n\t\t\t\t\t<\/div>\n\t\t<\/div>\n\t\t\t\t\t<\/div>\n\t\t<\/section>\n\t\t\t\t<section class=\"elementor-section elementor-top-section elementor-element elementor-element-7c46830e elementor-reverse-mobile elementor-section-boxed elementor-section-height-default elementor-section-height-default\" data-id=\"7c46830e\" data-element_type=\"section\" data-e-type=\"section\">\n\t\t\t\t\t\t<div class=\"elementor-container elementor-column-gap-default\">\n\t\t\t\t\t<div class=\"elementor-column elementor-col-50 elementor-top-column elementor-element elementor-element-3772d9ac\" data-id=\"3772d9ac\" data-element_type=\"column\" data-e-type=\"column\">\n\t\t\t<div class=\"elementor-widget-wrap elementor-element-populated\">\n\t\t\t\t\t\t<div class=\"elementor-element elementor-element-6f1e8f19 elementor-widget elementor-widget-heading\" data-id=\"6f1e8f19\" data-element_type=\"widget\" data-e-type=\"widget\" data-widget_type=\"heading.default\">\n\t\t\t\t\t<h2 class=\"elementor-heading-title elementor-size-default\">Defensa Agresiva<\/h2>\t\t\t\t<\/div>\n\t\t\t\t<div class=\"elementor-element elementor-element-1a7e4f12 elementor-widget-divider--view-line elementor-widget elementor-widget-divider\" data-id=\"1a7e4f12\" data-element_type=\"widget\" data-e-type=\"widget\" data-widget_type=\"divider.default\">\n\t\t\t\t\t\t\t<div class=\"elementor-divider\">\n\t\t\t<span class=\"elementor-divider-separator\">\n\t\t\t\t\t\t<\/span>\n\t\t<\/div>\n\t\t\t\t\t\t<\/div>\n\t\t\t\t<div class=\"elementor-element elementor-element-2cdc8f12 elementor-widget elementor-widget-text-editor\" data-id=\"2cdc8f12\" data-element_type=\"widget\" data-e-type=\"widget\" data-widget_type=\"text-editor.default\">\n\t\t\t\t\t\t\t\t\t<p>Nuestros abogados tienen casi un siglo de experiencia combinada en la ley de compensaci\u00f3n de los trabajadores de la Florida.\u00a0 Varios de nuestros abogados tienen m\u00e1s de una d\u00e9cada de experiencia en la representaci\u00f3n de los empleadores y las compa\u00f1\u00edas de seguros en las reclamaciones de compensaci\u00f3n de los trabajadores.\u00a0 Esto le da a nuestra firma una visi\u00f3n \u00fanica de c\u00f3mo los empleadores y las compa\u00f1\u00edas de seguros defienden y valoran las reclamaciones.\u00a0 Cualquier bufete de abogados puede llegar a un acuerdo en su caso, pero no todos los bufetes de abogados pueden llevar su caso a juicio si es necesario.\u00a0 En WorkInjuryRights.Com podemos llegar a un acuerdo por el valor total de su reclamo o litigar su reclamo y proceder a un juicio.\u00a0 Nunca tenemos miedo de ir a la batalla con la compa\u00f1\u00eda de seguros y tienen los recursos financieros para contratar a los mejores expertos para testificar en su nombre<\/p>\t\t\t\t\t\t\t\t<\/div>\n\t\t\t\t\t<\/div>\n\t\t<\/div>\n\t\t\t\t<div class=\"elementor-column elementor-col-50 elementor-top-column elementor-element elementor-element-a0eab90\" data-id=\"a0eab90\" data-element_type=\"column\" data-e-type=\"column\">\n\t\t\t<div class=\"elementor-widget-wrap elementor-element-populated\">\n\t\t\t\t\t\t<div class=\"elementor-element elementor-element-ab1a9a0 elementor-widget elementor-widget-image\" data-id=\"ab1a9a0\" data-element_type=\"widget\" data-e-type=\"widget\" data-widget_type=\"image.default\">\n\t\t\t\t\t\t\t\t\t\t\t\t\t\t\t<img decoding=\"async\" width=\"600\" height=\"750\" src=\"https:\/\/workinjuryrights.com\/wp-content\/uploads\/2021\/10\/home-aggressive-value.jpg\" class=\"attachment-large size-large wp-image-6698\" alt=\"aggressive team\" srcset=\"https:\/\/workinjuryrights.com\/wp-content\/uploads\/2021\/10\/home-aggressive-value.jpg 600w, https:\/\/workinjuryrights.com\/wp-content\/uploads\/2021\/10\/home-aggressive-value-240x300.jpg 240w\" sizes=\"(max-width: 600px) 100vw, 600px\" \/>\t\t\t\t\t\t\t\t\t\t\t\t\t\t\t<\/div>\n\t\t\t\t\t<\/div>\n\t\t<\/div>\n\t\t\t\t\t<\/div>\n\t\t<\/section>\n\t\t\t\t<section class=\"elementor-section elementor-top-section elementor-element elementor-element-676159df elementor-section-boxed elementor-section-height-default elementor-section-height-default\" data-id=\"676159df\" data-element_type=\"section\" data-e-type=\"section\">\n\t\t\t\t\t\t<div class=\"elementor-container elementor-column-gap-default\">\n\t\t\t\t\t<div class=\"elementor-column elementor-col-50 elementor-top-column elementor-element elementor-element-4fa58ed5\" data-id=\"4fa58ed5\" data-element_type=\"column\" data-e-type=\"column\">\n\t\t\t<div class=\"elementor-widget-wrap elementor-element-populated\">\n\t\t\t\t\t\t<div class=\"elementor-element elementor-element-42b33d7b elementor-widget elementor-widget-image\" data-id=\"42b33d7b\" data-element_type=\"widget\" data-e-type=\"widget\" data-widget_type=\"image.default\">\n\t\t\t\t\t\t\t\t\t\t\t\t\t\t\t<img decoding=\"async\" width=\"600\" height=\"750\" src=\"https:\/\/workinjuryrights.com\/wp-content\/uploads\/2021\/10\/home-trust-value.jpg\" class=\"attachment-large size-large wp-image-6700\" alt=\"trust &amp; value\" srcset=\"https:\/\/workinjuryrights.com\/wp-content\/uploads\/2021\/10\/home-trust-value.jpg 600w, https:\/\/workinjuryrights.com\/wp-content\/uploads\/2021\/10\/home-trust-value-240x300.jpg 240w\" sizes=\"(max-width: 600px) 100vw, 600px\" \/>\t\t\t\t\t\t\t\t\t\t\t\t\t\t\t<\/div>\n\t\t\t\t\t<\/div>\n\t\t<\/div>\n\t\t\t\t<div class=\"elementor-column elementor-col-50 elementor-top-column elementor-element elementor-element-3ab560e0\" data-id=\"3ab560e0\" data-element_type=\"column\" data-e-type=\"column\">\n\t\t\t<div class=\"elementor-widget-wrap elementor-element-populated\">\n\t\t\t\t\t\t<div class=\"elementor-element elementor-element-75ff887 elementor-widget elementor-widget-heading\" data-id=\"75ff887\" data-element_type=\"widget\" data-e-type=\"widget\" data-widget_type=\"heading.default\">\n\t\t\t\t\t<h2 class=\"elementor-heading-title elementor-size-default\">Confianza<\/h2>\t\t\t\t<\/div>\n\t\t\t\t<div class=\"elementor-element elementor-element-62e38201 elementor-widget-divider--view-line elementor-widget elementor-widget-divider\" data-id=\"62e38201\" data-element_type=\"widget\" data-e-type=\"widget\" data-widget_type=\"divider.default\">\n\t\t\t\t\t\t\t<div class=\"elementor-divider\">\n\t\t\t<span class=\"elementor-divider-separator\">\n\t\t\t\t\t\t<\/span>\n\t\t<\/div>\n\t\t\t\t\t\t<\/div>\n\t\t\t\t<div class=\"elementor-element elementor-element-54bf3089 elementor-widget elementor-widget-text-editor\" data-id=\"54bf3089\" data-element_type=\"widget\" data-e-type=\"widget\" data-widget_type=\"text-editor.default\">\n\t\t\t\t\t\t\t\t\t<p>La base de todas las relaciones es la confianza y en WorkInjuryRights.Com sabemos lo vital que es confiar en su abogado.\u00a0 Nuestro proceso es 100% transparente y nuestros clientes tienen acceso a todos los materiales de su expediente durante todo el proceso.\u00a0 Su abogado asignado colaborar\u00e1 con usted desde el principio en su Plan de Acci\u00f3n (\u00abPOA\u00bb) y determinar\u00e1 qu\u00e9 pasos son necesarios para lograr el resultado que usted desea. \u00a0 En WorkInjuryRights.Com usted no ser\u00e1 simplemente representado, usted participar\u00e1 activamente en la representaci\u00f3n. \u00a0 En \u00faltima instancia, usted, el cliente, tomar\u00e1 todas las decisiones importantes con la orientaci\u00f3n de nuestro experimentado equipo de abogados.<\/p>\t\t\t\t\t\t\t\t<\/div>\n\t\t\t\t\t<\/div>\n\t\t<\/div>\n\t\t\t\t\t<\/div>\n\t\t<\/section>\n\t\t\t\t<section class=\"elementor-section elementor-top-section elementor-element elementor-element-174ae1a0 elementor-reverse-mobile elementor-section-boxed elementor-section-height-default elementor-section-height-default\" data-id=\"174ae1a0\" data-element_type=\"section\" data-e-type=\"section\">\n\t\t\t\t\t\t<div class=\"elementor-container elementor-column-gap-default\">\n\t\t\t\t\t<div class=\"elementor-column elementor-col-50 elementor-top-column elementor-element elementor-element-65818558\" data-id=\"65818558\" data-element_type=\"column\" data-e-type=\"column\">\n\t\t\t<div class=\"elementor-widget-wrap elementor-element-populated\">\n\t\t\t\t\t\t<div class=\"elementor-element elementor-element-64042b0f elementor-widget elementor-widget-heading\" data-id=\"64042b0f\" data-element_type=\"widget\" data-e-type=\"widget\" data-widget_type=\"heading.default\">\n\t\t\t\t\t<h2 class=\"elementor-heading-title elementor-size-default\">Familia<\/h2>\t\t\t\t<\/div>\n\t\t\t\t<div class=\"elementor-element elementor-element-76e658a2 elementor-widget-divider--view-line elementor-widget elementor-widget-divider\" data-id=\"76e658a2\" data-element_type=\"widget\" data-e-type=\"widget\" data-widget_type=\"divider.default\">\n\t\t\t\t\t\t\t<div class=\"elementor-divider\">\n\t\t\t<span class=\"elementor-divider-separator\">\n\t\t\t\t\t\t<\/span>\n\t\t<\/div>\n\t\t\t\t\t\t<\/div>\n\t\t\t\t<div class=\"elementor-element elementor-element-31705984 elementor-widget elementor-widget-text-editor\" data-id=\"31705984\" data-element_type=\"widget\" data-e-type=\"widget\" data-widget_type=\"text-editor.default\">\n\t\t\t\t\t\t\t\t\t<p>\u00a0<\/p><p>Nuestro compromiso con la familia es lo que nos separa de otros bufetes de abogados.\u00a0 Hemos construido un lugar de trabajo que se centra en proporcionar un ambiente nutritivo y positivo para los empleados, que a su vez, tratan a todos los clientes con la misma actitud nutritiva y positiva.\u00a0 Sabemos de primera mano que las lesiones laborales no s\u00f3lo afectan al trabajador lesionado, sino que afectan a toda su familia.\u00a0 Nuestro objetivo es hacer todo lo posible para que vuelva a estar sano, no s\u00f3lo por usted, sino por sus seres queridos.<\/p><div class=\"notranslate\" style=\"all: initial;\">\u00a0<\/div>\t\t\t\t\t\t\t\t<\/div>\n\t\t\t\t\t<\/div>\n\t\t<\/div>\n\t\t\t\t<div class=\"elementor-column elementor-col-50 elementor-top-column elementor-element elementor-element-95a0801\" data-id=\"95a0801\" data-element_type=\"column\" data-e-type=\"column\">\n\t\t\t<div class=\"elementor-widget-wrap elementor-element-populated\">\n\t\t\t\t\t\t<div class=\"elementor-element elementor-element-6c2bbc92 elementor-widget elementor-widget-image\" data-id=\"6c2bbc92\" data-element_type=\"widget\" data-e-type=\"widget\" data-widget_type=\"image.default\">\n\t\t\t\t\t\t\t\t\t\t\t\t\t\t\t<img loading=\"lazy\" decoding=\"async\" width=\"600\" height=\"750\" src=\"https:\/\/workinjuryrights.com\/wp-content\/uploads\/2021\/10\/home-family-value.jpg\" class=\"attachment-large size-large wp-image-6702\" alt=\"family values\" srcset=\"https:\/\/workinjuryrights.com\/wp-content\/uploads\/2021\/10\/home-family-value.jpg 600w, https:\/\/workinjuryrights.com\/wp-content\/uploads\/2021\/10\/home-family-value-240x300.jpg 240w\" sizes=\"(max-width: 600px) 100vw, 600px\" \/>\t\t\t\t\t\t\t\t\t\t\t\t\t\t\t<\/div>\n\t\t\t\t\t<\/div>\n\t\t<\/div>\n\t\t\t\t\t<\/div>\n\t\t<\/section>\n\t\t\t\t<\/div>\n\t\t","protected":false},"excerpt":{"rendered":"<p>Servicio Dedicado \u00a0 Nuestra misi\u00f3n es proporcionar la mejor experiencia de servicio al cliente en nuestra industria.\u00a0 Nuestro personal biling\u00fce se compromete a guiar a cada cliente a trav\u00e9s de su viaje de compensaci\u00f3n de trabajadores paso a paso con la m\u00e1xima atenci\u00f3n, cortes\u00eda y respeto.\u00a0 Cada nuevo empleado pasa por un riguroso programa de [&hellip;]<\/p>\n","protected":false},"author":36,"featured_media":0,"parent":0,"menu_order":0,"comment_status":"closed","ping_status":"closed","template":"elementor_header_footer","meta":{"_acf_changed":false,"anchor_text":"","footnotes":""},"categories":[],"tags":[],"class_list":["post-6765","page","type-page","status-publish","hentry"],"acf":[],"_links":{"self":[{"href":"https:\/\/workinjuryrights.com\/es\/wp-json\/wp\/v2\/pages\/6765","targetHints":{"allow":["GET"]}}],"collection":[{"href":"https:\/\/workinjuryrights.com\/es\/wp-json\/wp\/v2\/pages"}],"about":[{"href":"https:\/\/workinjuryrights.com\/es\/wp-json\/wp\/v2\/types\/page"}],"author":[{"embeddable":true,"href":"https:\/\/workinjuryrights.com\/es\/wp-json\/wp\/v2\/users\/36"}],"replies":[{"embeddable":true,"href":"https:\/\/workinjuryrights.com\/es\/wp-json\/wp\/v2\/comments?post=6765"}],"version-history":[{"count":7,"href":"https:\/\/workinjuryrights.com\/es\/wp-json\/wp\/v2\/pages\/6765\/revisions"}],"predecessor-version":[{"id":6772,"href":"https:\/\/workinjuryrights.com\/es\/wp-json\/wp\/v2\/pages\/6765\/revisions\/6772"}],"wp:attachment":[{"href":"https:\/\/workinjuryrights.com\/es\/wp-json\/wp\/v2\/media?parent=6765"}],"wp:term":[{"taxonomy":"category","embeddable":true,"href":"https:\/\/workinjuryrights.com\/es\/wp-json\/wp\/v2\/categories?post=6765"},{"taxonomy":"post_tag","embeddable":true,"href":"https:\/\/workinjuryrights.com\/es\/wp-json\/wp\/v2\/tags?post=6765"}],"curies":[{"name":"wp","href":"https:\/\/api.w.org\/{rel}","templated":true}]}}