{"id":8118,"date":"2022-03-10T19:16:49","date_gmt":"2022-03-10T19:16:49","guid":{"rendered":"https:\/\/workinjuryrights.com\/?page_id=8118"},"modified":"2022-03-15T14:23:42","modified_gmt":"2022-03-15T14:23:42","slug":"miami","status":"publish","type":"page","link":"https:\/\/workinjuryrights.com\/es\/miami\/","title":{"rendered":"Miami"},"content":{"rendered":"<p>Si se lesion\u00f3 en su lugar de trabajo en Miami, Florida, la ley establece que es elegible para los beneficios de compensaci\u00f3n para trabajadores siempre que se cumplan ciertas condiciones. Si solicit\u00f3 beneficios y se los negaron, o a\u00fan no los ha presentado, presentar su reclamo con la ayuda de un abogado de compensaci\u00f3n laboral aumentar\u00e1 en gran medida sus posibilidades de obtener la compensaci\u00f3n que merece. Comun\u00edquese con Work Injury Rights hoy para programar su consulta sin riesgos con uno de nuestros abogados con experiencia en compensaci\u00f3n laboral.<\/p>\n<p>Nuestros abogados est\u00e1n disponibles las 24 horas del d\u00eda, los 7 d\u00edas de la semana para hablar con usted. Nuestro equipo tiene a\u00f1os de experiencia ayudando a personas como usted a obtener la compensaci\u00f3n que merecen y a la que tienen derecho por sus lesiones en el lugar de trabajo. \u00a1Lo mejor de todo es que no nos paga nada a menos que ganemos su caso! Llame a nuestra oficina hoy y perm\u00edtanos ayudarlo a obtener la m\u00e1xima compensaci\u00f3n por su reclamo de compensaci\u00f3n laboral.<\/p>\n","protected":false},"excerpt":{"rendered":"<p>Si se lesion\u00f3 en su lugar de trabajo en Miami, Florida, la ley establece que es elegible para los beneficios de compensaci\u00f3n para trabajadores siempre que se cumplan ciertas condiciones. Si solicit\u00f3 beneficios y se los negaron, o a\u00fan no los ha presentado, presentar su reclamo con la ayuda de un abogado de compensaci\u00f3n laboral [&hellip;]<\/p>\n","protected":false},"author":29,"featured_media":8219,"parent":0,"menu_order":0,"comment_status":"closed","ping_status":"closed","template":"","meta":{"_acf_changed":false,"anchor_text":"","footnotes":""},"categories":[],"tags":[],"class_list":["post-8118","page","type-page","status-publish","has-post-thumbnail","hentry"],"acf":[],"_links":{"self":[{"href":"https:\/\/workinjuryrights.com\/es\/wp-json\/wp\/v2\/pages\/8118","targetHints":{"allow":["GET"]}}],"collection":[{"href":"https:\/\/workinjuryrights.com\/es\/wp-json\/wp\/v2\/pages"}],"about":[{"href":"https:\/\/workinjuryrights.com\/es\/wp-json\/wp\/v2\/types\/page"}],"author":[{"embeddable":true,"href":"https:\/\/workinjuryrights.com\/es\/wp-json\/wp\/v2\/users\/29"}],"replies":[{"embeddable":true,"href":"https:\/\/workinjuryrights.com\/es\/wp-json\/wp\/v2\/comments?post=8118"}],"version-history":[{"count":3,"href":"https:\/\/workinjuryrights.com\/es\/wp-json\/wp\/v2\/pages\/8118\/revisions"}],"predecessor-version":[{"id":8221,"href":"https:\/\/workinjuryrights.com\/es\/wp-json\/wp\/v2\/pages\/8118\/revisions\/8221"}],"wp:featuredmedia":[{"embeddable":true,"href":"https:\/\/workinjuryrights.com\/es\/wp-json\/wp\/v2\/media\/8219"}],"wp:attachment":[{"href":"https:\/\/workinjuryrights.com\/es\/wp-json\/wp\/v2\/media?parent=8118"}],"wp:term":[{"taxonomy":"category","embeddable":true,"href":"https:\/\/workinjuryrights.com\/es\/wp-json\/wp\/v2\/categories?post=8118"},{"taxonomy":"post_tag","embeddable":true,"href":"https:\/\/workinjuryrights.com\/es\/wp-json\/wp\/v2\/tags?post=8118"}],"curies":[{"name":"wp","href":"https:\/\/api.w.org\/{rel}","templated":true}]}}