{"id":8120,"date":"2022-03-14T20:19:30","date_gmt":"2022-03-14T20:19:30","guid":{"rendered":"https:\/\/workinjuryrights.com\/?page_id=8120"},"modified":"2025-01-09T13:59:12","modified_gmt":"2025-01-09T18:59:12","slug":"abogado-compensacion-laboral","status":"publish","type":"page","link":"https:\/\/workinjuryrights.com\/es\/miami\/abogado-compensacion-laboral\/","title":{"rendered":"Abogado de Compensaci\u00f3n Laboral de Miami"},"content":{"rendered":"\t\t<div data-elementor-type=\"wp-page\" data-elementor-id=\"8120\" class=\"elementor elementor-8120 elementor-7272\" data-elementor-post-type=\"page\">\n\t\t\t\t\t\t<section class=\"elementor-section elementor-top-section elementor-element elementor-element-5b6bcaa0 elementor-section-boxed elementor-section-height-default elementor-section-height-default\" data-id=\"5b6bcaa0\" data-element_type=\"section\" data-e-type=\"section\">\n\t\t\t\t\t\t<div class=\"elementor-container elementor-column-gap-default\">\n\t\t\t\t\t<div class=\"elementor-column elementor-col-100 elementor-top-column elementor-element elementor-element-4b3b909d\" data-id=\"4b3b909d\" data-element_type=\"column\" data-e-type=\"column\">\n\t\t\t<div class=\"elementor-widget-wrap elementor-element-populated\">\n\t\t\t\t\t\t<div class=\"elementor-element elementor-element-87e1c24 elementor-widget elementor-widget-text-editor\" data-id=\"87e1c24\" data-element_type=\"widget\" data-e-type=\"widget\" data-widget_type=\"text-editor.default\">\n\t\t\t\t\t\t\t\t\t<p>Muchas personas asumen que los accidentes laborales son algo que solo ocurre en operaciones mineras y acer\u00edas. La verdad es que los accidentes de trabajo pueden ocurrir en cualquier momento y en cualquier lugar. Incluso si su empleador tiene un entorno de trabajo seguro o usted trabaja en una oficina, siempre existe la posibilidad de un accidente. Lo importante que debe saber es que, si ha resultado lesionado dentro del \u00abalcance y contexto\u00bb de sus actividades laborales, es probable que sea elegible para la compensaci\u00f3n de trabajadores en Florida. Elegir un abogado de compensaci\u00f3n laboral de Miami con Work Injury Rights es una excelente manera de tener la mejor oportunidad posible de obtener cada d\u00f3lar al que tiene derecho.<\/p><p>Pase lo que pase, su derecho a compensaci\u00f3n y su capacidad para ejercer ese derecho en toda la extensi\u00f3n de la ley depende de muchos factores. La compensaci\u00f3n de los trabajadores es un sistema complejo de leyes con una amplia gama de variables relevantes y no siempre puede contar con el proveedor de seguros de la compa\u00f1\u00eda para anteponer sus intereses a los suyos.<\/p><p>Si se lesion\u00f3 en el lugar de trabajo y quiere asegurarse de obtener una compensaci\u00f3n completa, nuestro equipo de abogados experimenta compensaci\u00f3n laboral en <a href=\"https:\/\/workinjuryrights.com\/es\/miami\/\">Miami<\/a> est\u00e1 aqu\u00ed para ayudarlo. En Work Injury Rights, aplicamos toda nuestra habilidad y experiencia para examinar los aspectos m\u00e1s finos de su caso para asegurarnos de que sus derechos sean respetados por aquellos que esencialmente tienen su futuro en sus manos.<\/p><h2>\u00bfQu\u00e9 es la Compensaci\u00f3n de Trabajadores?<\/h2><p>La compensaci\u00f3n para trabajadores es un tipo de cobertura de seguro que compra su empleador. Este seguro est\u00e1 dise\u00f1ado para cubrir lesiones que sufran los empleados en el lugar de trabajo, con algunas excepciones. Seg\u00fan la <a href=\"http:\/\/www.leg.state.fl.us\/statutes\/index.cfm?App_mode=Display_Statute&amp;URL=0400-0499\/0440\/0440.html\" target=\"_blank\" rel=\"noopener\">ley de Florida<\/a>, todos los empleadores de la industria no relacionada con la construcci\u00f3n con m\u00e1s de 4 empleados deben comprar un seguro de compensaci\u00f3n para trabajadores de un proveedor de seguros con licencia de Florida. Esto permite que los trabajadores reciban una compensaci\u00f3n por todas las lesiones relacionadas con el trabajo sin importar qui\u00e9n tuvo la culpa. Al comprar este seguro, los empleadores tambi\u00e9n se vuelven inmunes a ciertos tipos de demandas de sus empleados.<\/p><h2>\u00bfQu\u00e9 Cubre la Compensaci\u00f3n de los Trabajadores en Florida?<\/h2><p>Si se lesion\u00f3 en el lugar de trabajo, seg\u00fan la ley de Florida, tiene derecho a una cierta cantidad de compensaci\u00f3n. Pero hay muchos puntos m\u00e1s finos que ser\u00e1n examinados primero. Esto es lo que necesita saber sobre los tipos de lesiones y c\u00f3mo califican para los <a href=\"https:\/\/workinjuryrights.com\/es\/miami\/beneficios-laborales\/\">beneficios de compensaci\u00f3n para trabajadores<\/a>.<\/p><h3>Lesiones Graves Sufridas en el Trabajo<\/h3><p>Independientemente de si usted tuvo la culpa de sus lesiones, siempre que no haya estado bajo la influencia de drogas o alcohol o haya actuado con malas intenciones, es probable que su lesi\u00f3n en el trabajo est\u00e9 cubierta por la compensaci\u00f3n para trabajadores.<\/p><h3>Eventos Acumulativos y Lesiones<\/h3><p>Hay momentos en que las lesiones sufridas no se notan f\u00e1cilmente, ya que ocurren durante un per\u00edodo prolongado de tiempo. Por ejemplo, el <a href=\"https:\/\/workinjuryrights.com\/es\/tipo-de-lesion\/lesiones-estres-repetitivo\/\">movimiento repetitivo<\/a> puede causar el s\u00edndrome del t\u00fanel carpiano, y trabajar en <a href=\"https:\/\/workinjuryrights.com\/es\/tipo-de-lesion\/exposicion-productos-quimicos-humos\/\">entornos laborales contaminados o t\u00f3xicos<\/a> puede tener otros efectos en la salud que pueden no notarse hasta meses o incluso a\u00f1os despu\u00e9s. Si sufre de condiciones como esta, tambi\u00e9n puede ser elegible para una compensaci\u00f3n.<\/p><h3>Las Lesiones Fuera de la Oficina A VECES Est\u00e1n Cubiertas<\/h3><p>En su mayor parte, si sus lesiones ocurren fuera del lugar de trabajo, no est\u00e1n cubiertas por la compensaci\u00f3n de los trabajadores. Por ejemplo, si tuvo un accidente automovil\u00edstico camino al trabajo, no puede recibir compensaci\u00f3n por sus lesiones. Pero, si estuvo involucrado en un accidente mientras se dirig\u00eda a reunirse con un cliente, esto podr\u00eda considerarse dentro del \u00abalcance y contexto\u00bb de su trabajo y, por lo tanto, lo har\u00eda elegible para los beneficios de compensaci\u00f3n para trabajadores.<\/p><p>La mejor manera de saber con certeza si sus lesiones est\u00e1n cubiertas por la compensaci\u00f3n de los trabajadores es poni\u00e9ndose en contacto con un abogado experto en compensaci\u00f3n de trabajadores con <a href=\"https:\/\/workinjuryrights.com\/es\/\">Work Injury Rights<\/a>. Le proporcionaremos una consulta sin riesgos y examinaremos los detalles de su caso y le brindaremos orientaci\u00f3n sobre c\u00f3mo seguir adelante.<\/p><p>\u00a1Llame al <a href=\"tel:+19543888616\">954-388-8616<\/a> para programar su <strong>consulta GRATUITA hoy<\/strong>!<\/p><p><a href=\"https:\/\/workinjuryrights.com\/wp-content\/uploads\/2022\/03\/work-injury-rights-miami-abogado-compensacion_laboral.jpg\"><img fetchpriority=\"high\" decoding=\"async\" class=\"alignnone size-full wp-image-8123\" src=\"https:\/\/workinjuryrights.com\/wp-content\/uploads\/2022\/03\/work-injury-rights-miami-abogado-compensacion_laboral.jpg\" alt=\"abogado de compensaci\u00f3n laboral de Miami \" width=\"500\" height=\"333\" srcset=\"https:\/\/workinjuryrights.com\/wp-content\/uploads\/2022\/03\/work-injury-rights-miami-abogado-compensacion_laboral.jpg 500w, https:\/\/workinjuryrights.com\/wp-content\/uploads\/2022\/03\/work-injury-rights-miami-abogado-compensacion_laboral-300x200.jpg 300w\" sizes=\"(max-width: 500px) 100vw, 500px\" \/><\/a><\/p><h2>\u00bfQu\u00e9 Paga la Compensaci\u00f3n de Trabajadores?<\/h2><p>En general, la compensaci\u00f3n para trabajadores est\u00e1 dise\u00f1ada para pagar los gastos m\u00e9dicos y el tratamiento que se requieren como resultado de su lesi\u00f3n, adem\u00e1s de reemplazar algunos de los ingresos que perdi\u00f3 como resultado de su lesi\u00f3n. Si bien el sistema no es perfecto, est\u00e1 configurado para permitir que los trabajadores lesionados reciban atenci\u00f3n m\u00e9dica integral y se recuperen por completo de su lesi\u00f3n antes de regresar al trabajo, sin tener que preocuparse por la ruina financiera como resultado.<\/p><p>A continuaci\u00f3n, se muestra una lista de algunas de las cosas que pagar\u00e1n los beneficios de compensaci\u00f3n para trabajadores:<\/p><ul><li>Sus facturas m\u00e9dicas (con m\u00e9dicos tratantes autorizados)<\/li><li>Cualquier costo de rehabilitaci\u00f3n<\/li><li>Un porcentaje de sus salarios perdidos<\/li><li>Medicamentos recetados<\/li><li>Cualquier gasto de viaje necesario relacionado con el tratamiento de su lesi\u00f3n<\/li><li>Su beneficio de reemplazo por p\u00e9rdida de ingresos, que ser\u00e1 dos tercios de su salario semanal promedio (con un tope de $575 por semana)<\/li><li>Discapacidad parcial permanente (PPD): esta es una suma de dinero adicional si el m\u00e9dico tratante autorizado emite una calificaci\u00f3n de discapacidad de conformidad con las <a href=\"https:\/\/www.ama-assn.org\/delivering-care\/ama-guides\/ama-guides-evaluation-permanent-impairment-overview\" target=\"_blank\" rel=\"noopener\">Pautas de la Asociaci\u00f3n M\u00e9dica Estadounidense<\/a>.<\/li><\/ul><p><strong>Relacionado<\/strong>: <a href=\"https:\/\/workinjuryrights.com\/es\/miami\/beneficios-laborales\/\">Beneficios de Compensaci\u00f3n para Trabajadores en Miami<\/a><\/p><h2>\u00bfQu\u00e9 Debo Hacer si Me Lesiono en el Trabajo?<\/h2><p>Si se ha lesionado en el trabajo, es natural sentirse alarmado. Pero querr\u00e1 mantener la cabeza despejada y actuar para proteger sus intereses. Aqu\u00ed hay algunas cosas importantes que debe hacer despu\u00e9s de una lesi\u00f3n en el lugar de trabajo:<\/p><h3>D\u00edgale a su Empleador que Est\u00e1 Herido<\/h3><p>Querr\u00e1 informar a su supervisor, empleador o capataz que ha resultado lesionado. Esto deber\u00eda ser una prioridad en su mente justo despu\u00e9s de buscar atenci\u00f3n m\u00e9dica para su lesi\u00f3n. Si bien siempre es mejor manejar esto lo antes posible, la ley de Florida exige que la lesi\u00f3n en el lugar de trabajo se informe al empleador o supervisor dentro de los <a href=\"https:\/\/www.myfloridacfo.com\/division\/wc\/employee\/reportaclaim.htm\" target=\"_blank\" rel=\"noopener\">30 d\u00edas posteriores al accidente<\/a>.<\/p><h3>Tome Fotograf\u00edas de su Lesi\u00f3n y Recopile Detalles<\/h3><p>Tan pronto como sus lesiones lo permitan, querr\u00e1 recopilar toda la informaci\u00f3n sobre sus lesiones. Esta ser\u00e1 una actividad continua, ya que tambi\u00e9n querr\u00e1 registrar el proceso de recuperaci\u00f3n. Ser\u00e1 importante mantener un registro cuidadoso de todos los detalles menores y recopilar evidencia de la escena del accidente tambi\u00e9n si puede.<\/p><h3>Haga que un Profesional M\u00e9dico Examine sus Lesiones y Siga las Instrucciones de su M\u00e9dico<\/h3><p>Tambi\u00e9n querr\u00e1 que un profesional m\u00e9dico examine sus lesiones o condiciones, m\u00e1s espec\u00edficamente un m\u00e9dico de WC\/MCO, que se especializa en casos de compensaci\u00f3n laboral. Podr\u00e1n establecer un v\u00ednculo positivo entre sus lesiones y un peligro espec\u00edfico del lugar de trabajo responsable de la ocurrencia. Tambi\u00e9n le proporcionar\u00e1n un plan de recuperaci\u00f3n muy detallado que querr\u00e1 estudiar y llevar a cabo hasta el m\u00e1s m\u00ednimo detalle. El no hacerlo podr\u00eda ser motivo para dudar de la sinceridad de su reclamo.<\/p><h3>Comience y Mantenga un Registro Escrito de su Lesi\u00f3n y S\u00edntomas<\/h3><p>Como se mencion\u00f3, querr\u00e1 mantener una recopilaci\u00f3n muy cuidadosa de los detalles de este caso. Esto incluir\u00e1 el informe y las instrucciones del m\u00e9dico, fotos de la lesi\u00f3n, informes de progreso y cualquier otra cosa que est\u00e9 relacionada con su caso.<\/p><h3>Presente un Reclamo de Compensaci\u00f3n para Trabajadores con la Asistencia de un Abogado de Compensaci\u00f3n para Trabajadores<\/h3><p>En cualquier momento durante el proceso de reclamaci\u00f3n, puede optar por que su caso e intereses sean representados por un abogado con experiencia en compensaci\u00f3n laboral. Si bien esto no es un requisito, para aquellos que buscan recibir la compensaci\u00f3n total que les otorga la ley, es la mejor opci\u00f3n. el proveedor de seguros puede muy f\u00e1cilmente optar por no participar en varios elementos de la reclamaci\u00f3n si as\u00ed lo desea. Un abogado calificado en compensaci\u00f3n laboral de nuestro destacado grupo legal, Work Injury Rights, puede asegurarse de que sus intereses se respeten en todos los sentidos.<\/p><h3>Descansa y Recup\u00e9rate<\/h3><p>Despu\u00e9s de ponerse en contacto con un abogado de compensaci\u00f3n de trabajadores, puede estar seguro de que un experto manejar todos los puntos legales m\u00e1s finos, debe concentrarse en recuperarse por completo. Ser\u00e1 muy importante seguir las recomendaciones e instrucciones de su m\u00e9dico durante este proceso de recuperaci\u00f3n.<\/p><h2>Pasos para Presentar un Reclamo de Compensaci\u00f3n para Trabajadores<\/h2><p>El <a href=\"https:\/\/workinjuryrights.com\/es\/miami\/proceso-reclamaciones-indemnizacion-laboral\/\">proceso de reclamos de compensaci\u00f3n para trabajadores<\/a> de Florida es bastante sencillo, pero tiene sus propios matices y complejidades. A continuaci\u00f3n, se muestra una lista de los pasos b\u00e1sicos para presentar su reclamo, pero tambi\u00e9n tenemos una explicaci\u00f3n m\u00e1s detallada.<\/p><h3>Informe su Lesi\u00f3n a su Supervisor<\/h3><p>Despu\u00e9s de sufrir una lesi\u00f3n en el trabajo, los empleados deben informar la lesi\u00f3n a su empleador dentro de los 30 d\u00edas posteriores a la lesi\u00f3n o arriesgarse a que se rechace su reclamo. Si bien nunca es necesario presentar su informe por escrito, hay una buena raz\u00f3n para considerar enviar un informe escrito a su empleador notific\u00e1ndose sobre su accidente y las circunstancias en las que ocurri\u00f3.<\/p><p>En primer lugar, enviar una notificaci\u00f3n por correo electr\u00f3nico proporciona una marca de tiempo importante en la comunicaci\u00f3n en caso de que surja alguna pregunta al respecto en el futuro. Luego, su empleador tiene 10 d\u00edas a partir de la recepci\u00f3n de su notificaci\u00f3n para presentar un formulario de \u00ab<a href=\"https:\/\/www.myfloridacfo.com\/Division\/WC\/pdf\/DFS-F2-DWC-1.pdf\" target=\"_blank\" rel=\"noopener\">Primer informe de lesi\u00f3n o enfermedad<\/a>\u00bb al Departamento de Servicios Financieros de Florida, Divisi\u00f3n de Compensaci\u00f3n para Trabajadores.<\/p><h3>Intento de Resolver Informalmente la Reclamaci\u00f3n.<\/h3><p>Querr\u00e1 hacer todo lo posible para tratar de resolver el problema directamente con su empleador. Aseg\u00farese de hacer un seguimiento del estado de su reclamo para asegurarse de que se haya informado correctamente. Como se mencion\u00f3 anteriormente, su empleador tiene 10 d\u00edas a partir de la notificaci\u00f3n de su lesi\u00f3n para presentar su informe ante el estado. Incluso si su empleador completa el formulario en su totalidad, el empleado debe firmar el formulario. Si el informe no se ha enviado dentro de los 10 d\u00edas, deber\u00e1 comenzar a tomar medidas correctivas.<\/p><h3>Comun\u00edquese con un Abogado Calificado de Compensaci\u00f3n de Trabajadores<\/h3><p>Aunque hemos entrado en detalles para explicar el proceso que rodea la obtenci\u00f3n de la compensaci\u00f3n del trabajador, hay mucho m\u00e1s de lo que se puede incluir en esta breve sinopsis. El proceso es complejo y no es inusual que los proveedores de seguros busquen formas de evitar que las v\u00edctimas de accidentes cobren la compensaci\u00f3n que les corresponde. Un abogado calificado en compensaci\u00f3n de trabajadores cerca de usted est\u00e1 bien equipado para proteger sus derechos y luchar por una compensaci\u00f3n justa.<\/p><p><a href=\"https:\/\/workinjuryrights.com\/wp-content\/uploads\/2022\/03\/work-injury-rights-miami-abogado-compensacion-laboral-2-1.jpg\"><img decoding=\"async\" class=\"alignnone size-full wp-image-8126\" src=\"https:\/\/workinjuryrights.com\/wp-content\/uploads\/2022\/03\/work-injury-rights-miami-abogado-compensacion-laboral-2-1.jpg\" alt=\"abogado de compensaci\u00f3n laboral de Miami\" width=\"500\" height=\"333\" srcset=\"https:\/\/workinjuryrights.com\/wp-content\/uploads\/2022\/03\/work-injury-rights-miami-abogado-compensacion-laboral-2-1.jpg 500w, https:\/\/workinjuryrights.com\/wp-content\/uploads\/2022\/03\/work-injury-rights-miami-abogado-compensacion-laboral-2-1-300x200.jpg 300w\" sizes=\"(max-width: 500px) 100vw, 500px\" \/><\/a><\/p><h3>Presente su Petici\u00f3n de Beneficios.<\/h3><p>Si sus esfuerzos para recuperar la compensaci\u00f3n a trav\u00e9s del proveedor de seguros de su empleador han resultado ineficaces, lo siguiente que debe hacer ser\u00e1 presentar una petici\u00f3n de beneficios. Este documento debe incluir su informaci\u00f3n de contacto, as\u00ed como la informaci\u00f3n de contacto de su empleador y sus proveedores de compensaci\u00f3n para trabajadores. El equipo de Work Injury Rights puede ayudarlo a presentar su petici\u00f3n y al mismo tiempo brindarle una representaci\u00f3n legal excepcional.<\/p><p><strong>Adem\u00e1s, deber\u00e1 incluir:<\/strong><\/p><ul><li>Una descripci\u00f3n de sus responsabilidades laborales y lo que estaba haciendo cuando se lesion\u00f3.<\/li><li>Una descripci\u00f3n del accidente y una lista de todas las partes del cuerpo que resultaron heridas.<\/li><li>Listado de todos los reclamos que est\u00e1 haciendo<\/li><li>Un reclamo sobre los intereses de los beneficios no pagados, as\u00ed como los honorarios de los abogados.<\/li><li>Tendr\u00e1 que presentar su formulario de Petici\u00f3n de Beneficios en la Oficina del Secretario de la <a href=\"https:\/\/www-jcc-state-fl-us.translate.goog\/jcc\/?_x_tr_sl=auto&amp;_x_tr_tl=en&amp;_x_tr_hl=en\" target=\"_blank\" rel=\"noopener\">Oficina de Jueces de Reclamos de Compensaci\u00f3n (OJCC)<\/a>. Por otro lado, si tiene representaci\u00f3n legal asegurada, puede hacer que esta importante tarea sea manejada por un profesional calificado.<\/li><li>Tambi\u00e9n se debe entregar una copia de la petici\u00f3n a su empleador y su proveedor de seguros por correo.<\/li><\/ul><h2>\u00bfCu\u00e1les son Mis Derechos Despu\u00e9s de una Lesi\u00f3n en el Trabajo?<\/h2><p>En ocasiones, los trabajadores dudar\u00e1n en presentar demandas contra sus empleadores por temor a que esto cause un problema grave para su empleador y que sus empleadores puedan incluso tomar medidas de represalia. La verdad es que todos estos son procedimientos bastante rutinarios, dise\u00f1ados para evitar cualquier acci\u00f3n de represalia, lo que ser\u00eda motivo de m\u00e1s problemas legales, ya que es ilegal que un empleador lo haga.<\/p><p>Si cree que su empleador ha <a href=\"http:\/\/www.leg.state.fl.us\/Statutes\/index.cfm?App_mode=Display_Statute&amp;Search_String=&amp;URL=0400-0499\/0440\/Sections\/0440.205.html\" target=\"_blank\" rel=\"noopener\">tomado alg\u00fan tipo de represalia<\/a>, incluidas, entre otras, intimidaci\u00f3n, coerci\u00f3n, amenazas de despido o despido, inf\u00f3rmenos de inmediato. Llame al <a href=\"tel:+19543888616\">954-388-8616<\/a> y hable con un abogado de compensaci\u00f3n de trabajadores de Miami hoy.<\/p><h2>\u00bfQu\u00e9 Puedo Hacer si Mi Reclamo es Denegado?<\/h2><p>Los empleadores y sus proveedores de seguros siempre buscar\u00e1n razones para denegar reclamos y realizar pagos m\u00ednimos. Si su reclamo ha sido denegado por completo, lo mejor para usted es presentar una disputa con el estado.<\/p><p>Si su reclamo fue denegado, ingresar\u00e1 a un proceso que acompa\u00f1a a esta denegaci\u00f3n. Hay tres pasos en este proceso:<\/p><h3>Notificaci\u00f3n de Negaci\u00f3n<\/h3><p>El proveedor de seguros de su empleador debe proporcionarle una notificaci\u00f3n de recibir el informe dentro de unos d\u00edas de haberlo recibido. Luego de esto, investigar\u00e1n el reclamo y brindar\u00e1n su decisi\u00f3n dentro de los 30 d\u00edas. Muchos reclamos ser\u00e1n categ\u00f3ricamente negados. Si recibi\u00f3 un <a href=\"https:\/\/www.myfloridacfo.com\/division\/wc\/pdf\/DFS-F2-DWC-12.pdf\" target=\"_blank\" rel=\"noopener\">Aviso de denegaci\u00f3n<\/a>, no se preocupe, todav\u00eda hay numerosos cursos de acci\u00f3n que se pueden tomar para obtener la compensaci\u00f3n que merece.<\/p><h3>Apelaci\u00f3n de un Reclamo Denegado<\/h3><p>Los trabajadores lesionados que buscan apelar un reclamo denegado pueden presentar una petici\u00f3n ante la OJCC, la Oficina de Jueces de Reclamos de Compensaci\u00f3n. Existe una ventana de oportunidad de <a href=\"http:\/\/www.leg.state.fl.us\/statutes\/index.cfm?App_mode=Display_Statute&amp;URL=0400-0499\/0440\/0440.html\" target=\"_blank\" rel=\"noopener\">dos a\u00f1os<\/a> para presentar su apelaci\u00f3n, por lo que ser\u00e1 importante actuar con rapidez. En este punto, la compa\u00f1\u00eda de seguros puede optar por cambiar su decisi\u00f3n y pagar una indemnizaci\u00f3n, o presentar una respuesta que justifique su decisi\u00f3n. Adem\u00e1s, el hecho de que inicialmente digan que pagar\u00e1n no significa que no impugnar\u00e1n el reclamo m\u00e1s adelante.<\/p><h3>Mediaci\u00f3n<\/h3><p>Finalmente, se llevar\u00e1 a cabo la mediaci\u00f3n para resolver cualquier controversia y el juez resolver\u00e1. Si no se llega a una resoluci\u00f3n o el resultado es desfavorable, la sentencia puede ser apelada nuevamente. En este caso, se llevar\u00e1 a cabo una vista administrativa con el Juez de Reclamo de Indemnizaci\u00f3n. Esto ser\u00e1 muy parecido a un juicio y ambas partes presentar\u00e1n pruebas. Se le pedir\u00e1 que exponga la naturaleza de sus lesiones, c\u00f3mo se produjeron y c\u00f3mo le impidieron desempe\u00f1ar sus funciones. El juez emitir\u00e1 un fallo dentro de los 30 d\u00edas e incluso este fallo puede ser apelado m\u00e1s.<\/p><p>Relacionado: Manejo de disputas de compensaci\u00f3n laboral en Miami<\/p><h2>\u00bfC\u00f3mo Puede Ayudarme un Abogado de Compensaci\u00f3n Laboral?<\/h2><p>Un abogado calificado en compensaci\u00f3n de trabajadores en Miami podr\u00e1 guiarlo a trav\u00e9s de este complejo sistema de leyes y recuperar la compensaci\u00f3n que necesita para recuperarse por completo. Debido a que tenemos una amplia experiencia en estos reclamos y procesos, nuestro conocimiento tambi\u00e9n puede aumentar en gran medida el valor de su reclamo.<\/p><h2>\u00a1P\u00f3ngase en Contacto con un Abogado de Compensaci\u00f3n Laboral de Miami en Work Injury Rights Hoy para una Consulta Sin Riesgos!<\/h2><p>Si ha resultado lesionado en un accidente de trabajo, las implicaciones pueden afectar considerablemente su vida. El equipo de abogados de compensaci\u00f3n laboral de Work Injury Rights ha manejado miles de casos de lesiones laborales en el sur de Florida y en todo el estado. Estamos listos para estar a su lado durante todo el proceso, luchando para obtener la compensaci\u00f3n justa a la que tiene derecho seg\u00fan la ley.<\/p><p>Llame a <a href=\"https:\/\/workinjuryrights.com\/es\/\">Work Injury Rights<\/a> al <a href=\"tel:+19543888616\">954-388-8616<\/a> hoy para recibir una <strong>consulta sin riesgos<\/strong> y una excelente asistencia legal. Examinaremos los detalles de su caso y le proporcionaremos la mejor soluci\u00f3n posible a su situaci\u00f3n.<\/p>\t\t\t\t\t\t\t\t<\/div>\n\t\t\t\t\t<\/div>\n\t\t<\/div>\n\t\t\t\t\t<\/div>\n\t\t<\/section>\n\t\t\t\t<\/div>\n\t\t","protected":false},"excerpt":{"rendered":"<p>Muchas personas asumen que los accidentes laborales son algo que solo ocurre en operaciones mineras y acer\u00edas. La verdad es que los accidentes de trabajo pueden ocurrir en cualquier momento y en cualquier lugar. Incluso si su empleador tiene un entorno de trabajo seguro o usted trabaja en una oficina, siempre existe la posibilidad de [&hellip;]<\/p>\n","protected":false},"author":29,"featured_media":0,"parent":8118,"menu_order":0,"comment_status":"closed","ping_status":"closed","template":"","meta":{"_acf_changed":false,"anchor_text":"","footnotes":""},"categories":[],"tags":[45,108],"class_list":["post-8120","page","type-page","status-publish","hentry","tag-workers-compensation","tag-workers-compensation-es"],"acf":[],"_links":{"self":[{"href":"https:\/\/workinjuryrights.com\/es\/wp-json\/wp\/v2\/pages\/8120","targetHints":{"allow":["GET"]}}],"collection":[{"href":"https:\/\/workinjuryrights.com\/es\/wp-json\/wp\/v2\/pages"}],"about":[{"href":"https:\/\/workinjuryrights.com\/es\/wp-json\/wp\/v2\/types\/page"}],"author":[{"embeddable":true,"href":"https:\/\/workinjuryrights.com\/es\/wp-json\/wp\/v2\/users\/29"}],"replies":[{"embeddable":true,"href":"https:\/\/workinjuryrights.com\/es\/wp-json\/wp\/v2\/comments?post=8120"}],"version-history":[{"count":14,"href":"https:\/\/workinjuryrights.com\/es\/wp-json\/wp\/v2\/pages\/8120\/revisions"}],"predecessor-version":[{"id":20418,"href":"https:\/\/workinjuryrights.com\/es\/wp-json\/wp\/v2\/pages\/8120\/revisions\/20418"}],"up":[{"embeddable":true,"href":"https:\/\/workinjuryrights.com\/es\/wp-json\/wp\/v2\/pages\/8118"}],"wp:attachment":[{"href":"https:\/\/workinjuryrights.com\/es\/wp-json\/wp\/v2\/media?parent=8120"}],"wp:term":[{"taxonomy":"category","embeddable":true,"href":"https:\/\/workinjuryrights.com\/es\/wp-json\/wp\/v2\/categories?post=8120"},{"taxonomy":"post_tag","embeddable":true,"href":"https:\/\/workinjuryrights.com\/es\/wp-json\/wp\/v2\/tags?post=8120"}],"curies":[{"name":"wp","href":"https:\/\/api.w.org\/{rel}","templated":true}]}}