{"id":8129,"date":"2022-03-14T20:46:46","date_gmt":"2022-03-14T20:46:46","guid":{"rendered":"https:\/\/workinjuryrights.com\/?page_id=8129"},"modified":"2023-08-22T09:28:18","modified_gmt":"2023-08-22T14:28:18","slug":"lesiones-preexistentes","status":"publish","type":"page","link":"https:\/\/workinjuryrights.com\/es\/miami\/abogado-compensacion-laboral\/lesiones-preexistentes\/","title":{"rendered":"Lesiones y Afecciones Preexistentes en Miami"},"content":{"rendered":"<p>La mayor\u00eda de los empleados dan por sentada la seguridad en el lugar de trabajo. Pero en realidad, las lesiones laborales ocurren con mucha frecuencia y casi todos los d\u00edas. Si ha tenido la mala suerte de sufrir una lesi\u00f3n en el trabajo, puede calificar para recibir beneficios de compensaci\u00f3n para trabajadores. Estos beneficios pueden ofrecerle la red de seguridad financiera que tanto necesita para recuperarse y continuar con su vida. A pesar de que la compensaci\u00f3n de los trabajadores debe proporcionar cobertura para cualquier lesi\u00f3n\/enfermedad sufrida en el trabajo, \u00bfqu\u00e9 pasa con las lesiones y afecciones preexistentes?<\/p>\n<p>Hay casos en los que su reclamo puede ser rechazado debido a lesiones o condiciones preexistentes en Miami. Su empleador y su compa\u00f1\u00eda de seguros pueden afirmar que su trastorno m\u00e9dico existente es la causa de sus lesiones y pueden presionar para negar el desembolso de sus beneficios de compensaci\u00f3n. Es esencial tener en cuenta que su condici\u00f3n preexistente puede no impedir necesariamente su derecho a solicitar un reembolso.<\/p>\n<p>Con todo, recibir beneficios si tiene condiciones o lesiones preexistentes es una batalla cuesta arriba. Si se encuentra en esta situaci\u00f3n, nuestros <a href=\"https:\/\/workinjuryrights.com\/es\/miami\/abogado-compensacion-laboral\/\">abogados experimentados en compensaci\u00f3n de trabajadores de Miami<\/a> en Work Injury Rights pueden discutir su caso \u00fanico y determinar el mejor curso de acci\u00f3n a tomar. Tenemos una amplia experiencia en el manejo de este tipo de casos, por lo que puede estar seguro de que podemos ayudarle. Ll\u00e1menos al <a href=\"tel:+19543888616\">954-388-8616<\/a> para programar una consulta gratuita y una evaluaci\u00f3n de su caso. \u00a1Podemos ayudar!<\/p>\n<h2>\u00bfQu\u00e9 Son las Lesiones y Condiciones Preexistentes?<\/h2>\n<p>Una condici\u00f3n preexistente se puede definir como un trastorno m\u00e9dico previo que precede al accidente laboral en el centro de su <a href=\"\/es\/miami\/proceso-reclamaciones-indemnizacion-laboral\">reclamo de compensaci\u00f3n laboral<\/a> actual.<\/p>\n<p>Es una condici\u00f3n o lesi\u00f3n que existe desde hace un tiempo y puede afectar su capacidad para cumplir con los roles laborales actuales. Esto incluye condiciones como el s\u00edndrome del t\u00fanel carpiano y una hernia de disco. Lo que puede clasificarse como una condici\u00f3n o lesi\u00f3n preexistente es expansivo, por lo que es esencial que los empleados que padecen dichos trastornos sepan exactamente qu\u00e9 padecen y, posteriormente, busquen ayuda m\u00e9dica.<\/p>\n<h2>Seg\u00fan las Leyes de Florida, \u00bflas Condiciones o Lesiones Preexistentes le Impiden Presentar Reclamos de Compensaci\u00f3n para Trabajadores?<\/h2>\n<p>De acuerdo con las leyes de compensaci\u00f3n de Florida, los empleados que sufren <a href=\"http:\/\/www.leg.state.fl.us\/statutes\/index.cfm?App_mode=Display_Statute&amp;Search_String=&amp;URL=0400-0499\/0440\/Sections\/0440.49.html#:~:text=LEGISLATIVE%20INTENT.%E2%80%94Whereas,Disability%20Trust%20Fund.\" target=\"_blank\" rel=\"noopener\">lesiones o condiciones preexistentes<\/a> no tienen prohibido obtener beneficios de compensaci\u00f3n para trabajadores. De hecho, los beneficios de compensaci\u00f3n para trabajadores deben otorgarse si la lesi\u00f3n relacionada con el trabajo exacerb\u00f3 la condici\u00f3n o lesi\u00f3n preexistente en Miami, FL.<\/p>\n<p>Sin embargo, esto no necesariamente sugiere que el procedimiento para obtener un reembolso por lesiones antiguas sea sencillo. Las compa\u00f1\u00edas de seguros son excelentes para salvaguardar sus resultados y har\u00e1n todo lo posible para refutar o impugnar su reclamo de compensaci\u00f3n para trabajadores. Una estrategia com\u00fan es afirmar que el accidente de trabajo no tuvo un impacto significativo en su condici\u00f3n. Debe probar que la lesi\u00f3n laboral es m\u00e1s del 50% responsable de su condici\u00f3n actual para <a href=\"https:\/\/workinjuryrights.com\/es\/boca-raton\/abogado-compensacion-laboral\/beneficios-laborales\/\">reclamar los beneficios<\/a>.<\/p>\n<p><a href=\"https:\/\/workinjuryrights.com\/wp-content\/uploads\/2022\/03\/work-injury-rights-miami-lesiones-preexistentes-1-1.jpg\"><img fetchpriority=\"high\" decoding=\"async\" class=\"alignnone size-full wp-image-8192\" src=\"https:\/\/workinjuryrights.com\/wp-content\/uploads\/2022\/03\/work-injury-rights-miami-lesiones-preexistentes-1-1.jpg\" alt=\"Lesiones y Afecciones Preexistentes en Miami\" width=\"500\" height=\"333\" srcset=\"https:\/\/workinjuryrights.com\/wp-content\/uploads\/2022\/03\/work-injury-rights-miami-lesiones-preexistentes-1-1.jpg 500w, https:\/\/workinjuryrights.com\/wp-content\/uploads\/2022\/03\/work-injury-rights-miami-lesiones-preexistentes-1-1-300x200.jpg 300w\" sizes=\"(max-width: 500px) 100vw, 500px\" \/><\/a><\/p>\n<h2>\u00bfQu\u00e9 Obst\u00e1culos Puedo Enfrentar con Mi Reclamo de Compensaci\u00f3n Laboral Cuando Trato de Probar que una Condici\u00f3n Preexistente Empeor\u00f3?<\/h2>\n<p>Un ejemplo perfecto de esto es si eres un empleado que sufre de osteopenia (un trastorno que hace que los huesos sean vulnerables a las fracturas). Su empleador no est\u00e1 obligado a darle beneficios para buscar tratamiento o darle tiempo libre para tratar los s\u00edntomas asociados con la condici\u00f3n existente. Pero si se fractura la pierna mientras realiza tareas laborales como levantar una caja, califica para la compensaci\u00f3n de trabajadores, incluso si alguien que no tiene osteopenia manejar\u00eda f\u00e1cilmente la tarea.<\/p>\n<p>Otros reclamos comunes involucran lesiones compensables que surgen de actividades repetitivas como levantar objetos pesados \u200b\u200bcontinuamente como parte de la descripci\u00f3n de su trabajo. Si recibi\u00f3 tratamiento por lesiones en las articulaciones, las rodillas o los hombros en el pasado, dichas actividades laborales pueden exacerbar las.<\/p>\n<p>Aunque los empleadores deber\u00edan aceptar a los empleados tal como son, a menudo refutan la afirmaci\u00f3n de que los s\u00edntomas que le impiden cumplir con sus responsabilidades laborales se atribuyen a su condici\u00f3n preexistente y no tienen nada que ver con su trabajo. Probar la agravaci\u00f3n, en este caso, puede ser dif\u00edcil y su reclamo de compensaci\u00f3n laboral puede terminar siendo rechazado.<\/p>\n<h2>\u00bfC\u00f3mo Puede Proteger su Reclamo de Compensaci\u00f3n para Trabajadores?<\/h2>\n<p>Las compa\u00f1\u00edas de seguros enviar\u00e1n a sus ajustadores para impugnar cualquier reclamo de compensaci\u00f3n laboral, particularmente aquellos que involucren condiciones o lesiones preexistentes en Miami, FL. Para salvaguardar su reclamo de compensaci\u00f3n para trabajadores, aseg\u00farese de seguir los siguientes pasos:<\/p>\n<h3>Presente su Reclamo a Tiempo<\/h3>\n<p>De acuerdo con las leyes de compensaci\u00f3n de trabajadores de Florida, es crucial que <a href=\"https:\/\/workinjuryrights.com\/es\/boca-raton\/abogado-compensacion-laboral\/informar-lesion-laboral\/\">informe su reclamo<\/a> a las autoridades pertinentes a tiempo si desea obtener sus beneficios. Tiene un l\u00edmite de tiempo de 30 d\u00edas para notificar a su empleador sobre la lesi\u00f3n o, de lo contrario, corre el riesgo de perder su derecho a solicitar un reembolso.<\/p>\n<h3>Mantener Registros M\u00e9dicos<\/h3>\n<p>Si tiene un trastorno m\u00e9dico preexistente, es esencial que conserve documentaci\u00f3n m\u00e9dica detallada de estas afecciones o lesiones preexistentes junto con pruebas m\u00e9dicas de la lesi\u00f3n laboral. Esto mostrar\u00e1 las diferencias entre las lesiones preexistentes y las condiciones antes y despu\u00e9s de la lesi\u00f3n laboral y c\u00f3mo se deterior\u00f3 su salud.<\/p>\n<h3>Someterse a un Examen M\u00e9dico<\/h3>\n<p>El proceso de reclamo de compensaci\u00f3n laboral en Miami, FL, generalmente implica que notifique a su empleador sobre su lesi\u00f3n en un intento de que su compa\u00f1\u00eda de seguros cubra los gastos m\u00e9dicos resultantes. Para que sus tratamientos m\u00e9dicos est\u00e9n cubiertos, la compa\u00f1\u00eda de seguros de su empleador le exigir\u00e1 que se someta a una evaluaci\u00f3n m\u00e9dica. Esto ser\u00e1 realizado por un m\u00e9dico de compensaci\u00f3n de trabajadores aprobado. Para que su reclamo de compensaci\u00f3n laboral sea aprobado, es imperativo que se someta al examen m\u00e9dico.<\/p>\n<h3>P\u00f3ngase en Contacto con un Abogado de Compensaci\u00f3n de Trabajadores<\/h3>\n<p>Las pol\u00edticas de compensaci\u00f3n para trabajadores ya son complicadas, y cuando incluye una lesi\u00f3n preexistente, las cosas se vuelven mucho m\u00e1s complejas. Tener su reclamo manejado por un <a href=\"https:\/\/workinjuryrights.com\/es\/miami\/abogado-compensacion-laboral\/\">abogado de compensaci\u00f3n de trabajadores<\/a> calificado y experimentado es parte integral del \u00e9xito de su caso, especialmente si tiene condiciones o lesiones preexistentes en Miami, FL.<\/p>\n<p>En Work Injury Rights hemos ayudado a miles de empleados con estas condiciones a recibir los beneficios a los que tienen derecho. Somos conscientes de las t\u00e1cticas que utilizan las aseguradoras y las contrarrestamos en su propio juego.<\/p>\n<p><a href=\"https:\/\/workinjuryrights.com\/wp-content\/uploads\/2022\/03\/work-injury-rights-miami-lesiones-preexistentes.jpg\"><img decoding=\"async\" class=\"alignnone size-full wp-image-8189\" src=\"https:\/\/workinjuryrights.com\/wp-content\/uploads\/2022\/03\/work-injury-rights-miami-lesiones-preexistentes.jpg\" alt=\"Lesiones y Afecciones Preexistentes en Miami\" width=\"500\" height=\"334\" srcset=\"https:\/\/workinjuryrights.com\/wp-content\/uploads\/2022\/03\/work-injury-rights-miami-lesiones-preexistentes.jpg 500w, https:\/\/workinjuryrights.com\/wp-content\/uploads\/2022\/03\/work-injury-rights-miami-lesiones-preexistentes-300x200.jpg 300w\" sizes=\"(max-width: 500px) 100vw, 500px\" \/><\/a><\/p>\n<h2>Permita que Work Injury Rights lo Ayude a Reclamar Beneficios por Lesiones y Afecciones Preexistentes que Empeoraron<\/h2>\n<p>Cuando ya tiene una condici\u00f3n preexistente y un accidente de trabajo empeora su condici\u00f3n, a\u00fan puede solicitar un reembolso. Pero debe esperar enfrentar oposici\u00f3n, particularmente de la compa\u00f1\u00eda de seguros del empleador responsable. Por eso es importante contactarnos en <a href=\"\/\">Work Injury Rights<\/a>.<\/p>\n<p>Comun\u00edquese con nuestras oficinas legales al <a href=\"tel:+19543888616\">954-388-8616<\/a> para programar una consulta gratuita con un abogado con experiencia en compensaci\u00f3n de trabajadores de Miami hoy.<\/p>\n","protected":false},"excerpt":{"rendered":"<p>La mayor\u00eda de los empleados dan por sentada la seguridad en el lugar de trabajo. Pero en realidad, las lesiones laborales ocurren con mucha frecuencia y casi todos los d\u00edas. Si ha tenido la mala suerte de sufrir una lesi\u00f3n en el trabajo, puede calificar para recibir beneficios de compensaci\u00f3n para trabajadores. Estos beneficios pueden [&hellip;]<\/p>\n","protected":false},"author":29,"featured_media":0,"parent":8120,"menu_order":0,"comment_status":"closed","ping_status":"closed","template":"","meta":{"_acf_changed":false,"anchor_text":"","footnotes":""},"categories":[],"tags":[45,113,108],"class_list":["post-8129","page","type-page","status-publish","hentry","tag-workers-compensation","tag-workers-compensation-es-2","tag-workers-compensation-es"],"acf":[],"_links":{"self":[{"href":"https:\/\/workinjuryrights.com\/es\/wp-json\/wp\/v2\/pages\/8129","targetHints":{"allow":["GET"]}}],"collection":[{"href":"https:\/\/workinjuryrights.com\/es\/wp-json\/wp\/v2\/pages"}],"about":[{"href":"https:\/\/workinjuryrights.com\/es\/wp-json\/wp\/v2\/types\/page"}],"author":[{"embeddable":true,"href":"https:\/\/workinjuryrights.com\/es\/wp-json\/wp\/v2\/users\/29"}],"replies":[{"embeddable":true,"href":"https:\/\/workinjuryrights.com\/es\/wp-json\/wp\/v2\/comments?post=8129"}],"version-history":[{"count":5,"href":"https:\/\/workinjuryrights.com\/es\/wp-json\/wp\/v2\/pages\/8129\/revisions"}],"predecessor-version":[{"id":12665,"href":"https:\/\/workinjuryrights.com\/es\/wp-json\/wp\/v2\/pages\/8129\/revisions\/12665"}],"up":[{"embeddable":true,"href":"https:\/\/workinjuryrights.com\/es\/wp-json\/wp\/v2\/pages\/8120"}],"wp:attachment":[{"href":"https:\/\/workinjuryrights.com\/es\/wp-json\/wp\/v2\/media?parent=8129"}],"wp:term":[{"taxonomy":"category","embeddable":true,"href":"https:\/\/workinjuryrights.com\/es\/wp-json\/wp\/v2\/categories?post=8129"},{"taxonomy":"post_tag","embeddable":true,"href":"https:\/\/workinjuryrights.com\/es\/wp-json\/wp\/v2\/tags?post=8129"}],"curies":[{"name":"wp","href":"https:\/\/api.w.org\/{rel}","templated":true}]}}