{"id":8132,"date":"2022-03-15T13:11:16","date_gmt":"2022-03-15T13:11:16","guid":{"rendered":"https:\/\/workinjuryrights.com\/?page_id=8132"},"modified":"2023-08-22T09:28:48","modified_gmt":"2023-08-22T14:28:48","slug":"informar-lesion-laboral","status":"publish","type":"page","link":"https:\/\/workinjuryrights.com\/es\/miami\/abogado-compensacion-laboral\/informar-lesion-laboral\/","title":{"rendered":"C\u00f3mo Informar una Lesi\u00f3n Laboral en Miami"},"content":{"rendered":"<p>Los accidentes laborales y las enfermedades ocupacionales ocurren todo el tiempo, particularmente en las industrias de la construcci\u00f3n, la salud, el transporte y el comercio minorista. Es por eso que la cobertura de compensaci\u00f3n para trabajadores es obligatoria para cualquier negocio en Florida con cuatro o m\u00e1s empleados.<\/p>\n<p>La compensaci\u00f3n para trabajadores est\u00e1 destinada a proporcionar beneficios por salarios perdidos, facturas m\u00e9dicas y discapacidad o muerte como resultado de una enfermedad o lesi\u00f3n sufrida en el trabajo. Desafortunadamente, muchas personas no saben c\u00f3mo informar una lesi\u00f3n laboral en Miami, un paso importante para asegurarse de obtener la compensaci\u00f3n que merece.<\/p>\n<p>El proceso de compensaci\u00f3n para trabajadores no siempre es sencillo, ya que algunas compa\u00f1\u00edas de seguros y empleadores pueden intentar disputar su reclamo y privarlo de todos sus beneficios. Aqu\u00ed es donde entra en escena un <a href=\"https:\/\/workinjuryrights.com\/es\/miami\/abogado-compensacion-laboral\/\">abogado competente en compensaci\u00f3n de trabajadores de Miami<\/a>. El equipo de Work Injury Rights lo ayudar\u00e1 a navegar el proceso y buscar un acuerdo justo.<\/p>\n<p>\u00a1Llame al <a href=\"tel:+19543888616\">954-388-8616<\/a> hoy para comenzar!<\/p>\n<p><span style=\"font-weight: 400;\"> <\/span><\/p>\n<h2>\u00bfCu\u00e1nto Tiempo Tengo para Reportar una Lesi\u00f3n en el Lugar de Trabajo en Florida?<\/h2>\n<p>La ley de Florida exige que un empleado lesionado informe la lesi\u00f3n a su empleador dentro de los 30 d\u00edas y 90 d\u00edas si se trata de un reclamo por exposici\u00f3n ocupacional. Si no informa el incidente dentro de este per\u00edodo, su empleador y la compa\u00f1\u00eda de seguros tienen motivos legales para reclamar un \u00abaviso tard\u00edo\u00bb, lo que invalida su caso.<\/p>\n<h2>\u00bfA Qui\u00e9n Tengo que Informar una Lesi\u00f3n Relacionada con el Trabajo?<\/h2>\n<p>Una vez que sufre una lesi\u00f3n en el lugar de trabajo, es imperativo informar el accidente a su empleador lo antes posible. Si no est\u00e1n disponibles, informe al supervisor, gerente o capataz.<\/p>\n<p><a href=\"https:\/\/workinjuryrights.com\/wp-content\/uploads\/2022\/03\/work-injury-rights-miami-informar-lesion-laboral-1-1.jpg\"><img fetchpriority=\"high\" decoding=\"async\" class=\"alignnone size-full wp-image-8196\" src=\"https:\/\/workinjuryrights.com\/wp-content\/uploads\/2022\/03\/work-injury-rights-miami-informar-lesion-laboral-1-1.jpg\" alt=\"C\u00f3mo Informar una Lesi\u00f3n Laboral en Miami\" width=\"500\" height=\"375\" srcset=\"https:\/\/workinjuryrights.com\/wp-content\/uploads\/2022\/03\/work-injury-rights-miami-informar-lesion-laboral-1-1.jpg 500w, https:\/\/workinjuryrights.com\/wp-content\/uploads\/2022\/03\/work-injury-rights-miami-informar-lesion-laboral-1-1-300x225.jpg 300w\" sizes=\"(max-width: 500px) 100vw, 500px\" \/><\/a><\/p>\n<h2>Responsabilidades del Empleador Despu\u00e9s de una Lesi\u00f3n en el Lugar de Trabajo<\/h2>\n<p>Si se lesiona en el trabajo, la ley exige que su empleador haga lo siguiente:<\/p>\n<h3>Abordar los Problemas de Lesiones y Seguridad<\/h3>\n<p>Despu\u00e9s de la lesi\u00f3n, el primer paso es determinar el alcance de la emergencia. Si necesita atenci\u00f3n m\u00e9dica inmediata, su jefe debe llamar a los servicios m\u00e9dicos de emergencia. Si la lesi\u00f3n no es grave, deben llamar a uno de los m\u00e9dicos aprobados en su lista de m\u00e9dicos.<\/p>\n<h3>Informe al Proveedor de Seguros<\/h3>\n<p>Luego, su empleador debe informar la lesi\u00f3n o enfermedad al proveedor de seguros de compensaci\u00f3n para trabajadores. Los detalles importantes a incluir en este sentido son:<\/p>\n<ul>\n<li>Cu\u00e1ndo ocurri\u00f3 el accidente<\/li>\n<li>D\u00f3nde ocurri\u00f3 el accidente<\/li>\n<li>Cuando se les notific\u00f3 sobre el accidente<\/li>\n<li>Una descripci\u00f3n completa del incidente y la lesi\u00f3n.<\/li>\n<\/ul>\n<h3>Revise la Seguridad y Capacitaci\u00f3n en el Lugar de Trabajo<\/h3>\n<p>Los accidentes de trabajo casi siempre requieren mejores medidas de seguridad y capacitaci\u00f3n adicional del personal. Como tal, se espera que su empleador trabaje con la Divisi\u00f3n de Compensaci\u00f3n para Trabajadores de Florida y el proveedor de seguros para determinar las mejores pr\u00e1cticas para la seguridad en el lugar de trabajo. Un curso de acci\u00f3n recomendado es hacer una auditor\u00eda de seguridad.<\/p>\n<h2>Responsabilidad del Empleado Despu\u00e9s de una Lesi\u00f3n en el Lugar de Trabajo<\/h2>\n<p>Tambi\u00e9n se espera que el empleado haga algunas cosas importantes despu\u00e9s del accidente. Si sufre una lesi\u00f3n en el trabajo, haga lo siguiente para aumentar las posibilidades de un acuerdo justo:<\/p>\n<h3>Busque Atenci\u00f3n M\u00e9dica<\/h3>\n<p>Ya sea que la lesi\u00f3n sea grave o no, es importante buscar atenci\u00f3n m\u00e9dica lo antes posible. No hacerlo no solo pone en riesgo su salud, sino que tanto el empleador como el proveedor de seguros pueden denegar legalmente su reclamo, con la justificaci\u00f3n de que su lesi\u00f3n no es tan grave como afirma.<\/p>\n<p>Tenga en cuenta que cuando busque un acuerdo, solo puede obtener tratamiento de un m\u00e9dico aprobado en la lista de m\u00e9dicos de su empleador. Buscar tratamiento de otro profesional lo pone en riesgo de perder el derecho a los beneficios de compensaci\u00f3n para trabajadores.<\/p>\n<h3>Reportar el Accidente<\/h3>\n<p>Es importante informar el accidente a su empleador o supervisor poco despu\u00e9s del incidente. Como se mencion\u00f3 anteriormente, tiene 30 d\u00edas en el estado de Florida para hacer esto formalmente.<\/p>\n<h3>Presentar una Reclamaci\u00f3n<\/h3>\n<p>De acuerdo con la Ley de Compensaci\u00f3n para Trabajadores de Florida, debe completar y presentar un formulario <a href=\"https:\/\/www.myfloridacfo.com\/Division\/WC\/PublicationsFormsManualsReports\/Forms\/Default.htm\" target=\"_blank\" rel=\"noopener\">DWC1 (primer informe de lesi\u00f3n)<\/a> ante la Divisi\u00f3n de Compensaci\u00f3n para Trabajadores. Adem\u00e1s, aseg\u00farese de enviar una copia de su <a href=\"\/es\/miami\/proceso-reclamaciones-indemnizacion-laboral\">reclamo por lesiones<\/a> tanto a su jefe como a la compa\u00f1\u00eda de seguros.<\/p>\n<h3>Mantener Registros<\/h3>\n<p>Un movimiento inteligente para proteger sus derechos es conservar los diversos documentos relacionados con su reclamo por accidente de trabajo. Solicite una copia del informe que su empleador present\u00f3 ante la compa\u00f1\u00eda de seguros y tambi\u00e9n conserve una copia del formulario DWC1 y la Petici\u00f3n de beneficios que presenta si su empleador rechaza su reclamo.<\/p>\n<p><a href=\"https:\/\/workinjuryrights.com\/wp-content\/uploads\/2022\/03\/work-injury-rights-miami-informar-lesion-laborales-1.jpg\"><img decoding=\"async\" class=\"alignnone size-full wp-image-8199\" src=\"https:\/\/workinjuryrights.com\/wp-content\/uploads\/2022\/03\/work-injury-rights-miami-informar-lesion-laborales-1.jpg\" alt=\"C\u00f3mo Informar una Lesi\u00f3n Laboral en Miami\" width=\"500\" height=\"334\" srcset=\"https:\/\/workinjuryrights.com\/wp-content\/uploads\/2022\/03\/work-injury-rights-miami-informar-lesion-laborales-1.jpg 500w, https:\/\/workinjuryrights.com\/wp-content\/uploads\/2022\/03\/work-injury-rights-miami-informar-lesion-laborales-1-300x200.jpg 300w\" sizes=\"(max-width: 500px) 100vw, 500px\" \/><\/a><\/p>\n<h2>\u00a1Ll\u00e1menos Hoy Cuando Informe una Lesi\u00f3n Laboral en Miami, FL!<\/h2>\n<p>La compensaci\u00f3n laboral es un tipo de seguro obligatorio destinado a proteger financieramente a los empleados en caso de una lesi\u00f3n en el lugar de trabajo o una enfermedad ocupacional. Si se enferma o sufre lesiones en el trabajo, entonces puede ser elegible para los <a href=\"https:\/\/workinjuryrights.com\/es\/boca-raton\/abogado-compensacion-laboral\/beneficios-laborales\/\">beneficios de compensaci\u00f3n para trabajadores<\/a>.<\/p>\n<p>Las afirmaciones a este respecto est\u00e1n destinadas a ser sencillas, pero no siempre es as\u00ed. Dado que tiene dolor y es posible que no sepa c\u00f3mo llevar a cabo el proceso, es mejor permitir que el equipo de <a href=\"\/\">Work Injury Rights<\/a> maneje su caso. Tenemos una vasta experiencia en casos de compensaci\u00f3n laboral y nuestro equipo trabajar\u00e1 arduamente para garantizar que sus derechos est\u00e9n protegidos. P\u00f3ngase en contacto llamando al <a href=\"tel:+19543888616\">954-388-8616<\/a> para una consulta inicial gratuita.<\/p>\n","protected":false},"excerpt":{"rendered":"<p>Los accidentes laborales y las enfermedades ocupacionales ocurren todo el tiempo, particularmente en las industrias de la construcci\u00f3n, la salud, el transporte y el comercio minorista. Es por eso que la cobertura de compensaci\u00f3n para trabajadores es obligatoria para cualquier negocio en Florida con cuatro o m\u00e1s empleados. La compensaci\u00f3n para trabajadores est\u00e1 destinada a [&hellip;]<\/p>\n","protected":false},"author":29,"featured_media":0,"parent":8120,"menu_order":0,"comment_status":"closed","ping_status":"closed","template":"","meta":{"_acf_changed":false,"anchor_text":"","footnotes":""},"categories":[],"tags":[45,113,108],"class_list":["post-8132","page","type-page","status-publish","hentry","tag-workers-compensation","tag-workers-compensation-es-2","tag-workers-compensation-es"],"acf":[],"_links":{"self":[{"href":"https:\/\/workinjuryrights.com\/es\/wp-json\/wp\/v2\/pages\/8132","targetHints":{"allow":["GET"]}}],"collection":[{"href":"https:\/\/workinjuryrights.com\/es\/wp-json\/wp\/v2\/pages"}],"about":[{"href":"https:\/\/workinjuryrights.com\/es\/wp-json\/wp\/v2\/types\/page"}],"author":[{"embeddable":true,"href":"https:\/\/workinjuryrights.com\/es\/wp-json\/wp\/v2\/users\/29"}],"replies":[{"embeddable":true,"href":"https:\/\/workinjuryrights.com\/es\/wp-json\/wp\/v2\/comments?post=8132"}],"version-history":[{"count":5,"href":"https:\/\/workinjuryrights.com\/es\/wp-json\/wp\/v2\/pages\/8132\/revisions"}],"predecessor-version":[{"id":12666,"href":"https:\/\/workinjuryrights.com\/es\/wp-json\/wp\/v2\/pages\/8132\/revisions\/12666"}],"up":[{"embeddable":true,"href":"https:\/\/workinjuryrights.com\/es\/wp-json\/wp\/v2\/pages\/8120"}],"wp:attachment":[{"href":"https:\/\/workinjuryrights.com\/es\/wp-json\/wp\/v2\/media?parent=8132"}],"wp:term":[{"taxonomy":"category","embeddable":true,"href":"https:\/\/workinjuryrights.com\/es\/wp-json\/wp\/v2\/categories?post=8132"},{"taxonomy":"post_tag","embeddable":true,"href":"https:\/\/workinjuryrights.com\/es\/wp-json\/wp\/v2\/tags?post=8132"}],"curies":[{"name":"wp","href":"https:\/\/api.w.org\/{rel}","templated":true}]}}