{"id":8134,"date":"2022-03-15T13:28:08","date_gmt":"2022-03-15T13:28:08","guid":{"rendered":"https:\/\/workinjuryrights.com\/?page_id=8134"},"modified":"2023-08-22T09:29:23","modified_gmt":"2023-08-22T14:29:23","slug":"beneficios-laborales","status":"publish","type":"page","link":"https:\/\/workinjuryrights.com\/es\/miami\/abogado-compensacion-laboral\/beneficios-laborales\/","title":{"rendered":"Beneficios de Compensaci\u00f3n para Trabajadores en Miami"},"content":{"rendered":"<p>Se estima que un empleado se lesiona en el trabajo cada siete segundos. Le puede pasar a cualquiera, en cualquier momento. Una lesi\u00f3n en el lugar de trabajo puede ser muy perjudicial para su salud, sus finanzas, su carrera y su bienestar general. Afortunadamente, existe el sistema de Compensaci\u00f3n para Trabajadores de Florida. El sistema est\u00e1 dise\u00f1ado para ayudarlo a obtener una compensaci\u00f3n justa por lesiones en el lugar de trabajo y permitirle volver al trabajo lo m\u00e1s r\u00e1pido posible.<\/p>\n<p>Si ha sufrido una enfermedad o lesi\u00f3n en el lugar de trabajo o relacionada con el trabajo, los <a href=\"https:\/\/workinjuryrights.com\/es\/miami\/abogado-compensacion-laboral\/\">abogados de compensaci\u00f3n para trabajadores<\/a> de confianza en Work Injury Rights pueden ayudarlo a recuperar los beneficios de compensaci\u00f3n para trabajadores en Miami a los que tiene derecho. Cont\u00e1ctenos hoy al <a href=\"tel:+19543888616\">954-388-8616<\/a> o utilice el formulario en l\u00ednea proporcionado para programar una consulta inicial gratuita y una evaluaci\u00f3n de su caso.<\/p>\n<p><span style=\"font-weight: 400;\"> <\/span><\/p>\n<h2>L\u00edmites de Ingresos de Compensaci\u00f3n para Trabajadores de Florida<\/h2>\n<p>Seg\u00fan el <a href=\"http:\/\/www.leg.state.fl.us\/statutes\/index.cfm?App_mode=Display_Statute&amp;Search_String=&amp;URL=0400-0499\/0440\/Sections\/0440.12.html\" target=\"_blank\" rel=\"noopener\">estatuto de Florida 440.12 (2)<\/a>, la tasa de compensaci\u00f3n semanal m\u00e1xima que se puede otorgar a un empleado lesionado por lesiones relacionadas con el trabajo es del 100 % del salario semanal promedio en Florida, que debe redondearse al d\u00f3lar m\u00e1s cercano. Lo calcula el Departamento de Oportunidades Econ\u00f3micas. Seg\u00fan el bolet\u00edn informativo emitido por el Departamento de Servicios Financieros de Florida &#8211; Divisi\u00f3n de Compensaci\u00f3n para Trabajadores, la tasa m\u00e1xima de compensaci\u00f3n semanal por lesiones relacionadas con el trabajo despu\u00e9s del 1 de enero de 2022 se establece en $1099.<\/p>\n<p>Tenga en cuenta que la tasa m\u00e1xima de composici\u00f3n depende de la fecha de la lesi\u00f3n y no cuando se <a href=\"https:\/\/workinjuryrights.com\/es\/boca-raton\/abogado-compensacion-laboral\/proceso-reclamaciones-indemnizacion-laboral\/\">presenta el reclamo<\/a>. Por ejemplo, la tasa de composici\u00f3n m\u00e1xima aplicable para lesiones que ocurran despu\u00e9s del 1 de enero de 2021 se establece en $1011. Por lo general, a un trabajador se le otorgan dos tercios de su salario semanal promedio como compensaci\u00f3n laboral y tambi\u00e9n est\u00e1 sujeto a compensaciones del Seguro Social y el seguro de desempleo.<\/p>\n<h2>Tipos de Beneficios de Compensaci\u00f3n para Trabajadores en Miami<\/h2>\n<p>Hay cuatro tipos diferentes de beneficios de compensaci\u00f3n para trabajadores disponibles para los trabajadores lesionados en Florida. Aqu\u00ed hay una mirada m\u00e1s detallada al tipo de beneficios disponibles para los trabajadores lesionados:<\/p>\n<ul>\n<li>Prestaciones por incapacidad total temporal<\/li>\n<li>Prestaciones por incapacidad temporal parcial<\/li>\n<li>Prestaciones por incapacidad permanente parcial<\/li>\n<li>Prestaciones por incapacidad total permanente<\/li>\n<\/ul>\n<h3>Beneficios por Incapacidad Total Temporal<\/h3>\n<p>Este beneficio por p\u00e9rdida de salario se aplica a los empleados que no pueden volver a trabajar temporalmente debido a una enfermedad o lesi\u00f3n sufrida en el trabajo. En caso de que la enfermedad o lesi\u00f3n les impida regresar al trabajo por 21 d\u00edas o m\u00e1s, los empleados tambi\u00e9n son elegibles para reclamar beneficios por los primeros 7 d\u00edas de su discapacidad, los cuales se pagan retroactivamente.<\/p>\n<p>En lo que respecta al l\u00edmite m\u00e1ximo de plazo para los beneficios por incapacidad total temporal, es de 104 semanas o hasta que un empleado alcance la mejor\u00eda m\u00e9dica m\u00e1xima. La mejor\u00eda m\u00e9dica m\u00e1xima es la etapa en la que un m\u00e9dico decide que es poco probable que la condici\u00f3n de un paciente mejore a\u00fan m\u00e1s. La compensaci\u00f3n m\u00e1xima pagadera a un trabajador lesionado es dos tercios de sus ganancias semanales promedio.<\/p>\n<p>En ciertos casos, la compensaci\u00f3n puede incrementarse al 80% de los salarios regulares de los empleados con condiciones tales como p\u00e9rdida de la visi\u00f3n o p\u00e9rdida de una extremidad.<\/p>\n<p><a href=\"https:\/\/workinjuryrights.com\/wp-content\/uploads\/2022\/03\/work-injury-rights-miami-beneficios-laborales-1-1.jpg\"><img fetchpriority=\"high\" decoding=\"async\" class=\"alignnone size-full wp-image-8202\" src=\"https:\/\/workinjuryrights.com\/wp-content\/uploads\/2022\/03\/work-injury-rights-miami-beneficios-laborales-1-1.jpg\" alt=\"Beneficios de Compensaci\u00f3n para Trabajadores en Miami\" width=\"500\" height=\"333\" srcset=\"https:\/\/workinjuryrights.com\/wp-content\/uploads\/2022\/03\/work-injury-rights-miami-beneficios-laborales-1-1.jpg 500w, https:\/\/workinjuryrights.com\/wp-content\/uploads\/2022\/03\/work-injury-rights-miami-beneficios-laborales-1-1-300x200.jpg 300w\" sizes=\"(max-width: 500px) 100vw, 500px\" \/><\/a><\/p>\n<h3>Beneficios por Incapacidad Parcial Temporal<\/h3>\n<p>Este beneficio por p\u00e9rdida de salario est\u00e1 dise\u00f1ado para trabajadores que pueden volver a trabajar pero que a\u00fan no pueden trabajar sin restricciones. En tales casos, un empleado lesionado es elegible para beneficios por incapacidad parcial temporal. El c\u00e1lculo de la compensaci\u00f3n por estos beneficios es un poco complejo. Un empleado se vuelve elegible para estos beneficios solo si no puede ganar al menos el 80% de su salario anterior a la lesi\u00f3n.<\/p>\n<p>Para comprender mejor el c\u00e1lculo de estos beneficios, considere a un empleado con un salario semanal promedio de $1000. Este empleado se lesion\u00f3 y puede volver a trabajar, pero gana solo $700 a la semana. As\u00ed es como se calcular\u00e1 la compensaci\u00f3n.<\/p>\n<p>El 80 % del salario semanal previo a la lesi\u00f3n es $1000 multiplicado por 80 % da $800. Actualmente, el trabajador gana $ 700, lo que significa que est\u00e1 ganando $ 800 \u2013 $ 700, lo que equivale a $ 100. El 80% de $100 llega a $80 y este es su beneficio de incapacidad parcial temporal.<\/p>\n<p>Los trabajadores son elegibles para estos beneficios por un m\u00e1ximo de 104 semanas o hasta que alcancen la mejor\u00eda m\u00e9dica m\u00e1xima, lo que ocurra primero.<\/p>\n<h3>Beneficios por Incapacidad Parcial Permanente<\/h3>\n<p>Si las lesiones son de naturaleza permanente y un trabajador lesionado no puede ganar tanto como antes de la lesi\u00f3n, puede ser elegible para beneficios por discapacidad parcial permanente. El c\u00e1lculo de estos beneficios depende de la calificaci\u00f3n de discapacidad otorgada por un m\u00e9dico despu\u00e9s de una evaluaci\u00f3n adecuada.<\/p>\n<p>Las calificaciones de discapacidad son de dos tipos, incluidas las calificaciones de extremidades y de persona completa. Esta calificaci\u00f3n de minusval\u00eda depende del tipo de invalidez que sufra el trabajador. El monto de los beneficios se calcula sobre la base de la calificaci\u00f3n de discapacidad, as\u00ed como el tipo de trabajo realizado por el empleado lesionado.<\/p>\n<h3>Beneficio por Incapacidad Total Permanente<\/h3>\n<p>Si un empleado lesionado no puede trabajar de forma permanente, es elegible para beneficios por discapacidad total permanente. Estos beneficios comienzan solo una vez que el empleado alcanza la mejor\u00eda m\u00e9dica m\u00e1xima seg\u00fan lo decida un m\u00e9dico. Un empleado es elegible para beneficios hasta su muerte o despu\u00e9s de los 75 a\u00f1os.<\/p>\n<p>En lo que respecta al c\u00e1lculo de estos beneficios, depende de la calificaci\u00f3n de discapacidad otorgada por el m\u00e9dico. La Divisi\u00f3n de Compensaci\u00f3n para Trabajadores de Florida proporciona una calculadora en l\u00ednea para calcular los beneficios por discapacidad. Por lo general, a un empleado se le paga dos tercios de su salario semanal promedio antes del accidente.<\/p>\n<h2>\u00bfC\u00f3mo se Calculan los Beneficios de Compensaci\u00f3n para Trabajadores de Florida?<\/h2>\n<p>Los beneficios de Compensaci\u00f3n para Trabajadores en Florida se deciden sobre la base del salario semanal promedio del empleado lesionado. El salario semanal promedio se calcula sobre la base de los ingresos de un empleado durante las \u00faltimas 13 semanas. Tambi\u00e9n se incluyen en esta remuneraci\u00f3n las horas extraordinarias o las bonificaciones devengadas por el trabajador.<\/p>\n<p>Para calcular los beneficios, un trabajador debe calcular los salarios totales que ha recibido durante las \u00faltimas 13 semanas antes de la lesi\u00f3n. Luego, este n\u00famero debe dividirse por 13 para obtener su salario semanal promedio.<\/p>\n<p>Los beneficios suelen ser dos tercios del salario semanal promedio. Tenga en cuenta que los beneficios m\u00e1ximos de Compensaci\u00f3n para trabajadores tienen un tope de $1099 por semana para las lesiones que ocurren a partir del 1 de enero de 2022. En ciertas situaciones, como para el c\u00e1lculo de los beneficios de PTD y TTD, la gravedad de la lesi\u00f3n tambi\u00e9n entra en consideraci\u00f3n. jugar para determinar los beneficios.<\/p>\n<p>Ll\u00e1menos al <a href=\"tel:+19543888616\">954-388-8616<\/a> para saber m\u00e1s sobre su elegibilidad para compensaci\u00f3n.<\/p>\n<h2>\u00bfSe Gravan los Beneficios de Compensaci\u00f3n para Trabajadores de Miami?<\/h2>\n<p>En la mayor\u00eda de los casos, la mayor\u00eda de los beneficios recibidos por un individuo como compensaci\u00f3n laboral por enfermedad ocupacional o lesi\u00f3n relacionada con el trabajo est\u00e1n completamente exentos de impuestos. En Florida, la mayor\u00eda de estos beneficios no est\u00e1n sujetos a impuestos ni a nivel estatal ni federal. Sin embargo, un empleado lesionado puede estar obligado a pagar impuestos en ciertos casos.<\/p>\n<p>Por ejemplo, si alguien est\u00e1 recibiendo Seguro de Discapacidad del Seguro Social o Seguridad de Ingreso Suplementario adem\u00e1s de Compensaci\u00f3n para Trabajadores, es posible que tenga que pagar impuestos sobre sus beneficios de Compensaci\u00f3n para Trabajadores. En resumen, la mayor\u00eda de los beneficios pagaderos bajo Compensaci\u00f3n de Trabajadores no est\u00e1n sujetos a impuestos, pero no todos los beneficios est\u00e1n completamente exentos.<\/p>\n<p><a href=\"https:\/\/workinjuryrights.com\/wp-content\/uploads\/2022\/03\/work-injury-rights-miami-beneficios-laborales-2-1.jpg\"><img decoding=\"async\" class=\"alignnone size-full wp-image-8204\" src=\"https:\/\/workinjuryrights.com\/wp-content\/uploads\/2022\/03\/work-injury-rights-miami-beneficios-laborales-2-1.jpg\" alt=\"Beneficios de Compensaci\u00f3n para Trabajadores en Miami\" width=\"500\" height=\"334\" srcset=\"https:\/\/workinjuryrights.com\/wp-content\/uploads\/2022\/03\/work-injury-rights-miami-beneficios-laborales-2-1.jpg 500w, https:\/\/workinjuryrights.com\/wp-content\/uploads\/2022\/03\/work-injury-rights-miami-beneficios-laborales-2-1-300x200.jpg 300w\" sizes=\"(max-width: 500px) 100vw, 500px\" \/><\/a><\/p>\n<h2>Comun\u00edquese con Work Injury Rights para Obtener Ayuda para Comprender sus Beneficios de Compensaci\u00f3n para Trabajadores<\/h2>\n<p>El sistema de beneficios de compensaci\u00f3n para trabajadores est\u00e1 dise\u00f1ado para proporcionar una compensaci\u00f3n adecuada a los empleados lesionados por enfermedades o lesiones relacionadas con el trabajo. Sin embargo, la ley es complicada y los c\u00e1lculos tediosos. Adem\u00e1s, los empleadores y sus proveedores de seguros toman medidas activamente para mantener el pago al m\u00ednimo.<\/p>\n<p>Es por eso que debe trabajar con abogados experimentados en <a href=\"\/\">Work Injury Rights<\/a> para ayudarlo a atravesar el complicado laberinto de leyes. Hemos ayudado a muchos empleados lesionados a obtener una compensaci\u00f3n justa por sus lesiones relacionadas con el trabajo.<\/p>\n<p>Ll\u00e1menos al <a href=\"tel:+19543888616\">954-388-8616<\/a> para programar una consulta inicial gratuita.<\/p>\n","protected":false},"excerpt":{"rendered":"<p>Se estima que un empleado se lesiona en el trabajo cada siete segundos. Le puede pasar a cualquiera, en cualquier momento. Una lesi\u00f3n en el lugar de trabajo puede ser muy perjudicial para su salud, sus finanzas, su carrera y su bienestar general. Afortunadamente, existe el sistema de Compensaci\u00f3n para Trabajadores de Florida. El sistema [&hellip;]<\/p>\n","protected":false},"author":29,"featured_media":0,"parent":8120,"menu_order":0,"comment_status":"closed","ping_status":"closed","template":"","meta":{"_acf_changed":false,"anchor_text":"","footnotes":""},"categories":[],"tags":[45,113,108],"class_list":["post-8134","page","type-page","status-publish","hentry","tag-workers-compensation","tag-workers-compensation-es-2","tag-workers-compensation-es"],"acf":[],"_links":{"self":[{"href":"https:\/\/workinjuryrights.com\/es\/wp-json\/wp\/v2\/pages\/8134","targetHints":{"allow":["GET"]}}],"collection":[{"href":"https:\/\/workinjuryrights.com\/es\/wp-json\/wp\/v2\/pages"}],"about":[{"href":"https:\/\/workinjuryrights.com\/es\/wp-json\/wp\/v2\/types\/page"}],"author":[{"embeddable":true,"href":"https:\/\/workinjuryrights.com\/es\/wp-json\/wp\/v2\/users\/29"}],"replies":[{"embeddable":true,"href":"https:\/\/workinjuryrights.com\/es\/wp-json\/wp\/v2\/comments?post=8134"}],"version-history":[{"count":3,"href":"https:\/\/workinjuryrights.com\/es\/wp-json\/wp\/v2\/pages\/8134\/revisions"}],"predecessor-version":[{"id":12667,"href":"https:\/\/workinjuryrights.com\/es\/wp-json\/wp\/v2\/pages\/8134\/revisions\/12667"}],"up":[{"embeddable":true,"href":"https:\/\/workinjuryrights.com\/es\/wp-json\/wp\/v2\/pages\/8120"}],"wp:attachment":[{"href":"https:\/\/workinjuryrights.com\/es\/wp-json\/wp\/v2\/media?parent=8134"}],"wp:term":[{"taxonomy":"category","embeddable":true,"href":"https:\/\/workinjuryrights.com\/es\/wp-json\/wp\/v2\/categories?post=8134"},{"taxonomy":"post_tag","embeddable":true,"href":"https:\/\/workinjuryrights.com\/es\/wp-json\/wp\/v2\/tags?post=8134"}],"curies":[{"name":"wp","href":"https:\/\/api.w.org\/{rel}","templated":true}]}}