{"id":8139,"date":"2022-03-15T13:48:56","date_gmt":"2022-03-15T13:48:56","guid":{"rendered":"https:\/\/workinjuryrights.com\/?page_id=8139"},"modified":"2023-08-22T09:27:50","modified_gmt":"2023-08-22T14:27:50","slug":"proceso-reclamaciones-indemnizacion-laboral","status":"publish","type":"page","link":"https:\/\/workinjuryrights.com\/es\/miami\/abogado-compensacion-laboral\/proceso-reclamaciones-indemnizacion-laboral\/","title":{"rendered":"Proceso de Reclamos de Compensaci\u00f3n Laboral en Miami"},"content":{"rendered":"<p>Si reside en Miami, FL, y se lesiona mientras realiza su trabajo, es elegible para recibir un reembolso por las lesiones sufridas del plan de seguro de su empleador. Sin embargo, el proceso para obtener estos beneficios no es tan sencillo como parece, ya que los trabajadores lesionados generalmente enfrentan muchas complicaciones e impedimentos cuando intentan recibir beneficios.<\/p>\n<p>El proceso de reclamos de compensaci\u00f3n laboral en Miami se vuelve particularmente complejo si no tiene la experiencia y el conocimiento necesarios. Su empleador y su proveedor de seguros pueden intentar negar su reclamo por un tecnicismo si intenta manejar el proceso solo. Es por eso que es crucial consultar con un <a href=\"https:\/\/workinjuryrights.com\/miami\/workers-compensation-lawyer\/\">abogado de compensaci\u00f3n de trabajadores<\/a> calificado en Miami, FL con respecto a su reclamo.<\/p>\n<p>Nuestros abogados expertos y dedicados de Work Injury Rights se han ocupado de muchos casos de compensaci\u00f3n laboral en Florida y est\u00e1n familiarizados con las complejidades del proceso de reclamos. Cuando contrate nuestros servicios, nos aseguraremos de que reciba la cantidad compensable m\u00e1s alta posible por las lesiones sufridas.<\/p>\n<p>Ll\u00e1menos AHORA al <a href=\"tel:+19543888616\">954-388-8616<\/a> y nuestro equipo de abogados calificados lo guiar\u00e1 a trav\u00e9s de las leyes de reclamos de compensaci\u00f3n laboral en Florida. Ofrecemos una consulta inicial gratuita y una evaluaci\u00f3n del caso.<\/p>\n<p><span style=\"font-weight: 400;\"> <\/span><\/p>\n<h2>\u00bfC\u00f3mo Puedo Saber si Mi Lesi\u00f3n Estar\u00e1 Cubierta por un Reclamo de Compensaci\u00f3n para Trabajadores?<\/h2>\n<p>La mayor\u00eda de las lesiones sufridas en el lugar de trabajo est\u00e1n cubiertas por la p\u00f3liza de seguro de compensaci\u00f3n para trabajadores del empleador, incluidas las enfermedades y los accidentes no intencionales que ocurren durante el trabajo. Pero, \u00bfc\u00f3mo saber si sus lesiones est\u00e1n cubiertas? En primer lugar, para que la compa\u00f1\u00eda de seguros proporcione cobertura, el reclamo de indemnizaci\u00f3n debe cumplir ciertas condiciones.<\/p>\n<p>Algunos de los criterios est\u00e1ndar que debe cumplir su reclamo incluyen:<\/p>\n<ul>\n<li>Su empleador o la empresa para la que trabaja debe tener un plan de p\u00f3liza de seguro de compensaci\u00f3n para trabajadores o estar legalmente obligado a tener uno.<\/li>\n<li>En segundo lugar, debe estar empleado en la empresa o negocio y no ser un contratista independiente.<\/li>\n<li>En tercer lugar, la lesi\u00f3n que ha sufrido debe clasificarse como una lesi\u00f3n indemnizable. Este significado:<\/li>\n<\/ul>\n<ol>\n<li style=\"list-style-type: none;\">\n<ol>\n<li>La lesi\u00f3n o enfermedad sufrida estuvo directamente relacionada con el accidente de trabajo.<\/li>\n<li>La lesi\u00f3n o enfermedad se produjo a causa del trabajo.<\/li>\n<li>La lesi\u00f3n o enfermedad ocurri\u00f3 mientras cumpl\u00eda con sus deberes laborales. Debe haber sufrido la lesi\u00f3n al participar en un ejercicio directamente relacionado con su trabajo.<\/li>\n<\/ol>\n<\/li>\n<\/ol>\n<p>Contratar los servicios de un abogado profesional de compensaci\u00f3n de trabajadores es la forma segura de saber que cubrir\u00e1 la pol\u00edtica de compensaci\u00f3n de trabajadores de su empleador.<\/p>\n<h2>\u00bfCu\u00e1nto Tiempo Tiene para Presentar un Reclamo de Compensaci\u00f3n Laboral en Florida?<\/h2>\n<p>El estatuto de limitaci\u00f3n en Florida estipula que si se lesion\u00f3 mientras cumpl\u00eda con sus responsabilidades laborales, tiene <a href=\"http:\/\/www.leg.state.fl.us\/statutes\/index.cfm?App_mode=Display_Statute&amp;Search_String=&amp;URL=0400-0499\/0440\/Sections\/0440.19.html\" target=\"_blank\" rel=\"noopener\">dos a\u00f1os<\/a> a partir de la fecha del accidente o la fecha en que se enter\u00f3 de la enfermedad\/lesi\u00f3n relacionada con el trabajo o un a\u00f1o a partir de la fecha en que la aseguradora o la el \u00faltimo empleador pag\u00f3 por tratamiento m\u00e9dico o salarios perdidos para presentar un reclamo de compensaci\u00f3n de trabajadores ante la DWC; o de lo contrario corre el riesgo de perder permanentemente su derecho a buscar los beneficios de compensaci\u00f3n para trabajadores.<\/p>\n<p>Adem\u00e1s, otro factor basado en el tiempo que puede evitar que obtenga beneficios de compensaci\u00f3n para trabajadores incluye no notificar a su empleador sobre la lesi\u00f3n dentro de los 30 d\u00edas de haber sufrido dicha lesi\u00f3n relacionada con el trabajo.<\/p>\n<p><a href=\"https:\/\/workinjuryrights.com\/wp-content\/uploads\/2022\/03\/work-injury-rights-miami-proceso-reclamaciones-indemnizacion-laboral-1.jpg\"><img fetchpriority=\"high\" decoding=\"async\" class=\"alignnone size-full wp-image-8207\" src=\"https:\/\/workinjuryrights.com\/wp-content\/uploads\/2022\/03\/work-injury-rights-miami-proceso-reclamaciones-indemnizacion-laboral-1.jpg\" alt=\"https:\/\/workinjuryrights.com\/es\/miami\/proceso-reclamaciones-indemnizacion-laboral\" width=\"500\" height=\"333\" srcset=\"https:\/\/workinjuryrights.com\/wp-content\/uploads\/2022\/03\/work-injury-rights-miami-proceso-reclamaciones-indemnizacion-laboral-1.jpg 500w, https:\/\/workinjuryrights.com\/wp-content\/uploads\/2022\/03\/work-injury-rights-miami-proceso-reclamaciones-indemnizacion-laboral-1-300x200.jpg 300w\" sizes=\"(max-width: 500px) 100vw, 500px\" \/><\/a><\/p>\n<h2>\u00bfC\u00f3mo Presentar un Reclamo de Compensaci\u00f3n Laboral en Florida?<\/h2>\n<p>Navegar por el proceso de reclamos de compensaci\u00f3n para trabajadores en Miami, Florida, puede ser complicado. Nuestro equipo de Work Injury Rights est\u00e1 aqu\u00ed para guiarlo a trav\u00e9s de todos los pasos.<\/p>\n<h3>Dar Cuenta de la Enfermedad\/Lesi\u00f3n a su Empleador<\/h3>\n<p>La ley de Florida estipula que debe <a href=\"https:\/\/workinjuryrights.com\/es\/boca-raton\/abogado-compensacion-laboral\/informar-lesion-laboral\/\">informar el incidente a su empleador<\/a> dentro de los 30 d\u00edas posteriores a la fecha del accidente o treinta d\u00edas despu\u00e9s de darse cuenta de la lesi\u00f3n. Aunque tiene 30 d\u00edas para informar, lo mejor para usted es hacerlo de inmediato despu\u00e9s del percance laboral. Aunque puede notificar a su empleador o supervisor de boca en boca, es mejor enviar un correo electr\u00f3nico o una carta para que haya un registro escrito del informe.<\/p>\n<h3>Busque Atenci\u00f3n M\u00e9dica<\/h3>\n<p>Es responsabilidad de su empleador o su aseguradora darle una lista de los m\u00e9dicos que han autorizado. Consulte a estos profesionales porque esa es la mejor manera de establecer y probar la gravedad de sus lesiones. La evaluaci\u00f3n m\u00e9dica desempe\u00f1ar\u00e1 un papel importante para reforzar su reclamo de compensaci\u00f3n laboral.<\/p>\n<h3>El Empleador Informa su Reclamo<\/h3>\n<p>Al informar su lesi\u00f3n a su empleador, deben enviar su reclamo a su aseguradora dentro de los siete d\u00edas. Si fallan, p\u00f3ngase en contacto con la aseguradora usted mismo. A partir de ah\u00ed, el proveedor de seguros autorizar\u00e1 o rechazar\u00e1 el pago de los <a href=\"https:\/\/workinjuryrights.com\/es\/boca-raton\/abogado-compensacion-laboral\/beneficios-laborales\/\">beneficios de compensaci\u00f3n para trabajadores<\/a>.<\/p>\n<h3>Presentar un Reclamo de Compensaci\u00f3n para Trabajadores<\/h3>\n<p>Si el proveedor de seguros <a href=\"https:\/\/workinjuryrights.com\/es\/boca-raton\/abogado-compensacion-laboral\/disputas\/\">rechaza su reclamo<\/a> o si el monto compensable no es satisfactorio, puede presentar una \u00abPetici\u00f3n de beneficios\u00bb ante la DWC despu\u00e9s de 2 a\u00f1os de la lesi\u00f3n relacionada con el trabajo o un a\u00f1o despu\u00e9s de la fecha en que el asegurador o el empleador pag\u00f3 por \u00faltima vez por gastos m\u00e9dicos. tratamiento o salarios perdidos<\/p>\n<h2>\u00a1Obtenga Ayuda con el Proceso de Reclamos de Compensaci\u00f3n Laboral en Miami!<\/h2>\n<p>Aqu\u00ed en <a href=\"\/\">Work Injury Rights<\/a>, somos conscientes de c\u00f3mo las lesiones relacionadas con el trabajo pueden ser una carga financiera. Nuestros abogados experimentados en compensaci\u00f3n de trabajadores recorrer\u00e1n los procedimientos legales en su nombre, presentar\u00e1n toda la documentaci\u00f3n requerida y se asegurar\u00e1 de que se cumplan los plazos.<\/p>\n<p>Por lo tanto, comun\u00edquese con nosotros al <a href=\"tel:+19543888616\">954-388-8616<\/a> para una evaluaci\u00f3n de caso GRATUITA y aprenda c\u00f3mo podemos brindar asistencia legal experimentada con su reclamo de compensaci\u00f3n para trabajadores.<\/p>\n","protected":false},"excerpt":{"rendered":"<p>Si reside en Miami, FL, y se lesiona mientras realiza su trabajo, es elegible para recibir un reembolso por las lesiones sufridas del plan de seguro de su empleador. Sin embargo, el proceso para obtener estos beneficios no es tan sencillo como parece, ya que los trabajadores lesionados generalmente enfrentan muchas complicaciones e impedimentos cuando [&hellip;]<\/p>\n","protected":false},"author":29,"featured_media":0,"parent":8120,"menu_order":0,"comment_status":"closed","ping_status":"closed","template":"","meta":{"_acf_changed":false,"anchor_text":"","footnotes":""},"categories":[],"tags":[45,113,108],"class_list":["post-8139","page","type-page","status-publish","hentry","tag-workers-compensation","tag-workers-compensation-es-2","tag-workers-compensation-es"],"acf":[],"_links":{"self":[{"href":"https:\/\/workinjuryrights.com\/es\/wp-json\/wp\/v2\/pages\/8139","targetHints":{"allow":["GET"]}}],"collection":[{"href":"https:\/\/workinjuryrights.com\/es\/wp-json\/wp\/v2\/pages"}],"about":[{"href":"https:\/\/workinjuryrights.com\/es\/wp-json\/wp\/v2\/types\/page"}],"author":[{"embeddable":true,"href":"https:\/\/workinjuryrights.com\/es\/wp-json\/wp\/v2\/users\/29"}],"replies":[{"embeddable":true,"href":"https:\/\/workinjuryrights.com\/es\/wp-json\/wp\/v2\/comments?post=8139"}],"version-history":[{"count":3,"href":"https:\/\/workinjuryrights.com\/es\/wp-json\/wp\/v2\/pages\/8139\/revisions"}],"predecessor-version":[{"id":12664,"href":"https:\/\/workinjuryrights.com\/es\/wp-json\/wp\/v2\/pages\/8139\/revisions\/12664"}],"up":[{"embeddable":true,"href":"https:\/\/workinjuryrights.com\/es\/wp-json\/wp\/v2\/pages\/8120"}],"wp:attachment":[{"href":"https:\/\/workinjuryrights.com\/es\/wp-json\/wp\/v2\/media?parent=8139"}],"wp:term":[{"taxonomy":"category","embeddable":true,"href":"https:\/\/workinjuryrights.com\/es\/wp-json\/wp\/v2\/categories?post=8139"},{"taxonomy":"post_tag","embeddable":true,"href":"https:\/\/workinjuryrights.com\/es\/wp-json\/wp\/v2\/tags?post=8139"}],"curies":[{"name":"wp","href":"https:\/\/api.w.org\/{rel}","templated":true}]}}