{"id":8141,"date":"2022-03-15T14:04:32","date_gmt":"2022-03-15T14:04:32","guid":{"rendered":"https:\/\/workinjuryrights.com\/?page_id=8141"},"modified":"2022-03-15T14:04:32","modified_gmt":"2022-03-15T14:04:32","slug":"disputas","status":"publish","type":"page","link":"https:\/\/workinjuryrights.com\/es\/miami\/abogado-compensacion-laboral\/disputas\/","title":{"rendered":"Disputas de Compensaci\u00f3n Laboral en Miami"},"content":{"rendered":"<p>Cualquiera est\u00e1 en peligro de sufrir una lesi\u00f3n laboral grave, independientemente del campo laboral en el que se encuentre. Afortunadamente, la ley estatal de Florida exige que los empleadores con cuatro o m\u00e1s trabajadores deben proporcionar beneficios de compensaci\u00f3n para trabajadores a los empleados lesionados. Lamentablemente, este no siempre es el caso, ya que los empleadores y sus aseguradoras a menudo retrasan, rechazan u ofrecen significativamente menos sobre el monto a pagar. Esto posteriormente resulta en disputas de compensaci\u00f3n laboral en Miami, FL.<\/p>\n<p>Si le negaron su reclamo y cree que las razones subyacentes no fueron justificadas, los <a href=\"https:\/\/workinjuryrights.com\/miami\/workers-compensation-lawyer\/\">abogados de compensaci\u00f3n laboral de Miami<\/a> en Work Injury Rights pueden ayudar a obtener la compensaci\u00f3n que le corresponde por las lesiones sufridas. Nuestros abogados expertos investigar\u00e1n su caso, obtendr\u00e1n evidencia pertinente con respecto a su caso de compensaci\u00f3n laboral y lo guiar\u00e1n a trav\u00e9s del proceso de apelaci\u00f3n. Nuestros abogados dedicados no se detendr\u00e1n ante nada para garantizar que recupere sus merecidos beneficios de compensaci\u00f3n.<\/p>\n<p>Ll\u00e1menos HOY al <a href=\"tel:+19543888616\">954-388-8616<\/a> para recibir una evaluaci\u00f3n de su caso GRATIS y sin compromiso.<\/p>\n<p><span style=\"font-weight: 400;\"> <\/span><\/p>\n<h2>Causas de Disputas de Compensaci\u00f3n de Trabajadores<\/h2>\n<p>Hay una mir\u00edada de razones por las que su <a href=\"https:\/\/workinjuryrights.com\/es\/boca-raton\/abogado-compensacion-laboral\/proceso-reclamaciones-indemnizacion-laboral\/\">reclamo de compensaci\u00f3n laboral<\/a> puede ser rechazado. Conocer la causa exacta puede ayudarlo a determinar el siguiente curso de acci\u00f3n y si su reclamo es v\u00e1lido. La compa\u00f1\u00eda de seguros debe enviarle una carta de \u00abDenegaci\u00f3n de reclamo\u00bb que detalla los motivos por los que se rechaz\u00f3 su reclamo.<\/p>\n<p>Estas son algunas de las razones que su empleador y su aseguradora pueden usar como base:<\/p>\n<ul>\n<li>No es un empleado.<\/li>\n<li>La lesi\u00f3n ocurri\u00f3 fuera del \u00e1mbito del empleo.<\/li>\n<li>Su lesi\u00f3n no fue causada por un accidente de trabajo.<\/li>\n<li>No cumpli\u00f3 con la fecha l\u00edmite para informar su lesi\u00f3n y presentar un reclamo.<\/li>\n<li>No proporcion\u00f3 informaci\u00f3n adecuada en la solicitud.<\/li>\n<\/ul>\n<h2>Qu\u00e9 Hacer si se Niega su Reclamo de Compensaci\u00f3n Laboral en Florida<\/h2>\n<p>Su empleador y su aseguradora no tienen la \u00faltima palabra despu\u00e9s de negar su reclamo. Puede apelar la decisi\u00f3n tomada junto con otras denegaciones consecuentes. Esto es lo que puede hacer:<\/p>\n<h3>Solicitud de Audiencia Ante la Comisi\u00f3n Industrial<\/h3>\n<p>Si su reclamo ha sido rechazado por cualquier motivo, deber\u00e1 presentar un <a href=\"https:\/\/www.jcc.state.fl.us\/JCC\/forms\/jccPFB.doc\" target=\"_blank\" rel=\"noopener\">reclamo de Petici\u00f3n de beneficios<\/a> dentro de los <a href=\"http:\/\/www.leg.state.fl.us\/statutes\/index.cfm?App_mode=Display_Statute&amp;URL=0400-0499\/0440\/Sections\/0440.19.html\" target=\"_blank\" rel=\"noopener\">2 a\u00f1os<\/a> posteriores al accidente con la DWC en Florida, desde donde un juez le asignar\u00e1 su caso. El juez generalmente propondr\u00e1 que el caso se resuelva utilizando otras v\u00edas de resoluci\u00f3n de disputas como la mediaci\u00f3n.<\/p>\n<p>En caso de que el caso no se pueda resolver mediante la mediaci\u00f3n, puede solicitar una audiencia con la Oficina de Jueces de Reclamos de Compensaci\u00f3n (OJCC). El juez resolver\u00e1 sobre las <a href=\"https:\/\/workinjuryrights.com\/es\/boca-raton\/abogado-compensacion-laboral\/beneficios-laborales\/\">prestaciones indemnizatorias<\/a> y dictar\u00e1 sentencia dentro de los 30 d\u00edas siguientes al proceso. Si el fallo no es satisfactorio, puede presentar una petici\u00f3n ante el Tribunal de Apelaciones del Primer Distrito de Florida dentro de los 30 d\u00edas posteriores al fallo del juez.<\/p>\n<h3>P\u00f3ngase en Contacto con un Abogado<\/h3>\n<p>Al recibir el aviso de que su reclamo de compensaci\u00f3n laboral ha sido rechazado, el siguiente paso l\u00f3gico a seguir es ponerse en contacto con un abogado profesional. Nosotros, en Work Injury Rights, entablamos negociaciones con la compa\u00f1\u00eda de seguros en su lugar y facilitaremos un acuerdo satisfactorio para usted.<\/p>\n<p><a href=\"https:\/\/workinjuryrights.com\/wp-content\/uploads\/2022\/03\/work-injury-rights-miami-disputas-1.jpg\"><img fetchpriority=\"high\" decoding=\"async\" class=\"alignnone size-full wp-image-8211\" src=\"https:\/\/workinjuryrights.com\/wp-content\/uploads\/2022\/03\/work-injury-rights-miami-disputas-1.jpg\" alt=\"disputas de compensaci\u00f3n laboral en Miami\" width=\"500\" height=\"333\" srcset=\"https:\/\/workinjuryrights.com\/wp-content\/uploads\/2022\/03\/work-injury-rights-miami-disputas-1.jpg 500w, https:\/\/workinjuryrights.com\/wp-content\/uploads\/2022\/03\/work-injury-rights-miami-disputas-1-300x200.jpg 300w\" sizes=\"(max-width: 500px) 100vw, 500px\" \/><\/a><\/p>\n<h2>Tipos de Disputas de Compensaci\u00f3n Laboral en Miami<\/h2>\n<p>Estas son algunas de las disputas de compensaci\u00f3n laboral que manejan nuestros abogados con experiencia en derechos de lesiones laborales en Miami, FL:<\/p>\n<h3>Disputas M\u00e9dicas<\/h3>\n<p>Despu\u00e9s de una lesi\u00f3n laboral, el plan de seguro de su empleador debe cubrir todos sus gastos m\u00e9dicos. Sin embargo, hay casos en los que su empleador y su aseguradora puede negarse a pagar por motivos m\u00e9dicos. Su empleador puede alegar que usted ya ten\u00eda una <a href=\"https:\/\/workinjuryrights.com\/es\/boca-raton\/abogado-compensacion-laboral\/lesiones-preexistentes\/\">condici\u00f3n preexistente<\/a>, hab\u00eda sufrido la lesi\u00f3n antes de dicho incidente, otros factores causaron su enfermedad ocupacional o las lesiones sufridas fueron autoinfligidas.<\/p>\n<h3>Reclamaciones de Disputas<\/h3>\n<p>Las disputas de reclamos surgen cuando su empleador y su aseguradora rechaza su reclamo sobre la base de que no cumpli\u00f3 con los procedimientos y las reglas de los reclamos de compensaci\u00f3n para trabajadores de Florida. Por ejemplo, la aseguradora puede decir que no cumpli\u00f3 con la fecha l\u00edmite para presentar su reclamo o que su lesi\u00f3n no ocurri\u00f3 mientras cumpl\u00eda con sus deberes laborales, y as\u00ed sucesivamente.<\/p>\n<h2>Proceso de Apelaciones y Disputas de Compensaci\u00f3n de Trabajadores en Florida<\/h2>\n<p>Una vez que se haya rechazado su reclamo, lo primero que debe hacer es hablar con su empleador y su aseguradora. Si hubo un error administrativo, se puede solucionar sin que el tribunal tenga que interferir.<\/p>\n<p>La siguiente acci\u00f3n a tomar al presentar una disputa es comunicarse con la <a href=\"https:\/\/myfloridacfo.com\/Division\/wc\/Employee\/eao.htm\" target=\"_blank\" rel=\"noopener\">Oficina de Asistencia al Empleador y Defensor\u00eda del Pueblo<\/a>. Se comunicar\u00e1n con la compa\u00f1\u00eda de seguros para saber si existe un m\u00e9todo cordial para resolver la disputa de compensaci\u00f3n laboral.<\/p>\n<p>Si no tiene \u00e9xito, nuestros abogados de derechos de lesiones laborales en Miami, FL, lo ayudar\u00e1n a presentar una Petici\u00f3n de beneficios dentro de los 2 a\u00f1os posteriores al accidente relacionado con el trabajo. Nuestros abogados presentar\u00e1n este formulario ante la OJCC. La OJCC proceder\u00e1 a informar a su empleador y a su aseguradora, quienes est\u00e1n obligados a dar respuesta a la petici\u00f3n en un plazo de 2 semanas o de lo contrario pagar sus prestaciones.<\/p>\n<p>La siguiente fase es la mediaci\u00f3n. Estas negociaciones se llevar\u00e1n a cabo con la presencia de un tercero imparcial que puede ser un juez anterior u otro abogado de compensaci\u00f3n de trabajadores. Nosotros en Work Injury Rights estaremos de su lado durante esta reuni\u00f3n no oficial.<\/p>\n<p>Si la negociaci\u00f3n fracasa, el caso pasar\u00e1 a una audiencia previa al juicio. Un juez escuchar\u00e1 los argumentos de ambas partes y emitir\u00e1 un veredicto sobre su caso. La audiencia final se convocar\u00e1 dentro de los 90 d\u00edas. Cuando el juez haya escuchado las declaraciones finales, emitir\u00e1 un fallo dentro de los 30 d\u00edas.<\/p>\n<p>Si la decisi\u00f3n del juez no es satisfactoria, puede presentar una apelaci\u00f3n ante el Tribunal de Apelaciones del Primer Distrito. El plazo para ello es de 30 d\u00edas. Aqu\u00ed, la decisi\u00f3n de la OJCC puede ser revocada, acordada o devuelta para un debate adicional. En Work Injury Rights estamos familiarizados con estos procedimientos legales y podemos ayudarlo con su disputa de compensaci\u00f3n para trabajadores y el proceso de apelaci\u00f3n.<\/p>\n<h2>Cont\u00e1ctenos Hoy para Revisar su Disputa de Compensaci\u00f3n de Trabajadores de Miami<\/h2>\n<p>Una empresa y su proveedor de seguros pueden impugnar el derecho del empleado a la cobertura o impugnar la magnitud de las lesiones sufridas. Si se encuentra frente a este tipo de situaci\u00f3n, deber\u00eda considerar contratar los servicios de un abogado profesional en disputas de compensaci\u00f3n laboral.<\/p>\n<p>Nuestros abogados de compensaci\u00f3n laboral comprometidos en <a href=\"\/\">Work Injury Rights<\/a> han ayudado a miles de trabajadores lesionados en Miami, FL a recibir los beneficios a los que tienen derecho. Llevaremos a cabo una investigaci\u00f3n independiente sobre la causa de la lesi\u00f3n, revisaremos las razones subyacentes de la compa\u00f1\u00eda de seguros para rechazar su reclamo y lucharemos por el monto compensable m\u00e1s alto posible.<\/p>\n<p>Comun\u00edquese con nosotros al <a href=\"tel:+19543888616\">954-388-8616<\/a> para que podamos analizar su caso de compensaci\u00f3n laboral.<\/p>\n","protected":false},"excerpt":{"rendered":"<p>Cualquiera est\u00e1 en peligro de sufrir una lesi\u00f3n laboral grave, independientemente del campo laboral en el que se encuentre. Afortunadamente, la ley estatal de Florida exige que los empleadores con cuatro o m\u00e1s trabajadores deben proporcionar beneficios de compensaci\u00f3n para trabajadores a los empleados lesionados. Lamentablemente, este no siempre es el caso, ya que los [&hellip;]<\/p>\n","protected":false},"author":29,"featured_media":0,"parent":8120,"menu_order":0,"comment_status":"closed","ping_status":"closed","template":"","meta":{"_acf_changed":false,"anchor_text":"","footnotes":""},"categories":[],"tags":[113,108],"class_list":["post-8141","page","type-page","status-publish","hentry","tag-workers-compensation-es-2","tag-workers-compensation-es"],"acf":[],"_links":{"self":[{"href":"https:\/\/workinjuryrights.com\/es\/wp-json\/wp\/v2\/pages\/8141","targetHints":{"allow":["GET"]}}],"collection":[{"href":"https:\/\/workinjuryrights.com\/es\/wp-json\/wp\/v2\/pages"}],"about":[{"href":"https:\/\/workinjuryrights.com\/es\/wp-json\/wp\/v2\/types\/page"}],"author":[{"embeddable":true,"href":"https:\/\/workinjuryrights.com\/es\/wp-json\/wp\/v2\/users\/29"}],"replies":[{"embeddable":true,"href":"https:\/\/workinjuryrights.com\/es\/wp-json\/wp\/v2\/comments?post=8141"}],"version-history":[{"count":3,"href":"https:\/\/workinjuryrights.com\/es\/wp-json\/wp\/v2\/pages\/8141\/revisions"}],"predecessor-version":[{"id":8214,"href":"https:\/\/workinjuryrights.com\/es\/wp-json\/wp\/v2\/pages\/8141\/revisions\/8214"}],"up":[{"embeddable":true,"href":"https:\/\/workinjuryrights.com\/es\/wp-json\/wp\/v2\/pages\/8120"}],"wp:attachment":[{"href":"https:\/\/workinjuryrights.com\/es\/wp-json\/wp\/v2\/media?parent=8141"}],"wp:term":[{"taxonomy":"category","embeddable":true,"href":"https:\/\/workinjuryrights.com\/es\/wp-json\/wp\/v2\/categories?post=8141"},{"taxonomy":"post_tag","embeddable":true,"href":"https:\/\/workinjuryrights.com\/es\/wp-json\/wp\/v2\/tags?post=8141"}],"curies":[{"name":"wp","href":"https:\/\/api.w.org\/{rel}","templated":true}]}}